{"id":9672,"date":"2014-09-14T09:20:02","date_gmt":"2014-09-14T06:20:02","guid":{"rendered":"https:\/\/www.staging-2.hotelambient.ro\/hochzeiten-und-feiern\/"},"modified":"2025-12-08T15:47:16","modified_gmt":"2025-12-08T13:47:16","slug":"hochzeiten-und-feiern","status":"publish","type":"page","link":"https:\/\/www.staging-2.hotelambient.ro\/de\/hotel-dienstleistungen\/hochzeiten-und-feiern\/","title":{"rendered":"Hochzeiten und Feiern"},"content":{"rendered":"<div class=\"wpb-content-wrapper\">[vc_row][vc_column width=&#8220;1\/3&#8243;][vc_column_text]\n<h2><small>Kommen und organisieren Sie die<\/small><span style=\"color: #cf0e17;\">Hochzeit Ihrer Tr\u00e4ume<\/span><\/h2>\n<p>Wir haben 17 Jahre Erfahrung in der Organisation von Veranstaltungen und sind Experten in der Planung gemeinsam mit Ihnen bis ins kleinste Detail, das der Tag Ihres Festes den Sie bei uns gefeirt haben in Ihrem Ged\u00e4chtnis und Herz unvergesslich.<br \/>\nWir organisieren Hochzeiten, Taufen, Tagungen, besondere Abendessen, f\u00fcr maximal 150 Personen ein herzliches Willkommen und geniessen Sie alle \u00fcberruschungen die wir f\u00fcr Sie Vorbreite haben.<\/p>\n<p><a class=\"btn btn-inline\" href=\"https:\/\/www.staging-2.hotelambient.ro\/contact\/\">Planen Sie Ihre Hochzeit<\/a>[\/vc_column_text][\/vc_column][vc_column width=&#8220;1\/3&#8243;][vc_single_image image=&#8220;4411&#8243; img_size=&#8220;large&#8220; alignment=&#8220;center&#8220;][\/vc_column][vc_column width=&#8220;1\/3&#8243;][vc_column_text]\n<h2 style=\"text-align: right;\"><small>Immer bereit zu helfen<\/small><span style=\"color: #cf0e17;\">Ausr\u00fcstung Events<\/span><\/h2>\n<p style=\"text-align: right;\">Schritt f\u00fcr Schritt zu planen und zu organisieren alle unter Ber\u00fccksichtigung ihrer Tr\u00e4ume, W\u00fcnsche und Bed\u00fcrfnisse die Veranstaltungsabteilung von Hotel Ambient ist hoch trainierte von Anfang an zu helfen.<\/p>\n<p style=\"text-align: right;\"><a class=\"btn btn-inline\" href=\"https:\/\/www.staging-2.hotelambient.ro\/contact\/\">Kontaktieren Sie unser Team<\/a><\/p>\n[\/vc_column_text][\/vc_column][\/vc_row][vc_row full_width=&#8220;stretch_row&#8220; position=&#8220;center bottom&#8220; css=&#8220;.vc_custom_1468584588831{background-image: url(https:\/\/www.staging-2.hotelambient.ro\/wp-content\/uploads\/2014\/09\/hevtar4.jpg?id=4416) !important;}&#8220;][vc_column width=&#8220;1\/4&#8243;][\/vc_column][vc_column width=&#8220;1\/2&#8243;][vc_images_carousel images=&#8220;4429,4430&#8243; onclick=&#8220;link_no&#8220;][\/vc_column][vc_column width=&#8220;1\/4&#8243;][\/vc_column][\/vc_row][vc_row full_width=&#8220;stretch_row&#8220; position=&#8220;center center&#8220; css=&#8220;.vc_custom_1468600091374{background-image: url(https:\/\/www.staging-2.hotelambient.ro\/wp-content\/uploads\/2014\/09\/hevtar10.jpg?id=4443) !important;background-position: center !important;background-repeat: no-repeat !important;background-size: cover !important;}&#8220;][vc_column width=&#8220;2\/3&#8243; offset=&#8220;vc_col-sm-offset-2&#8243;][vc_column_text]\n<blockquote><p><span style=\"color: #cf0e17;\">\u201cI experienced the fairytale wedding that I always dreamed of at Ambient, thanks to the staff and their awesome\u00a0hospitality!\u201d<cite>Jessica Howard on TripAdvisor<\/cite><\/span><\/p><\/blockquote>\n[\/vc_column_text][\/vc_column][\/vc_row][vc_row][vc_column][vc_gallery images=&#8220;4445,4446,4447,4448,4449&#8243; img_size=&#8220;small&#8220; onclick=&#8220;&#8220; columns=&#8220;5&#8243;][\/vc_column][\/vc_row][vc_row css=&#8220;.vc_custom_1470427624852{margin-top: -200px !important;}&#8220;][vc_column][vc_raw_html]JTNDc2NyaXB0JTIwdHlwZSUzRCUyMnRleHQlMkZqYXZhc2NyaXB0JTIyJTIwc3JjJTNEJTIyaHR0cHMlM0ElMkYlMkZvcGVuLnVwcGVyYm9va2luZy5jb20lMkZob3RlbGFtYmllbnQlMkZCb29raW5nLmpzJTNGbG9jYWxlJTNEZGUlMjIlM0UlM0MlMkZzY3JpcHQlM0U=[\/vc_raw_html][\/vc_column][\/vc_row]\n<\/div>","protected":false},"excerpt":{"rendered":"<p>[vc_row][vc_column width=&#8220;1\/3&#8243;][vc_column_text] Kommen und organisieren Sie dieHochzeit Ihrer Tr\u00e4ume Wir haben 17 Jahre Erfahrung in der Organisation von Veranstaltungen und sind Experten in der Planung gemeinsam mit Ihnen bis ins kleinste Detail, das der Tag Ihres Festes den Sie bei uns gefeirt haben in Ihrem Ged\u00e4chtnis und Herz unvergesslich. Wir organisieren Hochzeiten, Taufen, Tagungen, besondere Abendessen, f\u00fcr maximal 150 Personen ein herzliches Willkommen und geniessen Sie alle \u00fcberruschungen die wir f\u00fcr Sie Vorbreite haben. Planen Sie Ihre Hochzeit[\/vc_column_text][\/vc_column][vc_column width=&#8220;1\/3&#8243;][vc_single_image image=&#8220;4411&#8243; img_size=&#8220;large&#8220; alignment=&#8220;center&#8220;][\/vc_column][vc_column width=&#8220;1\/3&#8243;][vc_column_text] Immer bereit zu helfenAusr\u00fcstung Events Schritt f\u00fcr Schritt zu planen und zu organisieren alle unter Ber\u00fccksichtigung ihrer Tr\u00e4ume, W\u00fcnsche und Bed\u00fcrfnisse die Veranstaltungsabteilung von Hotel Ambient ist hoch trainierte von Anfang an [&hellip;]<\/p>\n","protected":false},"author":1,"featured_media":0,"parent":9668,"menu_order":4,"comment_status":"closed","ping_status":"open","template":"","meta":{"footnotes":""},"class_list":["post-9672","page","type-page","status-publish","hentry"],"yoast_head":"<!-- This site is optimized with the Yoast SEO plugin v26.8 - https:\/\/yoast.com\/product\/yoast-seo-wordpress\/ -->\n<title>Hochzeiten und Feiern | Hotel Ambient Brasov - Cazare \u00een centrul ora\u0219ului<\/title>\n<meta name=\"robots\" content=\"noindex, follow, max-snippet:-1, max-image-preview:large, max-video-preview:-1\" \/>\n<meta property=\"og:locale\" content=\"de_DE\" \/>\n<meta property=\"og:type\" content=\"article\" \/>\n<meta property=\"og:title\" content=\"Hochzeiten und Feiern | Hotel Ambient Brasov - Cazare \u00een centrul ora\u0219ului\" \/>\n<meta property=\"og:description\" content=\"[vc_row][vc_column width=&#8220;1\/3&#8243;][vc_column_text] Kommen und organisieren Sie dieHochzeit Ihrer Tr\u00e4ume Wir haben 17 Jahre Erfahrung in der Organisation von Veranstaltungen und sind Experten in der Planung gemeinsam mit Ihnen bis ins kleinste Detail, das der Tag Ihres Festes den Sie bei uns gefeirt haben in Ihrem Ged\u00e4chtnis und Herz unvergesslich. Wir organisieren Hochzeiten, Taufen, Tagungen, besondere Abendessen, f\u00fcr maximal 150 Personen ein herzliches Willkommen und geniessen Sie alle \u00fcberruschungen die wir f\u00fcr Sie Vorbreite haben. Planen Sie Ihre Hochzeit[\/vc_column_text][\/vc_column][vc_column width=&#8220;1\/3&#8243;][vc_single_image image=&#8220;4411&#8243; img_size=&#8220;large&#8220; alignment=&#8220;center&#8220;][\/vc_column][vc_column width=&#8220;1\/3&#8243;][vc_column_text] Immer bereit zu helfenAusr\u00fcstung Events Schritt f\u00fcr Schritt zu planen und zu organisieren alle unter Ber\u00fccksichtigung ihrer Tr\u00e4ume, W\u00fcnsche und Bed\u00fcrfnisse die Veranstaltungsabteilung von Hotel Ambient ist hoch trainierte von Anfang an [&hellip;]\" \/>\n<meta property=\"og:url\" content=\"https:\/\/www.staging-2.hotelambient.ro\/de\/hotel-dienstleistungen\/hochzeiten-und-feiern\/\" \/>\n<meta property=\"og:site_name\" content=\"Hotel Ambient Brasov - Cazare \u00een centrul ora\u0219ului\" \/>\n<meta property=\"article:modified_time\" content=\"2025-12-08T13:47:16+00:00\" \/>\n<meta name=\"twitter:card\" content=\"summary_large_image\" \/>\n<meta name=\"twitter:label1\" content=\"Gesch\u00e4tzte Lesezeit\" \/>\n\t<meta name=\"twitter:data1\" content=\"2\u00a0Minuten\" \/>\n<script type=\"application\/ld+json\" class=\"yoast-schema-graph\">{\"@context\":\"https:\/\/schema.org\",\"@graph\":[{\"@type\":\"WebPage\",\"@id\":\"https:\/\/www.staging-2.hotelambient.ro\/de\/hotel-dienstleistungen\/hochzeiten-und-feiern\/\",\"url\":\"https:\/\/www.staging-2.hotelambient.ro\/de\/hotel-dienstleistungen\/hochzeiten-und-feiern\/\",\"name\":\"Hochzeiten und Feiern | Hotel Ambient Brasov - Cazare \u00een centrul ora\u0219ului\",\"isPartOf\":{\"@id\":\"https:\/\/www.staging-2.hotelambient.ro\/de\/#website\"},\"datePublished\":\"2014-09-14T06:20:02+00:00\",\"dateModified\":\"2025-12-08T13:47:16+00:00\",\"breadcrumb\":{\"@id\":\"https:\/\/www.staging-2.hotelambient.ro\/de\/hotel-dienstleistungen\/hochzeiten-und-feiern\/#breadcrumb\"},\"inLanguage\":\"de\",\"potentialAction\":[{\"@type\":\"ReadAction\",\"target\":[\"https:\/\/www.staging-2.hotelambient.ro\/de\/hotel-dienstleistungen\/hochzeiten-und-feiern\/\"]}]},{\"@type\":\"BreadcrumbList\",\"@id\":\"https:\/\/www.staging-2.hotelambient.ro\/de\/hotel-dienstleistungen\/hochzeiten-und-feiern\/#breadcrumb\",\"itemListElement\":[{\"@type\":\"ListItem\",\"position\":1,\"name\":\"Home\",\"item\":\"https:\/\/www.staging-2.hotelambient.ro\/de\/\"},{\"@type\":\"ListItem\",\"position\":2,\"name\":\"Hotel &#038; Dienstleistungen\",\"item\":\"https:\/\/www.staging-2.hotelambient.ro\/de\/hotel-dienstleistungen\/?lang=de\"},{\"@type\":\"ListItem\",\"position\":3,\"name\":\"Hochzeiten und Feiern\"}]},{\"@type\":\"WebSite\",\"@id\":\"https:\/\/www.staging-2.hotelambient.ro\/de\/#website\",\"url\":\"https:\/\/www.staging-2.hotelambient.ro\/de\/\",\"name\":\"Hotel Ambient Brasov - Cazare \u00een centrul ora\u0219ului\",\"description\":\"modern und gem\u00fctlich im Zentrum von Brasov mit allen Annehmlichkeiten, die Sie w\u00e4hrend Ihres Aufenthaltes in der Stadt und besten Hotelzimmern ben\u00f6tigen\",\"publisher\":{\"@id\":\"https:\/\/www.staging-2.hotelambient.ro\/de\/#organization\"},\"potentialAction\":[{\"@type\":\"SearchAction\",\"target\":{\"@type\":\"EntryPoint\",\"urlTemplate\":\"https:\/\/www.staging-2.hotelambient.ro\/de\/?s={search_term_string}\"},\"query-input\":{\"@type\":\"PropertyValueSpecification\",\"valueRequired\":true,\"valueName\":\"search_term_string\"}}],\"inLanguage\":\"de\"},{\"@type\":\"Organization\",\"@id\":\"https:\/\/www.staging-2.hotelambient.ro\/de\/#organization\",\"name\":\"Ambient Hotels\",\"url\":\"https:\/\/www.staging-2.hotelambient.ro\/de\/\",\"logo\":{\"@type\":\"ImageObject\",\"inLanguage\":\"de\",\"@id\":\"https:\/\/www.staging-2.hotelambient.ro\/de\/#\/schema\/logo\/image\/\",\"url\":\"https:\/\/www.staging-2.hotelambient.ro\/wp-content\/uploads\/2016\/07\/Logo001-copia-2.png\",\"contentUrl\":\"https:\/\/www.staging-2.hotelambient.ro\/wp-content\/uploads\/2016\/07\/Logo001-copia-2.png\",\"width\":300,\"height\":114,\"caption\":\"Ambient Hotels\"},\"image\":{\"@id\":\"https:\/\/www.staging-2.hotelambient.ro\/de\/#\/schema\/logo\/image\/\"}}]}<\/script>\n<!-- \/ Yoast SEO plugin. -->","yoast_head_json":{"title":"Hochzeiten und Feiern | Hotel Ambient Brasov - Cazare \u00een centrul ora\u0219ului","robots":{"index":"noindex","follow":"follow","max-snippet":"max-snippet:-1","max-image-preview":"max-image-preview:large","max-video-preview":"max-video-preview:-1"},"og_locale":"de_DE","og_type":"article","og_title":"Hochzeiten und Feiern | Hotel Ambient Brasov - Cazare \u00een centrul ora\u0219ului","og_description":"[vc_row][vc_column width=&#8220;1\/3&#8243;][vc_column_text] Kommen und organisieren Sie dieHochzeit Ihrer Tr\u00e4ume Wir haben 17 Jahre Erfahrung in der Organisation von Veranstaltungen und sind Experten in der Planung gemeinsam mit Ihnen bis ins kleinste Detail, das der Tag Ihres Festes den Sie bei uns gefeirt haben in Ihrem Ged\u00e4chtnis und Herz unvergesslich. Wir organisieren Hochzeiten, Taufen, Tagungen, besondere Abendessen, f\u00fcr maximal 150 Personen ein herzliches Willkommen und geniessen Sie alle \u00fcberruschungen die wir f\u00fcr Sie Vorbreite haben. Planen Sie Ihre Hochzeit[\/vc_column_text][\/vc_column][vc_column width=&#8220;1\/3&#8243;][vc_single_image image=&#8220;4411&#8243; img_size=&#8220;large&#8220; alignment=&#8220;center&#8220;][\/vc_column][vc_column width=&#8220;1\/3&#8243;][vc_column_text] Immer bereit zu helfenAusr\u00fcstung Events Schritt f\u00fcr Schritt zu planen und zu organisieren alle unter Ber\u00fccksichtigung ihrer Tr\u00e4ume, W\u00fcnsche und Bed\u00fcrfnisse die Veranstaltungsabteilung von Hotel Ambient ist hoch trainierte von Anfang an [&hellip;]","og_url":"https:\/\/www.staging-2.hotelambient.ro\/de\/hotel-dienstleistungen\/hochzeiten-und-feiern\/","og_site_name":"Hotel Ambient Brasov - Cazare \u00een centrul ora\u0219ului","article_modified_time":"2025-12-08T13:47:16+00:00","twitter_card":"summary_large_image","twitter_misc":{"Gesch\u00e4tzte Lesezeit":"2\u00a0Minuten"},"schema":{"@context":"https:\/\/schema.org","@graph":[{"@type":"WebPage","@id":"https:\/\/www.staging-2.hotelambient.ro\/de\/hotel-dienstleistungen\/hochzeiten-und-feiern\/","url":"https:\/\/www.staging-2.hotelambient.ro\/de\/hotel-dienstleistungen\/hochzeiten-und-feiern\/","name":"Hochzeiten und Feiern | Hotel Ambient Brasov - Cazare \u00een centrul ora\u0219ului","isPartOf":{"@id":"https:\/\/www.staging-2.hotelambient.ro\/de\/#website"},"datePublished":"2014-09-14T06:20:02+00:00","dateModified":"2025-12-08T13:47:16+00:00","breadcrumb":{"@id":"https:\/\/www.staging-2.hotelambient.ro\/de\/hotel-dienstleistungen\/hochzeiten-und-feiern\/#breadcrumb"},"inLanguage":"de","potentialAction":[{"@type":"ReadAction","target":["https:\/\/www.staging-2.hotelambient.ro\/de\/hotel-dienstleistungen\/hochzeiten-und-feiern\/"]}]},{"@type":"BreadcrumbList","@id":"https:\/\/www.staging-2.hotelambient.ro\/de\/hotel-dienstleistungen\/hochzeiten-und-feiern\/#breadcrumb","itemListElement":[{"@type":"ListItem","position":1,"name":"Home","item":"https:\/\/www.staging-2.hotelambient.ro\/de\/"},{"@type":"ListItem","position":2,"name":"Hotel &#038; Dienstleistungen","item":"https:\/\/www.staging-2.hotelambient.ro\/de\/hotel-dienstleistungen\/?lang=de"},{"@type":"ListItem","position":3,"name":"Hochzeiten und Feiern"}]},{"@type":"WebSite","@id":"https:\/\/www.staging-2.hotelambient.ro\/de\/#website","url":"https:\/\/www.staging-2.hotelambient.ro\/de\/","name":"Hotel Ambient Brasov - Cazare \u00een centrul ora\u0219ului","description":"modern und gem\u00fctlich im Zentrum von Brasov mit allen Annehmlichkeiten, die Sie w\u00e4hrend Ihres Aufenthaltes in der Stadt und besten Hotelzimmern ben\u00f6tigen","publisher":{"@id":"https:\/\/www.staging-2.hotelambient.ro\/de\/#organization"},"potentialAction":[{"@type":"SearchAction","target":{"@type":"EntryPoint","urlTemplate":"https:\/\/www.staging-2.hotelambient.ro\/de\/?s={search_term_string}"},"query-input":{"@type":"PropertyValueSpecification","valueRequired":true,"valueName":"search_term_string"}}],"inLanguage":"de"},{"@type":"Organization","@id":"https:\/\/www.staging-2.hotelambient.ro\/de\/#organization","name":"Ambient Hotels","url":"https:\/\/www.staging-2.hotelambient.ro\/de\/","logo":{"@type":"ImageObject","inLanguage":"de","@id":"https:\/\/www.staging-2.hotelambient.ro\/de\/#\/schema\/logo\/image\/","url":"https:\/\/www.staging-2.hotelambient.ro\/wp-content\/uploads\/2016\/07\/Logo001-copia-2.png","contentUrl":"https:\/\/www.staging-2.hotelambient.ro\/wp-content\/uploads\/2016\/07\/Logo001-copia-2.png","width":300,"height":114,"caption":"Ambient Hotels"},"image":{"@id":"https:\/\/www.staging-2.hotelambient.ro\/de\/#\/schema\/logo\/image\/"}}]}},"_links":{"self":[{"href":"https:\/\/www.staging-2.hotelambient.ro\/de\/wp-json\/wp\/v2\/pages\/9672","targetHints":{"allow":["GET"]}}],"collection":[{"href":"https:\/\/www.staging-2.hotelambient.ro\/de\/wp-json\/wp\/v2\/pages"}],"about":[{"href":"https:\/\/www.staging-2.hotelambient.ro\/de\/wp-json\/wp\/v2\/types\/page"}],"author":[{"embeddable":true,"href":"https:\/\/www.staging-2.hotelambient.ro\/de\/wp-json\/wp\/v2\/users\/1"}],"replies":[{"embeddable":true,"href":"https:\/\/www.staging-2.hotelambient.ro\/de\/wp-json\/wp\/v2\/comments?post=9672"}],"version-history":[{"count":1,"href":"https:\/\/www.staging-2.hotelambient.ro\/de\/wp-json\/wp\/v2\/pages\/9672\/revisions"}],"predecessor-version":[{"id":10388,"href":"https:\/\/www.staging-2.hotelambient.ro\/de\/wp-json\/wp\/v2\/pages\/9672\/revisions\/10388"}],"up":[{"embeddable":true,"href":"https:\/\/www.staging-2.hotelambient.ro\/de\/wp-json\/wp\/v2\/pages\/9668"}],"wp:attachment":[{"href":"https:\/\/www.staging-2.hotelambient.ro\/de\/wp-json\/wp\/v2\/media?parent=9672"}],"curies":[{"name":"wp","href":"https:\/\/api.w.org\/{rel}","templated":true}]}}