{"id":9691,"date":"2014-09-14T09:21:44","date_gmt":"2014-09-14T06:21:44","guid":{"rendered":"https:\/\/www.staging-2.hotelambient.ro\/verpflegung\/"},"modified":"2026-01-29T17:39:13","modified_gmt":"2026-01-29T15:39:13","slug":"verpflegung","status":"publish","type":"page","link":"https:\/\/www.staging-2.hotelambient.ro\/de\/hotel-dienstleistungen\/verpflegung\/","title":{"rendered":"Verpflegung"},"content":{"rendered":"<div class=\"wpb-content-wrapper\">[vc_row full_width=&#8220;stretch_row&#8220; curly_padding=&#8220;content-padding&#8220; position=&#8220;right center&#8220; css=&#8220;.vc_custom_1769701010549{background-image: url(https:\/\/www.staging-2.hotelambient.ro\/wp-content\/uploads\/2014\/09\/catering.jpg?id=4456) !important;background-position: 0 0 !important;background-repeat: no-repeat !important;}&#8220; el_class=&#8220;background-none-mobile&#8220;][vc_column width=&#8220;1\/4&#8243;][\/vc_column][vc_column width=&#8220;1\/2&#8243;][vc_column_text]\n<h3 style=\"text-align: center;\"><span style=\"color: #cf0e17;\">WO NATWEDING, AMBIENT BEGLEIT SIE!<\/span><\/h3>\n<p style=\"text-align: center;\">Unser Hotel bietet Ihnen spezifische Dienste und personalisierte Catering an jedes Event das Sie nicht in unserem Hotel organisieren m\u00f6chten.<\/p>\n<p style=\"text-align: center;\">Wir bieten umfassende Dienstleistungen, einschlie\u00dflich Inszenierung auf ihre Bed\u00fcrfnisse vollst\u00e4ndig angepasst, ein Dienst von hochqualifizierten Kellner und eine Reihe von Men\u00fcs, der Gelegenheit entsprechent.<\/p>\n[\/vc_column_text][\/vc_column][vc_column width=&#8220;1\/4&#8243;][\/vc_column][\/vc_row][vc_row full_width=&#8220;stretch_row&#8220; parallax=&#8220;content-moving&#8220; curly_padding=&#8220;content-padding&#8220; css=&#8220;.vc_custom_1769701022965{background-image: url(https:\/\/www.staging-2.hotelambient.ro\/wp-content\/uploads\/2014\/09\/cuerpocat3.jpg?id=4478) !important;background-position: center;background-repeat: no-repeat !important;background-size: cover !important;}&#8220; el_class=&#8220;content-padding-mobile-none&#8220;][vc_column width=&#8220;2\/3&#8243; offset=&#8220;vc_col-sm-offset-2&#8243; el_class=&#8220;white-box content-padding-xs&#8220;][vc_images_carousel images=&#8220;11612,11615,11618,11621,11624,11627,11630,11633,11636,11639&#8243;][\/vc_column][\/vc_row][vc_row curly_padding=&#8220;content-padding&#8220;][vc_column width=&#8220;1\/4&#8243;][\/vc_column][vc_column width=&#8220;1\/2&#8243;][vc_column_text css=&#8220;&#8220;]\n<h4 style=\"text-align: center;\"><span style=\"color: #cf0e17;\">PROFI-TEAM ZU IHRER VERFUGUNG<\/span><\/h4>\n<p style=\"text-align: center;\">Unsere spezialisierten und pers\u00f6nliche Dienste, erlauben Ihnen das Veranstaltung, Treffen, Team buiding oder einer Sitzung der Ausbildung, einen Cocktail, Kaffeepause, Mittagessen oder Abendessen, ein Erfolg, ist der den Unterschied macht Sie k\u00f6nnen sich auf Gesch\u00e4ftsziele konzentrieren, und lessen zu It\u00fcnden unserem professionellen Team die Veranstaltung zu koordinieren.<\/p>\n<p style=\"text-align: center;\"><a class=\"btn btn-inline\" href=\"https:\/\/www.staging-2.hotelambient.ro\/contact\/\">Kontaktieren Sie uns, wenn Sie originelle Ideen f\u00fcr ein einmaliges Ereignis wollen!<\/a><\/p>\n[\/vc_column_text][\/vc_column][vc_column width=&#8220;1\/4&#8243;][\/vc_column][\/vc_row][vc_row css=&#8220;.vc_custom_1769701064913{padding-top: 0px !important;padding-bottom: 0px !important;}&#8220;][vc_column][vc_raw_html]JTNDc2NyaXB0JTIwdHlwZSUzRCUyMnRleHQlMkZqYXZhc2NyaXB0JTIyJTIwc3JjJTNEJTIyaHR0cHMlM0ElMkYlMkZvcGVuLnVwcGVyYm9va2luZy5jb20lMkZob3RlbGFtYmllbnQlMkZCb29raW5nLmpzJTNGbG9jYWxlJTNEZGUlMjIlM0UlM0MlMkZzY3JpcHQlM0U=[\/vc_raw_html][\/vc_column][\/vc_row]\n<\/div>","protected":false},"excerpt":{"rendered":"<p>[vc_row full_width=&#8220;stretch_row&#8220; curly_padding=&#8220;content-padding&#8220; position=&#8220;right center&#8220; css=&#8220;.vc_custom_1769701010549{background-image: url(https:\/\/www.staging-2.hotelambient.ro\/wp-content\/uploads\/2014\/09\/catering.jpg?id=4456) !important;background-position: 0 0 !important;background-repeat: no-repeat !important;}&#8220; el_class=&#8220;background-none-mobile&#8220;][vc_column width=&#8220;1\/4&#8243;][\/vc_column][vc_column width=&#8220;1\/2&#8243;][vc_column_text] WO NATWEDING, AMBIENT BEGLEIT SIE! Unser Hotel bietet Ihnen spezifische Dienste und personalisierte Catering an jedes Event das Sie nicht in unserem Hotel organisieren m\u00f6chten. Wir bieten umfassende Dienstleistungen, einschlie\u00dflich Inszenierung auf ihre Bed\u00fcrfnisse vollst\u00e4ndig angepasst, ein Dienst von hochqualifizierten Kellner und eine Reihe von Men\u00fcs, der Gelegenheit entsprechent. [\/vc_column_text][\/vc_column][vc_column width=&#8220;1\/4&#8243;][\/vc_column][\/vc_row][vc_row full_width=&#8220;stretch_row&#8220; parallax=&#8220;content-moving&#8220; curly_padding=&#8220;content-padding&#8220; css=&#8220;.vc_custom_1769701022965{background-image: url(https:\/\/www.staging-2.hotelambient.ro\/wp-content\/uploads\/2014\/09\/cuerpocat3.jpg?id=4478) !important;background-position: center;background-repeat: no-repeat !important;background-size: cover !important;}&#8220; el_class=&#8220;content-padding-mobile-none&#8220;][vc_column width=&#8220;2\/3&#8243; offset=&#8220;vc_col-sm-offset-2&#8243; el_class=&#8220;white-box content-padding-xs&#8220;][vc_images_carousel images=&#8220;11612,11615,11618,11621,11624,11627,11630,11633,11636,11639&#8243;][\/vc_column][\/vc_row][vc_row curly_padding=&#8220;content-padding&#8220;][vc_column width=&#8220;1\/4&#8243;][\/vc_column][vc_column width=&#8220;1\/2&#8243;][vc_column_text css=&#8220;&#8220;] PROFI-TEAM ZU IHRER VERFUGUNG Unsere spezialisierten und pers\u00f6nliche Dienste, erlauben Ihnen das Veranstaltung, Treffen, Team buiding oder einer Sitzung der Ausbildung, einen Cocktail, Kaffeepause, Mittagessen oder Abendessen, [&hellip;]<\/p>\n","protected":false},"author":1,"featured_media":0,"parent":9668,"menu_order":5,"comment_status":"closed","ping_status":"closed","template":"","meta":{"footnotes":""},"class_list":["post-9691","page","type-page","status-publish","hentry"],"yoast_head":"<!-- This site is optimized with the Yoast SEO plugin v26.8 - https:\/\/yoast.com\/product\/yoast-seo-wordpress\/ -->\n<title>Verpflegung | Hotel Ambient Brasov - Cazare \u00een centrul ora\u0219ului<\/title>\n<meta name=\"robots\" content=\"noindex, follow, max-snippet:-1, max-image-preview:large, max-video-preview:-1\" \/>\n<meta property=\"og:locale\" content=\"de_DE\" \/>\n<meta property=\"og:type\" content=\"article\" \/>\n<meta property=\"og:title\" content=\"Verpflegung | Hotel Ambient Brasov - Cazare \u00een centrul ora\u0219ului\" \/>\n<meta property=\"og:description\" content=\"[vc_row full_width=&#8220;stretch_row&#8220; curly_padding=&#8220;content-padding&#8220; position=&#8220;right center&#8220; css=&#8220;.vc_custom_1769701010549{background-image: url(https:\/\/www.staging-2.hotelambient.ro\/wp-content\/uploads\/2014\/09\/catering.jpg?id=4456) !important;background-position: 0 0 !important;background-repeat: no-repeat !important;}&#8220; el_class=&#8220;background-none-mobile&#8220;][vc_column width=&#8220;1\/4&#8243;][\/vc_column][vc_column width=&#8220;1\/2&#8243;][vc_column_text] WO NATWEDING, AMBIENT BEGLEIT SIE! Unser Hotel bietet Ihnen spezifische Dienste und personalisierte Catering an jedes Event das Sie nicht in unserem Hotel organisieren m\u00f6chten. Wir bieten umfassende Dienstleistungen, einschlie\u00dflich Inszenierung auf ihre Bed\u00fcrfnisse vollst\u00e4ndig angepasst, ein Dienst von hochqualifizierten Kellner und eine Reihe von Men\u00fcs, der Gelegenheit entsprechent. [\/vc_column_text][\/vc_column][vc_column width=&#8220;1\/4&#8243;][\/vc_column][\/vc_row][vc_row full_width=&#8220;stretch_row&#8220; parallax=&#8220;content-moving&#8220; curly_padding=&#8220;content-padding&#8220; css=&#8220;.vc_custom_1769701022965{background-image: url(https:\/\/www.staging-2.hotelambient.ro\/wp-content\/uploads\/2014\/09\/cuerpocat3.jpg?id=4478) !important;background-position: center;background-repeat: no-repeat !important;background-size: cover !important;}&#8220; el_class=&#8220;content-padding-mobile-none&#8220;][vc_column width=&#8220;2\/3&#8243; offset=&#8220;vc_col-sm-offset-2&#8243; el_class=&#8220;white-box content-padding-xs&#8220;][vc_images_carousel images=&#8220;11612,11615,11618,11621,11624,11627,11630,11633,11636,11639&#8243;][\/vc_column][\/vc_row][vc_row curly_padding=&#8220;content-padding&#8220;][vc_column width=&#8220;1\/4&#8243;][\/vc_column][vc_column width=&#8220;1\/2&#8243;][vc_column_text css=&#8220;&#8220;] PROFI-TEAM ZU IHRER VERFUGUNG Unsere spezialisierten und pers\u00f6nliche Dienste, erlauben Ihnen das Veranstaltung, Treffen, Team buiding oder einer Sitzung der Ausbildung, einen Cocktail, Kaffeepause, Mittagessen oder Abendessen, [&hellip;]\" \/>\n<meta property=\"og:url\" content=\"https:\/\/www.staging-2.hotelambient.ro\/de\/hotel-dienstleistungen\/verpflegung\/\" \/>\n<meta property=\"og:site_name\" content=\"Hotel Ambient Brasov - Cazare \u00een centrul ora\u0219ului\" \/>\n<meta property=\"article:modified_time\" content=\"2026-01-29T15:39:13+00:00\" \/>\n<meta name=\"twitter:card\" content=\"summary_large_image\" \/>\n<meta name=\"twitter:label1\" content=\"Gesch\u00e4tzte Lesezeit\" \/>\n\t<meta name=\"twitter:data1\" content=\"2\u00a0Minuten\" \/>\n<script type=\"application\/ld+json\" class=\"yoast-schema-graph\">{\"@context\":\"https:\/\/schema.org\",\"@graph\":[{\"@type\":\"WebPage\",\"@id\":\"https:\/\/www.staging-2.hotelambient.ro\/de\/hotel-dienstleistungen\/verpflegung\/\",\"url\":\"https:\/\/www.staging-2.hotelambient.ro\/de\/hotel-dienstleistungen\/verpflegung\/\",\"name\":\"Verpflegung | Hotel Ambient Brasov - Cazare \u00een centrul ora\u0219ului\",\"isPartOf\":{\"@id\":\"https:\/\/www.staging-2.hotelambient.ro\/de\/#website\"},\"datePublished\":\"2014-09-14T06:21:44+00:00\",\"dateModified\":\"2026-01-29T15:39:13+00:00\",\"breadcrumb\":{\"@id\":\"https:\/\/www.staging-2.hotelambient.ro\/de\/hotel-dienstleistungen\/verpflegung\/#breadcrumb\"},\"inLanguage\":\"de\",\"potentialAction\":[{\"@type\":\"ReadAction\",\"target\":[\"https:\/\/www.staging-2.hotelambient.ro\/de\/hotel-dienstleistungen\/verpflegung\/\"]}]},{\"@type\":\"BreadcrumbList\",\"@id\":\"https:\/\/www.staging-2.hotelambient.ro\/de\/hotel-dienstleistungen\/verpflegung\/#breadcrumb\",\"itemListElement\":[{\"@type\":\"ListItem\",\"position\":1,\"name\":\"Home\",\"item\":\"https:\/\/www.staging-2.hotelambient.ro\/de\/\"},{\"@type\":\"ListItem\",\"position\":2,\"name\":\"Hotel &#038; Dienstleistungen\",\"item\":\"https:\/\/www.staging-2.hotelambient.ro\/de\/hotel-dienstleistungen\/?lang=de\"},{\"@type\":\"ListItem\",\"position\":3,\"name\":\"Verpflegung\"}]},{\"@type\":\"WebSite\",\"@id\":\"https:\/\/www.staging-2.hotelambient.ro\/de\/#website\",\"url\":\"https:\/\/www.staging-2.hotelambient.ro\/de\/\",\"name\":\"Hotel Ambient Brasov - Cazare \u00een centrul ora\u0219ului\",\"description\":\"modern und gem\u00fctlich im Zentrum von Brasov mit allen Annehmlichkeiten, die Sie w\u00e4hrend Ihres Aufenthaltes in der Stadt und besten Hotelzimmern ben\u00f6tigen\",\"publisher\":{\"@id\":\"https:\/\/www.staging-2.hotelambient.ro\/de\/#organization\"},\"potentialAction\":[{\"@type\":\"SearchAction\",\"target\":{\"@type\":\"EntryPoint\",\"urlTemplate\":\"https:\/\/www.staging-2.hotelambient.ro\/de\/?s={search_term_string}\"},\"query-input\":{\"@type\":\"PropertyValueSpecification\",\"valueRequired\":true,\"valueName\":\"search_term_string\"}}],\"inLanguage\":\"de\"},{\"@type\":\"Organization\",\"@id\":\"https:\/\/www.staging-2.hotelambient.ro\/de\/#organization\",\"name\":\"Ambient Hotels\",\"url\":\"https:\/\/www.staging-2.hotelambient.ro\/de\/\",\"logo\":{\"@type\":\"ImageObject\",\"inLanguage\":\"de\",\"@id\":\"https:\/\/www.staging-2.hotelambient.ro\/de\/#\/schema\/logo\/image\/\",\"url\":\"https:\/\/www.staging-2.hotelambient.ro\/wp-content\/uploads\/2016\/07\/Logo001-copia-2.png\",\"contentUrl\":\"https:\/\/www.staging-2.hotelambient.ro\/wp-content\/uploads\/2016\/07\/Logo001-copia-2.png\",\"width\":300,\"height\":114,\"caption\":\"Ambient Hotels\"},\"image\":{\"@id\":\"https:\/\/www.staging-2.hotelambient.ro\/de\/#\/schema\/logo\/image\/\"}}]}<\/script>\n<!-- \/ Yoast SEO plugin. -->","yoast_head_json":{"title":"Verpflegung | Hotel Ambient Brasov - Cazare \u00een centrul ora\u0219ului","robots":{"index":"noindex","follow":"follow","max-snippet":"max-snippet:-1","max-image-preview":"max-image-preview:large","max-video-preview":"max-video-preview:-1"},"og_locale":"de_DE","og_type":"article","og_title":"Verpflegung | Hotel Ambient Brasov - Cazare \u00een centrul ora\u0219ului","og_description":"[vc_row full_width=&#8220;stretch_row&#8220; curly_padding=&#8220;content-padding&#8220; position=&#8220;right center&#8220; css=&#8220;.vc_custom_1769701010549{background-image: url(https:\/\/www.staging-2.hotelambient.ro\/wp-content\/uploads\/2014\/09\/catering.jpg?id=4456) !important;background-position: 0 0 !important;background-repeat: no-repeat !important;}&#8220; el_class=&#8220;background-none-mobile&#8220;][vc_column width=&#8220;1\/4&#8243;][\/vc_column][vc_column width=&#8220;1\/2&#8243;][vc_column_text] WO NATWEDING, AMBIENT BEGLEIT SIE! Unser Hotel bietet Ihnen spezifische Dienste und personalisierte Catering an jedes Event das Sie nicht in unserem Hotel organisieren m\u00f6chten. Wir bieten umfassende Dienstleistungen, einschlie\u00dflich Inszenierung auf ihre Bed\u00fcrfnisse vollst\u00e4ndig angepasst, ein Dienst von hochqualifizierten Kellner und eine Reihe von Men\u00fcs, der Gelegenheit entsprechent. [\/vc_column_text][\/vc_column][vc_column width=&#8220;1\/4&#8243;][\/vc_column][\/vc_row][vc_row full_width=&#8220;stretch_row&#8220; parallax=&#8220;content-moving&#8220; curly_padding=&#8220;content-padding&#8220; css=&#8220;.vc_custom_1769701022965{background-image: url(https:\/\/www.staging-2.hotelambient.ro\/wp-content\/uploads\/2014\/09\/cuerpocat3.jpg?id=4478) !important;background-position: center;background-repeat: no-repeat !important;background-size: cover !important;}&#8220; el_class=&#8220;content-padding-mobile-none&#8220;][vc_column width=&#8220;2\/3&#8243; offset=&#8220;vc_col-sm-offset-2&#8243; el_class=&#8220;white-box content-padding-xs&#8220;][vc_images_carousel images=&#8220;11612,11615,11618,11621,11624,11627,11630,11633,11636,11639&#8243;][\/vc_column][\/vc_row][vc_row curly_padding=&#8220;content-padding&#8220;][vc_column width=&#8220;1\/4&#8243;][\/vc_column][vc_column width=&#8220;1\/2&#8243;][vc_column_text css=&#8220;&#8220;] PROFI-TEAM ZU IHRER VERFUGUNG Unsere spezialisierten und pers\u00f6nliche Dienste, erlauben Ihnen das Veranstaltung, Treffen, Team buiding oder einer Sitzung der Ausbildung, einen Cocktail, Kaffeepause, Mittagessen oder Abendessen, [&hellip;]","og_url":"https:\/\/www.staging-2.hotelambient.ro\/de\/hotel-dienstleistungen\/verpflegung\/","og_site_name":"Hotel Ambient Brasov - Cazare \u00een centrul ora\u0219ului","article_modified_time":"2026-01-29T15:39:13+00:00","twitter_card":"summary_large_image","twitter_misc":{"Gesch\u00e4tzte Lesezeit":"2\u00a0Minuten"},"schema":{"@context":"https:\/\/schema.org","@graph":[{"@type":"WebPage","@id":"https:\/\/www.staging-2.hotelambient.ro\/de\/hotel-dienstleistungen\/verpflegung\/","url":"https:\/\/www.staging-2.hotelambient.ro\/de\/hotel-dienstleistungen\/verpflegung\/","name":"Verpflegung | Hotel Ambient Brasov - Cazare \u00een centrul ora\u0219ului","isPartOf":{"@id":"https:\/\/www.staging-2.hotelambient.ro\/de\/#website"},"datePublished":"2014-09-14T06:21:44+00:00","dateModified":"2026-01-29T15:39:13+00:00","breadcrumb":{"@id":"https:\/\/www.staging-2.hotelambient.ro\/de\/hotel-dienstleistungen\/verpflegung\/#breadcrumb"},"inLanguage":"de","potentialAction":[{"@type":"ReadAction","target":["https:\/\/www.staging-2.hotelambient.ro\/de\/hotel-dienstleistungen\/verpflegung\/"]}]},{"@type":"BreadcrumbList","@id":"https:\/\/www.staging-2.hotelambient.ro\/de\/hotel-dienstleistungen\/verpflegung\/#breadcrumb","itemListElement":[{"@type":"ListItem","position":1,"name":"Home","item":"https:\/\/www.staging-2.hotelambient.ro\/de\/"},{"@type":"ListItem","position":2,"name":"Hotel &#038; Dienstleistungen","item":"https:\/\/www.staging-2.hotelambient.ro\/de\/hotel-dienstleistungen\/?lang=de"},{"@type":"ListItem","position":3,"name":"Verpflegung"}]},{"@type":"WebSite","@id":"https:\/\/www.staging-2.hotelambient.ro\/de\/#website","url":"https:\/\/www.staging-2.hotelambient.ro\/de\/","name":"Hotel Ambient Brasov - Cazare \u00een centrul ora\u0219ului","description":"modern und gem\u00fctlich im Zentrum von Brasov mit allen Annehmlichkeiten, die Sie w\u00e4hrend Ihres Aufenthaltes in der Stadt und besten Hotelzimmern ben\u00f6tigen","publisher":{"@id":"https:\/\/www.staging-2.hotelambient.ro\/de\/#organization"},"potentialAction":[{"@type":"SearchAction","target":{"@type":"EntryPoint","urlTemplate":"https:\/\/www.staging-2.hotelambient.ro\/de\/?s={search_term_string}"},"query-input":{"@type":"PropertyValueSpecification","valueRequired":true,"valueName":"search_term_string"}}],"inLanguage":"de"},{"@type":"Organization","@id":"https:\/\/www.staging-2.hotelambient.ro\/de\/#organization","name":"Ambient Hotels","url":"https:\/\/www.staging-2.hotelambient.ro\/de\/","logo":{"@type":"ImageObject","inLanguage":"de","@id":"https:\/\/www.staging-2.hotelambient.ro\/de\/#\/schema\/logo\/image\/","url":"https:\/\/www.staging-2.hotelambient.ro\/wp-content\/uploads\/2016\/07\/Logo001-copia-2.png","contentUrl":"https:\/\/www.staging-2.hotelambient.ro\/wp-content\/uploads\/2016\/07\/Logo001-copia-2.png","width":300,"height":114,"caption":"Ambient Hotels"},"image":{"@id":"https:\/\/www.staging-2.hotelambient.ro\/de\/#\/schema\/logo\/image\/"}}]}},"_links":{"self":[{"href":"https:\/\/www.staging-2.hotelambient.ro\/de\/wp-json\/wp\/v2\/pages\/9691","targetHints":{"allow":["GET"]}}],"collection":[{"href":"https:\/\/www.staging-2.hotelambient.ro\/de\/wp-json\/wp\/v2\/pages"}],"about":[{"href":"https:\/\/www.staging-2.hotelambient.ro\/de\/wp-json\/wp\/v2\/types\/page"}],"author":[{"embeddable":true,"href":"https:\/\/www.staging-2.hotelambient.ro\/de\/wp-json\/wp\/v2\/users\/1"}],"replies":[{"embeddable":true,"href":"https:\/\/www.staging-2.hotelambient.ro\/de\/wp-json\/wp\/v2\/comments?post=9691"}],"version-history":[{"count":4,"href":"https:\/\/www.staging-2.hotelambient.ro\/de\/wp-json\/wp\/v2\/pages\/9691\/revisions"}],"predecessor-version":[{"id":12825,"href":"https:\/\/www.staging-2.hotelambient.ro\/de\/wp-json\/wp\/v2\/pages\/9691\/revisions\/12825"}],"up":[{"embeddable":true,"href":"https:\/\/www.staging-2.hotelambient.ro\/de\/wp-json\/wp\/v2\/pages\/9668"}],"wp:attachment":[{"href":"https:\/\/www.staging-2.hotelambient.ro\/de\/wp-json\/wp\/v2\/media?parent=9691"}],"curies":[{"name":"wp","href":"https:\/\/api.w.org\/{rel}","templated":true}]}}