{"id":9695,"date":"2014-09-14T09:21:57","date_gmt":"2014-09-14T06:21:57","guid":{"rendered":"https:\/\/www.staging-2.hotelambient.ro\/besprechungszimmer\/"},"modified":"2026-01-28T19:28:05","modified_gmt":"2026-01-28T17:28:05","slug":"besprechungszimmer","status":"publish","type":"page","link":"https:\/\/www.staging-2.hotelambient.ro\/de\/hotel-dienstleistungen\/besprechungszimmer\/","title":{"rendered":"Besprechungszimmer"},"content":{"rendered":"<div class=\"wpb-content-wrapper\">[vc_row css=&#8220;.vc_custom_1468517435504{margin-bottom: -90px !important;}&#8220;][vc_column][vc_column_text]\n<h2 style=\"text-align: center;\"><span style=\"color: #cf0e17;\">Nur eine perfekte Organisation Kunn jede Sitzung in einem unvergesslichen Ereignis verwandeln!<\/span><small>Wir sind spezialisiert auf ideale Tagungsr\u00e4ume zu kombinieren mit einwandfreiem Service und die Annehmlichkeiten.<\/small><\/h2>\n<p class=\"lead\" style=\"text-align: center;\">Ambient ist ein f\u00fchrendes Unternehmen in der Organisation, Innovation und Anpassung von Meetings, Incentives, Konferenzen, Produkteinf\u00fchrungen oder Firmenveranstaltungen und wir wissen, dass wir einen gro\u00dfen Differenzwert, um ihre Aktivit\u00e4ten zu schaffen.<\/p>\n<p class=\"lead\" style=\"text-align: center;\">Exzellenz in der Ausf\u00fchrung von jeder Veranstalltung Fall ist unsere Daseinsberechtigung, deswegen stellen wir unseren G\u00e4sten 4 Konferenzr\u00e4ume: zur Verf\u00fcgung.<\/p>\n[\/vc_column_text][\/vc_column][\/vc_row][vc_row css=&#8220;.vc_custom_1468629304994{margin-top: -50px !important;margin-bottom: -160px !important;}&#8220;][vc_column]<ul class=\"list-inline isotope-filter clearfix\" id=\"isotope-filter-1\"><li><strong><\/strong><\/li><li class=\"selected\" data-filter=\"*\"><a href=\"#\">Alle Besprechungszimmer<\/a><\/li><li><a href=\"#\" data-filter=\".zwischen-120-und-55-personen\">Zwischen 120 Und 55 Personen<\/a><\/li><li><a href=\"#\" data-filter=\".zwischen-55-und-25-personen\"> Zwischen 55 Und 25 Personen<\/a><\/li><li><a href=\"#\" data-filter=\".weniger-als-25-personen\"> Weniger Als 25 Personen<\/a><\/li><li><a href=\"#\" data-filter=\".\"><\/a><\/li><\/ul><br><div id=\"isotope-1\" class=\"isotope\" data-isotope-options=\"{ \"layoutMode\": \"horizontal\", \"itemSelector\": \".item\" }\"><div class=\"item zwischen-120-und-55-personen\">\n        <a href=\"\/de\/hotel-dienstleistungen\/besprechungszimmer\/fortuna-halle\/\" class=\"link-image\" target=\"_self\"><img loading=\"lazy\" decoding=\"async\" width=\"400\" height=\"245\" src=\"https:\/\/www.staging-2.hotelambient.ro\/wp-content\/uploads\/2014\/09\/salafortuna.jpg\" class=\"attachment-large size-large\" alt=\"\" srcset=\"https:\/\/www.staging-2.hotelambient.ro\/wp-content\/uploads\/2014\/09\/salafortuna.jpg 400w, https:\/\/www.staging-2.hotelambient.ro\/wp-content\/uploads\/2014\/09\/salafortuna-300x184.jpg 300w\" sizes=\"auto, (max-width: 400px) 100vw, 400px\" \/><\/a>\n      <div class=\"item-content\">\n    <h4><a href=\"\/de\/hotel-dienstleistungen\/besprechungszimmer\/fortuna-halle\/\" target=\"_self\">Fortuna Halle<\/a><\/h4>    Kapazit\u00e4t f\u00fcr 120 Personen  <\/div>\n  <\/div>\n<div class=\"item zwischen-120-und-55-personen zwischen-55-und-25-personen \">\n        <a href=\"\/de\/hotel-dienstleistungen\/besprechungszimmer\/millenia-halle\/\" class=\"link-image\" target=\"_self\"><img loading=\"lazy\" decoding=\"async\" width=\"400\" height=\"245\" src=\"https:\/\/www.staging-2.hotelambient.ro\/wp-content\/uploads\/2022\/07\/Sala-Millenia-U-shape-3-scaled-1.jpg\" class=\"attachment-large size-large\" alt=\"\" srcset=\"https:\/\/www.staging-2.hotelambient.ro\/wp-content\/uploads\/2022\/07\/Sala-Millenia-U-shape-3-scaled-1.jpg 400w, https:\/\/www.staging-2.hotelambient.ro\/wp-content\/uploads\/2022\/07\/Sala-Millenia-U-shape-3-scaled-1-300x184.jpg 300w\" sizes=\"auto, (max-width: 400px) 100vw, 400px\" \/><\/a>\n      <div class=\"item-content\">\n    <h4><a href=\"\/de\/hotel-dienstleistungen\/besprechungszimmer\/millenia-halle\/\" target=\"_self\">Millenia Halle<\/a><\/h4>    Kapazit\u00e4t f\u00fcr 50 Personen  <\/div>\n  <\/div>\n<div class=\"item zwischen-55-und-25-personen weniger-als-25-personen \">\n        <a href=\"\/de\/hotel-dienstleistungen\/besprechungszimmer\/avantgarde-halle\/\" class=\"link-image\" target=\"_self\"><img loading=\"lazy\" decoding=\"async\" width=\"400\" height=\"245\" src=\"https:\/\/www.staging-2.hotelambient.ro\/wp-content\/uploads\/2014\/09\/salaavantgarde.jpg\" class=\"attachment-large size-large\" alt=\"\" srcset=\"https:\/\/www.staging-2.hotelambient.ro\/wp-content\/uploads\/2014\/09\/salaavantgarde.jpg 400w, https:\/\/www.staging-2.hotelambient.ro\/wp-content\/uploads\/2014\/09\/salaavantgarde-300x184.jpg 300w\" sizes=\"auto, (max-width: 400px) 100vw, 400px\" \/><\/a>\n      <div class=\"item-content\">\n    <h4><a href=\"\/de\/hotel-dienstleistungen\/besprechungszimmer\/avantgarde-halle\/\" target=\"_self\">Avantgarde Halle<\/a><\/h4>    Kapazit\u00e4t f\u00fcr 40 Personen  <\/div>\n  <\/div>\n<div class=\"item less-than-25-people \">\n        <a href=\"\/de\/hotel-dienstleistungen\/besprechungszimmer\/ronda-halle\/\" class=\"link-image\" target=\"_self\"><img loading=\"lazy\" decoding=\"async\" width=\"400\" height=\"245\" src=\"https:\/\/www.staging-2.hotelambient.ro\/wp-content\/uploads\/2014\/09\/salaronda.jpg\" class=\"attachment-large size-large\" alt=\"\" srcset=\"https:\/\/www.staging-2.hotelambient.ro\/wp-content\/uploads\/2014\/09\/salaronda.jpg 400w, https:\/\/www.staging-2.hotelambient.ro\/wp-content\/uploads\/2014\/09\/salaronda-300x184.jpg 300w\" sizes=\"auto, (max-width: 400px) 100vw, 400px\" \/><\/a>\n      <div class=\"item-content\">\n    <h4><a href=\"\/de\/hotel-dienstleistungen\/besprechungszimmer\/ronda-halle\/\" target=\"_self\">Ronda Halle<\/a><\/h4>    Kapazit\u00e4t f\u00fcr 15 Personen  <\/div>\n  <\/div>\n<\/div><script type='text\/javascript'>( function( $ ) { $( document ).ready(function() {\n\t\t\t\tvar container = $('#isotope-1')\n\t\t\t\tcontainer.imagesLoaded(function(){\n\t\t\t\t\tcontainer.isotope();\n\t\t\t\t\t$('#isotope-filter-1 a').on('click', function (e) {\n\t\t\t\t\t\te.preventDefault();\n\t\t\t\t\t\tvar filterValue = $(this).attr('data-filter');\n\t\t\t\t\t\t$('#isotope-1').isotope({ layoutMode: 'fitRows', filter: filterValue });\n\t\t\t\t\t\t$(this).parent().siblings().removeClass('selected');\n\t\t\t\t\t\t$(this).parent().addClass('selected');\n\t\t\t\t\t});\n\t\t\t\t});\n\t\t\t}); } )( jQuery );<\/script>[\/vc_column][\/vc_row][vc_row css=&#8220;.vc_custom_1468629246192{margin-top: -30px !important;margin-bottom: -120px !important;}&#8220;][vc_column][vc_column_text]\n<p class=\"lead\" style=\"text-align: center;\">Die Zimmer sind mit Videoprojektoren , Multimedia-Systeme und hochwertige M\u00f6bel (Massivholz und Leder) ausgestattet, die die Business-Atmosph\u00e4re erg\u00e4nzen.<\/p>\n<p class=\"lead\" style=\"text-align: center;\">Unser ausgezeichnetes Restaurant ist wichtig und f\u00fcr Sie verf\u00fcgbar, um die Garantie eines Ereigniss zu schaffen, das die Perfektion ber\u00fchrt.<\/p>\n[\/vc_column_text][\/vc_column][\/vc_row][vc_row][vc_column]\n\t\t\t<!-- START salas REVOLUTION SLIDER 6.7.37 --><p class=\"rs-p-wp-fix\"><\/p>\n\t\t\t<rs-module-wrap id=\"rev_slider_6_1_wrapper\" data-source=\"gallery\" style=\"visibility:hidden;background:transparent;padding:0;margin:0px auto;margin-top:0;margin-bottom:0;\">\n\t\t\t\t<rs-module id=\"rev_slider_6_1\" style=\"\" data-version=\"6.7.37\">\n\t\t\t\t\t<rs-slides style=\"overflow: hidden; position: absolute;\">\n\t\t\t\t\t\t<rs-slide style=\"position: absolute;\" data-key=\"rs-9\" data-title=\"Slide\" data-thumb=\"\/\/www.staging-2.hotelambient.ro\/wp-content\/uploads\/2014\/09\/Ambient_Hotel_General_0003-100x50.jpg\" data-anim=\"ms:600;r:0;\" data-in=\"o:0;\" data-out=\"a:false;\">\n\t\t\t\t\t\t\t<img decoding=\"async\" src=\"\/\/www.staging-2.hotelambient.ro\/wp-content\/plugins\/revslider\/sr6\/assets\/assets\/dummy.png\" alt=\"\" title=\"Ambient_Hotel_General_0003\" width=\"2000\" height=\"1000\" class=\"rev-slidebg tp-rs-img rs-lazyload\" data-lazyload=\"\/\/www.staging-2.hotelambient.ro\/wp-content\/uploads\/2014\/09\/Ambient_Hotel_General_0003.jpg\" data-no-retina>\n<!---->\t\t\t\t\t<\/rs-slide>\n\t\t\t\t\t\t<rs-slide style=\"position: absolute;\" data-key=\"rs-10\" data-title=\"Slide\" data-thumb=\"\/\/www.staging-2.hotelambient.ro\/wp-content\/uploads\/2019\/10\/ambient-exclusive-hotel-ambient-100x50.jpg\" data-anim=\"ms:600;r:0;\" data-in=\"o:0;\" data-out=\"a:false;\">\n\t\t\t\t\t\t\t<img decoding=\"async\" src=\"\/\/www.staging-2.hotelambient.ro\/wp-content\/plugins\/revslider\/sr6\/assets\/assets\/dummy.png\" alt=\"\" title=\"ambient-exclusive-hotel-ambient\" width=\"600\" height=\"300\" class=\"rev-slidebg tp-rs-img rs-lazyload\" data-lazyload=\"\/\/www.staging-2.hotelambient.ro\/wp-content\/uploads\/2019\/10\/ambient-exclusive-hotel-ambient.jpg\" data-no-retina>\n<!---->\t\t\t\t\t<\/rs-slide>\n\t\t\t\t\t<\/rs-slides>\n\t\t\t\t<\/rs-module>\n\t\t\t\t<script>\n\t\t\t\t\tsetREVStartSize({c: 'rev_slider_6_1',rl:[1240,1024,778,480],el:[800],gw:[2000],gh:[800],type:'standard',justify:'',layout:'fullwidth',mh:\"0\"});if (window.RS_MODULES!==undefined && window.RS_MODULES.modules!==undefined && window.RS_MODULES.modules[\"revslider61\"]!==undefined) {window.RS_MODULES.modules[\"revslider61\"].once = false;window.revapi6 = undefined;if (window.RS_MODULES.checkMinimal!==undefined) window.RS_MODULES.checkMinimal()}\n\t\t\t\t<\/script>\n\t\t\t<\/rs-module-wrap>\n\t\t\t<!-- END REVOLUTION SLIDER -->\n[\/vc_column][\/vc_row][vc_row css=&#8220;.vc_custom_1470427037508{margin-top: -200px !important;}&#8220;][vc_column][vc_raw_html]JTNDc2NyaXB0JTIwdHlwZSUzRCUyMnRleHQlMkZqYXZhc2NyaXB0JTIyJTIwc3JjJTNEJTIyaHR0cHMlM0ElMkYlMkZvcGVuLnVwcGVyYm9va2luZy5jb20lMkZob3RlbGFtYmllbnQlMkZCb29raW5nLmpzJTNGbG9jYWxlJTNEZGUlMjIlM0UlM0MlMkZzY3JpcHQlM0U=[\/vc_raw_html][\/vc_column][\/vc_row]\n<\/div>","protected":false},"excerpt":{"rendered":"<p>[vc_row css=&#8220;.vc_custom_1468517435504{margin-bottom: -90px !important;}&#8220;][vc_column][vc_column_text] Nur eine perfekte Organisation Kunn jede Sitzung in einem unvergesslichen Ereignis verwandeln!Wir sind spezialisiert auf ideale Tagungsr\u00e4ume zu kombinieren mit einwandfreiem Service und die Annehmlichkeiten. Ambient ist ein f\u00fchrendes Unternehmen in der Organisation, Innovation und Anpassung von Meetings, Incentives, Konferenzen, Produkteinf\u00fchrungen oder Firmenveranstaltungen und wir wissen, dass wir einen gro\u00dfen Differenzwert, um ihre Aktivit\u00e4ten zu schaffen. Exzellenz in der Ausf\u00fchrung von jeder Veranstalltung Fall ist unsere Daseinsberechtigung, deswegen stellen wir unseren G\u00e4sten 4 Konferenzr\u00e4ume: zur Verf\u00fcgung. [\/vc_column_text][\/vc_column][\/vc_row][vc_row css=&#8220;.vc_custom_1468629304994{margin-top: -50px !important;margin-bottom: -160px !important;}&#8220;][vc_column][\/vc_column][\/vc_row][vc_row css=&#8220;.vc_custom_1468629246192{margin-top: -30px !important;margin-bottom: -120px !important;}&#8220;][vc_column][vc_column_text] Die Zimmer sind mit Videoprojektoren , Multimedia-Systeme und hochwertige M\u00f6bel (Massivholz und Leder) ausgestattet, die die Business-Atmosph\u00e4re erg\u00e4nzen. Unser ausgezeichnetes Restaurant ist wichtig und [&hellip;]<\/p>\n","protected":false},"author":1,"featured_media":0,"parent":9668,"menu_order":3,"comment_status":"closed","ping_status":"closed","template":"","meta":{"footnotes":""},"class_list":["post-9695","page","type-page","status-publish","hentry"],"yoast_head":"<!-- This site is optimized with the Yoast SEO plugin v26.8 - https:\/\/yoast.com\/product\/yoast-seo-wordpress\/ -->\n<title>Besprechungszimmer | Hotel Ambient Brasov - Cazare \u00een centrul ora\u0219ului<\/title>\n<meta name=\"robots\" content=\"noindex, follow, max-snippet:-1, max-image-preview:large, max-video-preview:-1\" \/>\n<meta property=\"og:locale\" content=\"de_DE\" \/>\n<meta property=\"og:type\" content=\"article\" \/>\n<meta property=\"og:title\" content=\"Besprechungszimmer | Hotel Ambient Brasov - Cazare \u00een centrul ora\u0219ului\" \/>\n<meta property=\"og:description\" content=\"[vc_row css=&#8220;.vc_custom_1468517435504{margin-bottom: -90px !important;}&#8220;][vc_column][vc_column_text] Nur eine perfekte Organisation Kunn jede Sitzung in einem unvergesslichen Ereignis verwandeln!Wir sind spezialisiert auf ideale Tagungsr\u00e4ume zu kombinieren mit einwandfreiem Service und die Annehmlichkeiten. Ambient ist ein f\u00fchrendes Unternehmen in der Organisation, Innovation und Anpassung von Meetings, Incentives, Konferenzen, Produkteinf\u00fchrungen oder Firmenveranstaltungen und wir wissen, dass wir einen gro\u00dfen Differenzwert, um ihre Aktivit\u00e4ten zu schaffen. Exzellenz in der Ausf\u00fchrung von jeder Veranstalltung Fall ist unsere Daseinsberechtigung, deswegen stellen wir unseren G\u00e4sten 4 Konferenzr\u00e4ume: zur Verf\u00fcgung. [\/vc_column_text][\/vc_column][\/vc_row][vc_row css=&#8220;.vc_custom_1468629304994{margin-top: -50px !important;margin-bottom: -160px !important;}&#8220;][vc_column][\/vc_column][\/vc_row][vc_row css=&#8220;.vc_custom_1468629246192{margin-top: -30px !important;margin-bottom: -120px !important;}&#8220;][vc_column][vc_column_text] Die Zimmer sind mit Videoprojektoren , Multimedia-Systeme und hochwertige M\u00f6bel (Massivholz und Leder) ausgestattet, die die Business-Atmosph\u00e4re erg\u00e4nzen. Unser ausgezeichnetes Restaurant ist wichtig und [&hellip;]\" \/>\n<meta property=\"og:url\" content=\"https:\/\/www.staging-2.hotelambient.ro\/de\/hotel-dienstleistungen\/besprechungszimmer\/\" \/>\n<meta property=\"og:site_name\" content=\"Hotel Ambient Brasov - Cazare \u00een centrul ora\u0219ului\" \/>\n<meta property=\"article:modified_time\" content=\"2026-01-28T17:28:05+00:00\" \/>\n<meta name=\"twitter:card\" content=\"summary_large_image\" \/>\n<meta name=\"twitter:label1\" content=\"Gesch\u00e4tzte Lesezeit\" \/>\n\t<meta name=\"twitter:data1\" content=\"2\u00a0Minuten\" \/>\n<script type=\"application\/ld+json\" class=\"yoast-schema-graph\">{\"@context\":\"https:\/\/schema.org\",\"@graph\":[{\"@type\":\"WebPage\",\"@id\":\"https:\/\/www.staging-2.hotelambient.ro\/de\/hotel-dienstleistungen\/besprechungszimmer\/\",\"url\":\"https:\/\/www.staging-2.hotelambient.ro\/de\/hotel-dienstleistungen\/besprechungszimmer\/\",\"name\":\"Besprechungszimmer | Hotel Ambient Brasov - Cazare \u00een centrul ora\u0219ului\",\"isPartOf\":{\"@id\":\"https:\/\/www.staging-2.hotelambient.ro\/de\/#website\"},\"datePublished\":\"2014-09-14T06:21:57+00:00\",\"dateModified\":\"2026-01-28T17:28:05+00:00\",\"breadcrumb\":{\"@id\":\"https:\/\/www.staging-2.hotelambient.ro\/de\/hotel-dienstleistungen\/besprechungszimmer\/#breadcrumb\"},\"inLanguage\":\"de\",\"potentialAction\":[{\"@type\":\"ReadAction\",\"target\":[\"https:\/\/www.staging-2.hotelambient.ro\/de\/hotel-dienstleistungen\/besprechungszimmer\/\"]}]},{\"@type\":\"BreadcrumbList\",\"@id\":\"https:\/\/www.staging-2.hotelambient.ro\/de\/hotel-dienstleistungen\/besprechungszimmer\/#breadcrumb\",\"itemListElement\":[{\"@type\":\"ListItem\",\"position\":1,\"name\":\"Home\",\"item\":\"https:\/\/www.staging-2.hotelambient.ro\/de\/\"},{\"@type\":\"ListItem\",\"position\":2,\"name\":\"Hotel &#038; Dienstleistungen\",\"item\":\"https:\/\/www.staging-2.hotelambient.ro\/de\/hotel-dienstleistungen\/?lang=de\"},{\"@type\":\"ListItem\",\"position\":3,\"name\":\"Besprechungszimmer\"}]},{\"@type\":\"WebSite\",\"@id\":\"https:\/\/www.staging-2.hotelambient.ro\/de\/#website\",\"url\":\"https:\/\/www.staging-2.hotelambient.ro\/de\/\",\"name\":\"Hotel Ambient Brasov - Cazare \u00een centrul ora\u0219ului\",\"description\":\"modern und gem\u00fctlich im Zentrum von Brasov mit allen Annehmlichkeiten, die Sie w\u00e4hrend Ihres Aufenthaltes in der Stadt und besten Hotelzimmern ben\u00f6tigen\",\"publisher\":{\"@id\":\"https:\/\/www.staging-2.hotelambient.ro\/de\/#organization\"},\"potentialAction\":[{\"@type\":\"SearchAction\",\"target\":{\"@type\":\"EntryPoint\",\"urlTemplate\":\"https:\/\/www.staging-2.hotelambient.ro\/de\/?s={search_term_string}\"},\"query-input\":{\"@type\":\"PropertyValueSpecification\",\"valueRequired\":true,\"valueName\":\"search_term_string\"}}],\"inLanguage\":\"de\"},{\"@type\":\"Organization\",\"@id\":\"https:\/\/www.staging-2.hotelambient.ro\/de\/#organization\",\"name\":\"Ambient Hotels\",\"url\":\"https:\/\/www.staging-2.hotelambient.ro\/de\/\",\"logo\":{\"@type\":\"ImageObject\",\"inLanguage\":\"de\",\"@id\":\"https:\/\/www.staging-2.hotelambient.ro\/de\/#\/schema\/logo\/image\/\",\"url\":\"https:\/\/www.staging-2.hotelambient.ro\/wp-content\/uploads\/2016\/07\/Logo001-copia-2.png\",\"contentUrl\":\"https:\/\/www.staging-2.hotelambient.ro\/wp-content\/uploads\/2016\/07\/Logo001-copia-2.png\",\"width\":300,\"height\":114,\"caption\":\"Ambient Hotels\"},\"image\":{\"@id\":\"https:\/\/www.staging-2.hotelambient.ro\/de\/#\/schema\/logo\/image\/\"}}]}<\/script>\n<!-- \/ Yoast SEO plugin. -->","yoast_head_json":{"title":"Besprechungszimmer | Hotel Ambient Brasov - Cazare \u00een centrul ora\u0219ului","robots":{"index":"noindex","follow":"follow","max-snippet":"max-snippet:-1","max-image-preview":"max-image-preview:large","max-video-preview":"max-video-preview:-1"},"og_locale":"de_DE","og_type":"article","og_title":"Besprechungszimmer | Hotel Ambient Brasov - Cazare \u00een centrul ora\u0219ului","og_description":"[vc_row css=&#8220;.vc_custom_1468517435504{margin-bottom: -90px !important;}&#8220;][vc_column][vc_column_text] Nur eine perfekte Organisation Kunn jede Sitzung in einem unvergesslichen Ereignis verwandeln!Wir sind spezialisiert auf ideale Tagungsr\u00e4ume zu kombinieren mit einwandfreiem Service und die Annehmlichkeiten. Ambient ist ein f\u00fchrendes Unternehmen in der Organisation, Innovation und Anpassung von Meetings, Incentives, Konferenzen, Produkteinf\u00fchrungen oder Firmenveranstaltungen und wir wissen, dass wir einen gro\u00dfen Differenzwert, um ihre Aktivit\u00e4ten zu schaffen. Exzellenz in der Ausf\u00fchrung von jeder Veranstalltung Fall ist unsere Daseinsberechtigung, deswegen stellen wir unseren G\u00e4sten 4 Konferenzr\u00e4ume: zur Verf\u00fcgung. [\/vc_column_text][\/vc_column][\/vc_row][vc_row css=&#8220;.vc_custom_1468629304994{margin-top: -50px !important;margin-bottom: -160px !important;}&#8220;][vc_column][\/vc_column][\/vc_row][vc_row css=&#8220;.vc_custom_1468629246192{margin-top: -30px !important;margin-bottom: -120px !important;}&#8220;][vc_column][vc_column_text] Die Zimmer sind mit Videoprojektoren , Multimedia-Systeme und hochwertige M\u00f6bel (Massivholz und Leder) ausgestattet, die die Business-Atmosph\u00e4re erg\u00e4nzen. Unser ausgezeichnetes Restaurant ist wichtig und [&hellip;]","og_url":"https:\/\/www.staging-2.hotelambient.ro\/de\/hotel-dienstleistungen\/besprechungszimmer\/","og_site_name":"Hotel Ambient Brasov - Cazare \u00een centrul ora\u0219ului","article_modified_time":"2026-01-28T17:28:05+00:00","twitter_card":"summary_large_image","twitter_misc":{"Gesch\u00e4tzte Lesezeit":"2\u00a0Minuten"},"schema":{"@context":"https:\/\/schema.org","@graph":[{"@type":"WebPage","@id":"https:\/\/www.staging-2.hotelambient.ro\/de\/hotel-dienstleistungen\/besprechungszimmer\/","url":"https:\/\/www.staging-2.hotelambient.ro\/de\/hotel-dienstleistungen\/besprechungszimmer\/","name":"Besprechungszimmer | Hotel Ambient Brasov - Cazare \u00een centrul ora\u0219ului","isPartOf":{"@id":"https:\/\/www.staging-2.hotelambient.ro\/de\/#website"},"datePublished":"2014-09-14T06:21:57+00:00","dateModified":"2026-01-28T17:28:05+00:00","breadcrumb":{"@id":"https:\/\/www.staging-2.hotelambient.ro\/de\/hotel-dienstleistungen\/besprechungszimmer\/#breadcrumb"},"inLanguage":"de","potentialAction":[{"@type":"ReadAction","target":["https:\/\/www.staging-2.hotelambient.ro\/de\/hotel-dienstleistungen\/besprechungszimmer\/"]}]},{"@type":"BreadcrumbList","@id":"https:\/\/www.staging-2.hotelambient.ro\/de\/hotel-dienstleistungen\/besprechungszimmer\/#breadcrumb","itemListElement":[{"@type":"ListItem","position":1,"name":"Home","item":"https:\/\/www.staging-2.hotelambient.ro\/de\/"},{"@type":"ListItem","position":2,"name":"Hotel &#038; Dienstleistungen","item":"https:\/\/www.staging-2.hotelambient.ro\/de\/hotel-dienstleistungen\/?lang=de"},{"@type":"ListItem","position":3,"name":"Besprechungszimmer"}]},{"@type":"WebSite","@id":"https:\/\/www.staging-2.hotelambient.ro\/de\/#website","url":"https:\/\/www.staging-2.hotelambient.ro\/de\/","name":"Hotel Ambient Brasov - Cazare \u00een centrul ora\u0219ului","description":"modern und gem\u00fctlich im Zentrum von Brasov mit allen Annehmlichkeiten, die Sie w\u00e4hrend Ihres Aufenthaltes in der Stadt und besten Hotelzimmern ben\u00f6tigen","publisher":{"@id":"https:\/\/www.staging-2.hotelambient.ro\/de\/#organization"},"potentialAction":[{"@type":"SearchAction","target":{"@type":"EntryPoint","urlTemplate":"https:\/\/www.staging-2.hotelambient.ro\/de\/?s={search_term_string}"},"query-input":{"@type":"PropertyValueSpecification","valueRequired":true,"valueName":"search_term_string"}}],"inLanguage":"de"},{"@type":"Organization","@id":"https:\/\/www.staging-2.hotelambient.ro\/de\/#organization","name":"Ambient Hotels","url":"https:\/\/www.staging-2.hotelambient.ro\/de\/","logo":{"@type":"ImageObject","inLanguage":"de","@id":"https:\/\/www.staging-2.hotelambient.ro\/de\/#\/schema\/logo\/image\/","url":"https:\/\/www.staging-2.hotelambient.ro\/wp-content\/uploads\/2016\/07\/Logo001-copia-2.png","contentUrl":"https:\/\/www.staging-2.hotelambient.ro\/wp-content\/uploads\/2016\/07\/Logo001-copia-2.png","width":300,"height":114,"caption":"Ambient Hotels"},"image":{"@id":"https:\/\/www.staging-2.hotelambient.ro\/de\/#\/schema\/logo\/image\/"}}]}},"_links":{"self":[{"href":"https:\/\/www.staging-2.hotelambient.ro\/de\/wp-json\/wp\/v2\/pages\/9695","targetHints":{"allow":["GET"]}}],"collection":[{"href":"https:\/\/www.staging-2.hotelambient.ro\/de\/wp-json\/wp\/v2\/pages"}],"about":[{"href":"https:\/\/www.staging-2.hotelambient.ro\/de\/wp-json\/wp\/v2\/types\/page"}],"author":[{"embeddable":true,"href":"https:\/\/www.staging-2.hotelambient.ro\/de\/wp-json\/wp\/v2\/users\/1"}],"replies":[{"embeddable":true,"href":"https:\/\/www.staging-2.hotelambient.ro\/de\/wp-json\/wp\/v2\/comments?post=9695"}],"version-history":[{"count":3,"href":"https:\/\/www.staging-2.hotelambient.ro\/de\/wp-json\/wp\/v2\/pages\/9695\/revisions"}],"predecessor-version":[{"id":12663,"href":"https:\/\/www.staging-2.hotelambient.ro\/de\/wp-json\/wp\/v2\/pages\/9695\/revisions\/12663"}],"up":[{"embeddable":true,"href":"https:\/\/www.staging-2.hotelambient.ro\/de\/wp-json\/wp\/v2\/pages\/9668"}],"wp:attachment":[{"href":"https:\/\/www.staging-2.hotelambient.ro\/de\/wp-json\/wp\/v2\/media?parent=9695"}],"curies":[{"name":"wp","href":"https:\/\/api.w.org\/{rel}","templated":true}]}}