{"id":9699,"date":"2016-06-23T11:54:27","date_gmt":"2016-06-23T08:54:27","guid":{"rendered":"https:\/\/www.staging-2.hotelambient.ro\/lage\/"},"modified":"2026-01-29T16:42:30","modified_gmt":"2026-01-29T14:42:30","slug":"lage","status":"publish","type":"page","link":"https:\/\/www.staging-2.hotelambient.ro\/de\/hotel-dienstleistungen\/lage\/","title":{"rendered":"Lage"},"content":{"rendered":"<div class=\"wpb-content-wrapper\">[vc_row css=&#8220;.vc_custom_1467972868962{margin-bottom: -120px !important;}&#8220;][vc_column][vc_column_text]\n<h1 style=\"text-align: center;\"><small>Bra\u015fov &#8230; die sch\u00f6nste Stadt in Rum\u00e4nien &#8230; ein Ort der Gastfreundschaft und Sch\u00f6nheit l\u00e4dt ein, die Freude des Lebens zu genie\u00dfen.<\/small><\/h1>\n<p style=\"text-align: center;\">Die Stadt ist ein wichtiges Business-Center sowie ein touristisches Paradies mitten im historischen Zentrum einer der am besten erhaltenen mittelalterlichen St\u00e4dte in Europa. Ein paar Kilometer entfernt befinden sich zwei Schl\u00f6sser mit Geschichte Bran, wo gesagt wird, dass &#8222;Dracula&#8220; wohnte und in Sinaia das spekt\u00e4kulare Schloss Peles, die K\u00f6ngliche Residenz. Nicht nur die reiche Geschichte macht Bra\u015fov zu einer au\u00dfergew\u00f6hnlichen Stadt, sondern auch zu einer privilegierten Lage. Als die Stadt am Fu\u00dfe der Karpaten, bietet die Stadt Besucher atemberaubende Landschaft und frische Luft. Im Winter k\u00f6nnen Sie problemlos in nur 20 Minuten das Skigebiet Poiana Brasov erreichen, das als eines der Top 10 in Europa gilt.<\/p>\n<p style=\"text-align: center;\">Ambient Hotel liegt ideal im Zentrum der Stadt mit einfachem Zugang zu allen Sehensw\u00fcrdigkeiten in Bra\u015fov entfernt.<\/p>\n[\/vc_column_text][vc_empty_space height=&#8220;10px&#8220;][\/vc_column][\/vc_row][vc_row css=&#8220;.vc_custom_1596102619233{margin-bottom: -120px !important;}&#8220;][vc_column width=&#8220;1\/6&#8243; offset=&#8220;vc_hidden-sm vc_hidden-xs&#8220;][\/vc_column][vc_column width=&#8220;2\/3&#8243; css=&#8220;.vc_custom_1596102588269{margin-top: -40px !important;}&#8220;][vc_column_text]\n<div class=\"wpb_wrapper\">\n<h2 class=\"wpb_heading wpb_video_heading\">Sommer<\/h2>\n<p style=\"text-align: center;\"><div class=\"epyt-video-wrapper\"><iframe loading=\"lazy\"  style=\"display: block; margin: 0px auto;\"  id=\"_ytid_57145\"  width=\"750\" height=\"422\"  data-origwidth=\"750\" data-origheight=\"422\" src=\"https:\/\/www.youtube.com\/embed\/a19suRLtGWE?enablejsapi=1&origin=https:\/\/www.staging-2.hotelambient.ro&autoplay=0&cc_load_policy=0&cc_lang_pref=&iv_load_policy=3&loop=0&rel=0&fs=1&playsinline=0&autohide=2&theme=dark&color=red&controls=1&disablekb=0&\" class=\"__youtube_prefs__  no-lazyload\" title=\"YouTube player\"  allow=\"fullscreen; accelerometer; autoplay; clipboard-write; encrypted-media; gyroscope; picture-in-picture; web-share\" referrerpolicy=\"strict-origin-when-cross-origin\" allowfullscreen data-no-lazy=\"1\" data-skipgform_ajax_framebjll=\"\"><\/iframe><\/div>\n<\/div>\n[\/vc_column_text][vc_column_text]\n<div class=\"wpb_wrapper\">\n<h2 class=\"wpb_heading wpb_video_heading\">Winter<\/h2>\n<p style=\"text-align: center;\"><div class=\"epyt-video-wrapper\"><iframe loading=\"lazy\"  style=\"display: block; margin: 0px auto;\"  id=\"_ytid_43671\"  width=\"750\" height=\"422\"  data-origwidth=\"750\" data-origheight=\"422\" src=\"https:\/\/www.youtube.com\/embed\/15Z6fwA3rmM?enablejsapi=1&origin=https:\/\/www.staging-2.hotelambient.ro&autoplay=0&cc_load_policy=0&cc_lang_pref=&iv_load_policy=3&loop=0&rel=0&fs=1&playsinline=0&autohide=2&theme=dark&color=red&controls=1&disablekb=0&\" class=\"__youtube_prefs__  no-lazyload\" title=\"YouTube player\"  allow=\"fullscreen; accelerometer; autoplay; clipboard-write; encrypted-media; gyroscope; picture-in-picture; web-share\" referrerpolicy=\"strict-origin-when-cross-origin\" allowfullscreen data-no-lazy=\"1\" data-skipgform_ajax_framebjll=\"\"><\/iframe><\/div>\n[\/vc_column_text][\/vc_column][vc_column width=&#8220;1\/6&#8243; offset=&#8220;vc_hidden-sm vc_hidden-xs&#8220;][\/vc_column][\/vc_row][vc_row][vc_column][rev_slider_vc alias=&#8220;ubicacion2&#8243;][vc_empty_space height=&#8220;20px&#8220;][vc_single_image image=&#8220;12275&#8243; img_size=&#8220;medium&#8220; alignment=&#8220;center&#8220; onclick=&#8220;custom_link&#8220; img_link_target=&#8220;_blank&#8220; css=&#8220;.vc_custom_1596102464881{margin-bottom: -50px !important;}&#8220; link=&#8220;https:\/\/www.gpsmycity.com\/gps-tour-guides\/brasov-3530.html?hid=1133&#8243;][\/vc_column][\/vc_row][vc_row css=&#8220;.vc_custom_1769697749053{padding-top: 0px !important;padding-bottom: 0px !important;}&#8220;][vc_column][vc_raw_html]JTNDc2NyaXB0JTIwdHlwZSUzRCUyMnRleHQlMkZqYXZhc2NyaXB0JTIyJTIwc3JjJTNEJTIyaHR0cHMlM0ElMkYlMkZvcGVuLnVwcGVyYm9va2luZy5jb20lMkZob3RlbGFtYmllbnQlMkZCb29raW5nLmpzJTNGbG9jYWxlJTNEZGUlMjIlM0UlM0MlMkZzY3JpcHQlM0U=[\/vc_raw_html][\/vc_column][\/vc_row][vc_row css=&#8220;.vc_custom_1769697742160{padding-top: 0px !important;padding-bottom: 0px !important;}&#8220;][vc_column][vc_column_text]\n<\/div>\n[\/vc_column_text][\/vc_column][\/vc_row]\n<\/div>","protected":false},"excerpt":{"rendered":"<p>[vc_row css=&#8220;.vc_custom_1467972868962{margin-bottom: -120px !important;}&#8220;][vc_column][vc_column_text] Bra\u015fov &#8230; die sch\u00f6nste Stadt in Rum\u00e4nien &#8230; ein Ort der Gastfreundschaft und Sch\u00f6nheit l\u00e4dt ein, die Freude des Lebens zu genie\u00dfen. Die Stadt ist ein wichtiges Business-Center sowie ein touristisches Paradies mitten im historischen Zentrum einer der am besten erhaltenen mittelalterlichen St\u00e4dte in Europa. Ein paar Kilometer entfernt befinden sich zwei Schl\u00f6sser mit Geschichte Bran, wo gesagt wird, dass &#8222;Dracula&#8220; wohnte und in Sinaia das spekt\u00e4kulare Schloss Peles, die K\u00f6ngliche Residenz. Nicht nur die reiche Geschichte macht Bra\u015fov zu einer au\u00dfergew\u00f6hnlichen Stadt, sondern auch zu einer privilegierten Lage. Als die Stadt am Fu\u00dfe der Karpaten, bietet die Stadt Besucher atemberaubende Landschaft und frische Luft. Im Winter k\u00f6nnen Sie problemlos in [&hellip;]<\/p>\n","protected":false},"author":1,"featured_media":0,"parent":9668,"menu_order":0,"comment_status":"closed","ping_status":"closed","template":"page-templates\/contact.php","meta":{"footnotes":""},"class_list":["post-9699","page","type-page","status-publish","hentry"],"yoast_head":"<!-- This site is optimized with the Yoast SEO plugin v26.8 - https:\/\/yoast.com\/product\/yoast-seo-wordpress\/ -->\n<title>Lage | Hotel Ambient Brasov - Cazare \u00een centrul ora\u0219ului<\/title>\n<meta name=\"robots\" content=\"noindex, follow, max-snippet:-1, max-image-preview:large, max-video-preview:-1\" \/>\n<meta property=\"og:locale\" content=\"de_DE\" \/>\n<meta property=\"og:type\" content=\"article\" \/>\n<meta property=\"og:title\" content=\"Lage | Hotel Ambient Brasov - Cazare \u00een centrul ora\u0219ului\" \/>\n<meta property=\"og:description\" content=\"[vc_row css=&#8220;.vc_custom_1467972868962{margin-bottom: -120px !important;}&#8220;][vc_column][vc_column_text] Bra\u015fov &#8230; die sch\u00f6nste Stadt in Rum\u00e4nien &#8230; ein Ort der Gastfreundschaft und Sch\u00f6nheit l\u00e4dt ein, die Freude des Lebens zu genie\u00dfen. Die Stadt ist ein wichtiges Business-Center sowie ein touristisches Paradies mitten im historischen Zentrum einer der am besten erhaltenen mittelalterlichen St\u00e4dte in Europa. Ein paar Kilometer entfernt befinden sich zwei Schl\u00f6sser mit Geschichte Bran, wo gesagt wird, dass &#8222;Dracula&#8220; wohnte und in Sinaia das spekt\u00e4kulare Schloss Peles, die K\u00f6ngliche Residenz. Nicht nur die reiche Geschichte macht Bra\u015fov zu einer au\u00dfergew\u00f6hnlichen Stadt, sondern auch zu einer privilegierten Lage. Als die Stadt am Fu\u00dfe der Karpaten, bietet die Stadt Besucher atemberaubende Landschaft und frische Luft. Im Winter k\u00f6nnen Sie problemlos in [&hellip;]\" \/>\n<meta property=\"og:url\" content=\"https:\/\/www.staging-2.hotelambient.ro\/de\/hotel-dienstleistungen\/lage\/\" \/>\n<meta property=\"og:site_name\" content=\"Hotel Ambient Brasov - Cazare \u00een centrul ora\u0219ului\" \/>\n<meta property=\"article:modified_time\" content=\"2026-01-29T14:42:30+00:00\" \/>\n<meta name=\"twitter:card\" content=\"summary_large_image\" \/>\n<meta name=\"twitter:label1\" content=\"Gesch\u00e4tzte Lesezeit\" \/>\n\t<meta name=\"twitter:data1\" content=\"2\u00a0Minuten\" \/>\n<script type=\"application\/ld+json\" class=\"yoast-schema-graph\">{\"@context\":\"https:\/\/schema.org\",\"@graph\":[{\"@type\":\"WebPage\",\"@id\":\"https:\/\/www.staging-2.hotelambient.ro\/de\/hotel-dienstleistungen\/lage\/\",\"url\":\"https:\/\/www.staging-2.hotelambient.ro\/de\/hotel-dienstleistungen\/lage\/\",\"name\":\"Lage | Hotel Ambient Brasov - Cazare \u00een centrul ora\u0219ului\",\"isPartOf\":{\"@id\":\"https:\/\/www.staging-2.hotelambient.ro\/de\/#website\"},\"datePublished\":\"2016-06-23T08:54:27+00:00\",\"dateModified\":\"2026-01-29T14:42:30+00:00\",\"breadcrumb\":{\"@id\":\"https:\/\/www.staging-2.hotelambient.ro\/de\/hotel-dienstleistungen\/lage\/#breadcrumb\"},\"inLanguage\":\"de\",\"potentialAction\":[{\"@type\":\"ReadAction\",\"target\":[\"https:\/\/www.staging-2.hotelambient.ro\/de\/hotel-dienstleistungen\/lage\/\"]}]},{\"@type\":\"BreadcrumbList\",\"@id\":\"https:\/\/www.staging-2.hotelambient.ro\/de\/hotel-dienstleistungen\/lage\/#breadcrumb\",\"itemListElement\":[{\"@type\":\"ListItem\",\"position\":1,\"name\":\"Home\",\"item\":\"https:\/\/www.staging-2.hotelambient.ro\/de\/\"},{\"@type\":\"ListItem\",\"position\":2,\"name\":\"Hotel &#038; Dienstleistungen\",\"item\":\"https:\/\/www.staging-2.hotelambient.ro\/de\/hotel-dienstleistungen\/?lang=de\"},{\"@type\":\"ListItem\",\"position\":3,\"name\":\"Lage\"}]},{\"@type\":\"WebSite\",\"@id\":\"https:\/\/www.staging-2.hotelambient.ro\/de\/#website\",\"url\":\"https:\/\/www.staging-2.hotelambient.ro\/de\/\",\"name\":\"Hotel Ambient Brasov - Cazare \u00een centrul ora\u0219ului\",\"description\":\"modern und gem\u00fctlich im Zentrum von Brasov mit allen Annehmlichkeiten, die Sie w\u00e4hrend Ihres Aufenthaltes in der Stadt und besten Hotelzimmern ben\u00f6tigen\",\"publisher\":{\"@id\":\"https:\/\/www.staging-2.hotelambient.ro\/de\/#organization\"},\"potentialAction\":[{\"@type\":\"SearchAction\",\"target\":{\"@type\":\"EntryPoint\",\"urlTemplate\":\"https:\/\/www.staging-2.hotelambient.ro\/de\/?s={search_term_string}\"},\"query-input\":{\"@type\":\"PropertyValueSpecification\",\"valueRequired\":true,\"valueName\":\"search_term_string\"}}],\"inLanguage\":\"de\"},{\"@type\":\"Organization\",\"@id\":\"https:\/\/www.staging-2.hotelambient.ro\/de\/#organization\",\"name\":\"Ambient Hotels\",\"url\":\"https:\/\/www.staging-2.hotelambient.ro\/de\/\",\"logo\":{\"@type\":\"ImageObject\",\"inLanguage\":\"de\",\"@id\":\"https:\/\/www.staging-2.hotelambient.ro\/de\/#\/schema\/logo\/image\/\",\"url\":\"https:\/\/www.staging-2.hotelambient.ro\/wp-content\/uploads\/2016\/07\/Logo001-copia-2.png\",\"contentUrl\":\"https:\/\/www.staging-2.hotelambient.ro\/wp-content\/uploads\/2016\/07\/Logo001-copia-2.png\",\"width\":300,\"height\":114,\"caption\":\"Ambient Hotels\"},\"image\":{\"@id\":\"https:\/\/www.staging-2.hotelambient.ro\/de\/#\/schema\/logo\/image\/\"}}]}<\/script>\n<!-- \/ Yoast SEO plugin. -->","yoast_head_json":{"title":"Lage | Hotel Ambient Brasov - Cazare \u00een centrul ora\u0219ului","robots":{"index":"noindex","follow":"follow","max-snippet":"max-snippet:-1","max-image-preview":"max-image-preview:large","max-video-preview":"max-video-preview:-1"},"og_locale":"de_DE","og_type":"article","og_title":"Lage | Hotel Ambient Brasov - Cazare \u00een centrul ora\u0219ului","og_description":"[vc_row css=&#8220;.vc_custom_1467972868962{margin-bottom: -120px !important;}&#8220;][vc_column][vc_column_text] Bra\u015fov &#8230; die sch\u00f6nste Stadt in Rum\u00e4nien &#8230; ein Ort der Gastfreundschaft und Sch\u00f6nheit l\u00e4dt ein, die Freude des Lebens zu genie\u00dfen. Die Stadt ist ein wichtiges Business-Center sowie ein touristisches Paradies mitten im historischen Zentrum einer der am besten erhaltenen mittelalterlichen St\u00e4dte in Europa. Ein paar Kilometer entfernt befinden sich zwei Schl\u00f6sser mit Geschichte Bran, wo gesagt wird, dass &#8222;Dracula&#8220; wohnte und in Sinaia das spekt\u00e4kulare Schloss Peles, die K\u00f6ngliche Residenz. Nicht nur die reiche Geschichte macht Bra\u015fov zu einer au\u00dfergew\u00f6hnlichen Stadt, sondern auch zu einer privilegierten Lage. Als die Stadt am Fu\u00dfe der Karpaten, bietet die Stadt Besucher atemberaubende Landschaft und frische Luft. Im Winter k\u00f6nnen Sie problemlos in [&hellip;]","og_url":"https:\/\/www.staging-2.hotelambient.ro\/de\/hotel-dienstleistungen\/lage\/","og_site_name":"Hotel Ambient Brasov - Cazare \u00een centrul ora\u0219ului","article_modified_time":"2026-01-29T14:42:30+00:00","twitter_card":"summary_large_image","twitter_misc":{"Gesch\u00e4tzte Lesezeit":"2\u00a0Minuten"},"schema":{"@context":"https:\/\/schema.org","@graph":[{"@type":"WebPage","@id":"https:\/\/www.staging-2.hotelambient.ro\/de\/hotel-dienstleistungen\/lage\/","url":"https:\/\/www.staging-2.hotelambient.ro\/de\/hotel-dienstleistungen\/lage\/","name":"Lage | Hotel Ambient Brasov - Cazare \u00een centrul ora\u0219ului","isPartOf":{"@id":"https:\/\/www.staging-2.hotelambient.ro\/de\/#website"},"datePublished":"2016-06-23T08:54:27+00:00","dateModified":"2026-01-29T14:42:30+00:00","breadcrumb":{"@id":"https:\/\/www.staging-2.hotelambient.ro\/de\/hotel-dienstleistungen\/lage\/#breadcrumb"},"inLanguage":"de","potentialAction":[{"@type":"ReadAction","target":["https:\/\/www.staging-2.hotelambient.ro\/de\/hotel-dienstleistungen\/lage\/"]}]},{"@type":"BreadcrumbList","@id":"https:\/\/www.staging-2.hotelambient.ro\/de\/hotel-dienstleistungen\/lage\/#breadcrumb","itemListElement":[{"@type":"ListItem","position":1,"name":"Home","item":"https:\/\/www.staging-2.hotelambient.ro\/de\/"},{"@type":"ListItem","position":2,"name":"Hotel &#038; Dienstleistungen","item":"https:\/\/www.staging-2.hotelambient.ro\/de\/hotel-dienstleistungen\/?lang=de"},{"@type":"ListItem","position":3,"name":"Lage"}]},{"@type":"WebSite","@id":"https:\/\/www.staging-2.hotelambient.ro\/de\/#website","url":"https:\/\/www.staging-2.hotelambient.ro\/de\/","name":"Hotel Ambient Brasov - Cazare \u00een centrul ora\u0219ului","description":"modern und gem\u00fctlich im Zentrum von Brasov mit allen Annehmlichkeiten, die Sie w\u00e4hrend Ihres Aufenthaltes in der Stadt und besten Hotelzimmern ben\u00f6tigen","publisher":{"@id":"https:\/\/www.staging-2.hotelambient.ro\/de\/#organization"},"potentialAction":[{"@type":"SearchAction","target":{"@type":"EntryPoint","urlTemplate":"https:\/\/www.staging-2.hotelambient.ro\/de\/?s={search_term_string}"},"query-input":{"@type":"PropertyValueSpecification","valueRequired":true,"valueName":"search_term_string"}}],"inLanguage":"de"},{"@type":"Organization","@id":"https:\/\/www.staging-2.hotelambient.ro\/de\/#organization","name":"Ambient Hotels","url":"https:\/\/www.staging-2.hotelambient.ro\/de\/","logo":{"@type":"ImageObject","inLanguage":"de","@id":"https:\/\/www.staging-2.hotelambient.ro\/de\/#\/schema\/logo\/image\/","url":"https:\/\/www.staging-2.hotelambient.ro\/wp-content\/uploads\/2016\/07\/Logo001-copia-2.png","contentUrl":"https:\/\/www.staging-2.hotelambient.ro\/wp-content\/uploads\/2016\/07\/Logo001-copia-2.png","width":300,"height":114,"caption":"Ambient Hotels"},"image":{"@id":"https:\/\/www.staging-2.hotelambient.ro\/de\/#\/schema\/logo\/image\/"}}]}},"_links":{"self":[{"href":"https:\/\/www.staging-2.hotelambient.ro\/de\/wp-json\/wp\/v2\/pages\/9699","targetHints":{"allow":["GET"]}}],"collection":[{"href":"https:\/\/www.staging-2.hotelambient.ro\/de\/wp-json\/wp\/v2\/pages"}],"about":[{"href":"https:\/\/www.staging-2.hotelambient.ro\/de\/wp-json\/wp\/v2\/types\/page"}],"author":[{"embeddable":true,"href":"https:\/\/www.staging-2.hotelambient.ro\/de\/wp-json\/wp\/v2\/users\/1"}],"replies":[{"embeddable":true,"href":"https:\/\/www.staging-2.hotelambient.ro\/de\/wp-json\/wp\/v2\/comments?post=9699"}],"version-history":[{"count":4,"href":"https:\/\/www.staging-2.hotelambient.ro\/de\/wp-json\/wp\/v2\/pages\/9699\/revisions"}],"predecessor-version":[{"id":12784,"href":"https:\/\/www.staging-2.hotelambient.ro\/de\/wp-json\/wp\/v2\/pages\/9699\/revisions\/12784"}],"up":[{"embeddable":true,"href":"https:\/\/www.staging-2.hotelambient.ro\/de\/wp-json\/wp\/v2\/pages\/9668"}],"wp:attachment":[{"href":"https:\/\/www.staging-2.hotelambient.ro\/de\/wp-json\/wp\/v2\/media?parent=9699"}],"curies":[{"name":"wp","href":"https:\/\/api.w.org\/{rel}","templated":true}]}}