{"id":9703,"date":"2016-06-23T11:56:28","date_gmt":"2016-06-23T08:56:28","guid":{"rendered":"https:\/\/www.staging-2.hotelambient.ro\/wellness\/"},"modified":"2026-01-28T21:40:58","modified_gmt":"2026-01-28T19:40:58","slug":"wellness","status":"publish","type":"page","link":"https:\/\/www.staging-2.hotelambient.ro\/de\/hotel-dienstleistungen\/wellness\/","title":{"rendered":"Wellness"},"content":{"rendered":"<div class=\"wpb-content-wrapper\">[vc_row full_width=&#8220;stretch_row&#8220; position=&#8220;right center&#8220; css=&#8220;.vc_custom_1467676796314{background-image: url(https:\/\/www.staging-2.hotelambient.ro\/wp-content\/uploads\/2016\/06\/agua.png?id=3978) !important;background-position: 0 0 !important;background-repeat: no-repeat !important;}&#8220; el_class=&#8220;background-none-mobile&#8220;][vc_column width=&#8220;1\/2&#8243;][vc_column_text]\n<h2><span style=\"color: #cf0e17;\">EINE EXKLUSIVE RAUM FUR ENTSPANNUNG<\/span><\/h2>\n<p>Unsere kleine Ecke Komfort erwartet Sie ein paar Stunden der Ruhe und Entspannung in unserem Wellness-Zentrum, wo der K\u00f6rper und Geist in perfekter Harmonie sind.<\/p>\n<p>Wir bieten unseren G\u00e4sten eine Sauna, Jacuzzi, geeignet zum Entspannen mit Freunde und einem Fitnessraum mit Laufband , MFDs, Stepper und station\u00e4re Fahrr\u00e4der. Schlie\u00dflich k\u00f6nnen Sie eine entspannende Massage genie\u00dfen, die den Stress vollst\u00e4ndig beseitigen.<\/p>\n<p><q class=\"pullquote pull-right\">Das Wellnesscenter bietet eine breite Palette von Ger\u00e4ten die unsere G\u00e4ste hilftsichzu und den Stress zu beseitigen.<\/q>[\/vc_column_text][\/vc_column][\/vc_row][vc_row css=&#8220;.vc_custom_1468197520638{margin-top: -110px !important;margin-bottom: -100px !important;}&#8220;][vc_column width=&#8220;2\/3&#8243; offset=&#8220;vc_col-sm-offset-2&#8243;]<ul class=\"list-services \"><li>\n  <h3>\n    <a href=\"#sauna\">\n      Jacuzzi &amp; Sauna      <small>LEHNEN SIE SICH ZURUCK UND GENIESSEN SIE EINE WOLHVERDIENTE RUHE<\/small>    <\/a>\n  <\/h3>\n<\/li>\n<li>\n  <h3>\n    <a href=\"#masajes\">\n      MASSAGES      <small>GENIESSEN SIE DIE MOMENTE DER VOLLEN ENTSPONNUNG<\/small>    <\/a>\n  <\/h3>\n<\/li>\n<li>\n  <h3>\n    <a href=\"#gimnasio\">\n      FITNESS CENTER      <small>HALTEN SIE SICH IN FORM AUCH WENN SIE NICHT ZU HAUSE SIND<\/small>    <\/a>\n  <\/h3>\n<\/li>\n<\/ul>[\/vc_column][\/vc_row][vc_row][vc_column][vc_raw_html]JTNDYSUyMG5hbWUlM0QlMjJzYXVuYSUyMiUzRSUzQyUyRmElM0U=[\/vc_raw_html][\/vc_column][\/vc_row][vc_row full_width=&#8220;stretch_row&#8220; parallax=&#8220;content-moving&#8220; css=&#8220;.vc_custom_1468706083508{margin-top: -260px !important;margin-bottom: -160px !important;background-image: url(https:\/\/www.staging-2.hotelambient.ro\/wp-content\/uploads\/2016\/06\/fondo10.jpg?id=4525) !important;background-position: center;background-repeat: no-repeat !important;background-size: cover !important;}&#8220; el_class=&#8220;content-padding-mobile-none&#8220;][vc_column width=&#8220;1\/2&#8243; el_class=&#8220;white-box content-padding-xs&#8220;][vc_column_text]\n<h1><small><span style=\"color: #cf0e17;\">JACUZZI\u00a0&amp; SAUNA<\/span><\/small><\/h1>\n<p>Unser kleines Spa bietet einen Ort um Ruhe zu finden, es presentiert ein neues Konzept von Gesundheit und Wohlbefinden um zu entspannen und mit f\u00fcnf Sinne genie\u00dfen.<\/p>\n<p>Wir laden Sie ein, die Sauna und Jacuzzi zu genie\u00dfen, die eine moderne Ausstattung mit Hydromassage, Farbtherapie und Musiktherapie hat, so K\u00f6nnen Sie sich Vollst\u00e4nding dem Vernugen hingeben.[\/vc_column_text][\/vc_column][vc_column width=&#8220;1\/2&#8243;][vc_images_carousel images=&#8220;11195,11222,10377,10376&#8243; onclick=&#8220;link_no&#8220;][\/vc_column][\/vc_row][vc_row][vc_column][vc_raw_html]JTNDYSUyMG5hbWUlM0QlMjJtYXNhamVzJTIyJTNFJTNDJTJGYSUzRQ==[\/vc_raw_html][\/vc_column][\/vc_row][vc_row full_width=&#8220;stretch_row&#8220; parallax=&#8220;content-moving&#8220; css=&#8220;.vc_custom_1467995268165{margin-bottom: -160px !important;background-image: url(https:\/\/www.staging-2.hotelambient.ro\/wp-content\/uploads\/2016\/06\/fondo2.jpg?id=3987) !important;background-position: 0 0;background-repeat: no-repeat !important;}&#8220; min_height=&#8220;700px&#8220;][vc_column width=&#8220;1\/2&#8243;][vc_images_carousel images=&#8220;11228&#8243; onclick=&#8220;link_no&#8220; hide_pagination_control=&#8220;yes&#8220; hide_prev_next_buttons=&#8220;yes&#8220;][\/vc_column][vc_column width=&#8220;1\/2&#8243; el_class=&#8220;white-box content-padding-xs&#8220;][vc_column_text css=&#8220;&#8220;]\n<h1><small><span style=\"color: #cf0e17;\">MASAGEN<\/span><\/small><\/h1>\n<p>Nach vielen Stadtf\u00fchrungen, Sightseeing und Shopping, was kann besser sein, als eine entspannende Massage im Wellnesscenter?<\/p>\n<p>Unsere Entspannungsmassage ist eine Ganzk\u00f6rpermassage, zur Muskelentspannung und ab, M\u00fcdigkeit zu beseitigen so ein angenehmes Gef\u00fchl von Komfort zu schaffen.<\/p>\n<p>Es ist perfekt gesamten oder lokalisierte Muskel Stress zu reduzieren, einen Zustand der vollst\u00e4ndigen k\u00f6rperlicher und Geist Entspannung zu induzieren.<\/p>\n<p>Aktiviert das Kreislauf- und Lymphsystem Massage hilft, die Ern\u00e4hrung von Geweben, um den Austausch von Sauerstoff und Beseitigung von Abfallstoffen. Entspannt die Muskeln und das zentrale Nervensystem , l\u00f6st Energieblockaden , die uns daran hindern, das Beibehalten der guten physischen und psychischen Zustand, mobilisiert Fette, hilft uns, die Gef\u00fchle von Stress-Entspannung zu unterscheiden und erneuert Hautzellen .<\/p>\n<p>Es wird langsam mit einer festen und progressiven Druck auf den R\u00fccken, die Beine oder beide Bereiche mit dem Ziel, ein Gef\u00fchl der Ruhe.Wie bei \u00e4therischen \u00d6len angewandt, befeuchtet die Haut und sorgt f\u00fcr eine angenehme Erfahrung.<\/p>\n<p>Die Massage dauert 50 Minuten und eine Geb\u00fchr von 60\u20ac pro Person.[\/vc_column_text][\/vc_column][\/vc_row][vc_row][vc_column][vc_raw_html]JTNDYSUyMG5hbWUlM0QlMjJnaW1uYXNpbyUyMiUzRSUzQyUyRmElM0U=[\/vc_raw_html][\/vc_column][\/vc_row][vc_row full_width=&#8220;stretch_row&#8220; parallax=&#8220;content-moving&#8220; css=&#8220;.vc_custom_1468705698261{margin-bottom: 40px !important;background-image: url(https:\/\/www.staging-2.hotelambient.ro\/wp-content\/uploads\/2016\/06\/fondo8.jpg?id=4521) !important;background-position: center;background-repeat: no-repeat !important;background-size: cover !important;}&#8220; el_class=&#8220;content-padding-mobile-none&#8220;][vc_column width=&#8220;1\/2&#8243; el_class=&#8220;white-box content-padding-xs&#8220;][vc_column_text]\n<h1><small><span style=\"color: #cf0e17;\">FITNESS CENTER<\/span><\/small><\/h1>\n<p>Um Ihren Tag auf der besten Art und Weise an zu tanger oder beenden und Sie nichts vermissen w\u00e4hrend Ihres Aufenthaltes in unserem Hotel stellen wir unsere Fitness-Club zur Verf\u00fcgung, der mit modernen Ger\u00e4ten ausgestattet ist, die sie zur Durchf\u00fchrung einer vollst\u00e4ndigen k\u00f6rperlichen Fitnes erm\u00f6glichen: Band , Multifunktionsger\u00e4te f\u00fcr alle Muskelgruppen , Stepper und station\u00e4res Fahrrad.[\/vc_column_text][\/vc_column][vc_column width=&#8220;1\/2&#8243;][vc_images_carousel images=&#8220;11234,11240,11243,11237&#8243; onclick=&#8220;link_no&#8220;][\/vc_column][\/vc_row][vc_row css=&#8220;.vc_custom_1470427624852{margin-top: -200px !important;}&#8220;][vc_column][vc_raw_html]JTNDc2NyaXB0JTIwdHlwZSUzRCUyMnRleHQlMkZqYXZhc2NyaXB0JTIyJTIwc3JjJTNEJTIyaHR0cHMlM0ElMkYlMkZvcGVuLnVwcGVyYm9va2luZy5jb20lMkZob3RlbGFtYmllbnQlMkZCb29raW5nLmpzJTNGbG9jYWxlJTNEZGUlMjIlM0UlM0MlMkZzY3JpcHQlM0U=[\/vc_raw_html][\/vc_column][\/vc_row]\n<\/div>","protected":false},"excerpt":{"rendered":"<p>[vc_row full_width=&#8220;stretch_row&#8220; position=&#8220;right center&#8220; css=&#8220;.vc_custom_1467676796314{background-image: url(https:\/\/www.staging-2.hotelambient.ro\/wp-content\/uploads\/2016\/06\/agua.png?id=3978) !important;background-position: 0 0 !important;background-repeat: no-repeat !important;}&#8220; el_class=&#8220;background-none-mobile&#8220;][vc_column width=&#8220;1\/2&#8243;][vc_column_text] EINE EXKLUSIVE RAUM FUR ENTSPANNUNG Unsere kleine Ecke Komfort erwartet Sie ein paar Stunden der Ruhe und Entspannung in unserem Wellness-Zentrum, wo der K\u00f6rper und Geist in perfekter Harmonie sind. Wir bieten unseren G\u00e4sten eine Sauna, Jacuzzi, geeignet zum Entspannen mit Freunde und einem Fitnessraum mit Laufband , MFDs, Stepper und station\u00e4re Fahrr\u00e4der. Schlie\u00dflich k\u00f6nnen Sie eine entspannende Massage genie\u00dfen, die den Stress vollst\u00e4ndig beseitigen. Das Wellnesscenter bietet eine breite Palette von Ger\u00e4ten die unsere G\u00e4ste hilftsichzu und den Stress zu beseitigen.[\/vc_column_text][\/vc_column][\/vc_row][vc_row css=&#8220;.vc_custom_1468197520638{margin-top: -110px !important;margin-bottom: -100px !important;}&#8220;][vc_column width=&#8220;2\/3&#8243; offset=&#8220;vc_col-sm-offset-2&#8243;][\/vc_column][\/vc_row][vc_row][vc_column][vc_raw_html]JTNDYSUyMG5hbWUlM0QlMjJzYXVuYSUyMiUzRSUzQyUyRmElM0U=[\/vc_raw_html][\/vc_column][\/vc_row][vc_row full_width=&#8220;stretch_row&#8220; parallax=&#8220;content-moving&#8220; css=&#8220;.vc_custom_1468706083508{margin-top: -260px !important;margin-bottom: -160px !important;background-image: url(https:\/\/www.staging-2.hotelambient.ro\/wp-content\/uploads\/2016\/06\/fondo10.jpg?id=4525) !important;background-position: center;background-repeat: no-repeat !important;background-size: [&hellip;]<\/p>\n","protected":false},"author":1,"featured_media":0,"parent":9668,"menu_order":1,"comment_status":"closed","ping_status":"closed","template":"","meta":{"footnotes":""},"class_list":["post-9703","page","type-page","status-publish","hentry"],"yoast_head":"<!-- This site is optimized with the Yoast SEO plugin v26.8 - https:\/\/yoast.com\/product\/yoast-seo-wordpress\/ -->\n<title>Wellness | Hotel Ambient Brasov - Cazare \u00een centrul ora\u0219ului<\/title>\n<meta name=\"robots\" content=\"noindex, follow, max-snippet:-1, max-image-preview:large, max-video-preview:-1\" \/>\n<meta property=\"og:locale\" content=\"de_DE\" \/>\n<meta property=\"og:type\" content=\"article\" \/>\n<meta property=\"og:title\" content=\"Wellness | Hotel Ambient Brasov - Cazare \u00een centrul ora\u0219ului\" \/>\n<meta property=\"og:description\" content=\"[vc_row full_width=&#8220;stretch_row&#8220; position=&#8220;right center&#8220; css=&#8220;.vc_custom_1467676796314{background-image: url(https:\/\/www.staging-2.hotelambient.ro\/wp-content\/uploads\/2016\/06\/agua.png?id=3978) !important;background-position: 0 0 !important;background-repeat: no-repeat !important;}&#8220; el_class=&#8220;background-none-mobile&#8220;][vc_column width=&#8220;1\/2&#8243;][vc_column_text] EINE EXKLUSIVE RAUM FUR ENTSPANNUNG Unsere kleine Ecke Komfort erwartet Sie ein paar Stunden der Ruhe und Entspannung in unserem Wellness-Zentrum, wo der K\u00f6rper und Geist in perfekter Harmonie sind. Wir bieten unseren G\u00e4sten eine Sauna, Jacuzzi, geeignet zum Entspannen mit Freunde und einem Fitnessraum mit Laufband , MFDs, Stepper und station\u00e4re Fahrr\u00e4der. Schlie\u00dflich k\u00f6nnen Sie eine entspannende Massage genie\u00dfen, die den Stress vollst\u00e4ndig beseitigen. Das Wellnesscenter bietet eine breite Palette von Ger\u00e4ten die unsere G\u00e4ste hilftsichzu und den Stress zu beseitigen.[\/vc_column_text][\/vc_column][\/vc_row][vc_row css=&#8220;.vc_custom_1468197520638{margin-top: -110px !important;margin-bottom: -100px !important;}&#8220;][vc_column width=&#8220;2\/3&#8243; offset=&#8220;vc_col-sm-offset-2&#8243;][\/vc_column][\/vc_row][vc_row][vc_column][vc_raw_html]JTNDYSUyMG5hbWUlM0QlMjJzYXVuYSUyMiUzRSUzQyUyRmElM0U=[\/vc_raw_html][\/vc_column][\/vc_row][vc_row full_width=&#8220;stretch_row&#8220; parallax=&#8220;content-moving&#8220; css=&#8220;.vc_custom_1468706083508{margin-top: -260px !important;margin-bottom: -160px !important;background-image: url(https:\/\/www.staging-2.hotelambient.ro\/wp-content\/uploads\/2016\/06\/fondo10.jpg?id=4525) !important;background-position: center;background-repeat: no-repeat !important;background-size: [&hellip;]\" \/>\n<meta property=\"og:url\" content=\"https:\/\/www.staging-2.hotelambient.ro\/de\/hotel-dienstleistungen\/wellness\/\" \/>\n<meta property=\"og:site_name\" content=\"Hotel Ambient Brasov - Cazare \u00een centrul ora\u0219ului\" \/>\n<meta property=\"article:modified_time\" content=\"2026-01-28T19:40:58+00:00\" \/>\n<meta name=\"twitter:card\" content=\"summary_large_image\" \/>\n<meta name=\"twitter:label1\" content=\"Gesch\u00e4tzte Lesezeit\" \/>\n\t<meta name=\"twitter:data1\" content=\"4\u00a0Minuten\" \/>\n<script type=\"application\/ld+json\" class=\"yoast-schema-graph\">{\"@context\":\"https:\/\/schema.org\",\"@graph\":[{\"@type\":\"WebPage\",\"@id\":\"https:\/\/www.staging-2.hotelambient.ro\/de\/hotel-dienstleistungen\/wellness\/\",\"url\":\"https:\/\/www.staging-2.hotelambient.ro\/de\/hotel-dienstleistungen\/wellness\/\",\"name\":\"Wellness | Hotel Ambient Brasov - Cazare \u00een centrul ora\u0219ului\",\"isPartOf\":{\"@id\":\"https:\/\/www.staging-2.hotelambient.ro\/de\/#website\"},\"datePublished\":\"2016-06-23T08:56:28+00:00\",\"dateModified\":\"2026-01-28T19:40:58+00:00\",\"breadcrumb\":{\"@id\":\"https:\/\/www.staging-2.hotelambient.ro\/de\/hotel-dienstleistungen\/wellness\/#breadcrumb\"},\"inLanguage\":\"de\",\"potentialAction\":[{\"@type\":\"ReadAction\",\"target\":[\"https:\/\/www.staging-2.hotelambient.ro\/de\/hotel-dienstleistungen\/wellness\/\"]}]},{\"@type\":\"BreadcrumbList\",\"@id\":\"https:\/\/www.staging-2.hotelambient.ro\/de\/hotel-dienstleistungen\/wellness\/#breadcrumb\",\"itemListElement\":[{\"@type\":\"ListItem\",\"position\":1,\"name\":\"Home\",\"item\":\"https:\/\/www.staging-2.hotelambient.ro\/de\/\"},{\"@type\":\"ListItem\",\"position\":2,\"name\":\"Hotel &#038; Dienstleistungen\",\"item\":\"https:\/\/www.staging-2.hotelambient.ro\/de\/hotel-dienstleistungen\/?lang=de\"},{\"@type\":\"ListItem\",\"position\":3,\"name\":\"Wellness\"}]},{\"@type\":\"WebSite\",\"@id\":\"https:\/\/www.staging-2.hotelambient.ro\/de\/#website\",\"url\":\"https:\/\/www.staging-2.hotelambient.ro\/de\/\",\"name\":\"Hotel Ambient Brasov - Cazare \u00een centrul ora\u0219ului\",\"description\":\"modern und gem\u00fctlich im Zentrum von Brasov mit allen Annehmlichkeiten, die Sie w\u00e4hrend Ihres Aufenthaltes in der Stadt und besten Hotelzimmern ben\u00f6tigen\",\"publisher\":{\"@id\":\"https:\/\/www.staging-2.hotelambient.ro\/de\/#organization\"},\"potentialAction\":[{\"@type\":\"SearchAction\",\"target\":{\"@type\":\"EntryPoint\",\"urlTemplate\":\"https:\/\/www.staging-2.hotelambient.ro\/de\/?s={search_term_string}\"},\"query-input\":{\"@type\":\"PropertyValueSpecification\",\"valueRequired\":true,\"valueName\":\"search_term_string\"}}],\"inLanguage\":\"de\"},{\"@type\":\"Organization\",\"@id\":\"https:\/\/www.staging-2.hotelambient.ro\/de\/#organization\",\"name\":\"Ambient Hotels\",\"url\":\"https:\/\/www.staging-2.hotelambient.ro\/de\/\",\"logo\":{\"@type\":\"ImageObject\",\"inLanguage\":\"de\",\"@id\":\"https:\/\/www.staging-2.hotelambient.ro\/de\/#\/schema\/logo\/image\/\",\"url\":\"https:\/\/www.staging-2.hotelambient.ro\/wp-content\/uploads\/2016\/07\/Logo001-copia-2.png\",\"contentUrl\":\"https:\/\/www.staging-2.hotelambient.ro\/wp-content\/uploads\/2016\/07\/Logo001-copia-2.png\",\"width\":300,\"height\":114,\"caption\":\"Ambient Hotels\"},\"image\":{\"@id\":\"https:\/\/www.staging-2.hotelambient.ro\/de\/#\/schema\/logo\/image\/\"}}]}<\/script>\n<!-- \/ Yoast SEO plugin. -->","yoast_head_json":{"title":"Wellness | Hotel Ambient Brasov - Cazare \u00een centrul ora\u0219ului","robots":{"index":"noindex","follow":"follow","max-snippet":"max-snippet:-1","max-image-preview":"max-image-preview:large","max-video-preview":"max-video-preview:-1"},"og_locale":"de_DE","og_type":"article","og_title":"Wellness | Hotel Ambient Brasov - Cazare \u00een centrul ora\u0219ului","og_description":"[vc_row full_width=&#8220;stretch_row&#8220; position=&#8220;right center&#8220; css=&#8220;.vc_custom_1467676796314{background-image: url(https:\/\/www.staging-2.hotelambient.ro\/wp-content\/uploads\/2016\/06\/agua.png?id=3978) !important;background-position: 0 0 !important;background-repeat: no-repeat !important;}&#8220; el_class=&#8220;background-none-mobile&#8220;][vc_column width=&#8220;1\/2&#8243;][vc_column_text] EINE EXKLUSIVE RAUM FUR ENTSPANNUNG Unsere kleine Ecke Komfort erwartet Sie ein paar Stunden der Ruhe und Entspannung in unserem Wellness-Zentrum, wo der K\u00f6rper und Geist in perfekter Harmonie sind. Wir bieten unseren G\u00e4sten eine Sauna, Jacuzzi, geeignet zum Entspannen mit Freunde und einem Fitnessraum mit Laufband , MFDs, Stepper und station\u00e4re Fahrr\u00e4der. Schlie\u00dflich k\u00f6nnen Sie eine entspannende Massage genie\u00dfen, die den Stress vollst\u00e4ndig beseitigen. Das Wellnesscenter bietet eine breite Palette von Ger\u00e4ten die unsere G\u00e4ste hilftsichzu und den Stress zu beseitigen.[\/vc_column_text][\/vc_column][\/vc_row][vc_row css=&#8220;.vc_custom_1468197520638{margin-top: -110px !important;margin-bottom: -100px !important;}&#8220;][vc_column width=&#8220;2\/3&#8243; offset=&#8220;vc_col-sm-offset-2&#8243;][\/vc_column][\/vc_row][vc_row][vc_column][vc_raw_html]JTNDYSUyMG5hbWUlM0QlMjJzYXVuYSUyMiUzRSUzQyUyRmElM0U=[\/vc_raw_html][\/vc_column][\/vc_row][vc_row full_width=&#8220;stretch_row&#8220; parallax=&#8220;content-moving&#8220; css=&#8220;.vc_custom_1468706083508{margin-top: -260px !important;margin-bottom: -160px !important;background-image: url(https:\/\/www.staging-2.hotelambient.ro\/wp-content\/uploads\/2016\/06\/fondo10.jpg?id=4525) !important;background-position: center;background-repeat: no-repeat !important;background-size: [&hellip;]","og_url":"https:\/\/www.staging-2.hotelambient.ro\/de\/hotel-dienstleistungen\/wellness\/","og_site_name":"Hotel Ambient Brasov - Cazare \u00een centrul ora\u0219ului","article_modified_time":"2026-01-28T19:40:58+00:00","twitter_card":"summary_large_image","twitter_misc":{"Gesch\u00e4tzte Lesezeit":"4\u00a0Minuten"},"schema":{"@context":"https:\/\/schema.org","@graph":[{"@type":"WebPage","@id":"https:\/\/www.staging-2.hotelambient.ro\/de\/hotel-dienstleistungen\/wellness\/","url":"https:\/\/www.staging-2.hotelambient.ro\/de\/hotel-dienstleistungen\/wellness\/","name":"Wellness | Hotel Ambient Brasov - Cazare \u00een centrul ora\u0219ului","isPartOf":{"@id":"https:\/\/www.staging-2.hotelambient.ro\/de\/#website"},"datePublished":"2016-06-23T08:56:28+00:00","dateModified":"2026-01-28T19:40:58+00:00","breadcrumb":{"@id":"https:\/\/www.staging-2.hotelambient.ro\/de\/hotel-dienstleistungen\/wellness\/#breadcrumb"},"inLanguage":"de","potentialAction":[{"@type":"ReadAction","target":["https:\/\/www.staging-2.hotelambient.ro\/de\/hotel-dienstleistungen\/wellness\/"]}]},{"@type":"BreadcrumbList","@id":"https:\/\/www.staging-2.hotelambient.ro\/de\/hotel-dienstleistungen\/wellness\/#breadcrumb","itemListElement":[{"@type":"ListItem","position":1,"name":"Home","item":"https:\/\/www.staging-2.hotelambient.ro\/de\/"},{"@type":"ListItem","position":2,"name":"Hotel &#038; Dienstleistungen","item":"https:\/\/www.staging-2.hotelambient.ro\/de\/hotel-dienstleistungen\/?lang=de"},{"@type":"ListItem","position":3,"name":"Wellness"}]},{"@type":"WebSite","@id":"https:\/\/www.staging-2.hotelambient.ro\/de\/#website","url":"https:\/\/www.staging-2.hotelambient.ro\/de\/","name":"Hotel Ambient Brasov - Cazare \u00een centrul ora\u0219ului","description":"modern und gem\u00fctlich im Zentrum von Brasov mit allen Annehmlichkeiten, die Sie w\u00e4hrend Ihres Aufenthaltes in der Stadt und besten Hotelzimmern ben\u00f6tigen","publisher":{"@id":"https:\/\/www.staging-2.hotelambient.ro\/de\/#organization"},"potentialAction":[{"@type":"SearchAction","target":{"@type":"EntryPoint","urlTemplate":"https:\/\/www.staging-2.hotelambient.ro\/de\/?s={search_term_string}"},"query-input":{"@type":"PropertyValueSpecification","valueRequired":true,"valueName":"search_term_string"}}],"inLanguage":"de"},{"@type":"Organization","@id":"https:\/\/www.staging-2.hotelambient.ro\/de\/#organization","name":"Ambient Hotels","url":"https:\/\/www.staging-2.hotelambient.ro\/de\/","logo":{"@type":"ImageObject","inLanguage":"de","@id":"https:\/\/www.staging-2.hotelambient.ro\/de\/#\/schema\/logo\/image\/","url":"https:\/\/www.staging-2.hotelambient.ro\/wp-content\/uploads\/2016\/07\/Logo001-copia-2.png","contentUrl":"https:\/\/www.staging-2.hotelambient.ro\/wp-content\/uploads\/2016\/07\/Logo001-copia-2.png","width":300,"height":114,"caption":"Ambient Hotels"},"image":{"@id":"https:\/\/www.staging-2.hotelambient.ro\/de\/#\/schema\/logo\/image\/"}}]}},"_links":{"self":[{"href":"https:\/\/www.staging-2.hotelambient.ro\/de\/wp-json\/wp\/v2\/pages\/9703","targetHints":{"allow":["GET"]}}],"collection":[{"href":"https:\/\/www.staging-2.hotelambient.ro\/de\/wp-json\/wp\/v2\/pages"}],"about":[{"href":"https:\/\/www.staging-2.hotelambient.ro\/de\/wp-json\/wp\/v2\/types\/page"}],"author":[{"embeddable":true,"href":"https:\/\/www.staging-2.hotelambient.ro\/de\/wp-json\/wp\/v2\/users\/1"}],"replies":[{"embeddable":true,"href":"https:\/\/www.staging-2.hotelambient.ro\/de\/wp-json\/wp\/v2\/comments?post=9703"}],"version-history":[{"count":4,"href":"https:\/\/www.staging-2.hotelambient.ro\/de\/wp-json\/wp\/v2\/pages\/9703\/revisions"}],"predecessor-version":[{"id":12718,"href":"https:\/\/www.staging-2.hotelambient.ro\/de\/wp-json\/wp\/v2\/pages\/9703\/revisions\/12718"}],"up":[{"embeddable":true,"href":"https:\/\/www.staging-2.hotelambient.ro\/de\/wp-json\/wp\/v2\/pages\/9668"}],"wp:attachment":[{"href":"https:\/\/www.staging-2.hotelambient.ro\/de\/wp-json\/wp\/v2\/media?parent=9703"}],"curies":[{"name":"wp","href":"https:\/\/api.w.org\/{rel}","templated":true}]}}