{"id":9707,"date":"2016-06-23T11:59:29","date_gmt":"2016-06-23T08:59:29","guid":{"rendered":"https:\/\/www.staging-2.hotelambient.ro\/mannschaft\/"},"modified":"2026-01-29T16:25:18","modified_gmt":"2026-01-29T14:25:18","slug":"mannschaft","status":"publish","type":"page","link":"https:\/\/www.staging-2.hotelambient.ro\/de\/hotel-dienstleistungen\/mannschaft\/","title":{"rendered":"Mannschaft"},"content":{"rendered":"<div class=\"wpb-content-wrapper\">[vc_row full_width=&#8220;stretch_row_content_no_spaces&#8220; full_height=&#8220;yes&#8220; columns_placement=&#8220;bottom&#8220; equal_height=&#8220;yes&#8220; content_placement=&#8220;bottom&#8220; curly_bg_repeat=&#8220;bg-no-repeat&#8220; curly_bg_position=&#8220;bg-pos-center-bottom&#8220; position=&#8220;center center&#8220; css=&#8220;.vc_custom_1769690505651{padding-right: 0px !important;padding-left: 0px !important;background-image: url(https:\/\/www.staging-2.hotelambient.ro\/wp-content\/uploads\/2021\/06\/Echipa-Ambient-4-scaled.jpg?id=8300) !important;background-position: center !important;background-repeat: no-repeat !important;background-size: cover !important;}&#8220; curly_min_height=&#8220;1000px&#8220;][vc_column][vc_row_inner][vc_column_inner width=&#8220;1\/4&#8243;][\/vc_column_inner][vc_column_inner width=&#8220;1\/2&#8243;][vc_custom_heading text=&#8220;Wir laden Sie ein Familie Amienr kennen zu lernen, ein Team, das jeden Moment mit uns verbracht machen, es lohntsich sie f\u00fchlen sich besser als zu Hause. Dies sind wir immer begeistert, immer bereit zu helfen und immer l\u00e4chelnd! &#8220; font_container=&#8220;tag:p|font_size:26|text_align:center|color:%23FFFFFF&#8220; use_theme_fonts=&#8220;yes&#8220; css=&#8220;.vc_custom_1769696717831{padding-top: 20px !important;padding-right: 20px !important;padding-bottom: 20px !important;padding-left: 20px !important;background-color: #DD3333B3 !important;}&#8220;][\/vc_column_inner][vc_column_inner width=&#8220;1\/4&#8243;][\/vc_column_inner][\/vc_row_inner][\/vc_column][\/vc_row][vc_row][vc_column width=&#8220;1\/4&#8243;][\/vc_column][vc_column width=&#8220;1\/2&#8243;][vc_column_text css=&#8220;&#8220;]\n<h2 style=\"text-align: center;\"><span style=\"color: #cf0e17;\">Brief von den Eigent\u00fcmern<\/span><\/h2>\n<p style=\"text-align: center;\"><strong>Liebe G\u00e4ste,<\/strong><\/p>\n<p style=\"text-align: center;\">Willkommen in Bra\u0219ov, einer der sch\u00f6nsten St\u00e4dte Rum\u00e4niens \u2013 einem bedeutenden Wirtschafts- und Tourismuszentrum, das sich dank seiner reichen Geschichte und seiner gastfreundlichen Bev\u00f6lkerung stetig weiterentwickelt. Ber\u00fchmt f\u00fcr seine spektakul\u00e4ren Landschaften, die saubere Luft und die exquisite Gastronomie, hat sich Bra\u0219ov im Laufe der Zeit zu einem der beliebtesten Reiseziele f\u00fcr Touristen aus aller Welt entwickelt.<\/p>\n<p style=\"text-align: center;\">Unser Hotel liegt mitten im Herzen der Stadt und ist ein wahres Juwel. Es wurde geschaffen, um G\u00e4sten ein Gef\u00fchl von Zuhause zu vermitteln, in einem Ambiente, in dem Licht, Farbe, Komfort und Eleganz harmonisch ineinanderflie\u00dfen. Die Gastfreundschaft und Herzlichkeit unseres Teams runden dieses Erlebnis ab. Jeder Gast wird mit einem herzlichen L\u00e4cheln begr\u00fc\u00dft.<\/p>\n<p style=\"text-align: center;\">Als Familienbetrieb zeichnet sich unser Hotel durch die Liebe zum Detail und die enge Beziehung zu seinen G\u00e4sten aus. Vom ersten Moment an profitieren Sie von pers\u00f6nlichem Service, der aus unserer t\u00e4glichen Leidenschaft und Hingabe entsteht. Unsere Zimmer sind ger\u00e4umig und komfortabel und vereinen die Lebendigkeit modernen Designs mit der Gem\u00fctlichkeit sorgf\u00e4ltig ausgew\u00e4hlter M\u00f6bel.<\/p>\n<p style=\"text-align: center;\">Das Hotelrestaurant rundet Ihren Aufenthalt mit einer abwechslungsreichen und raffinierten Speisekarte ab, die von traditioneller rum\u00e4nischer und internationaler K\u00fcche inspiriert ist und sorgf\u00e4ltig zubereitet wird, um jeden Gaumen zu verw\u00f6hnen.<\/p>\n<p style=\"text-align: center;\">Ganz gleich, aus welchem \u200b\u200bGrund Sie Bra\u0219ov besuchen, wir m\u00f6chten, dass Sie sich bei uns wohler f\u00fchlen als zu Hause und bieten Ihnen erstklassigen Service und Aufmerksamkeit.<\/p>\n<p style=\"text-align: center;\">Die Ambient-Familie hei\u00dft Sie stets herzlich willkommen und l\u00e4dt Sie zu einem unvergesslichen Aufenthalt ein \u2013 \u00fcberraschend neuartig und gleichzeitig komfortabel und entspannend dank der Gastfreundschaft unseres Teams.<\/p>\n<p style=\"text-align: center;\"><strong>Wir freuen uns auf Ihren Besuch! Ihr Hoteldirektor \u2013 Hotel Ambient<\/strong><\/p>\n[\/vc_column_text][\/vc_column][vc_column width=&#8220;1\/4&#8243;][\/vc_column][\/vc_row][vc_row css=&#8220;.vc_custom_1769696695652{padding-top: 30px !important;padding-bottom: 30px !important;}&#8220;][vc_column][vc_raw_html]JTNDc2NyaXB0JTIwdHlwZSUzRCUyMnRleHQlMkZqYXZhc2NyaXB0JTIyJTIwc3JjJTNEJTIyaHR0cHMlM0ElMkYlMkZvcGVuLnVwcGVyYm9va2luZy5jb20lMkZob3RlbGFtYmllbnQlMkZCb29raW5nLmpzJTNGbG9jYWxlJTNEZGUlMjIlM0UlM0MlMkZzY3JpcHQlM0U=[\/vc_raw_html][\/vc_column][\/vc_row]\n<\/div>","protected":false},"excerpt":{"rendered":"<p>[vc_row full_width=&#8220;stretch_row_content_no_spaces&#8220; full_height=&#8220;yes&#8220; columns_placement=&#8220;bottom&#8220; equal_height=&#8220;yes&#8220; content_placement=&#8220;bottom&#8220; curly_bg_repeat=&#8220;bg-no-repeat&#8220; curly_bg_position=&#8220;bg-pos-center-bottom&#8220; position=&#8220;center center&#8220; css=&#8220;.vc_custom_1769690505651{padding-right: 0px !important;padding-left: 0px !important;background-image: url(https:\/\/www.staging-2.hotelambient.ro\/wp-content\/uploads\/2021\/06\/Echipa-Ambient-4-scaled.jpg?id=8300) !important;background-position: center !important;background-repeat: no-repeat !important;background-size: cover !important;}&#8220; curly_min_height=&#8220;1000px&#8220;][vc_column][vc_row_inner][vc_column_inner width=&#8220;1\/4&#8243;][\/vc_column_inner][vc_column_inner width=&#8220;1\/2&#8243;][vc_custom_heading text=&#8220;Wir laden Sie ein Familie Amienr kennen zu lernen, ein Team, das jeden Moment mit uns verbracht machen, es lohntsich sie f\u00fchlen sich besser als zu Hause. Dies sind wir immer begeistert, immer bereit zu helfen und immer l\u00e4chelnd! &#8220; font_container=&#8220;tag:p|font_size:26|text_align:center|color:%23FFFFFF&#8220; use_theme_fonts=&#8220;yes&#8220; css=&#8220;.vc_custom_1769696717831{padding-top: 20px !important;padding-right: 20px !important;padding-bottom: 20px !important;padding-left: 20px !important;background-color: #DD3333B3 !important;}&#8220;][\/vc_column_inner][vc_column_inner width=&#8220;1\/4&#8243;][\/vc_column_inner][\/vc_row_inner][\/vc_column][\/vc_row][vc_row][vc_column width=&#8220;1\/4&#8243;][\/vc_column][vc_column width=&#8220;1\/2&#8243;][vc_column_text css=&#8220;&#8220;] Brief von den Eigent\u00fcmern Liebe G\u00e4ste, Willkommen in Bra\u0219ov, einer der sch\u00f6nsten St\u00e4dte Rum\u00e4niens \u2013 einem bedeutenden Wirtschafts- und Tourismuszentrum, das sich dank seiner reichen Geschichte und seiner gastfreundlichen Bev\u00f6lkerung stetig weiterentwickelt. [&hellip;]<\/p>\n","protected":false},"author":1,"featured_media":0,"parent":9668,"menu_order":9,"comment_status":"closed","ping_status":"closed","template":"","meta":{"footnotes":""},"class_list":["post-9707","page","type-page","status-publish","hentry"],"yoast_head":"<!-- This site is optimized with the Yoast SEO plugin v26.8 - https:\/\/yoast.com\/product\/yoast-seo-wordpress\/ -->\n<title>Mannschaft | Hotel Ambient Brasov - Cazare \u00een centrul ora\u0219ului<\/title>\n<meta name=\"robots\" content=\"noindex, follow, max-snippet:-1, max-image-preview:large, max-video-preview:-1\" \/>\n<meta property=\"og:locale\" content=\"de_DE\" \/>\n<meta property=\"og:type\" content=\"article\" \/>\n<meta property=\"og:title\" content=\"Mannschaft | Hotel Ambient Brasov - Cazare \u00een centrul ora\u0219ului\" \/>\n<meta property=\"og:description\" content=\"[vc_row full_width=&#8220;stretch_row_content_no_spaces&#8220; full_height=&#8220;yes&#8220; columns_placement=&#8220;bottom&#8220; equal_height=&#8220;yes&#8220; content_placement=&#8220;bottom&#8220; curly_bg_repeat=&#8220;bg-no-repeat&#8220; curly_bg_position=&#8220;bg-pos-center-bottom&#8220; position=&#8220;center center&#8220; css=&#8220;.vc_custom_1769690505651{padding-right: 0px !important;padding-left: 0px !important;background-image: url(https:\/\/www.staging-2.hotelambient.ro\/wp-content\/uploads\/2021\/06\/Echipa-Ambient-4-scaled.jpg?id=8300) !important;background-position: center !important;background-repeat: no-repeat !important;background-size: cover !important;}&#8220; curly_min_height=&#8220;1000px&#8220;][vc_column][vc_row_inner][vc_column_inner width=&#8220;1\/4&#8243;][\/vc_column_inner][vc_column_inner width=&#8220;1\/2&#8243;][vc_custom_heading text=&#8220;Wir laden Sie ein Familie Amienr kennen zu lernen, ein Team, das jeden Moment mit uns verbracht machen, es lohntsich sie f\u00fchlen sich besser als zu Hause. Dies sind wir immer begeistert, immer bereit zu helfen und immer l\u00e4chelnd! &#8220; font_container=&#8220;tag:p|font_size:26|text_align:center|color:%23FFFFFF&#8220; use_theme_fonts=&#8220;yes&#8220; css=&#8220;.vc_custom_1769696717831{padding-top: 20px !important;padding-right: 20px !important;padding-bottom: 20px !important;padding-left: 20px !important;background-color: #DD3333B3 !important;}&#8220;][\/vc_column_inner][vc_column_inner width=&#8220;1\/4&#8243;][\/vc_column_inner][\/vc_row_inner][\/vc_column][\/vc_row][vc_row][vc_column width=&#8220;1\/4&#8243;][\/vc_column][vc_column width=&#8220;1\/2&#8243;][vc_column_text css=&#8220;&#8220;] Brief von den Eigent\u00fcmern Liebe G\u00e4ste, Willkommen in Bra\u0219ov, einer der sch\u00f6nsten St\u00e4dte Rum\u00e4niens \u2013 einem bedeutenden Wirtschafts- und Tourismuszentrum, das sich dank seiner reichen Geschichte und seiner gastfreundlichen Bev\u00f6lkerung stetig weiterentwickelt. [&hellip;]\" \/>\n<meta property=\"og:url\" content=\"https:\/\/www.staging-2.hotelambient.ro\/de\/hotel-dienstleistungen\/mannschaft\/\" \/>\n<meta property=\"og:site_name\" content=\"Hotel Ambient Brasov - Cazare \u00een centrul ora\u0219ului\" \/>\n<meta property=\"article:modified_time\" content=\"2026-01-29T14:25:18+00:00\" \/>\n<meta name=\"twitter:card\" content=\"summary_large_image\" \/>\n<meta name=\"twitter:label1\" content=\"Gesch\u00e4tzte Lesezeit\" \/>\n\t<meta name=\"twitter:data1\" content=\"3\u00a0Minuten\" \/>\n<script type=\"application\/ld+json\" class=\"yoast-schema-graph\">{\"@context\":\"https:\/\/schema.org\",\"@graph\":[{\"@type\":\"WebPage\",\"@id\":\"https:\/\/www.staging-2.hotelambient.ro\/de\/hotel-dienstleistungen\/mannschaft\/\",\"url\":\"https:\/\/www.staging-2.hotelambient.ro\/de\/hotel-dienstleistungen\/mannschaft\/\",\"name\":\"Mannschaft | Hotel Ambient Brasov - Cazare \u00een centrul ora\u0219ului\",\"isPartOf\":{\"@id\":\"https:\/\/www.staging-2.hotelambient.ro\/de\/#website\"},\"datePublished\":\"2016-06-23T08:59:29+00:00\",\"dateModified\":\"2026-01-29T14:25:18+00:00\",\"breadcrumb\":{\"@id\":\"https:\/\/www.staging-2.hotelambient.ro\/de\/hotel-dienstleistungen\/mannschaft\/#breadcrumb\"},\"inLanguage\":\"de\",\"potentialAction\":[{\"@type\":\"ReadAction\",\"target\":[\"https:\/\/www.staging-2.hotelambient.ro\/de\/hotel-dienstleistungen\/mannschaft\/\"]}]},{\"@type\":\"BreadcrumbList\",\"@id\":\"https:\/\/www.staging-2.hotelambient.ro\/de\/hotel-dienstleistungen\/mannschaft\/#breadcrumb\",\"itemListElement\":[{\"@type\":\"ListItem\",\"position\":1,\"name\":\"Home\",\"item\":\"https:\/\/www.staging-2.hotelambient.ro\/de\/\"},{\"@type\":\"ListItem\",\"position\":2,\"name\":\"Hotel &#038; Dienstleistungen\",\"item\":\"https:\/\/www.staging-2.hotelambient.ro\/de\/hotel-dienstleistungen\/?lang=de\"},{\"@type\":\"ListItem\",\"position\":3,\"name\":\"Mannschaft\"}]},{\"@type\":\"WebSite\",\"@id\":\"https:\/\/www.staging-2.hotelambient.ro\/de\/#website\",\"url\":\"https:\/\/www.staging-2.hotelambient.ro\/de\/\",\"name\":\"Hotel Ambient Brasov - Cazare \u00een centrul ora\u0219ului\",\"description\":\"modern und gem\u00fctlich im Zentrum von Brasov mit allen Annehmlichkeiten, die Sie w\u00e4hrend Ihres Aufenthaltes in der Stadt und besten Hotelzimmern ben\u00f6tigen\",\"publisher\":{\"@id\":\"https:\/\/www.staging-2.hotelambient.ro\/de\/#organization\"},\"potentialAction\":[{\"@type\":\"SearchAction\",\"target\":{\"@type\":\"EntryPoint\",\"urlTemplate\":\"https:\/\/www.staging-2.hotelambient.ro\/de\/?s={search_term_string}\"},\"query-input\":{\"@type\":\"PropertyValueSpecification\",\"valueRequired\":true,\"valueName\":\"search_term_string\"}}],\"inLanguage\":\"de\"},{\"@type\":\"Organization\",\"@id\":\"https:\/\/www.staging-2.hotelambient.ro\/de\/#organization\",\"name\":\"Ambient Hotels\",\"url\":\"https:\/\/www.staging-2.hotelambient.ro\/de\/\",\"logo\":{\"@type\":\"ImageObject\",\"inLanguage\":\"de\",\"@id\":\"https:\/\/www.staging-2.hotelambient.ro\/de\/#\/schema\/logo\/image\/\",\"url\":\"https:\/\/www.staging-2.hotelambient.ro\/wp-content\/uploads\/2016\/07\/Logo001-copia-2.png\",\"contentUrl\":\"https:\/\/www.staging-2.hotelambient.ro\/wp-content\/uploads\/2016\/07\/Logo001-copia-2.png\",\"width\":300,\"height\":114,\"caption\":\"Ambient Hotels\"},\"image\":{\"@id\":\"https:\/\/www.staging-2.hotelambient.ro\/de\/#\/schema\/logo\/image\/\"}}]}<\/script>\n<!-- \/ Yoast SEO plugin. -->","yoast_head_json":{"title":"Mannschaft | Hotel Ambient Brasov - Cazare \u00een centrul ora\u0219ului","robots":{"index":"noindex","follow":"follow","max-snippet":"max-snippet:-1","max-image-preview":"max-image-preview:large","max-video-preview":"max-video-preview:-1"},"og_locale":"de_DE","og_type":"article","og_title":"Mannschaft | Hotel Ambient Brasov - Cazare \u00een centrul ora\u0219ului","og_description":"[vc_row full_width=&#8220;stretch_row_content_no_spaces&#8220; full_height=&#8220;yes&#8220; columns_placement=&#8220;bottom&#8220; equal_height=&#8220;yes&#8220; content_placement=&#8220;bottom&#8220; curly_bg_repeat=&#8220;bg-no-repeat&#8220; curly_bg_position=&#8220;bg-pos-center-bottom&#8220; position=&#8220;center center&#8220; css=&#8220;.vc_custom_1769690505651{padding-right: 0px !important;padding-left: 0px !important;background-image: url(https:\/\/www.staging-2.hotelambient.ro\/wp-content\/uploads\/2021\/06\/Echipa-Ambient-4-scaled.jpg?id=8300) !important;background-position: center !important;background-repeat: no-repeat !important;background-size: cover !important;}&#8220; curly_min_height=&#8220;1000px&#8220;][vc_column][vc_row_inner][vc_column_inner width=&#8220;1\/4&#8243;][\/vc_column_inner][vc_column_inner width=&#8220;1\/2&#8243;][vc_custom_heading text=&#8220;Wir laden Sie ein Familie Amienr kennen zu lernen, ein Team, das jeden Moment mit uns verbracht machen, es lohntsich sie f\u00fchlen sich besser als zu Hause. Dies sind wir immer begeistert, immer bereit zu helfen und immer l\u00e4chelnd! &#8220; font_container=&#8220;tag:p|font_size:26|text_align:center|color:%23FFFFFF&#8220; use_theme_fonts=&#8220;yes&#8220; css=&#8220;.vc_custom_1769696717831{padding-top: 20px !important;padding-right: 20px !important;padding-bottom: 20px !important;padding-left: 20px !important;background-color: #DD3333B3 !important;}&#8220;][\/vc_column_inner][vc_column_inner width=&#8220;1\/4&#8243;][\/vc_column_inner][\/vc_row_inner][\/vc_column][\/vc_row][vc_row][vc_column width=&#8220;1\/4&#8243;][\/vc_column][vc_column width=&#8220;1\/2&#8243;][vc_column_text css=&#8220;&#8220;] Brief von den Eigent\u00fcmern Liebe G\u00e4ste, Willkommen in Bra\u0219ov, einer der sch\u00f6nsten St\u00e4dte Rum\u00e4niens \u2013 einem bedeutenden Wirtschafts- und Tourismuszentrum, das sich dank seiner reichen Geschichte und seiner gastfreundlichen Bev\u00f6lkerung stetig weiterentwickelt. [&hellip;]","og_url":"https:\/\/www.staging-2.hotelambient.ro\/de\/hotel-dienstleistungen\/mannschaft\/","og_site_name":"Hotel Ambient Brasov - Cazare \u00een centrul ora\u0219ului","article_modified_time":"2026-01-29T14:25:18+00:00","twitter_card":"summary_large_image","twitter_misc":{"Gesch\u00e4tzte Lesezeit":"3\u00a0Minuten"},"schema":{"@context":"https:\/\/schema.org","@graph":[{"@type":"WebPage","@id":"https:\/\/www.staging-2.hotelambient.ro\/de\/hotel-dienstleistungen\/mannschaft\/","url":"https:\/\/www.staging-2.hotelambient.ro\/de\/hotel-dienstleistungen\/mannschaft\/","name":"Mannschaft | Hotel Ambient Brasov - Cazare \u00een centrul ora\u0219ului","isPartOf":{"@id":"https:\/\/www.staging-2.hotelambient.ro\/de\/#website"},"datePublished":"2016-06-23T08:59:29+00:00","dateModified":"2026-01-29T14:25:18+00:00","breadcrumb":{"@id":"https:\/\/www.staging-2.hotelambient.ro\/de\/hotel-dienstleistungen\/mannschaft\/#breadcrumb"},"inLanguage":"de","potentialAction":[{"@type":"ReadAction","target":["https:\/\/www.staging-2.hotelambient.ro\/de\/hotel-dienstleistungen\/mannschaft\/"]}]},{"@type":"BreadcrumbList","@id":"https:\/\/www.staging-2.hotelambient.ro\/de\/hotel-dienstleistungen\/mannschaft\/#breadcrumb","itemListElement":[{"@type":"ListItem","position":1,"name":"Home","item":"https:\/\/www.staging-2.hotelambient.ro\/de\/"},{"@type":"ListItem","position":2,"name":"Hotel &#038; Dienstleistungen","item":"https:\/\/www.staging-2.hotelambient.ro\/de\/hotel-dienstleistungen\/?lang=de"},{"@type":"ListItem","position":3,"name":"Mannschaft"}]},{"@type":"WebSite","@id":"https:\/\/www.staging-2.hotelambient.ro\/de\/#website","url":"https:\/\/www.staging-2.hotelambient.ro\/de\/","name":"Hotel Ambient Brasov - Cazare \u00een centrul ora\u0219ului","description":"modern und gem\u00fctlich im Zentrum von Brasov mit allen Annehmlichkeiten, die Sie w\u00e4hrend Ihres Aufenthaltes in der Stadt und besten Hotelzimmern ben\u00f6tigen","publisher":{"@id":"https:\/\/www.staging-2.hotelambient.ro\/de\/#organization"},"potentialAction":[{"@type":"SearchAction","target":{"@type":"EntryPoint","urlTemplate":"https:\/\/www.staging-2.hotelambient.ro\/de\/?s={search_term_string}"},"query-input":{"@type":"PropertyValueSpecification","valueRequired":true,"valueName":"search_term_string"}}],"inLanguage":"de"},{"@type":"Organization","@id":"https:\/\/www.staging-2.hotelambient.ro\/de\/#organization","name":"Ambient Hotels","url":"https:\/\/www.staging-2.hotelambient.ro\/de\/","logo":{"@type":"ImageObject","inLanguage":"de","@id":"https:\/\/www.staging-2.hotelambient.ro\/de\/#\/schema\/logo\/image\/","url":"https:\/\/www.staging-2.hotelambient.ro\/wp-content\/uploads\/2016\/07\/Logo001-copia-2.png","contentUrl":"https:\/\/www.staging-2.hotelambient.ro\/wp-content\/uploads\/2016\/07\/Logo001-copia-2.png","width":300,"height":114,"caption":"Ambient Hotels"},"image":{"@id":"https:\/\/www.staging-2.hotelambient.ro\/de\/#\/schema\/logo\/image\/"}}]}},"_links":{"self":[{"href":"https:\/\/www.staging-2.hotelambient.ro\/de\/wp-json\/wp\/v2\/pages\/9707","targetHints":{"allow":["GET"]}}],"collection":[{"href":"https:\/\/www.staging-2.hotelambient.ro\/de\/wp-json\/wp\/v2\/pages"}],"about":[{"href":"https:\/\/www.staging-2.hotelambient.ro\/de\/wp-json\/wp\/v2\/types\/page"}],"author":[{"embeddable":true,"href":"https:\/\/www.staging-2.hotelambient.ro\/de\/wp-json\/wp\/v2\/users\/1"}],"replies":[{"embeddable":true,"href":"https:\/\/www.staging-2.hotelambient.ro\/de\/wp-json\/wp\/v2\/comments?post=9707"}],"version-history":[{"count":4,"href":"https:\/\/www.staging-2.hotelambient.ro\/de\/wp-json\/wp\/v2\/pages\/9707\/revisions"}],"predecessor-version":[{"id":12775,"href":"https:\/\/www.staging-2.hotelambient.ro\/de\/wp-json\/wp\/v2\/pages\/9707\/revisions\/12775"}],"up":[{"embeddable":true,"href":"https:\/\/www.staging-2.hotelambient.ro\/de\/wp-json\/wp\/v2\/pages\/9668"}],"wp:attachment":[{"href":"https:\/\/www.staging-2.hotelambient.ro\/de\/wp-json\/wp\/v2\/media?parent=9707"}],"curies":[{"name":"wp","href":"https:\/\/api.w.org\/{rel}","templated":true}]}}