{"id":9711,"date":"2016-06-23T12:01:06","date_gmt":"2016-06-23T09:01:06","guid":{"rendered":"https:\/\/www.staging-2.hotelambient.ro\/restaurant\/"},"modified":"2026-01-29T18:30:19","modified_gmt":"2026-01-29T16:30:19","slug":"restaurant","status":"publish","type":"page","link":"https:\/\/www.staging-2.hotelambient.ro\/de\/gastronomie\/restaurant\/","title":{"rendered":"Restaurant"},"content":{"rendered":"<div class=\"wpb-content-wrapper\">[vc_row curly_padding=&#8220;content-padding&#8220;][vc_column][vc_column_text]\n<h1 class=\"text-uppercase\" style=\"text-align: center;\"><small>TASTE THE BEST K\u00dcCHE<\/small><span style=\"color: #cf0e17;\">AMBIENT RESTAURANT<\/span><\/h1>\n<p class=\"lead\" style=\"text-align: center;\">Ein Ort wo die Freude am Essen eine Einladung ist in einem einzigartigen traditionellen und modernen Ort, die exquisite und pop\u00fclare, s\u00fc\u00df und bitter, f\u00fcr ungew\u00f6hnliche Texturen und exquisiten Aromen zu genie\u00dfen.<\/p>\n<p style=\"text-align: center;\">In unserem Restaurant werden Sie sich als G\u00e4ste f\u00fchlen und die Aromen der Speisen genie\u00dfen, die eine gro\u00dfe Vielfalt an Aromen bieten, die die beste rum\u00e4nische und internationale Tradition mischen.<\/p>\n<p style=\"text-align: center;\"><a class=\"btn btn-inline\" href=\"https:\/\/www.staging-2.hotelambient.ro\/wp-content\/uploads\/2016\/08\/hotel_ambient_menu.pdf\" target=\"_blank\" rel=\"noopener noreferrer\">Sehen Sie unser Brief<\/a><\/p>\n<p><a name=\"team\"><\/a>[\/vc_column_text][\/vc_column][\/vc_row][vc_row css=&#8220;.vc_custom_1769704175722{padding-top: 0px !important;padding-bottom: 0px !important;}&#8220;][vc_column][vc_images_carousel images=&#8220;10462,10470,10469,10468,10467,10466,10465,10464,10463,11612,11615,11618,11621,11624,11627,11630,11633,11636,11639,10471&#8243;][\/vc_column][\/vc_row][vc_row curly_padding=&#8220;content-padding&#8220;][vc_column][vc_column_text]\n<h2 style=\"text-align: center;\">K\u00fcche<\/h2>\n<p style=\"text-align: center;\">Die Lieb baber de Gastronomie haben die M\u00f6glichkeit, unseren traditionellen und internationalen Gerichten zu genissen, und wir empfehlen dringend, unsere Sterne Gerichte probieren.<\/p>\n[\/vc_column_text][vc_single_image image=&#8220;11729&#8243; img_size=&#8220;large&#8220; alignment=&#8220;center&#8220;][vc_column_text]\n<h3 style=\"text-align: center;\">Unsere K\u00f6che<\/h3>\n<p style=\"text-align: center;\">Die hohe Professionalit\u00e4t, Hingabe und Leidenschaft f\u00fcr das Kochen, machen jedes unserer Gerichte einzigartig, exquisit.<\/p>\n<p style=\"text-align: center;\">Wir genissen jeden Tag unserer Arbeit, wir versuchen jedes Mal, ein einfaches Mittagessen oder Abendessen in eine angenehmen und \u00fcberraschende Erfahrung f\u00fcr unsere G\u00e4ste zu machen.<\/p>\n<p style=\"text-align: center;\">Unsere K\u00f6che wurden in Rum\u00e4nien und im Ausland ausgebildet wegen ihrer ausgezeichneten F\u00e4higkeiten wurden in verschiedenen Wettbewerben oft gute Ergebnisse erzielt, der unbestreitbare Beweis, die rom\u00e4nische K\u00fcche bietet autentische und K\u00f6stliche Aromen aus der balcanischen und transylvanischen Kulinarische Tradition an.<\/p>\n<p style=\"text-align: center;\">Dann nehmen wir die Freiheit, mit Ihnen einige unserer Erfolge zu teilen:<\/p>\n<p style=\"text-align: center;\"><strong>T\u00fcrkei:<\/strong>Internationale Gastronomie-Wettbewerb f\u00fcr junge und \u00e4ltere Kategorie, wo wir eine Silbermedaille und vier Bronzemedaillen erhalten haben.<\/p>\n<p style=\"text-align: center;\"><strong>Slowenien:\u00a0<\/strong>Die Vorauswahl f\u00fcr die Welt Chefs Gastronomische Wettbewerb Heads von Dubai, wo wir den zweiten Platz in den L\u00e4ndern Osteuropas, sowjetischen Moldawien, Deutschland (Olympiade Gastron\u00f3mica) bekamen.<\/p>\n<p>&nbsp;<\/p>\n<h2 style=\"text-align: center;\">Die Saal<\/h2>\n[\/vc_column_text][\/vc_column][\/vc_row][vc_row curly_padding=&#8220;content-padding&#8220;][vc_column width=&#8220;1\/2&#8243;][vc_images_carousel images=&#8220;11339,11342,11345,11333,11336&#8243;][\/vc_column][vc_column width=&#8220;1\/2&#8243;][vc_column_text]Sie sind jederzeit in unserem Restaurant, willkommen in einem wo in einer der 90 Sitz pl\u00e4tze, die Aromen der internationalen und rum\u00e4nischen K\u00fcche nehmen Sie mit auf eine unvergessliche kulinarische Reise.<\/p>\n<p>Die komfortable Raum, in dem sich die K\u00fcche, der Keller und das wohn Zimmer in perfekter Harmonie befinden sind traditionell eingerichtet elegant und diskret, mit hochwertige M\u00f6beln im italienischen Stil.<\/p>\n<p>Mit Leidenschaft und Liebe zum Detail haben wir vier R\u00e4ume geschaffen, so dass Sie die Atmosph\u00e4re genie\u00dfen k\u00f6nnen, Sie f\u00fchlen sich wie zu Hause. Unser Restaurant verf\u00fcgt \u00fcber eine Haupthalle und 3 separate Zimmer: eins f\u00fcr Paare, eine moderne f\u00fcr Gruppen und eine private f\u00fcr besondere Anl\u00e4sse.[\/vc_column_text][\/vc_column][\/vc_row][vc_row curly_padding=&#8220;content-padding&#8220;][vc_column width=&#8220;1\/2&#8243;][vc_column_text]\n<h2 class=\"text-center\" style=\"text-align: center;\"><span style=\"color: #cf0e17;\"><i class=\"fas fa-clock-o fa-fw fa-lg\"><\/i><\/span>\u00d6ffnungszeiten<\/h2>\n<p style=\"text-align: center;\">Sowohl Restaurant und die Bar sind den ganzen Tag bis 22:00 Uhr ge\u00f6ffnet.<\/p>\n<p style=\"text-align: center;\">Fr\u00fchst\u00fcck:<\/p>\n<p style=\"text-align: center;\">Montag &#8211; Samstag: 7.00 &#8211; 10.00 Uhr<\/p>\n<p style=\"text-align: center;\">Sonntag: 8 Uhr &#8211; 11 Uhr<\/p>\n<p style=\"text-align: center;\">Restaurant:<\/p>\n<p style=\"text-align: center;\">Montag &#8211; Sonntag: 10 &#8211; 22 Uhr<\/p>\n[\/vc_column_text][\/vc_column][vc_column width=&#8220;1\/2&#8243;][vc_column_text]\n<h2 class=\"text-center\" style=\"text-align: center;\"><span style=\"color: #cf0e17;\"><i class=\"fas fa-book fa-fw fa-lg\"><\/i><\/span>Reservierungen<\/h2>\n<p style=\"text-align: center;\">Wir freuen uns, Ihnen zu helfen und Sie unsere K\u00fcche genie\u00dfen.<\/p>\n<p style=\"text-align: center;\">00<a href=\"tel:0040268471747\">40 268471747<\/a><br \/>\n<a href=\"mailto:reservations@hotelambient.ro\">reservations@hotelambient.ro<\/a><\/p>\n[\/vc_column_text][\/vc_column][\/vc_row][vc_row css=&#8220;.vc_custom_1769704216380{padding-top: 0px !important;padding-bottom: 0px !important;}&#8220;][vc_column][vc_raw_html]JTNDc2NyaXB0JTIwdHlwZSUzRCUyMnRleHQlMkZqYXZhc2NyaXB0JTIyJTIwc3JjJTNEJTIyaHR0cHMlM0ElMkYlMkZvcGVuLnVwcGVyYm9va2luZy5jb20lMkZob3RlbGFtYmllbnQlMkZCb29raW5nLmpzJTNGbG9jYWxlJTNEZGUlMjIlM0UlM0MlMkZzY3JpcHQlM0U=[\/vc_raw_html][\/vc_column][\/vc_row]\n<\/div>","protected":false},"excerpt":{"rendered":"<p>[vc_row curly_padding=&#8220;content-padding&#8220;][vc_column][vc_column_text] TASTE THE BEST K\u00dcCHEAMBIENT RESTAURANT Ein Ort wo die Freude am Essen eine Einladung ist in einem einzigartigen traditionellen und modernen Ort, die exquisite und pop\u00fclare, s\u00fc\u00df und bitter, f\u00fcr ungew\u00f6hnliche Texturen und exquisiten Aromen zu genie\u00dfen. In unserem Restaurant werden Sie sich als G\u00e4ste f\u00fchlen und die Aromen der Speisen genie\u00dfen, die eine gro\u00dfe Vielfalt an Aromen bieten, die die beste rum\u00e4nische und internationale Tradition mischen. Sehen Sie unser Brief [\/vc_column_text][\/vc_column][\/vc_row][vc_row css=&#8220;.vc_custom_1769704175722{padding-top: 0px !important;padding-bottom: 0px !important;}&#8220;][vc_column][vc_images_carousel images=&#8220;10462,10470,10469,10468,10467,10466,10465,10464,10463,11612,11615,11618,11621,11624,11627,11630,11633,11636,11639,10471&#8243;][\/vc_column][\/vc_row][vc_row curly_padding=&#8220;content-padding&#8220;][vc_column][vc_column_text] K\u00fcche Die Lieb baber de Gastronomie haben die M\u00f6glichkeit, unseren traditionellen und internationalen Gerichten zu genissen, und wir empfehlen dringend, unsere Sterne Gerichte probieren. [\/vc_column_text][vc_single_image image=&#8220;11729&#8243; img_size=&#8220;large&#8220; alignment=&#8220;center&#8220;][vc_column_text] Unsere K\u00f6che Die hohe Professionalit\u00e4t, Hingabe [&hellip;]<\/p>\n","protected":false},"author":1,"featured_media":0,"parent":9818,"menu_order":1,"comment_status":"closed","ping_status":"closed","template":"","meta":{"footnotes":""},"class_list":["post-9711","page","type-page","status-publish","hentry"],"yoast_head":"<!-- This site is optimized with the Yoast SEO plugin v26.8 - https:\/\/yoast.com\/product\/yoast-seo-wordpress\/ -->\n<title>Restaurant | Hotel Ambient Brasov - Cazare \u00een centrul ora\u0219ului<\/title>\n<meta name=\"robots\" content=\"noindex, follow, max-snippet:-1, max-image-preview:large, max-video-preview:-1\" \/>\n<meta property=\"og:locale\" content=\"de_DE\" \/>\n<meta property=\"og:type\" content=\"article\" \/>\n<meta property=\"og:title\" content=\"Restaurant | Hotel Ambient Brasov - Cazare \u00een centrul ora\u0219ului\" \/>\n<meta property=\"og:description\" content=\"[vc_row curly_padding=&#8220;content-padding&#8220;][vc_column][vc_column_text] TASTE THE BEST K\u00dcCHEAMBIENT RESTAURANT Ein Ort wo die Freude am Essen eine Einladung ist in einem einzigartigen traditionellen und modernen Ort, die exquisite und pop\u00fclare, s\u00fc\u00df und bitter, f\u00fcr ungew\u00f6hnliche Texturen und exquisiten Aromen zu genie\u00dfen. In unserem Restaurant werden Sie sich als G\u00e4ste f\u00fchlen und die Aromen der Speisen genie\u00dfen, die eine gro\u00dfe Vielfalt an Aromen bieten, die die beste rum\u00e4nische und internationale Tradition mischen. Sehen Sie unser Brief [\/vc_column_text][\/vc_column][\/vc_row][vc_row css=&#8220;.vc_custom_1769704175722{padding-top: 0px !important;padding-bottom: 0px !important;}&#8220;][vc_column][vc_images_carousel images=&#8220;10462,10470,10469,10468,10467,10466,10465,10464,10463,11612,11615,11618,11621,11624,11627,11630,11633,11636,11639,10471&#8243;][\/vc_column][\/vc_row][vc_row curly_padding=&#8220;content-padding&#8220;][vc_column][vc_column_text] K\u00fcche Die Lieb baber de Gastronomie haben die M\u00f6glichkeit, unseren traditionellen und internationalen Gerichten zu genissen, und wir empfehlen dringend, unsere Sterne Gerichte probieren. [\/vc_column_text][vc_single_image image=&#8220;11729&#8243; img_size=&#8220;large&#8220; alignment=&#8220;center&#8220;][vc_column_text] Unsere K\u00f6che Die hohe Professionalit\u00e4t, Hingabe [&hellip;]\" \/>\n<meta property=\"og:url\" content=\"https:\/\/www.staging-2.hotelambient.ro\/de\/gastronomie\/restaurant\/\" \/>\n<meta property=\"og:site_name\" content=\"Hotel Ambient Brasov - Cazare \u00een centrul ora\u0219ului\" \/>\n<meta property=\"article:modified_time\" content=\"2026-01-29T16:30:19+00:00\" \/>\n<meta name=\"twitter:card\" content=\"summary_large_image\" \/>\n<meta name=\"twitter:label1\" content=\"Gesch\u00e4tzte Lesezeit\" \/>\n\t<meta name=\"twitter:data1\" content=\"3\u00a0Minuten\" \/>\n<script type=\"application\/ld+json\" class=\"yoast-schema-graph\">{\"@context\":\"https:\/\/schema.org\",\"@graph\":[{\"@type\":\"WebPage\",\"@id\":\"https:\/\/www.staging-2.hotelambient.ro\/de\/gastronomie\/restaurant\/\",\"url\":\"https:\/\/www.staging-2.hotelambient.ro\/de\/gastronomie\/restaurant\/\",\"name\":\"Restaurant | Hotel Ambient Brasov - Cazare \u00een centrul ora\u0219ului\",\"isPartOf\":{\"@id\":\"https:\/\/www.staging-2.hotelambient.ro\/de\/#website\"},\"datePublished\":\"2016-06-23T09:01:06+00:00\",\"dateModified\":\"2026-01-29T16:30:19+00:00\",\"breadcrumb\":{\"@id\":\"https:\/\/www.staging-2.hotelambient.ro\/de\/gastronomie\/restaurant\/#breadcrumb\"},\"inLanguage\":\"de\",\"potentialAction\":[{\"@type\":\"ReadAction\",\"target\":[\"https:\/\/www.staging-2.hotelambient.ro\/de\/gastronomie\/restaurant\/\"]}]},{\"@type\":\"BreadcrumbList\",\"@id\":\"https:\/\/www.staging-2.hotelambient.ro\/de\/gastronomie\/restaurant\/#breadcrumb\",\"itemListElement\":[{\"@type\":\"ListItem\",\"position\":1,\"name\":\"Home\",\"item\":\"https:\/\/www.staging-2.hotelambient.ro\/de\/\"},{\"@type\":\"ListItem\",\"position\":2,\"name\":\"Gastronomie\",\"item\":\"https:\/\/www.staging-2.hotelambient.ro\/de\/gastronomie\/\"},{\"@type\":\"ListItem\",\"position\":3,\"name\":\"Restaurant\"}]},{\"@type\":\"WebSite\",\"@id\":\"https:\/\/www.staging-2.hotelambient.ro\/de\/#website\",\"url\":\"https:\/\/www.staging-2.hotelambient.ro\/de\/\",\"name\":\"Hotel Ambient Brasov - Cazare \u00een centrul ora\u0219ului\",\"description\":\"modern und gem\u00fctlich im Zentrum von Brasov mit allen Annehmlichkeiten, die Sie w\u00e4hrend Ihres Aufenthaltes in der Stadt und besten Hotelzimmern ben\u00f6tigen\",\"publisher\":{\"@id\":\"https:\/\/www.staging-2.hotelambient.ro\/de\/#organization\"},\"potentialAction\":[{\"@type\":\"SearchAction\",\"target\":{\"@type\":\"EntryPoint\",\"urlTemplate\":\"https:\/\/www.staging-2.hotelambient.ro\/de\/?s={search_term_string}\"},\"query-input\":{\"@type\":\"PropertyValueSpecification\",\"valueRequired\":true,\"valueName\":\"search_term_string\"}}],\"inLanguage\":\"de\"},{\"@type\":\"Organization\",\"@id\":\"https:\/\/www.staging-2.hotelambient.ro\/de\/#organization\",\"name\":\"Ambient Hotels\",\"url\":\"https:\/\/www.staging-2.hotelambient.ro\/de\/\",\"logo\":{\"@type\":\"ImageObject\",\"inLanguage\":\"de\",\"@id\":\"https:\/\/www.staging-2.hotelambient.ro\/de\/#\/schema\/logo\/image\/\",\"url\":\"https:\/\/www.staging-2.hotelambient.ro\/wp-content\/uploads\/2016\/07\/Logo001-copia-2.png\",\"contentUrl\":\"https:\/\/www.staging-2.hotelambient.ro\/wp-content\/uploads\/2016\/07\/Logo001-copia-2.png\",\"width\":300,\"height\":114,\"caption\":\"Ambient Hotels\"},\"image\":{\"@id\":\"https:\/\/www.staging-2.hotelambient.ro\/de\/#\/schema\/logo\/image\/\"}}]}<\/script>\n<!-- \/ Yoast SEO plugin. -->","yoast_head_json":{"title":"Restaurant | Hotel Ambient Brasov - Cazare \u00een centrul ora\u0219ului","robots":{"index":"noindex","follow":"follow","max-snippet":"max-snippet:-1","max-image-preview":"max-image-preview:large","max-video-preview":"max-video-preview:-1"},"og_locale":"de_DE","og_type":"article","og_title":"Restaurant | Hotel Ambient Brasov - Cazare \u00een centrul ora\u0219ului","og_description":"[vc_row curly_padding=&#8220;content-padding&#8220;][vc_column][vc_column_text] TASTE THE BEST K\u00dcCHEAMBIENT RESTAURANT Ein Ort wo die Freude am Essen eine Einladung ist in einem einzigartigen traditionellen und modernen Ort, die exquisite und pop\u00fclare, s\u00fc\u00df und bitter, f\u00fcr ungew\u00f6hnliche Texturen und exquisiten Aromen zu genie\u00dfen. In unserem Restaurant werden Sie sich als G\u00e4ste f\u00fchlen und die Aromen der Speisen genie\u00dfen, die eine gro\u00dfe Vielfalt an Aromen bieten, die die beste rum\u00e4nische und internationale Tradition mischen. Sehen Sie unser Brief [\/vc_column_text][\/vc_column][\/vc_row][vc_row css=&#8220;.vc_custom_1769704175722{padding-top: 0px !important;padding-bottom: 0px !important;}&#8220;][vc_column][vc_images_carousel images=&#8220;10462,10470,10469,10468,10467,10466,10465,10464,10463,11612,11615,11618,11621,11624,11627,11630,11633,11636,11639,10471&#8243;][\/vc_column][\/vc_row][vc_row curly_padding=&#8220;content-padding&#8220;][vc_column][vc_column_text] K\u00fcche Die Lieb baber de Gastronomie haben die M\u00f6glichkeit, unseren traditionellen und internationalen Gerichten zu genissen, und wir empfehlen dringend, unsere Sterne Gerichte probieren. [\/vc_column_text][vc_single_image image=&#8220;11729&#8243; img_size=&#8220;large&#8220; alignment=&#8220;center&#8220;][vc_column_text] Unsere K\u00f6che Die hohe Professionalit\u00e4t, Hingabe [&hellip;]","og_url":"https:\/\/www.staging-2.hotelambient.ro\/de\/gastronomie\/restaurant\/","og_site_name":"Hotel Ambient Brasov - Cazare \u00een centrul ora\u0219ului","article_modified_time":"2026-01-29T16:30:19+00:00","twitter_card":"summary_large_image","twitter_misc":{"Gesch\u00e4tzte Lesezeit":"3\u00a0Minuten"},"schema":{"@context":"https:\/\/schema.org","@graph":[{"@type":"WebPage","@id":"https:\/\/www.staging-2.hotelambient.ro\/de\/gastronomie\/restaurant\/","url":"https:\/\/www.staging-2.hotelambient.ro\/de\/gastronomie\/restaurant\/","name":"Restaurant | Hotel Ambient Brasov - Cazare \u00een centrul ora\u0219ului","isPartOf":{"@id":"https:\/\/www.staging-2.hotelambient.ro\/de\/#website"},"datePublished":"2016-06-23T09:01:06+00:00","dateModified":"2026-01-29T16:30:19+00:00","breadcrumb":{"@id":"https:\/\/www.staging-2.hotelambient.ro\/de\/gastronomie\/restaurant\/#breadcrumb"},"inLanguage":"de","potentialAction":[{"@type":"ReadAction","target":["https:\/\/www.staging-2.hotelambient.ro\/de\/gastronomie\/restaurant\/"]}]},{"@type":"BreadcrumbList","@id":"https:\/\/www.staging-2.hotelambient.ro\/de\/gastronomie\/restaurant\/#breadcrumb","itemListElement":[{"@type":"ListItem","position":1,"name":"Home","item":"https:\/\/www.staging-2.hotelambient.ro\/de\/"},{"@type":"ListItem","position":2,"name":"Gastronomie","item":"https:\/\/www.staging-2.hotelambient.ro\/de\/gastronomie\/"},{"@type":"ListItem","position":3,"name":"Restaurant"}]},{"@type":"WebSite","@id":"https:\/\/www.staging-2.hotelambient.ro\/de\/#website","url":"https:\/\/www.staging-2.hotelambient.ro\/de\/","name":"Hotel Ambient Brasov - Cazare \u00een centrul ora\u0219ului","description":"modern und gem\u00fctlich im Zentrum von Brasov mit allen Annehmlichkeiten, die Sie w\u00e4hrend Ihres Aufenthaltes in der Stadt und besten Hotelzimmern ben\u00f6tigen","publisher":{"@id":"https:\/\/www.staging-2.hotelambient.ro\/de\/#organization"},"potentialAction":[{"@type":"SearchAction","target":{"@type":"EntryPoint","urlTemplate":"https:\/\/www.staging-2.hotelambient.ro\/de\/?s={search_term_string}"},"query-input":{"@type":"PropertyValueSpecification","valueRequired":true,"valueName":"search_term_string"}}],"inLanguage":"de"},{"@type":"Organization","@id":"https:\/\/www.staging-2.hotelambient.ro\/de\/#organization","name":"Ambient Hotels","url":"https:\/\/www.staging-2.hotelambient.ro\/de\/","logo":{"@type":"ImageObject","inLanguage":"de","@id":"https:\/\/www.staging-2.hotelambient.ro\/de\/#\/schema\/logo\/image\/","url":"https:\/\/www.staging-2.hotelambient.ro\/wp-content\/uploads\/2016\/07\/Logo001-copia-2.png","contentUrl":"https:\/\/www.staging-2.hotelambient.ro\/wp-content\/uploads\/2016\/07\/Logo001-copia-2.png","width":300,"height":114,"caption":"Ambient Hotels"},"image":{"@id":"https:\/\/www.staging-2.hotelambient.ro\/de\/#\/schema\/logo\/image\/"}}]}},"_links":{"self":[{"href":"https:\/\/www.staging-2.hotelambient.ro\/de\/wp-json\/wp\/v2\/pages\/9711","targetHints":{"allow":["GET"]}}],"collection":[{"href":"https:\/\/www.staging-2.hotelambient.ro\/de\/wp-json\/wp\/v2\/pages"}],"about":[{"href":"https:\/\/www.staging-2.hotelambient.ro\/de\/wp-json\/wp\/v2\/types\/page"}],"author":[{"embeddable":true,"href":"https:\/\/www.staging-2.hotelambient.ro\/de\/wp-json\/wp\/v2\/users\/1"}],"replies":[{"embeddable":true,"href":"https:\/\/www.staging-2.hotelambient.ro\/de\/wp-json\/wp\/v2\/comments?post=9711"}],"version-history":[{"count":5,"href":"https:\/\/www.staging-2.hotelambient.ro\/de\/wp-json\/wp\/v2\/pages\/9711\/revisions"}],"predecessor-version":[{"id":12866,"href":"https:\/\/www.staging-2.hotelambient.ro\/de\/wp-json\/wp\/v2\/pages\/9711\/revisions\/12866"}],"up":[{"embeddable":true,"href":"https:\/\/www.staging-2.hotelambient.ro\/de\/wp-json\/wp\/v2\/pages\/9818"}],"wp:attachment":[{"href":"https:\/\/www.staging-2.hotelambient.ro\/de\/wp-json\/wp\/v2\/media?parent=9711"}],"curies":[{"name":"wp","href":"https:\/\/api.w.org\/{rel}","templated":true}]}}