{"id":9719,"date":"2016-06-23T12:15:10","date_gmt":"2016-06-23T09:15:10","guid":{"rendered":"https:\/\/www.staging-2.hotelambient.ro\/roagentii-de-turismenturism-agencysesagencias-de-turismo\/"},"modified":"2016-06-23T12:15:10","modified_gmt":"2016-06-23T09:15:10","slug":"roagentii-de-turismenturism-agencysesagencias-de-turismo","status":"publish","type":"page","link":"https:\/\/www.staging-2.hotelambient.ro\/de\/kontakt\/roagentii-de-turismenturism-agencysesagencias-de-turismo\/","title":{"rendered":"[:ro]Agen\u021bii de Turism[:en]Turism agencys[:es]Agencias de Turismo"},"content":{"rendered":"<div class=\"wpb-content-wrapper\">[vc_row][vc_column][vc_column_text]\n<h2 style=\"text-align: center;\"><span style=\"color: #cf0e17;\">EIN VERTRAUENER PARTNER<\/span><small>AMBIENT HOTEL<\/small><\/h2>\n<p style=\"text-align: center;\">F\u00fcr weitere Einzelheiten, Vertr\u00e4ge oder Vereinbarungen, ist notwendig, um die Details des Unternehmens und eine kollaborative Anwendung per Fax oder E-Mail zu senden. Sie erhalten innerhalb von maximal 24 Stunden eine Antwort. Wir hoffen, zusammenzuarbeiten!<\/p>\n<p style=\"text-align: center;\"><strong>Faxnummer:<\/strong> 004-0268-474210<br \/>\n<strong>E-mail:<\/strong> office@hotelambient.ro<\/p>\n[\/vc_column_text][\/vc_column][\/vc_row][vc_row css=&#8220;.vc_custom_1470427624852{margin-top: -200px !important;}&#8220;][vc_column][vc_raw_html]JTNDc2NyaXB0JTIwdHlwZSUzRCUyMnRleHQlMkZqYXZhc2NyaXB0JTIyJTIwc3JjJTNEJTIyaHR0cHMlM0ElMkYlMkZvcGVuLnVwcGVyYm9va2luZy5jb20lMkZob3RlbGFtYmllbnQlMkZCb29raW5nLmpzJTNGbG9jYWxlJTNEZGUlMjIlM0UlM0MlMkZzY3JpcHQlM0U=[\/vc_raw_html][\/vc_column][\/vc_row]\n<\/div>","protected":false},"excerpt":{"rendered":"<p>[vc_row][vc_column][vc_column_text] EIN VERTRAUENER PARTNERAMBIENT HOTEL F\u00fcr weitere Einzelheiten, Vertr\u00e4ge oder Vereinbarungen, ist notwendig, um die Details des Unternehmens und eine kollaborative Anwendung per Fax oder E-Mail zu senden. Sie erhalten innerhalb von maximal 24 Stunden eine Antwort. Wir hoffen, zusammenzuarbeiten! Faxnummer: 004-0268-474210 E-mail: office@hotelambient.ro [\/vc_column_text][\/vc_column][\/vc_row][vc_row css=&#8220;.vc_custom_1470427624852{margin-top: -200px !important;}&#8220;][vc_column][vc_raw_html]JTNDc2NyaXB0JTIwdHlwZSUzRCUyMnRleHQlMkZqYXZhc2NyaXB0JTIyJTIwc3JjJTNEJTIyaHR0cHMlM0ElMkYlMkZvcGVuLnVwcGVyYm9va2luZy5jb20lMkZob3RlbGFtYmllbnQlMkZCb29raW5nLmpzJTNGbG9jYWxlJTNEZGUlMjIlM0UlM0MlMkZzY3JpcHQlM0U=[\/vc_raw_html][\/vc_column][\/vc_row]<\/p>\n","protected":false},"author":1,"featured_media":0,"parent":9679,"menu_order":2,"comment_status":"closed","ping_status":"closed","template":"","meta":{"footnotes":""},"class_list":["post-9719","page","type-page","status-publish","hentry"],"yoast_head":"<!-- This site is optimized with the Yoast SEO plugin v26.8 - https:\/\/yoast.com\/product\/yoast-seo-wordpress\/ -->\n<title>[:ro]Agen\u021bii de Turism[:en]Turism agencys[:es]Agencias de Turismo | Hotel Ambient Brasov - Cazare \u00een centrul ora\u0219ului<\/title>\n<meta name=\"robots\" content=\"noindex, follow, max-snippet:-1, max-image-preview:large, max-video-preview:-1\" \/>\n<meta property=\"og:locale\" content=\"de_DE\" \/>\n<meta property=\"og:type\" content=\"article\" \/>\n<meta property=\"og:title\" content=\"[:ro]Agen\u021bii de Turism[:en]Turism agencys[:es]Agencias de Turismo | Hotel Ambient Brasov - Cazare \u00een centrul ora\u0219ului\" \/>\n<meta property=\"og:description\" content=\"[vc_row][vc_column][vc_column_text] EIN VERTRAUENER PARTNERAMBIENT HOTEL F\u00fcr weitere Einzelheiten, Vertr\u00e4ge oder Vereinbarungen, ist notwendig, um die Details des Unternehmens und eine kollaborative Anwendung per Fax oder E-Mail zu senden. Sie erhalten innerhalb von maximal 24 Stunden eine Antwort. Wir hoffen, zusammenzuarbeiten! Faxnummer: 004-0268-474210 E-mail: office@hotelambient.ro [\/vc_column_text][\/vc_column][\/vc_row][vc_row css=&#8220;.vc_custom_1470427624852{margin-top: -200px !important;}&#8220;][vc_column][vc_raw_html]JTNDc2NyaXB0JTIwdHlwZSUzRCUyMnRleHQlMkZqYXZhc2NyaXB0JTIyJTIwc3JjJTNEJTIyaHR0cHMlM0ElMkYlMkZvcGVuLnVwcGVyYm9va2luZy5jb20lMkZob3RlbGFtYmllbnQlMkZCb29raW5nLmpzJTNGbG9jYWxlJTNEZGUlMjIlM0UlM0MlMkZzY3JpcHQlM0U=[\/vc_raw_html][\/vc_column][\/vc_row]\" \/>\n<meta property=\"og:url\" content=\"https:\/\/www.staging-2.hotelambient.ro\/de\/kontakt\/roagentii-de-turismenturism-agencysesagencias-de-turismo\/\" \/>\n<meta property=\"og:site_name\" content=\"Hotel Ambient Brasov - Cazare \u00een centrul ora\u0219ului\" \/>\n<meta name=\"twitter:card\" content=\"summary_large_image\" \/>\n<meta name=\"twitter:label1\" content=\"Gesch\u00e4tzte Lesezeit\" \/>\n\t<meta name=\"twitter:data1\" content=\"1\u00a0Minute\" \/>\n<script type=\"application\/ld+json\" class=\"yoast-schema-graph\">{\"@context\":\"https:\/\/schema.org\",\"@graph\":[{\"@type\":\"WebPage\",\"@id\":\"https:\/\/www.staging-2.hotelambient.ro\/de\/kontakt\/roagentii-de-turismenturism-agencysesagencias-de-turismo\/\",\"url\":\"https:\/\/www.staging-2.hotelambient.ro\/de\/kontakt\/roagentii-de-turismenturism-agencysesagencias-de-turismo\/\",\"name\":\"[:ro]Agen\u021bii de Turism[:en]Turism agencys[:es]Agencias de Turismo | Hotel Ambient Brasov - Cazare \u00een centrul ora\u0219ului\",\"isPartOf\":{\"@id\":\"https:\/\/www.staging-2.hotelambient.ro\/de\/#website\"},\"datePublished\":\"2016-06-23T09:15:10+00:00\",\"breadcrumb\":{\"@id\":\"https:\/\/www.staging-2.hotelambient.ro\/de\/kontakt\/roagentii-de-turismenturism-agencysesagencias-de-turismo\/#breadcrumb\"},\"inLanguage\":\"de\",\"potentialAction\":[{\"@type\":\"ReadAction\",\"target\":[\"https:\/\/www.staging-2.hotelambient.ro\/de\/kontakt\/roagentii-de-turismenturism-agencysesagencias-de-turismo\/\"]}]},{\"@type\":\"BreadcrumbList\",\"@id\":\"https:\/\/www.staging-2.hotelambient.ro\/de\/kontakt\/roagentii-de-turismenturism-agencysesagencias-de-turismo\/#breadcrumb\",\"itemListElement\":[{\"@type\":\"ListItem\",\"position\":1,\"name\":\"Home\",\"item\":\"https:\/\/www.staging-2.hotelambient.ro\/de\/\"},{\"@type\":\"ListItem\",\"position\":2,\"name\":\"Kontakt\",\"item\":\"https:\/\/www.staging-2.hotelambient.ro\/de\/kontakt\/\"},{\"@type\":\"ListItem\",\"position\":3,\"name\":\"[:ro]Agen\u021bii de Turism[:en]Turism agencys[:es]Agencias de Turismo\"}]},{\"@type\":\"WebSite\",\"@id\":\"https:\/\/www.staging-2.hotelambient.ro\/de\/#website\",\"url\":\"https:\/\/www.staging-2.hotelambient.ro\/de\/\",\"name\":\"Hotel Ambient Brasov - Cazare \u00een centrul ora\u0219ului\",\"description\":\"modern und gem\u00fctlich im Zentrum von Brasov mit allen Annehmlichkeiten, die Sie w\u00e4hrend Ihres Aufenthaltes in der Stadt und besten Hotelzimmern ben\u00f6tigen\",\"publisher\":{\"@id\":\"https:\/\/www.staging-2.hotelambient.ro\/de\/#organization\"},\"potentialAction\":[{\"@type\":\"SearchAction\",\"target\":{\"@type\":\"EntryPoint\",\"urlTemplate\":\"https:\/\/www.staging-2.hotelambient.ro\/de\/?s={search_term_string}\"},\"query-input\":{\"@type\":\"PropertyValueSpecification\",\"valueRequired\":true,\"valueName\":\"search_term_string\"}}],\"inLanguage\":\"de\"},{\"@type\":\"Organization\",\"@id\":\"https:\/\/www.staging-2.hotelambient.ro\/de\/#organization\",\"name\":\"Ambient Hotels\",\"url\":\"https:\/\/www.staging-2.hotelambient.ro\/de\/\",\"logo\":{\"@type\":\"ImageObject\",\"inLanguage\":\"de\",\"@id\":\"https:\/\/www.staging-2.hotelambient.ro\/de\/#\/schema\/logo\/image\/\",\"url\":\"https:\/\/www.staging-2.hotelambient.ro\/wp-content\/uploads\/2016\/07\/Logo001-copia-2.png\",\"contentUrl\":\"https:\/\/www.staging-2.hotelambient.ro\/wp-content\/uploads\/2016\/07\/Logo001-copia-2.png\",\"width\":300,\"height\":114,\"caption\":\"Ambient Hotels\"},\"image\":{\"@id\":\"https:\/\/www.staging-2.hotelambient.ro\/de\/#\/schema\/logo\/image\/\"}}]}<\/script>\n<!-- \/ Yoast SEO plugin. -->","yoast_head_json":{"title":"[:ro]Agen\u021bii de Turism[:en]Turism agencys[:es]Agencias de Turismo | Hotel Ambient Brasov - Cazare \u00een centrul ora\u0219ului","robots":{"index":"noindex","follow":"follow","max-snippet":"max-snippet:-1","max-image-preview":"max-image-preview:large","max-video-preview":"max-video-preview:-1"},"og_locale":"de_DE","og_type":"article","og_title":"[:ro]Agen\u021bii de Turism[:en]Turism agencys[:es]Agencias de Turismo | Hotel Ambient Brasov - Cazare \u00een centrul ora\u0219ului","og_description":"[vc_row][vc_column][vc_column_text] EIN VERTRAUENER PARTNERAMBIENT HOTEL F\u00fcr weitere Einzelheiten, Vertr\u00e4ge oder Vereinbarungen, ist notwendig, um die Details des Unternehmens und eine kollaborative Anwendung per Fax oder E-Mail zu senden. Sie erhalten innerhalb von maximal 24 Stunden eine Antwort. Wir hoffen, zusammenzuarbeiten! Faxnummer: 004-0268-474210 E-mail: office@hotelambient.ro [\/vc_column_text][\/vc_column][\/vc_row][vc_row css=&#8220;.vc_custom_1470427624852{margin-top: -200px !important;}&#8220;][vc_column][vc_raw_html]JTNDc2NyaXB0JTIwdHlwZSUzRCUyMnRleHQlMkZqYXZhc2NyaXB0JTIyJTIwc3JjJTNEJTIyaHR0cHMlM0ElMkYlMkZvcGVuLnVwcGVyYm9va2luZy5jb20lMkZob3RlbGFtYmllbnQlMkZCb29raW5nLmpzJTNGbG9jYWxlJTNEZGUlMjIlM0UlM0MlMkZzY3JpcHQlM0U=[\/vc_raw_html][\/vc_column][\/vc_row]","og_url":"https:\/\/www.staging-2.hotelambient.ro\/de\/kontakt\/roagentii-de-turismenturism-agencysesagencias-de-turismo\/","og_site_name":"Hotel Ambient Brasov - Cazare \u00een centrul ora\u0219ului","twitter_card":"summary_large_image","twitter_misc":{"Gesch\u00e4tzte Lesezeit":"1\u00a0Minute"},"schema":{"@context":"https:\/\/schema.org","@graph":[{"@type":"WebPage","@id":"https:\/\/www.staging-2.hotelambient.ro\/de\/kontakt\/roagentii-de-turismenturism-agencysesagencias-de-turismo\/","url":"https:\/\/www.staging-2.hotelambient.ro\/de\/kontakt\/roagentii-de-turismenturism-agencysesagencias-de-turismo\/","name":"[:ro]Agen\u021bii de Turism[:en]Turism agencys[:es]Agencias de Turismo | Hotel Ambient Brasov - Cazare \u00een centrul ora\u0219ului","isPartOf":{"@id":"https:\/\/www.staging-2.hotelambient.ro\/de\/#website"},"datePublished":"2016-06-23T09:15:10+00:00","breadcrumb":{"@id":"https:\/\/www.staging-2.hotelambient.ro\/de\/kontakt\/roagentii-de-turismenturism-agencysesagencias-de-turismo\/#breadcrumb"},"inLanguage":"de","potentialAction":[{"@type":"ReadAction","target":["https:\/\/www.staging-2.hotelambient.ro\/de\/kontakt\/roagentii-de-turismenturism-agencysesagencias-de-turismo\/"]}]},{"@type":"BreadcrumbList","@id":"https:\/\/www.staging-2.hotelambient.ro\/de\/kontakt\/roagentii-de-turismenturism-agencysesagencias-de-turismo\/#breadcrumb","itemListElement":[{"@type":"ListItem","position":1,"name":"Home","item":"https:\/\/www.staging-2.hotelambient.ro\/de\/"},{"@type":"ListItem","position":2,"name":"Kontakt","item":"https:\/\/www.staging-2.hotelambient.ro\/de\/kontakt\/"},{"@type":"ListItem","position":3,"name":"[:ro]Agen\u021bii de Turism[:en]Turism agencys[:es]Agencias de Turismo"}]},{"@type":"WebSite","@id":"https:\/\/www.staging-2.hotelambient.ro\/de\/#website","url":"https:\/\/www.staging-2.hotelambient.ro\/de\/","name":"Hotel Ambient Brasov - Cazare \u00een centrul ora\u0219ului","description":"modern und gem\u00fctlich im Zentrum von Brasov mit allen Annehmlichkeiten, die Sie w\u00e4hrend Ihres Aufenthaltes in der Stadt und besten Hotelzimmern ben\u00f6tigen","publisher":{"@id":"https:\/\/www.staging-2.hotelambient.ro\/de\/#organization"},"potentialAction":[{"@type":"SearchAction","target":{"@type":"EntryPoint","urlTemplate":"https:\/\/www.staging-2.hotelambient.ro\/de\/?s={search_term_string}"},"query-input":{"@type":"PropertyValueSpecification","valueRequired":true,"valueName":"search_term_string"}}],"inLanguage":"de"},{"@type":"Organization","@id":"https:\/\/www.staging-2.hotelambient.ro\/de\/#organization","name":"Ambient Hotels","url":"https:\/\/www.staging-2.hotelambient.ro\/de\/","logo":{"@type":"ImageObject","inLanguage":"de","@id":"https:\/\/www.staging-2.hotelambient.ro\/de\/#\/schema\/logo\/image\/","url":"https:\/\/www.staging-2.hotelambient.ro\/wp-content\/uploads\/2016\/07\/Logo001-copia-2.png","contentUrl":"https:\/\/www.staging-2.hotelambient.ro\/wp-content\/uploads\/2016\/07\/Logo001-copia-2.png","width":300,"height":114,"caption":"Ambient Hotels"},"image":{"@id":"https:\/\/www.staging-2.hotelambient.ro\/de\/#\/schema\/logo\/image\/"}}]}},"_links":{"self":[{"href":"https:\/\/www.staging-2.hotelambient.ro\/de\/wp-json\/wp\/v2\/pages\/9719","targetHints":{"allow":["GET"]}}],"collection":[{"href":"https:\/\/www.staging-2.hotelambient.ro\/de\/wp-json\/wp\/v2\/pages"}],"about":[{"href":"https:\/\/www.staging-2.hotelambient.ro\/de\/wp-json\/wp\/v2\/types\/page"}],"author":[{"embeddable":true,"href":"https:\/\/www.staging-2.hotelambient.ro\/de\/wp-json\/wp\/v2\/users\/1"}],"replies":[{"embeddable":true,"href":"https:\/\/www.staging-2.hotelambient.ro\/de\/wp-json\/wp\/v2\/comments?post=9719"}],"version-history":[{"count":0,"href":"https:\/\/www.staging-2.hotelambient.ro\/de\/wp-json\/wp\/v2\/pages\/9719\/revisions"}],"up":[{"embeddable":true,"href":"https:\/\/www.staging-2.hotelambient.ro\/de\/wp-json\/wp\/v2\/pages\/9679"}],"wp:attachment":[{"href":"https:\/\/www.staging-2.hotelambient.ro\/de\/wp-json\/wp\/v2\/media?parent=9719"}],"curies":[{"name":"wp","href":"https:\/\/api.w.org\/{rel}","templated":true}]}}