{"id":9723,"date":"2016-06-23T12:16:06","date_gmt":"2016-06-23T09:16:06","guid":{"rendered":"https:\/\/www.staging-2.hotelambient.ro\/careers\/"},"modified":"2016-06-23T12:16:06","modified_gmt":"2016-06-23T12:16:06","slug":"careers","status":"publish","type":"page","link":"https:\/\/www.staging-2.hotelambient.ro\/de\/kontakt\/careers\/","title":{"rendered":"Careers"},"content":{"rendered":"<div class=\"wpb-content-wrapper\">[vc_row][vc_column][vc_column_text]\n<h2 style=\"text-align: center;\"><span style=\"color: #cf0e17;\">JOIN OUR TEAM<\/span><small>We are constantly looking for enthusiastic people with an open view and experience, especially looking for people with studies in the area of tourism.<\/small><\/h2>\n<p style=\"text-align: center;\">If you are interested in joining the team of the Ambient Hotel, please send the Curriculum Vitae via email to the address office@hotelambient.ro or personally bring it to the hotel reception.<\/p>\n<p style=\"text-align: center;\">You can also join the Ambien family!<\/p>\n<p class=\"lead\" style=\"text-align: center;\"><span style=\"color: #cf0e17;\">Receptionist, Ref. No. 01<\/span><\/p>\n<p style=\"text-align: center;\">Knowing two languages of international circulation<br \/>\nGraduate or student of an institute profile<br \/>\nThe experience is an advantage.<\/p>\n<p class=\"lead\" style=\"text-align: center;\"><span style=\"color: #cf0e17;\">Maid, Ref. No. 02<\/span><\/p>\n<p style=\"text-align: center;\">Average level of studies.<br \/>\nCorrection, the sense of cleanliness.<br \/>\nAvailability for continued physical effort.<\/p>\n[\/vc_column_text][\/vc_column][\/vc_row][vc_row css=&#8220;.vc_custom_1470427624852{margin-top: -200px !important;}&#8220;][vc_column][vc_raw_html]JTNDc2NyaXB0JTIwdHlwZSUzRCUyMnRleHQlMkZqYXZhc2NyaXB0JTIyJTIwc3JjJTNEJTIyaHR0cHMlM0ElMkYlMkZvcGVuLnVwcGVyYm9va2luZy5jb20lMkZob3RlbGFtYmllbnQlMkZCb29raW5nLmpzJTNGbG9jYWxlJTNEZGUlMjIlM0UlM0MlMkZzY3JpcHQlM0U=[\/vc_raw_html][\/vc_column][\/vc_row]\n<\/div>","protected":false},"excerpt":{"rendered":"<p>[vc_row][vc_column][vc_column_text] JOIN OUR TEAMWe are constantly looking for enthusiastic people with an open view and experience, especially looking for people with studies in the area of tourism. If you are interested in joining the team of the Ambient Hotel, please send the Curriculum Vitae via email to the address office@hotelambient.ro or personally bring it to the hotel reception. You can also join the Ambien family! Receptionist, Ref. No. 01 Knowing two languages of international circulation Graduate or student of an institute profile The experience is an advantage. Maid, Ref. No. 02 Average level of studies. Correction, the sense of cleanliness. Availability for continued physical effort. [\/vc_column_text][\/vc_column][\/vc_row][vc_row css=&#8220;.vc_custom_1470427624852{margin-top: -200px !important;}&#8220;][vc_column][vc_raw_html]JTNDc2NyaXB0JTIwdHlwZSUzRCUyMnRleHQlMkZqYXZhc2NyaXB0JTIyJTIwc3JjJTNEJTIyaHR0cHMlM0ElMkYlMkZvcGVuLnVwcGVyYm9va2luZy5jb20lMkZob3RlbGFtYmllbnQlMkZCb29raW5nLmpzJTNGbG9jYWxlJTNEZGUlMjIlM0UlM0MlMkZzY3JpcHQlM0U=[\/vc_raw_html][\/vc_column][\/vc_row]<\/p>\n","protected":false},"author":1,"featured_media":0,"parent":9679,"menu_order":3,"comment_status":"closed","ping_status":"closed","template":"","meta":{"footnotes":""},"class_list":["post-9723","page","type-page","status-publish","hentry"],"yoast_head":"<!-- This site is optimized with the Yoast SEO plugin v26.8 - https:\/\/yoast.com\/product\/yoast-seo-wordpress\/ -->\n<title>Careers | Hotel Ambient Brasov - Cazare \u00een centrul ora\u0219ului<\/title>\n<meta name=\"robots\" content=\"noindex, follow, max-snippet:-1, max-image-preview:large, max-video-preview:-1\" \/>\n<meta property=\"og:locale\" content=\"de_DE\" \/>\n<meta property=\"og:type\" content=\"article\" \/>\n<meta property=\"og:title\" content=\"Careers | Hotel Ambient Brasov - Cazare \u00een centrul ora\u0219ului\" \/>\n<meta property=\"og:description\" content=\"[vc_row][vc_column][vc_column_text] JOIN OUR TEAMWe are constantly looking for enthusiastic people with an open view and experience, especially looking for people with studies in the area of tourism. If you are interested in joining the team of the Ambient Hotel, please send the Curriculum Vitae via email to the address office@hotelambient.ro or personally bring it to the hotel reception. You can also join the Ambien family! Receptionist, Ref. No. 01 Knowing two languages of international circulation Graduate or student of an institute profile The experience is an advantage. Maid, Ref. No. 02 Average level of studies. Correction, the sense of cleanliness. Availability for continued physical effort. [\/vc_column_text][\/vc_column][\/vc_row][vc_row css=&#8220;.vc_custom_1470427624852{margin-top: -200px !important;}&#8220;][vc_column][vc_raw_html]JTNDc2NyaXB0JTIwdHlwZSUzRCUyMnRleHQlMkZqYXZhc2NyaXB0JTIyJTIwc3JjJTNEJTIyaHR0cHMlM0ElMkYlMkZvcGVuLnVwcGVyYm9va2luZy5jb20lMkZob3RlbGFtYmllbnQlMkZCb29raW5nLmpzJTNGbG9jYWxlJTNEZGUlMjIlM0UlM0MlMkZzY3JpcHQlM0U=[\/vc_raw_html][\/vc_column][\/vc_row]\" \/>\n<meta property=\"og:url\" content=\"https:\/\/www.staging-2.hotelambient.ro\/de\/kontakt\/careers\/\" \/>\n<meta property=\"og:site_name\" content=\"Hotel Ambient Brasov - Cazare \u00een centrul ora\u0219ului\" \/>\n<meta property=\"article:modified_time\" content=\"2016-06-23T12:16:06+00:00\" \/>\n<meta name=\"twitter:card\" content=\"summary_large_image\" \/>\n<meta name=\"twitter:label1\" content=\"Gesch\u00e4tzte Lesezeit\" \/>\n\t<meta name=\"twitter:data1\" content=\"1\u00a0Minute\" \/>\n<script type=\"application\/ld+json\" class=\"yoast-schema-graph\">{\"@context\":\"https:\/\/schema.org\",\"@graph\":[{\"@type\":\"WebPage\",\"@id\":\"https:\/\/www.staging-2.hotelambient.ro\/de\/kontakt\/careers\/\",\"url\":\"https:\/\/www.staging-2.hotelambient.ro\/de\/kontakt\/careers\/\",\"name\":\"Careers | Hotel Ambient Brasov - Cazare \u00een centrul ora\u0219ului\",\"isPartOf\":{\"@id\":\"https:\/\/www.staging-2.hotelambient.ro\/de\/#website\"},\"datePublished\":\"2016-06-23T09:16:06+00:00\",\"dateModified\":\"2016-06-23T12:16:06+00:00\",\"breadcrumb\":{\"@id\":\"https:\/\/www.staging-2.hotelambient.ro\/de\/kontakt\/careers\/#breadcrumb\"},\"inLanguage\":\"de\",\"potentialAction\":[{\"@type\":\"ReadAction\",\"target\":[\"https:\/\/www.staging-2.hotelambient.ro\/de\/kontakt\/careers\/\"]}]},{\"@type\":\"BreadcrumbList\",\"@id\":\"https:\/\/www.staging-2.hotelambient.ro\/de\/kontakt\/careers\/#breadcrumb\",\"itemListElement\":[{\"@type\":\"ListItem\",\"position\":1,\"name\":\"Home\",\"item\":\"https:\/\/www.staging-2.hotelambient.ro\/de\/\"},{\"@type\":\"ListItem\",\"position\":2,\"name\":\"Kontakt\",\"item\":\"https:\/\/www.staging-2.hotelambient.ro\/de\/kontakt\/\"},{\"@type\":\"ListItem\",\"position\":3,\"name\":\"Careers\"}]},{\"@type\":\"WebSite\",\"@id\":\"https:\/\/www.staging-2.hotelambient.ro\/de\/#website\",\"url\":\"https:\/\/www.staging-2.hotelambient.ro\/de\/\",\"name\":\"Hotel Ambient Brasov - Cazare \u00een centrul ora\u0219ului\",\"description\":\"modern und gem\u00fctlich im Zentrum von Brasov mit allen Annehmlichkeiten, die Sie w\u00e4hrend Ihres Aufenthaltes in der Stadt und besten Hotelzimmern ben\u00f6tigen\",\"publisher\":{\"@id\":\"https:\/\/www.staging-2.hotelambient.ro\/de\/#organization\"},\"potentialAction\":[{\"@type\":\"SearchAction\",\"target\":{\"@type\":\"EntryPoint\",\"urlTemplate\":\"https:\/\/www.staging-2.hotelambient.ro\/de\/?s={search_term_string}\"},\"query-input\":{\"@type\":\"PropertyValueSpecification\",\"valueRequired\":true,\"valueName\":\"search_term_string\"}}],\"inLanguage\":\"de\"},{\"@type\":\"Organization\",\"@id\":\"https:\/\/www.staging-2.hotelambient.ro\/de\/#organization\",\"name\":\"Ambient Hotels\",\"url\":\"https:\/\/www.staging-2.hotelambient.ro\/de\/\",\"logo\":{\"@type\":\"ImageObject\",\"inLanguage\":\"de\",\"@id\":\"https:\/\/www.staging-2.hotelambient.ro\/de\/#\/schema\/logo\/image\/\",\"url\":\"https:\/\/www.staging-2.hotelambient.ro\/wp-content\/uploads\/2016\/07\/Logo001-copia-2.png\",\"contentUrl\":\"https:\/\/www.staging-2.hotelambient.ro\/wp-content\/uploads\/2016\/07\/Logo001-copia-2.png\",\"width\":300,\"height\":114,\"caption\":\"Ambient Hotels\"},\"image\":{\"@id\":\"https:\/\/www.staging-2.hotelambient.ro\/de\/#\/schema\/logo\/image\/\"}}]}<\/script>\n<!-- \/ Yoast SEO plugin. -->","yoast_head_json":{"title":"Careers | Hotel Ambient Brasov - Cazare \u00een centrul ora\u0219ului","robots":{"index":"noindex","follow":"follow","max-snippet":"max-snippet:-1","max-image-preview":"max-image-preview:large","max-video-preview":"max-video-preview:-1"},"og_locale":"de_DE","og_type":"article","og_title":"Careers | Hotel Ambient Brasov - Cazare \u00een centrul ora\u0219ului","og_description":"[vc_row][vc_column][vc_column_text] JOIN OUR TEAMWe are constantly looking for enthusiastic people with an open view and experience, especially looking for people with studies in the area of tourism. If you are interested in joining the team of the Ambient Hotel, please send the Curriculum Vitae via email to the address office@hotelambient.ro or personally bring it to the hotel reception. You can also join the Ambien family! Receptionist, Ref. No. 01 Knowing two languages of international circulation Graduate or student of an institute profile The experience is an advantage. Maid, Ref. No. 02 Average level of studies. Correction, the sense of cleanliness. Availability for continued physical effort. [\/vc_column_text][\/vc_column][\/vc_row][vc_row css=&#8220;.vc_custom_1470427624852{margin-top: -200px !important;}&#8220;][vc_column][vc_raw_html]JTNDc2NyaXB0JTIwdHlwZSUzRCUyMnRleHQlMkZqYXZhc2NyaXB0JTIyJTIwc3JjJTNEJTIyaHR0cHMlM0ElMkYlMkZvcGVuLnVwcGVyYm9va2luZy5jb20lMkZob3RlbGFtYmllbnQlMkZCb29raW5nLmpzJTNGbG9jYWxlJTNEZGUlMjIlM0UlM0MlMkZzY3JpcHQlM0U=[\/vc_raw_html][\/vc_column][\/vc_row]","og_url":"https:\/\/www.staging-2.hotelambient.ro\/de\/kontakt\/careers\/","og_site_name":"Hotel Ambient Brasov - Cazare \u00een centrul ora\u0219ului","article_modified_time":"2016-06-23T12:16:06+00:00","twitter_card":"summary_large_image","twitter_misc":{"Gesch\u00e4tzte Lesezeit":"1\u00a0Minute"},"schema":{"@context":"https:\/\/schema.org","@graph":[{"@type":"WebPage","@id":"https:\/\/www.staging-2.hotelambient.ro\/de\/kontakt\/careers\/","url":"https:\/\/www.staging-2.hotelambient.ro\/de\/kontakt\/careers\/","name":"Careers | Hotel Ambient Brasov - Cazare \u00een centrul ora\u0219ului","isPartOf":{"@id":"https:\/\/www.staging-2.hotelambient.ro\/de\/#website"},"datePublished":"2016-06-23T09:16:06+00:00","dateModified":"2016-06-23T12:16:06+00:00","breadcrumb":{"@id":"https:\/\/www.staging-2.hotelambient.ro\/de\/kontakt\/careers\/#breadcrumb"},"inLanguage":"de","potentialAction":[{"@type":"ReadAction","target":["https:\/\/www.staging-2.hotelambient.ro\/de\/kontakt\/careers\/"]}]},{"@type":"BreadcrumbList","@id":"https:\/\/www.staging-2.hotelambient.ro\/de\/kontakt\/careers\/#breadcrumb","itemListElement":[{"@type":"ListItem","position":1,"name":"Home","item":"https:\/\/www.staging-2.hotelambient.ro\/de\/"},{"@type":"ListItem","position":2,"name":"Kontakt","item":"https:\/\/www.staging-2.hotelambient.ro\/de\/kontakt\/"},{"@type":"ListItem","position":3,"name":"Careers"}]},{"@type":"WebSite","@id":"https:\/\/www.staging-2.hotelambient.ro\/de\/#website","url":"https:\/\/www.staging-2.hotelambient.ro\/de\/","name":"Hotel Ambient Brasov - Cazare \u00een centrul ora\u0219ului","description":"modern und gem\u00fctlich im Zentrum von Brasov mit allen Annehmlichkeiten, die Sie w\u00e4hrend Ihres Aufenthaltes in der Stadt und besten Hotelzimmern ben\u00f6tigen","publisher":{"@id":"https:\/\/www.staging-2.hotelambient.ro\/de\/#organization"},"potentialAction":[{"@type":"SearchAction","target":{"@type":"EntryPoint","urlTemplate":"https:\/\/www.staging-2.hotelambient.ro\/de\/?s={search_term_string}"},"query-input":{"@type":"PropertyValueSpecification","valueRequired":true,"valueName":"search_term_string"}}],"inLanguage":"de"},{"@type":"Organization","@id":"https:\/\/www.staging-2.hotelambient.ro\/de\/#organization","name":"Ambient Hotels","url":"https:\/\/www.staging-2.hotelambient.ro\/de\/","logo":{"@type":"ImageObject","inLanguage":"de","@id":"https:\/\/www.staging-2.hotelambient.ro\/de\/#\/schema\/logo\/image\/","url":"https:\/\/www.staging-2.hotelambient.ro\/wp-content\/uploads\/2016\/07\/Logo001-copia-2.png","contentUrl":"https:\/\/www.staging-2.hotelambient.ro\/wp-content\/uploads\/2016\/07\/Logo001-copia-2.png","width":300,"height":114,"caption":"Ambient Hotels"},"image":{"@id":"https:\/\/www.staging-2.hotelambient.ro\/de\/#\/schema\/logo\/image\/"}}]}},"_links":{"self":[{"href":"https:\/\/www.staging-2.hotelambient.ro\/de\/wp-json\/wp\/v2\/pages\/9723","targetHints":{"allow":["GET"]}}],"collection":[{"href":"https:\/\/www.staging-2.hotelambient.ro\/de\/wp-json\/wp\/v2\/pages"}],"about":[{"href":"https:\/\/www.staging-2.hotelambient.ro\/de\/wp-json\/wp\/v2\/types\/page"}],"author":[{"embeddable":true,"href":"https:\/\/www.staging-2.hotelambient.ro\/de\/wp-json\/wp\/v2\/users\/1"}],"replies":[{"embeddable":true,"href":"https:\/\/www.staging-2.hotelambient.ro\/de\/wp-json\/wp\/v2\/comments?post=9723"}],"version-history":[{"count":0,"href":"https:\/\/www.staging-2.hotelambient.ro\/de\/wp-json\/wp\/v2\/pages\/9723\/revisions"}],"up":[{"embeddable":true,"href":"https:\/\/www.staging-2.hotelambient.ro\/de\/wp-json\/wp\/v2\/pages\/9679"}],"wp:attachment":[{"href":"https:\/\/www.staging-2.hotelambient.ro\/de\/wp-json\/wp\/v2\/media?parent=9723"}],"curies":[{"name":"wp","href":"https:\/\/api.w.org\/{rel}","templated":true}]}}