{"id":9735,"date":"2016-07-03T22:34:47","date_gmt":"2016-07-03T19:34:47","guid":{"rendered":"https:\/\/www.staging-2.hotelambient.ro\/transfers-ausfluege\/"},"modified":"2026-01-29T13:03:18","modified_gmt":"2026-01-29T11:03:18","slug":"transfers-ausfluege","status":"publish","type":"page","link":"https:\/\/www.staging-2.hotelambient.ro\/de\/hotel-dienstleistungen\/transfers-ausfluege\/","title":{"rendered":"Transfers &#038; Ausfl\u00fcge"},"content":{"rendered":"<div class=\"wpb-content-wrapper\">[vc_row full_width=&#8220;stretch_row&#8220; content_placement=&#8220;middle&#8220; position=&#8220;right center&#8220; css=&#8220;.vc_custom_1769684472276{padding-top: 30px !important;padding-bottom: 30px !important;background-position: 0 0 !important;background-repeat: no-repeat !important;}&#8220;][vc_column width=&#8220;1\/2&#8243;][vc_column_text]\n<h2><small>PROFESSIONELLE TREIBER AUF IHREM SERVICE<br \/>\n<\/small><span style=\"color: #cf0e17;\">TRANSFERS &amp; AUSFL\u00dcGE<\/span><\/h2>\n<p class=\"lead\">Um die W\u00fcnsche und Erwartungen unserer G\u00e4ste erf\u00fcllen bieten wir Transportdienstleistungen an Sie m\u00fcssen sich um nichts zu k\u00fcmmern, wir haben normale Transfers und Business-Class von Bukarest Flughafen und f\u00fcr jede Art von Bed\u00fcrfnis; Gesch\u00e4ftsreise oder die touristischen Attraktionen, besondere Veranstaltungen oder Ferien. Unsere Berufs Fahrer sprechen verschiedene Sprachen und possen sich an alle Ihrer Bed\u00fcrfnisse an.<\/p>\n[\/vc_column_text][\/vc_column][vc_column width=&#8220;1\/2&#8243;][vc_single_image image=&#8220;11678&#8243; img_size=&#8220;450&#215;450&#8243; alignment=&#8220;center&#8220;][\/vc_column][\/vc_row][vc_row full_width=&#8220;stretch_row&#8220; css=&#8220;.vc_custom_1769684482509{padding-top: 30px !important;padding-bottom: 30px !important;background-image: url(https:\/\/www.staging-2.hotelambient.ro\/wp-content\/uploads\/2016\/07\/fondotranfers.jpg?id=4547) !important;background-position: center !important;background-repeat: no-repeat !important;background-size: cover !important;}&#8220;][vc_column width=&#8220;2\/3&#8243; el_class=&#8220;white-box content-padding text-uppercase&#8220; offset=&#8220;vc_col-sm-offset-2&#8243;]<ul class=\"list-services \"><li>\n  <h3>\n    <a href=\"#transfers\">\n      TRANSFERS VON FLUGHAFEN      <small>DIREKT VOM FLUGHAFEN BUKAREST ODER SIBIU ZUR T\u00dcR DES HOTELS<\/small>    <\/a>\n  <\/h3>\n<\/li>\n<li>\n  <h3>\n    <a href=\"#excursiones\">\n      AUSFL\u00dcGE UND LEISURE      <small>GENIESSEN SIE DIE UMWELT VON BRASOV<\/small>    <\/a>\n  <\/h3>\n<\/li>\n<li>\n  <h3>\n    <a href=\"#transporte\">\n      KUNDENSPEZIFISCHE DIENSTLEISTUNGEN      <small>BERUFSKRAFTFAHRER F\u00dcR VERANSTALTUNGEN UND GESCH\u00c4FTSREISEN<\/small>    <\/a>\n  <\/h3>\n<\/li>\n<\/ul>[\/vc_column][\/vc_row][vc_row full_width=&#8220;stretch_row_content_no_spaces&#8220; css=&#8220;.vc_custom_1769684496801{padding-top: 0px !important;padding-bottom: 0px !important;}&#8220;][vc_column][vc_raw_html]JTNDYSUyMG5hbWUlM0QlMjJ0cmFuc2ZlcnMlMjIlM0UlM0MlMkZhJTNF[\/vc_raw_html][\/vc_column][\/vc_row][vc_row full_width=&#8220;stretch_row&#8220; css=&#8220;.vc_custom_1769684519650{padding-top: 30px !important;padding-bottom: 30px !important;background-position: center !important;background-repeat: no-repeat !important;background-size: cover !important;}&#8220;][vc_column width=&#8220;1\/2&#8243;][vc_images_carousel images=&#8220;11666,11672,11669,11675,11663&#8243; speed=&#8220;8888&#8243;][\/vc_column][vc_column width=&#8220;1\/2&#8243;][vc_column_text]\n<h2><small>WIR PASSEN UNS IHREN BED\u00dcRFISSEN AN<\/small><span style=\"color: #cf0e17;\">BREITE PALETTE VON FAHRZEUGEN <\/span><\/h2>\n<p class=\"lead\">Ambient Hotel bietet eine breite Palette von Fahrzeugen an um alle Transport-Bed\u00fcrfnisse zu decken, die w\u00e4hrend des Aufenthalts in Brasov entstehen k\u00f6nnen.<\/p>\n<ul class=\"list-pointer\">\n<li><strong>Komfort-Klasse: Mercedes C-Klasse, Volkswagen Passat (oder \u00e4hnlich), bis zu 4 Personen<\/strong><\/li>\n<li><strong>Business Class: S-Klasse Mercedes, Jaguar XJ, Limousine (oder \u00e4hnlich), bis zu 4 Personen<\/strong><\/li>\n<li><strong>Gruppen:<\/strong> Hyundai H1 (oder \u00e4hnlich), bis zu 7 Personen<\/li>\n<\/ul>\n[\/vc_column_text][\/vc_column][vc_column width=&#8220;1\/2&#8243; offset=&#8220;vc_col-sm-offset-3&#8243; css=&#8220;.vc_custom_1411467083077{margin-top: 5.6rem !important;}&#8220;][vc_column_text css=&#8220;&#8220;]\n<h2 class=\"text-uppercase text-center\" style=\"text-align: center;\">TRANSFERS VON FLUGH\u00c4FEN BUKAREST UND SIBIU<\/h2>\n<p style=\"text-align: center;\">Direkt vom Flughafen zur Hotel T\u00fcr, sie brauchen sich um nichts K\u00fcmmern(gesch\u00e4tzte Fahrtzeit; 3 Stunden).<\/p>\n<p>&nbsp;<\/p>\n<table class=\"table table-responsive\">\n<tbody>\n<tr>\n<td class=\"text-left\"><strong>Komfortklasse <\/strong><br \/>\n<small>Mercedes C-Klasse, Volkswagen Passat (oder \u00e4hnlich), bis zu 4 Personen. Preis pro Weg.<\/small><\/td>\n<td class=\"text-right\">130 \u20ac<\/td>\n<\/tr>\n<tr>\n<td class=\"text-left\"><strong>Business-Klasse<\/strong><br \/>\n<small>Mercedes S-Klasse, Jaguar XJ, Limousine (oder \u00e4hnlich), bis zu 4 Personen. Preis pro Weg.<\/small><\/td>\n<td class=\"text-right\">150 \u20ac<\/td>\n<\/tr>\n<tr>\n<td class=\"text-left\"><strong>Gruppen<\/strong><br \/>\n<small>Hyundai H1, bis zu 7 Personen. Preis pro Weg.<\/small><\/td>\n<td class=\"text-right\">150 \u20ac<\/td>\n<\/tr>\n<tr>\n<td class=\"text-left\"><strong>Brasov &#8211; Cristian (AMBIENT MANSION Shuttle-Service, 15 Minuten)<br \/>\n<small><strong>Komfortklasse<\/strong>, bis zu 4 Personen. Preis pro Weg.<\/small><\/strong><\/td>\n<td class=\"text-right\">20 \u20ac<\/td>\n<\/tr>\n<tr>\n<td class=\"text-left\"><strong>Brasov \u2013 Cristian <\/strong>(AMBIENT MANSION Shuttle-Service, 15 Minuten)<br \/>\n<small><strong> Gruppen<\/strong>, bis zu 7 Personen. Preis pro Weg.<\/small><\/td>\n<td class=\"text-right\">40 \u20ac<\/td>\n<\/tr>\n<tr>\n<td class=\"text-left\"><strong>Brasov \u2013 Bucuresti <\/strong>(OTP) Flughafen<br \/>\n<small><strong>Gruppen<\/strong>, bis zu 3 Personen. Preis pro Weg.<\/small><\/td>\n<td class=\"text-right\">130 \u20ac<\/td>\n<\/tr>\n<tr>\n<td class=\"text-left\"><strong>Brasov \u2013 Bucuresti <\/strong>(OTP) Flughafen<br \/>\n<small><strong>Gruppen<\/strong>, bis zu 7 Personen. Preis pro Weg.<\/small><\/td>\n<td class=\"text-right\">150 \u20ac<\/td>\n<\/tr>\n<tr>\n<td class=\"text-left\"><strong>Brasov \u2013 <\/strong><strong>Sibiu <\/strong>(SBZ) Flughafen<br \/>\n<small><strong>Gruppen<\/strong>, bis zu 3 Personen. Preis pro Weg.<\/small><\/td>\n<td class=\"text-right\">130 \u20ac<\/td>\n<\/tr>\n<tr>\n<td class=\"text-left\"><strong>Brasov \u2013 <\/strong><strong>Sibiu <\/strong>(SBZ) Flughafen<br \/>\n<small><strong>Gruppen<\/strong>, bis zu 7 Personen. Preis pro Weg.<\/small><\/td>\n<td class=\"text-right\">150 \u20ac<\/td>\n<\/tr>\n<\/tbody>\n<\/table>\n[\/vc_column_text][\/vc_column][\/vc_row][vc_row full_width=&#8220;stretch_row_content_no_spaces&#8220; css=&#8220;.vc_custom_1769684530983{padding-top: 0px !important;padding-bottom: 0px !important;}&#8220;][vc_column][vc_raw_html]JTNDYSUyMG5hbWUlM0QlMjJleGN1cnNpb25lcyUyMiUzRSUzQyUyRmElM0U=[\/vc_raw_html][\/vc_column][\/vc_row][vc_row css=&#8220;.vc_custom_1769684545943{padding-top: 30px !important;padding-bottom: 30px !important;}&#8220;][vc_column width=&#8220;1\/2&#8243; offset=&#8220;vc_col-sm-offset-3&#8243;][vc_column_text css=&#8220;&#8220; el_class=&#8220;text-center&#8220;]\n<h2 class=\"text-uppercase text-center\" style=\"text-align: center;\">AUSFL\u00dcGE<\/h2>\n<p style=\"text-align: center;\">Die Preise enthalten alle Steuern, aber nicht Parkplatz, Mittag- oder Abendessen, F\u00fchrer oder jede andere Dienstleistung. Comfort Class Fahrzeuge (3 Personen) und Gruppen (bis zu 7 Passagiere). F\u00fcr mehr als sieben Personen k\u00f6nnen die Preise variieren, fragen Sie unser Team.<\/p>\n<table class=\"table table-responsive\">\n<tbody>\n<tr>\n<td class=\"text-left\"><\/td>\n<td class=\"text-left\"><strong>3 Passagiere<\/strong><\/td>\n<td class=\"text-left\"><strong>7 Passagiere<\/strong><\/td>\n<\/tr>\n<tr>\n<td class=\"text-left\"><strong>Brasov &#8211; Bran <\/strong>(Dracula Castle)<strong> &#8211; Brasov &#8211;\u00a0<\/strong>(4 Stunden)<\/td>\n<td class=\"text-left\">75 \u20ac<\/td>\n<td class=\"text-left\">95 \u20ac<\/td>\n<\/tr>\n<tr>\n<td class=\"text-left\"><strong>Brasov &#8211; Predeal &#8211; Sinaia <\/strong>(Peles Castle)<strong> &#8211; Brasov &#8211; <\/strong>(4 Stunden)<\/td>\n<td class=\"text-left\">80 \u20ac<\/td>\n<td class=\"text-left\">100 \u20ac<\/td>\n<\/tr>\n<tr>\n<td class=\"text-left\"><strong>Brasov &#8211; Sighisoara <\/strong>(Die \u00e4lteste mittelalterliche Stadt)<strong> &#8211; Brasov &#8211; <\/strong>(7 Stunden)<\/td>\n<td class=\"text-left\">120 \u20ac<\/td>\n<td class=\"text-left\">145 \u20ac<\/td>\n<\/tr>\n<tr>\n<td class=\"text-left\"><strong>Brasov &#8211; Rasnov <\/strong>(Citadel)<strong> &#8211; Bran &#8211; Poiana Brasov &#8211; Brasov &#8211; <\/strong>(5 Stunden)<\/td>\n<td class=\"text-left\">95 \u20ac<\/td>\n<td class=\"text-left\">120 \u20ac<\/td>\n<\/tr>\n<tr>\n<td class=\"text-left\"><strong>Brasov &#8211; Fagaras &#8211; Sambata Kloster\u00a0<\/strong><strong>&#8211; Brasov &#8211; <\/strong>(5 Stunden)<\/td>\n<td class=\"text-left\">85 \u20ac<\/td>\n<td class=\"text-left\">105 \u20ac<\/td>\n<\/tr>\n<tr>\n<td class=\"text-left\"><strong>Brasov &#8211; Prejmer\u00a0<\/strong><strong>&#8211; Harman <\/strong>(Befestigte s\u00e4chsische Kirchen)<strong>\u00a0&#8211; Brasov &#8211; <\/strong>(3 Stunden)<\/td>\n<td class=\"text-left\">75 \u20ac<\/td>\n<td class=\"text-left\">95 \u20ac<\/td>\n<\/tr>\n<tr>\n<td class=\"text-left\"><strong>Brasov &#8211;\u00a0H\u00f6hlenkloster \u015einca Veche <\/strong><strong>\u00a0&#8211; Brasov &#8211; <\/strong>(4 Stunden)<\/td>\n<td class=\"text-left\">75 \u20ac<\/td>\n<td class=\"text-left\">95 \u20ac<\/td>\n<\/tr>\n<tr>\n<td class=\"text-left\"><strong>Brasov &#8211; Viscri Traditionelles Dorf <\/strong>(R\u00fcckzug Charles von Wales ) <strong>&#8211;<\/strong><strong>\u00a0Brasov &#8211; <\/strong>(6 Stunden)<\/td>\n<td class=\"text-left\">95 \u20ac<\/td>\n<td class=\"text-left\">115 \u20ac<\/td>\n<\/tr>\n<tr>\n<td class=\"text-left\"><strong>Brasov \u2013 Poiana Brasov<\/strong> oder\u00a0<strong>Poiana Brasov \u2013 Brasov<\/strong><\/td>\n<td class=\"text-left\">25 \u20ac<\/td>\n<td class=\"text-left\">50 \u20ac<\/td>\n<\/tr>\n<tr>\n<td class=\"text-left\"><strong>Brasov \u2013 Ghimbav (GHV) Flughafen<\/strong>\u00a0oder\u00a0<strong>Ghimbav (GHV) Flughafen <\/strong><strong>\u00a0\u2013 Brasov<\/strong><\/td>\n<td class=\"text-left\">30 \u20ac<\/td>\n<td class=\"text-left\">60 \u20ac<\/td>\n<\/tr>\n<\/tbody>\n<\/table>\n<p><strong>Guide<\/strong>: ab 50 \u20ac \/ halber Tag, 100 \u20ac \/ ganzer Tag<br \/>\n<strong>Gesch\u00e4ftsservice<\/strong>: Jaguar XJL oder Mercedes S-Klasse \u2013 gleicher Preis wie ein Pkw f\u00fcr 3 Personen + ZUS\u00c4TZLICH 20 \u20ac \/ Fahrt[\/vc_column_text][\/vc_column][\/vc_row][vc_row full_width=&#8220;stretch_row_content_no_spaces&#8220; css=&#8220;.vc_custom_1769684570266{padding-top: 0px !important;padding-bottom: 0px !important;}&#8220;][vc_column][vc_raw_html]JTNDYSUyMG5hbWUlM0QlMjJ0cmFuc3BvcnRlJTIyJTNFJTNDJTJGYSUzRQ==[\/vc_raw_html][\/vc_column][\/vc_row][vc_row css=&#8220;.vc_custom_1769684586060{padding-top: 30px !important;padding-bottom: 30px !important;}&#8220;][vc_column width=&#8220;1\/2&#8243; offset=&#8220;vc_col-sm-offset-3&#8243;][vc_column_text el_class=&#8220;text-center&#8220;]\n<h2 class=\"text-uppercase text-center\" style=\"text-align: center;\">AUTO MIETEN UND KUNDENSPEZIFISCHE DIENSTLEISTUNGEN<\/h2>\n<p style=\"text-align: center;\">Auto Mieten -ab 20\u20ac\/Tag<\/p>\n<p style=\"text-align: center;\">Kundenspezifische Dienstleistungen &#8211; Bitte konsultieren Sie unser Team, wir passen uns Ihren Bed\u00fcrfnissen an<\/p>\n[\/vc_column_text][\/vc_column][\/vc_row][vc_row css=&#8220;.vc_custom_1769684596218{padding-top: 0px !important;padding-bottom: 0px !important;}&#8220;][vc_column][vc_raw_html]JTNDc2NyaXB0JTIwdHlwZSUzRCUyMnRleHQlMkZqYXZhc2NyaXB0JTIyJTIwc3JjJTNEJTIyaHR0cHMlM0ElMkYlMkZvcGVuLnVwcGVyYm9va2luZy5jb20lMkZob3RlbGFtYmllbnQlMkZCb29raW5nLmpzJTNGbG9jYWxlJTNEZGUlMjIlM0UlM0MlMkZzY3JpcHQlM0U=[\/vc_raw_html][\/vc_column][\/vc_row]\n<\/div>","protected":false},"excerpt":{"rendered":"<p>[vc_row full_width=&#8220;stretch_row&#8220; content_placement=&#8220;middle&#8220; position=&#8220;right center&#8220; css=&#8220;.vc_custom_1769684472276{padding-top: 30px !important;padding-bottom: 30px !important;background-position: 0 0 !important;background-repeat: no-repeat !important;}&#8220;][vc_column width=&#8220;1\/2&#8243;][vc_column_text] PROFESSIONELLE TREIBER AUF IHREM SERVICE TRANSFERS &amp; AUSFL\u00dcGE Um die W\u00fcnsche und Erwartungen unserer G\u00e4ste erf\u00fcllen bieten wir Transportdienstleistungen an Sie m\u00fcssen sich um nichts zu k\u00fcmmern, wir haben normale Transfers und Business-Class von Bukarest Flughafen und f\u00fcr jede Art von Bed\u00fcrfnis; Gesch\u00e4ftsreise oder die touristischen Attraktionen, besondere Veranstaltungen oder Ferien. Unsere Berufs Fahrer sprechen verschiedene Sprachen und possen sich an alle Ihrer Bed\u00fcrfnisse an. [\/vc_column_text][\/vc_column][vc_column width=&#8220;1\/2&#8243;][vc_single_image image=&#8220;11678&#8243; img_size=&#8220;450&#215;450&#8243; alignment=&#8220;center&#8220;][\/vc_column][\/vc_row][vc_row full_width=&#8220;stretch_row&#8220; css=&#8220;.vc_custom_1769684482509{padding-top: 30px !important;padding-bottom: 30px !important;background-image: url(https:\/\/www.staging-2.hotelambient.ro\/wp-content\/uploads\/2016\/07\/fondotranfers.jpg?id=4547) !important;background-position: center !important;background-repeat: no-repeat !important;background-size: cover !important;}&#8220;][vc_column width=&#8220;2\/3&#8243; el_class=&#8220;white-box content-padding text-uppercase&#8220; offset=&#8220;vc_col-sm-offset-2&#8243;][\/vc_column][\/vc_row][vc_row full_width=&#8220;stretch_row_content_no_spaces&#8220; css=&#8220;.vc_custom_1769684496801{padding-top: 0px !important;padding-bottom: 0px !important;}&#8220;][vc_column][vc_raw_html]JTNDYSUyMG5hbWUlM0QlMjJ0cmFuc2ZlcnMlMjIlM0UlM0MlMkZhJTNF[\/vc_raw_html][\/vc_column][\/vc_row][vc_row full_width=&#8220;stretch_row&#8220; css=&#8220;.vc_custom_1769684519650{padding-top: 30px !important;padding-bottom: [&hellip;]<\/p>\n","protected":false},"author":1,"featured_media":0,"parent":9668,"menu_order":8,"comment_status":"closed","ping_status":"closed","template":"","meta":{"footnotes":""},"class_list":["post-9735","page","type-page","status-publish","hentry"],"yoast_head":"<!-- This site is optimized with the Yoast SEO plugin v26.8 - https:\/\/yoast.com\/product\/yoast-seo-wordpress\/ -->\n<title>Transfers &amp; Ausfl\u00fcge | Hotel Ambient Brasov - Cazare \u00een centrul ora\u0219ului<\/title>\n<meta name=\"robots\" content=\"noindex, follow, max-snippet:-1, max-image-preview:large, max-video-preview:-1\" \/>\n<meta property=\"og:locale\" content=\"de_DE\" \/>\n<meta property=\"og:type\" content=\"article\" \/>\n<meta property=\"og:title\" content=\"Transfers &amp; Ausfl\u00fcge | Hotel Ambient Brasov - Cazare \u00een centrul ora\u0219ului\" \/>\n<meta property=\"og:description\" content=\"[vc_row full_width=&#8220;stretch_row&#8220; content_placement=&#8220;middle&#8220; position=&#8220;right center&#8220; css=&#8220;.vc_custom_1769684472276{padding-top: 30px !important;padding-bottom: 30px !important;background-position: 0 0 !important;background-repeat: no-repeat !important;}&#8220;][vc_column width=&#8220;1\/2&#8243;][vc_column_text] PROFESSIONELLE TREIBER AUF IHREM SERVICE TRANSFERS &amp; AUSFL\u00dcGE Um die W\u00fcnsche und Erwartungen unserer G\u00e4ste erf\u00fcllen bieten wir Transportdienstleistungen an Sie m\u00fcssen sich um nichts zu k\u00fcmmern, wir haben normale Transfers und Business-Class von Bukarest Flughafen und f\u00fcr jede Art von Bed\u00fcrfnis; Gesch\u00e4ftsreise oder die touristischen Attraktionen, besondere Veranstaltungen oder Ferien. Unsere Berufs Fahrer sprechen verschiedene Sprachen und possen sich an alle Ihrer Bed\u00fcrfnisse an. [\/vc_column_text][\/vc_column][vc_column width=&#8220;1\/2&#8243;][vc_single_image image=&#8220;11678&#8243; img_size=&#8220;450&#215;450&#8243; alignment=&#8220;center&#8220;][\/vc_column][\/vc_row][vc_row full_width=&#8220;stretch_row&#8220; css=&#8220;.vc_custom_1769684482509{padding-top: 30px !important;padding-bottom: 30px !important;background-image: url(https:\/\/www.staging-2.hotelambient.ro\/wp-content\/uploads\/2016\/07\/fondotranfers.jpg?id=4547) !important;background-position: center !important;background-repeat: no-repeat !important;background-size: cover !important;}&#8220;][vc_column width=&#8220;2\/3&#8243; el_class=&#8220;white-box content-padding text-uppercase&#8220; offset=&#8220;vc_col-sm-offset-2&#8243;][\/vc_column][\/vc_row][vc_row full_width=&#8220;stretch_row_content_no_spaces&#8220; css=&#8220;.vc_custom_1769684496801{padding-top: 0px !important;padding-bottom: 0px !important;}&#8220;][vc_column][vc_raw_html]JTNDYSUyMG5hbWUlM0QlMjJ0cmFuc2ZlcnMlMjIlM0UlM0MlMkZhJTNF[\/vc_raw_html][\/vc_column][\/vc_row][vc_row full_width=&#8220;stretch_row&#8220; css=&#8220;.vc_custom_1769684519650{padding-top: 30px !important;padding-bottom: [&hellip;]\" \/>\n<meta property=\"og:url\" content=\"https:\/\/www.staging-2.hotelambient.ro\/de\/hotel-dienstleistungen\/transfers-ausfluege\/\" \/>\n<meta property=\"og:site_name\" content=\"Hotel Ambient Brasov - Cazare \u00een centrul ora\u0219ului\" \/>\n<meta property=\"article:modified_time\" content=\"2026-01-29T11:03:18+00:00\" \/>\n<meta name=\"twitter:card\" content=\"summary_large_image\" \/>\n<meta name=\"twitter:label1\" content=\"Gesch\u00e4tzte Lesezeit\" \/>\n\t<meta name=\"twitter:data1\" content=\"5\u00a0Minuten\" \/>\n<script type=\"application\/ld+json\" class=\"yoast-schema-graph\">{\"@context\":\"https:\/\/schema.org\",\"@graph\":[{\"@type\":\"WebPage\",\"@id\":\"https:\/\/www.staging-2.hotelambient.ro\/de\/hotel-dienstleistungen\/transfers-ausfluege\/\",\"url\":\"https:\/\/www.staging-2.hotelambient.ro\/de\/hotel-dienstleistungen\/transfers-ausfluege\/\",\"name\":\"Transfers & Ausfl\u00fcge | Hotel Ambient Brasov - Cazare \u00een centrul ora\u0219ului\",\"isPartOf\":{\"@id\":\"https:\/\/www.staging-2.hotelambient.ro\/de\/#website\"},\"datePublished\":\"2016-07-03T19:34:47+00:00\",\"dateModified\":\"2026-01-29T11:03:18+00:00\",\"breadcrumb\":{\"@id\":\"https:\/\/www.staging-2.hotelambient.ro\/de\/hotel-dienstleistungen\/transfers-ausfluege\/#breadcrumb\"},\"inLanguage\":\"de\",\"potentialAction\":[{\"@type\":\"ReadAction\",\"target\":[\"https:\/\/www.staging-2.hotelambient.ro\/de\/hotel-dienstleistungen\/transfers-ausfluege\/\"]}]},{\"@type\":\"BreadcrumbList\",\"@id\":\"https:\/\/www.staging-2.hotelambient.ro\/de\/hotel-dienstleistungen\/transfers-ausfluege\/#breadcrumb\",\"itemListElement\":[{\"@type\":\"ListItem\",\"position\":1,\"name\":\"Home\",\"item\":\"https:\/\/www.staging-2.hotelambient.ro\/de\/\"},{\"@type\":\"ListItem\",\"position\":2,\"name\":\"Hotel &#038; Dienstleistungen\",\"item\":\"https:\/\/www.staging-2.hotelambient.ro\/de\/hotel-dienstleistungen\/?lang=de\"},{\"@type\":\"ListItem\",\"position\":3,\"name\":\"Transfers &#038; Ausfl\u00fcge\"}]},{\"@type\":\"WebSite\",\"@id\":\"https:\/\/www.staging-2.hotelambient.ro\/de\/#website\",\"url\":\"https:\/\/www.staging-2.hotelambient.ro\/de\/\",\"name\":\"Hotel Ambient Brasov - Cazare \u00een centrul ora\u0219ului\",\"description\":\"modern und gem\u00fctlich im Zentrum von Brasov mit allen Annehmlichkeiten, die Sie w\u00e4hrend Ihres Aufenthaltes in der Stadt und besten Hotelzimmern ben\u00f6tigen\",\"publisher\":{\"@id\":\"https:\/\/www.staging-2.hotelambient.ro\/de\/#organization\"},\"potentialAction\":[{\"@type\":\"SearchAction\",\"target\":{\"@type\":\"EntryPoint\",\"urlTemplate\":\"https:\/\/www.staging-2.hotelambient.ro\/de\/?s={search_term_string}\"},\"query-input\":{\"@type\":\"PropertyValueSpecification\",\"valueRequired\":true,\"valueName\":\"search_term_string\"}}],\"inLanguage\":\"de\"},{\"@type\":\"Organization\",\"@id\":\"https:\/\/www.staging-2.hotelambient.ro\/de\/#organization\",\"name\":\"Ambient Hotels\",\"url\":\"https:\/\/www.staging-2.hotelambient.ro\/de\/\",\"logo\":{\"@type\":\"ImageObject\",\"inLanguage\":\"de\",\"@id\":\"https:\/\/www.staging-2.hotelambient.ro\/de\/#\/schema\/logo\/image\/\",\"url\":\"https:\/\/www.staging-2.hotelambient.ro\/wp-content\/uploads\/2016\/07\/Logo001-copia-2.png\",\"contentUrl\":\"https:\/\/www.staging-2.hotelambient.ro\/wp-content\/uploads\/2016\/07\/Logo001-copia-2.png\",\"width\":300,\"height\":114,\"caption\":\"Ambient Hotels\"},\"image\":{\"@id\":\"https:\/\/www.staging-2.hotelambient.ro\/de\/#\/schema\/logo\/image\/\"}}]}<\/script>\n<!-- \/ Yoast SEO plugin. -->","yoast_head_json":{"title":"Transfers & Ausfl\u00fcge | Hotel Ambient Brasov - Cazare \u00een centrul ora\u0219ului","robots":{"index":"noindex","follow":"follow","max-snippet":"max-snippet:-1","max-image-preview":"max-image-preview:large","max-video-preview":"max-video-preview:-1"},"og_locale":"de_DE","og_type":"article","og_title":"Transfers & Ausfl\u00fcge | Hotel Ambient Brasov - Cazare \u00een centrul ora\u0219ului","og_description":"[vc_row full_width=&#8220;stretch_row&#8220; content_placement=&#8220;middle&#8220; position=&#8220;right center&#8220; css=&#8220;.vc_custom_1769684472276{padding-top: 30px !important;padding-bottom: 30px !important;background-position: 0 0 !important;background-repeat: no-repeat !important;}&#8220;][vc_column width=&#8220;1\/2&#8243;][vc_column_text] PROFESSIONELLE TREIBER AUF IHREM SERVICE TRANSFERS &amp; AUSFL\u00dcGE Um die W\u00fcnsche und Erwartungen unserer G\u00e4ste erf\u00fcllen bieten wir Transportdienstleistungen an Sie m\u00fcssen sich um nichts zu k\u00fcmmern, wir haben normale Transfers und Business-Class von Bukarest Flughafen und f\u00fcr jede Art von Bed\u00fcrfnis; Gesch\u00e4ftsreise oder die touristischen Attraktionen, besondere Veranstaltungen oder Ferien. Unsere Berufs Fahrer sprechen verschiedene Sprachen und possen sich an alle Ihrer Bed\u00fcrfnisse an. [\/vc_column_text][\/vc_column][vc_column width=&#8220;1\/2&#8243;][vc_single_image image=&#8220;11678&#8243; img_size=&#8220;450&#215;450&#8243; alignment=&#8220;center&#8220;][\/vc_column][\/vc_row][vc_row full_width=&#8220;stretch_row&#8220; css=&#8220;.vc_custom_1769684482509{padding-top: 30px !important;padding-bottom: 30px !important;background-image: url(https:\/\/www.staging-2.hotelambient.ro\/wp-content\/uploads\/2016\/07\/fondotranfers.jpg?id=4547) !important;background-position: center !important;background-repeat: no-repeat !important;background-size: cover !important;}&#8220;][vc_column width=&#8220;2\/3&#8243; el_class=&#8220;white-box content-padding text-uppercase&#8220; offset=&#8220;vc_col-sm-offset-2&#8243;][\/vc_column][\/vc_row][vc_row full_width=&#8220;stretch_row_content_no_spaces&#8220; css=&#8220;.vc_custom_1769684496801{padding-top: 0px !important;padding-bottom: 0px !important;}&#8220;][vc_column][vc_raw_html]JTNDYSUyMG5hbWUlM0QlMjJ0cmFuc2ZlcnMlMjIlM0UlM0MlMkZhJTNF[\/vc_raw_html][\/vc_column][\/vc_row][vc_row full_width=&#8220;stretch_row&#8220; css=&#8220;.vc_custom_1769684519650{padding-top: 30px !important;padding-bottom: [&hellip;]","og_url":"https:\/\/www.staging-2.hotelambient.ro\/de\/hotel-dienstleistungen\/transfers-ausfluege\/","og_site_name":"Hotel Ambient Brasov - Cazare \u00een centrul ora\u0219ului","article_modified_time":"2026-01-29T11:03:18+00:00","twitter_card":"summary_large_image","twitter_misc":{"Gesch\u00e4tzte Lesezeit":"5\u00a0Minuten"},"schema":{"@context":"https:\/\/schema.org","@graph":[{"@type":"WebPage","@id":"https:\/\/www.staging-2.hotelambient.ro\/de\/hotel-dienstleistungen\/transfers-ausfluege\/","url":"https:\/\/www.staging-2.hotelambient.ro\/de\/hotel-dienstleistungen\/transfers-ausfluege\/","name":"Transfers & Ausfl\u00fcge | Hotel Ambient Brasov - Cazare \u00een centrul ora\u0219ului","isPartOf":{"@id":"https:\/\/www.staging-2.hotelambient.ro\/de\/#website"},"datePublished":"2016-07-03T19:34:47+00:00","dateModified":"2026-01-29T11:03:18+00:00","breadcrumb":{"@id":"https:\/\/www.staging-2.hotelambient.ro\/de\/hotel-dienstleistungen\/transfers-ausfluege\/#breadcrumb"},"inLanguage":"de","potentialAction":[{"@type":"ReadAction","target":["https:\/\/www.staging-2.hotelambient.ro\/de\/hotel-dienstleistungen\/transfers-ausfluege\/"]}]},{"@type":"BreadcrumbList","@id":"https:\/\/www.staging-2.hotelambient.ro\/de\/hotel-dienstleistungen\/transfers-ausfluege\/#breadcrumb","itemListElement":[{"@type":"ListItem","position":1,"name":"Home","item":"https:\/\/www.staging-2.hotelambient.ro\/de\/"},{"@type":"ListItem","position":2,"name":"Hotel &#038; Dienstleistungen","item":"https:\/\/www.staging-2.hotelambient.ro\/de\/hotel-dienstleistungen\/?lang=de"},{"@type":"ListItem","position":3,"name":"Transfers &#038; Ausfl\u00fcge"}]},{"@type":"WebSite","@id":"https:\/\/www.staging-2.hotelambient.ro\/de\/#website","url":"https:\/\/www.staging-2.hotelambient.ro\/de\/","name":"Hotel Ambient Brasov - Cazare \u00een centrul ora\u0219ului","description":"modern und gem\u00fctlich im Zentrum von Brasov mit allen Annehmlichkeiten, die Sie w\u00e4hrend Ihres Aufenthaltes in der Stadt und besten Hotelzimmern ben\u00f6tigen","publisher":{"@id":"https:\/\/www.staging-2.hotelambient.ro\/de\/#organization"},"potentialAction":[{"@type":"SearchAction","target":{"@type":"EntryPoint","urlTemplate":"https:\/\/www.staging-2.hotelambient.ro\/de\/?s={search_term_string}"},"query-input":{"@type":"PropertyValueSpecification","valueRequired":true,"valueName":"search_term_string"}}],"inLanguage":"de"},{"@type":"Organization","@id":"https:\/\/www.staging-2.hotelambient.ro\/de\/#organization","name":"Ambient Hotels","url":"https:\/\/www.staging-2.hotelambient.ro\/de\/","logo":{"@type":"ImageObject","inLanguage":"de","@id":"https:\/\/www.staging-2.hotelambient.ro\/de\/#\/schema\/logo\/image\/","url":"https:\/\/www.staging-2.hotelambient.ro\/wp-content\/uploads\/2016\/07\/Logo001-copia-2.png","contentUrl":"https:\/\/www.staging-2.hotelambient.ro\/wp-content\/uploads\/2016\/07\/Logo001-copia-2.png","width":300,"height":114,"caption":"Ambient Hotels"},"image":{"@id":"https:\/\/www.staging-2.hotelambient.ro\/de\/#\/schema\/logo\/image\/"}}]}},"_links":{"self":[{"href":"https:\/\/www.staging-2.hotelambient.ro\/de\/wp-json\/wp\/v2\/pages\/9735","targetHints":{"allow":["GET"]}}],"collection":[{"href":"https:\/\/www.staging-2.hotelambient.ro\/de\/wp-json\/wp\/v2\/pages"}],"about":[{"href":"https:\/\/www.staging-2.hotelambient.ro\/de\/wp-json\/wp\/v2\/types\/page"}],"author":[{"embeddable":true,"href":"https:\/\/www.staging-2.hotelambient.ro\/de\/wp-json\/wp\/v2\/users\/1"}],"replies":[{"embeddable":true,"href":"https:\/\/www.staging-2.hotelambient.ro\/de\/wp-json\/wp\/v2\/comments?post=9735"}],"version-history":[{"count":4,"href":"https:\/\/www.staging-2.hotelambient.ro\/de\/wp-json\/wp\/v2\/pages\/9735\/revisions"}],"predecessor-version":[{"id":12736,"href":"https:\/\/www.staging-2.hotelambient.ro\/de\/wp-json\/wp\/v2\/pages\/9735\/revisions\/12736"}],"up":[{"embeddable":true,"href":"https:\/\/www.staging-2.hotelambient.ro\/de\/wp-json\/wp\/v2\/pages\/9668"}],"wp:attachment":[{"href":"https:\/\/www.staging-2.hotelambient.ro\/de\/wp-json\/wp\/v2\/media?parent=9735"}],"curies":[{"name":"wp","href":"https:\/\/api.w.org\/{rel}","templated":true}]}}