{"id":9739,"date":"2016-07-10T19:20:31","date_gmt":"2016-07-10T16:20:31","guid":{"rendered":"https:\/\/www.staging-2.hotelambient.ro\/fruehstueck\/"},"modified":"2025-12-08T17:04:39","modified_gmt":"2025-12-08T15:04:39","slug":"fruehstueck","status":"publish","type":"page","link":"https:\/\/www.staging-2.hotelambient.ro\/de\/gastronomie\/fruehstueck\/","title":{"rendered":"Fr\u00fchst\u00fcck"},"content":{"rendered":"<div class=\"wpb-content-wrapper\">[vc_row][vc_column][vc_images_carousel images=&#8220;4624,4625,4626,4627,4628,4629&#8243;][\/vc_column][\/vc_row][vc_row css=&#8220;.vc_custom_1468630307067{margin-top: -130px !important;}&#8220;][vc_column][vc_column_text]\n<h1 class=\"text-uppercase\" style=\"text-align: center;\"><small>DIE WICHTIGE MAHLZEIT DES TAGES<\/small><span style=\"color: #cf0e17;\">SIE DAS BESTE FR\u00dcHST\u00dcCK<\/span><\/h1>\n<p class=\"lead\" style=\"text-align: center;\">Um den Tag mit Energie beginnen ist wichtig, ein gutes Fr\u00fchst\u00fcck in Ambient wissen wir es und reichhaltiges Fr\u00fchst\u00fcck t\u00e4glich vorzubereiten.<\/p>\n<p style=\"text-align: center;\">Das Fr\u00fchst\u00fcck wird in Buffetform serviert zwischen 7 und 10 Morgen mit warmen Speisen, Gem\u00fcse, Salate, Milchprodukte, Geb\u00e4ck, hausgemachte Kuchen, Kaffee, Tee, Fr\u00fcchte, die alle in eine abwechslungsreichen und attraktiven Form pr\u00e4sentiert werden.<\/p>\n[\/vc_column_text][\/vc_column][\/vc_row][vc_row css=&#8220;.vc_custom_1468630284584{margin-top: -160px !important;}&#8220;][vc_column width=&#8220;1\/4&#8243;][\/vc_column][vc_column width=&#8220;1\/2&#8243;][vc_column_text]\n<h2 class=\"text-center\" style=\"text-align: center;\"><span style=\"color: #cf0e17;\"><i class=\"fas fa-clock-o fa-fw fa-lg\"><\/i><\/span>Fr\u00fchst\u00fcck Zeit<\/h2>\n<p style=\"text-align: center;\">Sie k\u00f6nnen das fantastisches Fr\u00fchst\u00fcck im Hotel Ambient bis 10 Uhr genie\u00dfen.<\/p>\n<p style=\"text-align: center;\">Montag &#8211; Samstag: 7.00 &#8211; 10.00 Uhr<\/p>\n<p style=\"text-align: center;\">Sonntag: 8 Uhr &#8211; 11 Uhr<\/p>\n[\/vc_column_text][\/vc_column][vc_column width=&#8220;1\/4&#8243;][\/vc_column][\/vc_row][vc_row css=&#8220;.vc_custom_1470427624852{margin-top: -200px !important;}&#8220;][vc_column][vc_raw_html]JTNDc2NyaXB0JTIwdHlwZSUzRCUyMnRleHQlMkZqYXZhc2NyaXB0JTIyJTIwc3JjJTNEJTIyaHR0cHMlM0ElMkYlMkZvcGVuLnVwcGVyYm9va2luZy5jb20lMkZob3RlbGFtYmllbnQlMkZCb29raW5nLmpzJTNGbG9jYWxlJTNEZGUlMjIlM0UlM0MlMkZzY3JpcHQlM0U=[\/vc_raw_html][\/vc_column][\/vc_row]\n<\/div>","protected":false},"excerpt":{"rendered":"<p>[vc_row][vc_column][vc_images_carousel images=&#8220;4624,4625,4626,4627,4628,4629&#8243;][\/vc_column][\/vc_row][vc_row css=&#8220;.vc_custom_1468630307067{margin-top: -130px !important;}&#8220;][vc_column][vc_column_text] DIE WICHTIGE MAHLZEIT DES TAGESSIE DAS BESTE FR\u00dcHST\u00dcCK Um den Tag mit Energie beginnen ist wichtig, ein gutes Fr\u00fchst\u00fcck in Ambient wissen wir es und reichhaltiges Fr\u00fchst\u00fcck t\u00e4glich vorzubereiten. Das Fr\u00fchst\u00fcck wird in Buffetform serviert zwischen 7 und 10 Morgen mit warmen Speisen, Gem\u00fcse, Salate, Milchprodukte, Geb\u00e4ck, hausgemachte Kuchen, Kaffee, Tee, Fr\u00fcchte, die alle in eine abwechslungsreichen und attraktiven Form pr\u00e4sentiert werden. [\/vc_column_text][\/vc_column][\/vc_row][vc_row css=&#8220;.vc_custom_1468630284584{margin-top: -160px !important;}&#8220;][vc_column width=&#8220;1\/4&#8243;][\/vc_column][vc_column width=&#8220;1\/2&#8243;][vc_column_text] Fr\u00fchst\u00fcck Zeit Sie k\u00f6nnen das fantastisches Fr\u00fchst\u00fcck im Hotel Ambient bis 10 Uhr genie\u00dfen. Montag &#8211; Samstag: 7.00 &#8211; 10.00 Uhr Sonntag: 8 Uhr &#8211; 11 Uhr [\/vc_column_text][\/vc_column][vc_column width=&#8220;1\/4&#8243;][\/vc_column][\/vc_row][vc_row css=&#8220;.vc_custom_1470427624852{margin-top: -200px !important;}&#8220;][vc_column][vc_raw_html]JTNDc2NyaXB0JTIwdHlwZSUzRCUyMnRleHQlMkZqYXZhc2NyaXB0JTIyJTIwc3JjJTNEJTIyaHR0cHMlM0ElMkYlMkZvcGVuLnVwcGVyYm9va2luZy5jb20lMkZob3RlbGFtYmllbnQlMkZCb29raW5nLmpzJTNGbG9jYWxlJTNEZGUlMjIlM0UlM0MlMkZzY3JpcHQlM0U=[\/vc_raw_html][\/vc_column][\/vc_row]<\/p>\n","protected":false},"author":1,"featured_media":0,"parent":9818,"menu_order":2,"comment_status":"closed","ping_status":"closed","template":"","meta":{"footnotes":""},"class_list":["post-9739","page","type-page","status-publish","hentry"],"yoast_head":"<!-- This site is optimized with the Yoast SEO plugin v26.8 - https:\/\/yoast.com\/product\/yoast-seo-wordpress\/ -->\n<title>Fr\u00fchst\u00fcck | Hotel Ambient Brasov - Cazare \u00een centrul ora\u0219ului<\/title>\n<meta name=\"robots\" content=\"noindex, follow, max-snippet:-1, max-image-preview:large, max-video-preview:-1\" \/>\n<meta property=\"og:locale\" content=\"de_DE\" \/>\n<meta property=\"og:type\" content=\"article\" \/>\n<meta property=\"og:title\" content=\"Fr\u00fchst\u00fcck | Hotel Ambient Brasov - Cazare \u00een centrul ora\u0219ului\" \/>\n<meta property=\"og:description\" content=\"[vc_row][vc_column][vc_images_carousel images=&#8220;4624,4625,4626,4627,4628,4629&#8243;][\/vc_column][\/vc_row][vc_row css=&#8220;.vc_custom_1468630307067{margin-top: -130px !important;}&#8220;][vc_column][vc_column_text] DIE WICHTIGE MAHLZEIT DES TAGESSIE DAS BESTE FR\u00dcHST\u00dcCK Um den Tag mit Energie beginnen ist wichtig, ein gutes Fr\u00fchst\u00fcck in Ambient wissen wir es und reichhaltiges Fr\u00fchst\u00fcck t\u00e4glich vorzubereiten. Das Fr\u00fchst\u00fcck wird in Buffetform serviert zwischen 7 und 10 Morgen mit warmen Speisen, Gem\u00fcse, Salate, Milchprodukte, Geb\u00e4ck, hausgemachte Kuchen, Kaffee, Tee, Fr\u00fcchte, die alle in eine abwechslungsreichen und attraktiven Form pr\u00e4sentiert werden. [\/vc_column_text][\/vc_column][\/vc_row][vc_row css=&#8220;.vc_custom_1468630284584{margin-top: -160px !important;}&#8220;][vc_column width=&#8220;1\/4&#8243;][\/vc_column][vc_column width=&#8220;1\/2&#8243;][vc_column_text] Fr\u00fchst\u00fcck Zeit Sie k\u00f6nnen das fantastisches Fr\u00fchst\u00fcck im Hotel Ambient bis 10 Uhr genie\u00dfen. Montag &#8211; Samstag: 7.00 &#8211; 10.00 Uhr Sonntag: 8 Uhr &#8211; 11 Uhr [\/vc_column_text][\/vc_column][vc_column width=&#8220;1\/4&#8243;][\/vc_column][\/vc_row][vc_row css=&#8220;.vc_custom_1470427624852{margin-top: -200px !important;}&#8220;][vc_column][vc_raw_html]JTNDc2NyaXB0JTIwdHlwZSUzRCUyMnRleHQlMkZqYXZhc2NyaXB0JTIyJTIwc3JjJTNEJTIyaHR0cHMlM0ElMkYlMkZvcGVuLnVwcGVyYm9va2luZy5jb20lMkZob3RlbGFtYmllbnQlMkZCb29raW5nLmpzJTNGbG9jYWxlJTNEZGUlMjIlM0UlM0MlMkZzY3JpcHQlM0U=[\/vc_raw_html][\/vc_column][\/vc_row]\" \/>\n<meta property=\"og:url\" content=\"https:\/\/www.staging-2.hotelambient.ro\/de\/gastronomie\/fruehstueck\/\" \/>\n<meta property=\"og:site_name\" content=\"Hotel Ambient Brasov - Cazare \u00een centrul ora\u0219ului\" \/>\n<meta property=\"article:modified_time\" content=\"2025-12-08T15:04:39+00:00\" \/>\n<meta name=\"twitter:card\" content=\"summary_large_image\" \/>\n<meta name=\"twitter:label1\" content=\"Gesch\u00e4tzte Lesezeit\" \/>\n\t<meta name=\"twitter:data1\" content=\"1\u00a0Minute\" \/>\n<script type=\"application\/ld+json\" class=\"yoast-schema-graph\">{\"@context\":\"https:\/\/schema.org\",\"@graph\":[{\"@type\":\"WebPage\",\"@id\":\"https:\/\/www.staging-2.hotelambient.ro\/de\/gastronomie\/fruehstueck\/\",\"url\":\"https:\/\/www.staging-2.hotelambient.ro\/de\/gastronomie\/fruehstueck\/\",\"name\":\"Fr\u00fchst\u00fcck | Hotel Ambient Brasov - Cazare \u00een centrul ora\u0219ului\",\"isPartOf\":{\"@id\":\"https:\/\/www.staging-2.hotelambient.ro\/de\/#website\"},\"datePublished\":\"2016-07-10T16:20:31+00:00\",\"dateModified\":\"2025-12-08T15:04:39+00:00\",\"breadcrumb\":{\"@id\":\"https:\/\/www.staging-2.hotelambient.ro\/de\/gastronomie\/fruehstueck\/#breadcrumb\"},\"inLanguage\":\"de\",\"potentialAction\":[{\"@type\":\"ReadAction\",\"target\":[\"https:\/\/www.staging-2.hotelambient.ro\/de\/gastronomie\/fruehstueck\/\"]}]},{\"@type\":\"BreadcrumbList\",\"@id\":\"https:\/\/www.staging-2.hotelambient.ro\/de\/gastronomie\/fruehstueck\/#breadcrumb\",\"itemListElement\":[{\"@type\":\"ListItem\",\"position\":1,\"name\":\"Home\",\"item\":\"https:\/\/www.staging-2.hotelambient.ro\/de\/\"},{\"@type\":\"ListItem\",\"position\":2,\"name\":\"Gastronomie\",\"item\":\"https:\/\/www.staging-2.hotelambient.ro\/de\/gastronomie\/\"},{\"@type\":\"ListItem\",\"position\":3,\"name\":\"Fr\u00fchst\u00fcck\"}]},{\"@type\":\"WebSite\",\"@id\":\"https:\/\/www.staging-2.hotelambient.ro\/de\/#website\",\"url\":\"https:\/\/www.staging-2.hotelambient.ro\/de\/\",\"name\":\"Hotel Ambient Brasov - Cazare \u00een centrul ora\u0219ului\",\"description\":\"modern und gem\u00fctlich im Zentrum von Brasov mit allen Annehmlichkeiten, die Sie w\u00e4hrend Ihres Aufenthaltes in der Stadt und besten Hotelzimmern ben\u00f6tigen\",\"publisher\":{\"@id\":\"https:\/\/www.staging-2.hotelambient.ro\/de\/#organization\"},\"potentialAction\":[{\"@type\":\"SearchAction\",\"target\":{\"@type\":\"EntryPoint\",\"urlTemplate\":\"https:\/\/www.staging-2.hotelambient.ro\/de\/?s={search_term_string}\"},\"query-input\":{\"@type\":\"PropertyValueSpecification\",\"valueRequired\":true,\"valueName\":\"search_term_string\"}}],\"inLanguage\":\"de\"},{\"@type\":\"Organization\",\"@id\":\"https:\/\/www.staging-2.hotelambient.ro\/de\/#organization\",\"name\":\"Ambient Hotels\",\"url\":\"https:\/\/www.staging-2.hotelambient.ro\/de\/\",\"logo\":{\"@type\":\"ImageObject\",\"inLanguage\":\"de\",\"@id\":\"https:\/\/www.staging-2.hotelambient.ro\/de\/#\/schema\/logo\/image\/\",\"url\":\"https:\/\/www.staging-2.hotelambient.ro\/wp-content\/uploads\/2016\/07\/Logo001-copia-2.png\",\"contentUrl\":\"https:\/\/www.staging-2.hotelambient.ro\/wp-content\/uploads\/2016\/07\/Logo001-copia-2.png\",\"width\":300,\"height\":114,\"caption\":\"Ambient Hotels\"},\"image\":{\"@id\":\"https:\/\/www.staging-2.hotelambient.ro\/de\/#\/schema\/logo\/image\/\"}}]}<\/script>\n<!-- \/ Yoast SEO plugin. -->","yoast_head_json":{"title":"Fr\u00fchst\u00fcck | Hotel Ambient Brasov - Cazare \u00een centrul ora\u0219ului","robots":{"index":"noindex","follow":"follow","max-snippet":"max-snippet:-1","max-image-preview":"max-image-preview:large","max-video-preview":"max-video-preview:-1"},"og_locale":"de_DE","og_type":"article","og_title":"Fr\u00fchst\u00fcck | Hotel Ambient Brasov - Cazare \u00een centrul ora\u0219ului","og_description":"[vc_row][vc_column][vc_images_carousel images=&#8220;4624,4625,4626,4627,4628,4629&#8243;][\/vc_column][\/vc_row][vc_row css=&#8220;.vc_custom_1468630307067{margin-top: -130px !important;}&#8220;][vc_column][vc_column_text] DIE WICHTIGE MAHLZEIT DES TAGESSIE DAS BESTE FR\u00dcHST\u00dcCK Um den Tag mit Energie beginnen ist wichtig, ein gutes Fr\u00fchst\u00fcck in Ambient wissen wir es und reichhaltiges Fr\u00fchst\u00fcck t\u00e4glich vorzubereiten. Das Fr\u00fchst\u00fcck wird in Buffetform serviert zwischen 7 und 10 Morgen mit warmen Speisen, Gem\u00fcse, Salate, Milchprodukte, Geb\u00e4ck, hausgemachte Kuchen, Kaffee, Tee, Fr\u00fcchte, die alle in eine abwechslungsreichen und attraktiven Form pr\u00e4sentiert werden. [\/vc_column_text][\/vc_column][\/vc_row][vc_row css=&#8220;.vc_custom_1468630284584{margin-top: -160px !important;}&#8220;][vc_column width=&#8220;1\/4&#8243;][\/vc_column][vc_column width=&#8220;1\/2&#8243;][vc_column_text] Fr\u00fchst\u00fcck Zeit Sie k\u00f6nnen das fantastisches Fr\u00fchst\u00fcck im Hotel Ambient bis 10 Uhr genie\u00dfen. Montag &#8211; Samstag: 7.00 &#8211; 10.00 Uhr Sonntag: 8 Uhr &#8211; 11 Uhr [\/vc_column_text][\/vc_column][vc_column width=&#8220;1\/4&#8243;][\/vc_column][\/vc_row][vc_row css=&#8220;.vc_custom_1470427624852{margin-top: -200px !important;}&#8220;][vc_column][vc_raw_html]JTNDc2NyaXB0JTIwdHlwZSUzRCUyMnRleHQlMkZqYXZhc2NyaXB0JTIyJTIwc3JjJTNEJTIyaHR0cHMlM0ElMkYlMkZvcGVuLnVwcGVyYm9va2luZy5jb20lMkZob3RlbGFtYmllbnQlMkZCb29raW5nLmpzJTNGbG9jYWxlJTNEZGUlMjIlM0UlM0MlMkZzY3JpcHQlM0U=[\/vc_raw_html][\/vc_column][\/vc_row]","og_url":"https:\/\/www.staging-2.hotelambient.ro\/de\/gastronomie\/fruehstueck\/","og_site_name":"Hotel Ambient Brasov - Cazare \u00een centrul ora\u0219ului","article_modified_time":"2025-12-08T15:04:39+00:00","twitter_card":"summary_large_image","twitter_misc":{"Gesch\u00e4tzte Lesezeit":"1\u00a0Minute"},"schema":{"@context":"https:\/\/schema.org","@graph":[{"@type":"WebPage","@id":"https:\/\/www.staging-2.hotelambient.ro\/de\/gastronomie\/fruehstueck\/","url":"https:\/\/www.staging-2.hotelambient.ro\/de\/gastronomie\/fruehstueck\/","name":"Fr\u00fchst\u00fcck | Hotel Ambient Brasov - Cazare \u00een centrul ora\u0219ului","isPartOf":{"@id":"https:\/\/www.staging-2.hotelambient.ro\/de\/#website"},"datePublished":"2016-07-10T16:20:31+00:00","dateModified":"2025-12-08T15:04:39+00:00","breadcrumb":{"@id":"https:\/\/www.staging-2.hotelambient.ro\/de\/gastronomie\/fruehstueck\/#breadcrumb"},"inLanguage":"de","potentialAction":[{"@type":"ReadAction","target":["https:\/\/www.staging-2.hotelambient.ro\/de\/gastronomie\/fruehstueck\/"]}]},{"@type":"BreadcrumbList","@id":"https:\/\/www.staging-2.hotelambient.ro\/de\/gastronomie\/fruehstueck\/#breadcrumb","itemListElement":[{"@type":"ListItem","position":1,"name":"Home","item":"https:\/\/www.staging-2.hotelambient.ro\/de\/"},{"@type":"ListItem","position":2,"name":"Gastronomie","item":"https:\/\/www.staging-2.hotelambient.ro\/de\/gastronomie\/"},{"@type":"ListItem","position":3,"name":"Fr\u00fchst\u00fcck"}]},{"@type":"WebSite","@id":"https:\/\/www.staging-2.hotelambient.ro\/de\/#website","url":"https:\/\/www.staging-2.hotelambient.ro\/de\/","name":"Hotel Ambient Brasov - Cazare \u00een centrul ora\u0219ului","description":"modern und gem\u00fctlich im Zentrum von Brasov mit allen Annehmlichkeiten, die Sie w\u00e4hrend Ihres Aufenthaltes in der Stadt und besten Hotelzimmern ben\u00f6tigen","publisher":{"@id":"https:\/\/www.staging-2.hotelambient.ro\/de\/#organization"},"potentialAction":[{"@type":"SearchAction","target":{"@type":"EntryPoint","urlTemplate":"https:\/\/www.staging-2.hotelambient.ro\/de\/?s={search_term_string}"},"query-input":{"@type":"PropertyValueSpecification","valueRequired":true,"valueName":"search_term_string"}}],"inLanguage":"de"},{"@type":"Organization","@id":"https:\/\/www.staging-2.hotelambient.ro\/de\/#organization","name":"Ambient Hotels","url":"https:\/\/www.staging-2.hotelambient.ro\/de\/","logo":{"@type":"ImageObject","inLanguage":"de","@id":"https:\/\/www.staging-2.hotelambient.ro\/de\/#\/schema\/logo\/image\/","url":"https:\/\/www.staging-2.hotelambient.ro\/wp-content\/uploads\/2016\/07\/Logo001-copia-2.png","contentUrl":"https:\/\/www.staging-2.hotelambient.ro\/wp-content\/uploads\/2016\/07\/Logo001-copia-2.png","width":300,"height":114,"caption":"Ambient Hotels"},"image":{"@id":"https:\/\/www.staging-2.hotelambient.ro\/de\/#\/schema\/logo\/image\/"}}]}},"_links":{"self":[{"href":"https:\/\/www.staging-2.hotelambient.ro\/de\/wp-json\/wp\/v2\/pages\/9739","targetHints":{"allow":["GET"]}}],"collection":[{"href":"https:\/\/www.staging-2.hotelambient.ro\/de\/wp-json\/wp\/v2\/pages"}],"about":[{"href":"https:\/\/www.staging-2.hotelambient.ro\/de\/wp-json\/wp\/v2\/types\/page"}],"author":[{"embeddable":true,"href":"https:\/\/www.staging-2.hotelambient.ro\/de\/wp-json\/wp\/v2\/users\/1"}],"replies":[{"embeddable":true,"href":"https:\/\/www.staging-2.hotelambient.ro\/de\/wp-json\/wp\/v2\/comments?post=9739"}],"version-history":[{"count":1,"href":"https:\/\/www.staging-2.hotelambient.ro\/de\/wp-json\/wp\/v2\/pages\/9739\/revisions"}],"predecessor-version":[{"id":10487,"href":"https:\/\/www.staging-2.hotelambient.ro\/de\/wp-json\/wp\/v2\/pages\/9739\/revisions\/10487"}],"up":[{"embeddable":true,"href":"https:\/\/www.staging-2.hotelambient.ro\/de\/wp-json\/wp\/v2\/pages\/9818"}],"wp:attachment":[{"href":"https:\/\/www.staging-2.hotelambient.ro\/de\/wp-json\/wp\/v2\/media?parent=9739"}],"curies":[{"name":"wp","href":"https:\/\/api.w.org\/{rel}","templated":true}]}}