{"id":9826,"date":"2017-05-28T12:51:28","date_gmt":"2017-05-28T09:51:28","guid":{"rendered":"https:\/\/www.staging-2.hotelambient.ro\/veranstaltungen-in-brasov\/"},"modified":"2026-01-29T17:14:01","modified_gmt":"2026-01-29T15:14:01","slug":"veranstaltungen-in-brasov","status":"publish","type":"page","link":"https:\/\/www.staging-2.hotelambient.ro\/de\/hotel-dienstleistungen\/veranstaltungen-in-brasov\/","title":{"rendered":"Veranstaltungen in Brasov"},"content":{"rendered":"<div class=\"wpb-content-wrapper\">[vc_row curly_padding=&#8220;content-padding&#8220;][vc_column width=&#8220;1\/3&#8243;][vc_column_text css=&#8220;&#8220;]\n<h1 style=\"text-align: center;\"><small>Wir laden Sie ein, Veranstaltungen, Shows, Ausstellungen, Theaterst\u00fccke der Ausnahme zu entdecken!<\/small><\/h1>\n<p style=\"text-align: center;\">Neben einer der sch\u00f6nsten St\u00e4dte Rum\u00e4niens und einer Touristenattraktion f\u00fcr Menschen aus aller Welt ist Brasov ein besonderer Ort, der bei allen Gelegenheiten seine \u00d6ffentlichkeit \u00fcberrascht. Am Fu\u00dfe von Tampa gelegen, ist die Stadt selbst ein Anblick, um sowohl von den historischen und zeitgen\u00f6ssischen Juwelen, die hier untergebracht sind, wie durch die Aktivit\u00e4ten seiner Leute, die ihren Schatz zu sch\u00e4tzen wissen, zu sehen.<\/p>\n[\/vc_column_text][\/vc_column][vc_column width=&#8220;1\/6&#8243; css=&#8220;.vc_custom_1659255339430{margin-top: 40px !important;padding-right: -20px !important;}&#8220;][vc_single_image image=&#8220;10416&#8243; alignment=&#8220;center&#8220; onclick=&#8220;custom_link&#8220; img_link_target=&#8220;_blank&#8220; css=&#8220;.vc_custom_1495965416342{margin-top: -20px !important;}&#8220; link=&#8220;http:\/\/cultura.brasovcity.ro\/ro\/calendar-evenimente\/&#8220;][vc_column_text css=&#8220;.vc_custom_1769699524182{margin-top: -25px !important;}&#8220;]\n<p style=\"text-align: center;\"><strong><span style=\"color: #7c0021;\">VERANSTALTUNGEN IN BRASOV<\/span><\/strong><\/p>\n[\/vc_column_text][\/vc_column][vc_column width=&#8220;1\/6&#8243; css=&#8220;.vc_custom_1659255324951{margin-top: 50px !important;}&#8220;][vc_raw_html]JTNDY2VudGVyJTNFJTNDZGl2JTIwc3R5bGUlM0QlMjJkaXNwbGF5JTNBYmxvY2slM0IlMjBwb3NpdGlvbiUzQXN0YXRpYyUzQiUyMHdpZHRoJTNBJTIwODVweCUzQiUyMG1hcmdpbiUzQTNweCUyMDAlM0IlMjBwYWRkaW5nJTNBJTIwMCUzQiUyMGZvbnQtZmFtaWx5JTNBJTIwQXJpYWwlMkMlMjBUYWhvbWElMkMlMjBWZXJkYW5hJTJDJTIwSGVsdmV0aWNhJTJDJTIwc2Fucy1zZXJpZiUzQiUyMGZvbnQtc2l6ZSUzQSUyMDEycHglM0IlMjB0ZXh0LWFsaWduJTNBJTIwY2VudGVyJTNCJTIyJTNFJTNDYSUyMGhyZWYlM0QlMjJodHRwJTNBJTJGJTJGd3d3LnR1cmlzdGluZm8ucm8lMkZicmFzb3YlMkZjYXphcmUtYnJhc292JTJGaG90ZWxfYW1iaWVudC1jMzIxOS5odG1sJTIyJTIwdGl0bGUlM0QlMjJIb3RlbCUyMEFtYmllbnQlMjBCcmElQzglOTlvdiUyMHBlJTIwVFVSSVNUJTIwSU5GTyUyMC5ybyUyMiUyMHRhcmdldCUzRCUyMl9zZWxmJTIyJTIwJTNFJTNDaW1nJTIwc3JjJTNEJTIyaHR0cHMlM0ElMkYlMkZ3d3cudHVyaXN0aW5mby5ybyUyRmltYWdlcyUyRmxvZ28ucG5nJTIyJTIwd2lkdGglM0QlMjI4NSUyMiUyMGhlaWdodCUzRCUyMjg1JTIyJTIwYWx0JTNEJTIyQ2F6YXJlJTIwaG90ZWx1cmklMjBwZW5zaXVuaSUyMHBlJTIwdHVyaXN0aW5mby5ybyUyMiUyMHN0eWxlJTNEJTIyYm9yZGVyJTNBMCUzQiUyMiUyMCUyMCUyRiUzRSUzQyUyRmElM0UlM0NkaXYlMjBzdHlsZSUzRCUyMm1hcmdpbiUzQTNweCUyMDAlMjAwJTIwMCUzQiUyMiUzRSUzQ2ElMjBocmVmJTNEJTIyaHR0cHMlM0ElMkYlMkZ3d3cudHVyaXN0aW5mby5ybyUyRmJyYXNvdiUyRmNhemFyZS1ob3RlbHVyaS12aWxlLXBlbnNpdW5pLWJyYXNvdi5odG1sJTIyJTIwdGl0bGUlM0QlMjJhbHRlJTIwaG90ZWx1cmklMjBzaSUyMHBlbnNpdW5pJTIwaW4lMjBCcmElQzglOTlvdiUyMiUyMHRhcmdldCUzRCUyMl9zZWxmJTIyJTIwc3R5bGUlM0QlMjJjb2xvciUzQSUyMCUyMzNCNTk5OCUzQiUyMGN1cnNvciUzQXBvaW50ZXIlM0IlMjIlM0VDYXphcmUlMjBCcmElQzglOTlvdiUzQyUyRmElM0UlM0MlMkZkaXYlM0UlM0MlMkZkaXYlM0UlM0MlMkZjZW50ZXIlM0U=[\/vc_raw_html][\/vc_column][vc_column width=&#8220;1\/6&#8243; css=&#8220;.vc_custom_1659255346606{margin-top: 70px !important;}&#8220;][vc_single_image image=&#8220;10418&#8243; alignment=&#8220;center&#8220; onclick=&#8220;custom_link&#8220; img_link_target=&#8220;_blank&#8220; css=&#8220;.vc_custom_1497884872468{margin-top: -20px !important;}&#8220; link=&#8220;https:\/\/ghidlocal.com\/brasov\/evenimente\/&#8220;][vc_column_text css=&#8220;.vc_custom_1769699548849{margin-top: -25px !important;}&#8220;]\n<p style=\"text-align: center;\"><strong><span style=\"color: #7c0021;\">LOCALE INFORMATIONEN BRASOV<\/span><\/strong><\/p>\n<p>\u00a0[\/vc_column_text][\/vc_column][vc_column width=&#8220;1\/6&#8243;][vc_single_image image=&#8220;12805&#8243; alignment=&#8220;center&#8220; onclick=&#8220;custom_link&#8220; img_link_target=&#8220;_blank&#8220; css=&#8220;.vc_custom_1769698666844{margin-top: -20px !important;}&#8220; link=&#8220;https:\/\/www.salutbrasov.ro\/&#8220;][vc_column_text css=&#8220;.vc_custom_1769698573348{margin-top: -25px !important;}&#8220;]\n<p>SALUT BRA\u0218OV<\/p>\n[\/vc_column_text][vc_column_text css=&#8220;.vc_custom_1769699632698{margin-top: -25px !important;}&#8220;]\n<p style=\"text-align: center;\"><strong><span style=\"color: #7c0021;\">GESUNDHEIT BRA\u0218OV<\/span><\/strong><\/p>\n[\/vc_column_text][\/vc_column][\/vc_row][vc_row css=&#8220;.vc_custom_1769698911053{padding-top: 0px !important;padding-bottom: 0px !important;}&#8220;][vc_column][vc_separator color=&#8220;custom&#8220; style=&#8220;shadow&#8220; border_width=&#8220;2&#8243; accent_color=&#8220;#7c0021&#8243;][\/vc_column][\/vc_row][vc_row curly_padding=&#8220;content-padding&#8220;][vc_column width=&#8220;1\/2&#8243; css=&#8220;.vc_custom_1495627794964{margin-top: 40px !important;}&#8220;][vc_single_image image=&#8220;10417&#8243; img_size=&#8220;medium&#8220; alignment=&#8220;center&#8220; css=&#8220;&#8220;][vc_wp_text]\n<p><center><a href=\"https:\/\/b2b.tripigo.ro\/b2c\/AMB\/other\/search\"><img loading=\"lazy\" decoding=\"async\" class=\"wp-image-8523 aligncenter\" src=\"https:\/\/www.staging-2.hotelambient.ro\/wp-content\/uploads\/2022\/08\/ezgif.com-gif-maker.gif\" alt=\"\" width=\"229\" height=\"229\" \/><\/a><\/center>[\/vc_wp_text][\/vc_column][vc_column width=&#8220;1\/2&#8243;][vc_images_carousel images=&#8220;10412,10413,10414,10415&#8243; onclick=&#8220;link_no&#8220;][\/vc_column][\/vc_row][vc_row css=&#8220;.vc_custom_1769698753540{padding-top: 0px !important;padding-bottom: 0px !important;}&#8220;][vc_column][vc_raw_html]JTNDc2NyaXB0JTIwdHlwZSUzRCUyMnRleHQlMkZqYXZhc2NyaXB0JTIyJTIwc3JjJTNEJTIyaHR0cHMlM0ElMkYlMkZvcGVuLnVwcGVyYm9va2luZy5jb20lMkZhbWJpZW50cGVuc2l1bmUlMkZCb29raW5nLmpzJTNGbG9jYWxlJTNEcm8lMjIlM0UlM0MlMkZzY3JpcHQlM0U=[\/vc_raw_html][\/vc_column][\/vc_row][vc_row css=&#8220;.vc_custom_1769698745315{padding-top: 0px !important;padding-bottom: 0px !important;}&#8220;][vc_column][vc_column_text]\n[\/vc_column_text][\/vc_column][\/vc_row]\n<\/div>","protected":false},"excerpt":{"rendered":"<p>[vc_row curly_padding=&#8220;content-padding&#8220;][vc_column width=&#8220;1\/3&#8243;][vc_column_text css=&#8220;&#8220;] Wir laden Sie ein, Veranstaltungen, Shows, Ausstellungen, Theaterst\u00fccke der Ausnahme zu entdecken! Neben einer der sch\u00f6nsten St\u00e4dte Rum\u00e4niens und einer Touristenattraktion f\u00fcr Menschen aus aller Welt ist Brasov ein besonderer Ort, der bei allen Gelegenheiten seine \u00d6ffentlichkeit \u00fcberrascht. Am Fu\u00dfe von Tampa gelegen, ist die Stadt selbst ein Anblick, um sowohl von den historischen und zeitgen\u00f6ssischen Juwelen, die hier untergebracht sind, wie durch die Aktivit\u00e4ten seiner Leute, die ihren Schatz zu sch\u00e4tzen wissen, zu sehen. [\/vc_column_text][\/vc_column][vc_column width=&#8220;1\/6&#8243; css=&#8220;.vc_custom_1659255339430{margin-top: 40px !important;padding-right: -20px !important;}&#8220;][vc_single_image image=&#8220;10416&#8243; alignment=&#8220;center&#8220; onclick=&#8220;custom_link&#8220; img_link_target=&#8220;_blank&#8220; css=&#8220;.vc_custom_1495965416342{margin-top: -20px !important;}&#8220; link=&#8220;http:\/\/cultura.brasovcity.ro\/ro\/calendar-evenimente\/&#8220;][vc_column_text css=&#8220;.vc_custom_1769699524182{margin-top: -25px !important;}&#8220;] VERANSTALTUNGEN IN BRASOV [\/vc_column_text][\/vc_column][vc_column width=&#8220;1\/6&#8243; css=&#8220;.vc_custom_1659255324951{margin-top: 50px !important;}&#8220;][vc_raw_html]JTNDY2VudGVyJTNFJTNDZGl2JTIwc3R5bGUlM0QlMjJkaXNwbGF5JTNBYmxvY2slM0IlMjBwb3NpdGlvbiUzQXN0YXRpYyUzQiUyMHdpZHRoJTNBJTIwODVweCUzQiUyMG1hcmdpbiUzQTNweCUyMDAlM0IlMjBwYWRkaW5nJTNBJTIwMCUzQiUyMGZvbnQtZmFtaWx5JTNBJTIwQXJpYWwlMkMlMjBUYWhvbWElMkMlMjBWZXJkYW5hJTJDJTIwSGVsdmV0aWNhJTJDJTIwc2Fucy1zZXJpZiUzQiUyMGZvbnQtc2l6ZSUzQSUyMDEycHglM0IlMjB0ZXh0LWFsaWduJTNBJTIwY2VudGVyJTNCJTIyJTNFJTNDYSUyMGhyZWYlM0QlMjJodHRwJTNBJTJGJTJGd3d3LnR1cmlzdGluZm8ucm8lMkZicmFzb3YlMkZjYXphcmUtYnJhc292JTJGaG90ZWxfYW1iaWVudC1jMzIxOS5odG1sJTIyJTIwdGl0bGUlM0QlMjJIb3RlbCUyMEFtYmllbnQlMjBCcmElQzglOTlvdiUyMHBlJTIwVFVSSVNUJTIwSU5GTyUyMC5ybyUyMiUyMHRhcmdldCUzRCUyMl9zZWxmJTIyJTIwJTNFJTNDaW1nJTIwc3JjJTNEJTIyaHR0cHMlM0ElMkYlMkZ3d3cudHVyaXN0aW5mby5ybyUyRmltYWdlcyUyRmxvZ28ucG5nJTIyJTIwd2lkdGglM0QlMjI4NSUyMiUyMGhlaWdodCUzRCUyMjg1JTIyJTIwYWx0JTNEJTIyQ2F6YXJlJTIwaG90ZWx1cmklMjBwZW5zaXVuaSUyMHBlJTIwdHVyaXN0aW5mby5ybyUyMiUyMHN0eWxlJTNEJTIyYm9yZGVyJTNBMCUzQiUyMiUyMCUyMCUyRiUzRSUzQyUyRmElM0UlM0NkaXYlMjBzdHlsZSUzRCUyMm1hcmdpbiUzQTNweCUyMDAlMjAwJTIwMCUzQiUyMiUzRSUzQ2ElMjBocmVmJTNEJTIyaHR0cHMlM0ElMkYlMkZ3d3cudHVyaXN0aW5mby5ybyUyRmJyYXNvdiUyRmNhemFyZS1ob3RlbHVyaS12aWxlLXBlbnNpdW5pLWJyYXNvdi5odG1sJTIyJTIwdGl0bGUlM0QlMjJhbHRlJTIwaG90ZWx1cmklMjBzaSUyMHBlbnNpdW5pJTIwaW4lMjBCcmElQzglOTlvdiUyMiUyMHRhcmdldCUzRCUyMl9zZWxmJTIyJTIwc3R5bGUlM0QlMjJjb2xvciUzQSUyMCUyMzNCNTk5OCUzQiUyMGN1cnNvciUzQXBvaW50ZXIlM0IlMjIlM0VDYXphcmUlMjBCcmElQzglOTlvdiUzQyUyRmElM0UlM0MlMkZkaXYlM0UlM0MlMkZkaXYlM0UlM0MlMkZjZW50ZXIlM0U=[\/vc_raw_html][\/vc_column][vc_column width=&#8220;1\/6&#8243; css=&#8220;.vc_custom_1659255346606{margin-top: 70px !important;}&#8220;][vc_single_image image=&#8220;10418&#8243; alignment=&#8220;center&#8220; onclick=&#8220;custom_link&#8220; img_link_target=&#8220;_blank&#8220; css=&#8220;.vc_custom_1497884872468{margin-top: -20px [&hellip;]<\/p>\n","protected":false},"author":2,"featured_media":0,"parent":9668,"menu_order":10,"comment_status":"closed","ping_status":"closed","template":"","meta":{"footnotes":""},"class_list":["post-9826","page","type-page","status-publish","hentry"],"yoast_head":"<!-- This site is optimized with the Yoast SEO plugin v26.8 - https:\/\/yoast.com\/product\/yoast-seo-wordpress\/ -->\n<title>Veranstaltungen in Brasov | Hotel Ambient Brasov - Cazare \u00een centrul ora\u0219ului<\/title>\n<meta name=\"robots\" content=\"noindex, follow, max-snippet:-1, max-image-preview:large, max-video-preview:-1\" \/>\n<meta property=\"og:locale\" content=\"de_DE\" \/>\n<meta property=\"og:type\" content=\"article\" \/>\n<meta property=\"og:title\" content=\"Veranstaltungen in Brasov | Hotel Ambient Brasov - Cazare \u00een centrul ora\u0219ului\" \/>\n<meta property=\"og:description\" content=\"[vc_row curly_padding=&#8220;content-padding&#8220;][vc_column width=&#8220;1\/3&#8243;][vc_column_text css=&#8220;&#8220;] Wir laden Sie ein, Veranstaltungen, Shows, Ausstellungen, Theaterst\u00fccke der Ausnahme zu entdecken! Neben einer der sch\u00f6nsten St\u00e4dte Rum\u00e4niens und einer Touristenattraktion f\u00fcr Menschen aus aller Welt ist Brasov ein besonderer Ort, der bei allen Gelegenheiten seine \u00d6ffentlichkeit \u00fcberrascht. Am Fu\u00dfe von Tampa gelegen, ist die Stadt selbst ein Anblick, um sowohl von den historischen und zeitgen\u00f6ssischen Juwelen, die hier untergebracht sind, wie durch die Aktivit\u00e4ten seiner Leute, die ihren Schatz zu sch\u00e4tzen wissen, zu sehen. [\/vc_column_text][\/vc_column][vc_column width=&#8220;1\/6&#8243; css=&#8220;.vc_custom_1659255339430{margin-top: 40px !important;padding-right: -20px !important;}&#8220;][vc_single_image image=&#8220;10416&#8243; alignment=&#8220;center&#8220; onclick=&#8220;custom_link&#8220; img_link_target=&#8220;_blank&#8220; css=&#8220;.vc_custom_1495965416342{margin-top: -20px !important;}&#8220; link=&#8220;http:\/\/cultura.brasovcity.ro\/ro\/calendar-evenimente\/&#8220;][vc_column_text css=&#8220;.vc_custom_1769699524182{margin-top: -25px !important;}&#8220;] VERANSTALTUNGEN IN BRASOV [\/vc_column_text][\/vc_column][vc_column width=&#8220;1\/6&#8243; css=&#8220;.vc_custom_1659255324951{margin-top: 50px !important;}&#8220;][vc_raw_html]JTNDY2VudGVyJTNFJTNDZGl2JTIwc3R5bGUlM0QlMjJkaXNwbGF5JTNBYmxvY2slM0IlMjBwb3NpdGlvbiUzQXN0YXRpYyUzQiUyMHdpZHRoJTNBJTIwODVweCUzQiUyMG1hcmdpbiUzQTNweCUyMDAlM0IlMjBwYWRkaW5nJTNBJTIwMCUzQiUyMGZvbnQtZmFtaWx5JTNBJTIwQXJpYWwlMkMlMjBUYWhvbWElMkMlMjBWZXJkYW5hJTJDJTIwSGVsdmV0aWNhJTJDJTIwc2Fucy1zZXJpZiUzQiUyMGZvbnQtc2l6ZSUzQSUyMDEycHglM0IlMjB0ZXh0LWFsaWduJTNBJTIwY2VudGVyJTNCJTIyJTNFJTNDYSUyMGhyZWYlM0QlMjJodHRwJTNBJTJGJTJGd3d3LnR1cmlzdGluZm8ucm8lMkZicmFzb3YlMkZjYXphcmUtYnJhc292JTJGaG90ZWxfYW1iaWVudC1jMzIxOS5odG1sJTIyJTIwdGl0bGUlM0QlMjJIb3RlbCUyMEFtYmllbnQlMjBCcmElQzglOTlvdiUyMHBlJTIwVFVSSVNUJTIwSU5GTyUyMC5ybyUyMiUyMHRhcmdldCUzRCUyMl9zZWxmJTIyJTIwJTNFJTNDaW1nJTIwc3JjJTNEJTIyaHR0cHMlM0ElMkYlMkZ3d3cudHVyaXN0aW5mby5ybyUyRmltYWdlcyUyRmxvZ28ucG5nJTIyJTIwd2lkdGglM0QlMjI4NSUyMiUyMGhlaWdodCUzRCUyMjg1JTIyJTIwYWx0JTNEJTIyQ2F6YXJlJTIwaG90ZWx1cmklMjBwZW5zaXVuaSUyMHBlJTIwdHVyaXN0aW5mby5ybyUyMiUyMHN0eWxlJTNEJTIyYm9yZGVyJTNBMCUzQiUyMiUyMCUyMCUyRiUzRSUzQyUyRmElM0UlM0NkaXYlMjBzdHlsZSUzRCUyMm1hcmdpbiUzQTNweCUyMDAlMjAwJTIwMCUzQiUyMiUzRSUzQ2ElMjBocmVmJTNEJTIyaHR0cHMlM0ElMkYlMkZ3d3cudHVyaXN0aW5mby5ybyUyRmJyYXNvdiUyRmNhemFyZS1ob3RlbHVyaS12aWxlLXBlbnNpdW5pLWJyYXNvdi5odG1sJTIyJTIwdGl0bGUlM0QlMjJhbHRlJTIwaG90ZWx1cmklMjBzaSUyMHBlbnNpdW5pJTIwaW4lMjBCcmElQzglOTlvdiUyMiUyMHRhcmdldCUzRCUyMl9zZWxmJTIyJTIwc3R5bGUlM0QlMjJjb2xvciUzQSUyMCUyMzNCNTk5OCUzQiUyMGN1cnNvciUzQXBvaW50ZXIlM0IlMjIlM0VDYXphcmUlMjBCcmElQzglOTlvdiUzQyUyRmElM0UlM0MlMkZkaXYlM0UlM0MlMkZkaXYlM0UlM0MlMkZjZW50ZXIlM0U=[\/vc_raw_html][\/vc_column][vc_column width=&#8220;1\/6&#8243; css=&#8220;.vc_custom_1659255346606{margin-top: 70px !important;}&#8220;][vc_single_image image=&#8220;10418&#8243; alignment=&#8220;center&#8220; onclick=&#8220;custom_link&#8220; img_link_target=&#8220;_blank&#8220; css=&#8220;.vc_custom_1497884872468{margin-top: -20px [&hellip;]\" \/>\n<meta property=\"og:url\" content=\"https:\/\/www.staging-2.hotelambient.ro\/de\/hotel-dienstleistungen\/veranstaltungen-in-brasov\/\" \/>\n<meta property=\"og:site_name\" content=\"Hotel Ambient Brasov - Cazare \u00een centrul ora\u0219ului\" \/>\n<meta property=\"article:modified_time\" content=\"2026-01-29T15:14:01+00:00\" \/>\n<meta property=\"og:image\" content=\"https:\/\/www.staging-2.hotelambient.ro\/wp-content\/uploads\/2022\/08\/ezgif.com-gif-maker.gif\" \/>\n<meta name=\"twitter:card\" content=\"summary_large_image\" \/>\n<meta name=\"twitter:label1\" content=\"Gesch\u00e4tzte Lesezeit\" \/>\n\t<meta name=\"twitter:data1\" content=\"3\u00a0Minuten\" \/>\n<script type=\"application\/ld+json\" class=\"yoast-schema-graph\">{\"@context\":\"https:\/\/schema.org\",\"@graph\":[{\"@type\":\"WebPage\",\"@id\":\"https:\/\/www.staging-2.hotelambient.ro\/de\/hotel-dienstleistungen\/veranstaltungen-in-brasov\/\",\"url\":\"https:\/\/www.staging-2.hotelambient.ro\/de\/hotel-dienstleistungen\/veranstaltungen-in-brasov\/\",\"name\":\"Veranstaltungen in Brasov | Hotel Ambient Brasov - Cazare \u00een centrul ora\u0219ului\",\"isPartOf\":{\"@id\":\"https:\/\/www.staging-2.hotelambient.ro\/de\/#website\"},\"primaryImageOfPage\":{\"@id\":\"https:\/\/www.staging-2.hotelambient.ro\/de\/hotel-dienstleistungen\/veranstaltungen-in-brasov\/#primaryimage\"},\"image\":{\"@id\":\"https:\/\/www.staging-2.hotelambient.ro\/de\/hotel-dienstleistungen\/veranstaltungen-in-brasov\/#primaryimage\"},\"thumbnailUrl\":\"https:\/\/www.staging-2.hotelambient.ro\/wp-content\/uploads\/2022\/08\/ezgif.com-gif-maker.gif\",\"datePublished\":\"2017-05-28T09:51:28+00:00\",\"dateModified\":\"2026-01-29T15:14:01+00:00\",\"breadcrumb\":{\"@id\":\"https:\/\/www.staging-2.hotelambient.ro\/de\/hotel-dienstleistungen\/veranstaltungen-in-brasov\/#breadcrumb\"},\"inLanguage\":\"de\",\"potentialAction\":[{\"@type\":\"ReadAction\",\"target\":[\"https:\/\/www.staging-2.hotelambient.ro\/de\/hotel-dienstleistungen\/veranstaltungen-in-brasov\/\"]}]},{\"@type\":\"ImageObject\",\"inLanguage\":\"de\",\"@id\":\"https:\/\/www.staging-2.hotelambient.ro\/de\/hotel-dienstleistungen\/veranstaltungen-in-brasov\/#primaryimage\",\"url\":\"https:\/\/www.staging-2.hotelambient.ro\/wp-content\/uploads\/2022\/08\/ezgif.com-gif-maker.gif\",\"contentUrl\":\"https:\/\/www.staging-2.hotelambient.ro\/wp-content\/uploads\/2022\/08\/ezgif.com-gif-maker.gif\"},{\"@type\":\"BreadcrumbList\",\"@id\":\"https:\/\/www.staging-2.hotelambient.ro\/de\/hotel-dienstleistungen\/veranstaltungen-in-brasov\/#breadcrumb\",\"itemListElement\":[{\"@type\":\"ListItem\",\"position\":1,\"name\":\"Home\",\"item\":\"https:\/\/www.staging-2.hotelambient.ro\/de\/\"},{\"@type\":\"ListItem\",\"position\":2,\"name\":\"Hotel &#038; Dienstleistungen\",\"item\":\"https:\/\/www.staging-2.hotelambient.ro\/de\/hotel-dienstleistungen\/?lang=de\"},{\"@type\":\"ListItem\",\"position\":3,\"name\":\"Veranstaltungen in Brasov\"}]},{\"@type\":\"WebSite\",\"@id\":\"https:\/\/www.staging-2.hotelambient.ro\/de\/#website\",\"url\":\"https:\/\/www.staging-2.hotelambient.ro\/de\/\",\"name\":\"Hotel Ambient Brasov - Cazare \u00een centrul ora\u0219ului\",\"description\":\"modern und gem\u00fctlich im Zentrum von Brasov mit allen Annehmlichkeiten, die Sie w\u00e4hrend Ihres Aufenthaltes in der Stadt und besten Hotelzimmern ben\u00f6tigen\",\"publisher\":{\"@id\":\"https:\/\/www.staging-2.hotelambient.ro\/de\/#organization\"},\"potentialAction\":[{\"@type\":\"SearchAction\",\"target\":{\"@type\":\"EntryPoint\",\"urlTemplate\":\"https:\/\/www.staging-2.hotelambient.ro\/de\/?s={search_term_string}\"},\"query-input\":{\"@type\":\"PropertyValueSpecification\",\"valueRequired\":true,\"valueName\":\"search_term_string\"}}],\"inLanguage\":\"de\"},{\"@type\":\"Organization\",\"@id\":\"https:\/\/www.staging-2.hotelambient.ro\/de\/#organization\",\"name\":\"Ambient Hotels\",\"url\":\"https:\/\/www.staging-2.hotelambient.ro\/de\/\",\"logo\":{\"@type\":\"ImageObject\",\"inLanguage\":\"de\",\"@id\":\"https:\/\/www.staging-2.hotelambient.ro\/de\/#\/schema\/logo\/image\/\",\"url\":\"https:\/\/www.staging-2.hotelambient.ro\/wp-content\/uploads\/2016\/07\/Logo001-copia-2.png\",\"contentUrl\":\"https:\/\/www.staging-2.hotelambient.ro\/wp-content\/uploads\/2016\/07\/Logo001-copia-2.png\",\"width\":300,\"height\":114,\"caption\":\"Ambient Hotels\"},\"image\":{\"@id\":\"https:\/\/www.staging-2.hotelambient.ro\/de\/#\/schema\/logo\/image\/\"}}]}<\/script>\n<!-- \/ Yoast SEO plugin. -->","yoast_head_json":{"title":"Veranstaltungen in Brasov | Hotel Ambient Brasov - Cazare \u00een centrul ora\u0219ului","robots":{"index":"noindex","follow":"follow","max-snippet":"max-snippet:-1","max-image-preview":"max-image-preview:large","max-video-preview":"max-video-preview:-1"},"og_locale":"de_DE","og_type":"article","og_title":"Veranstaltungen in Brasov | Hotel Ambient Brasov - Cazare \u00een centrul ora\u0219ului","og_description":"[vc_row curly_padding=&#8220;content-padding&#8220;][vc_column width=&#8220;1\/3&#8243;][vc_column_text css=&#8220;&#8220;] Wir laden Sie ein, Veranstaltungen, Shows, Ausstellungen, Theaterst\u00fccke der Ausnahme zu entdecken! Neben einer der sch\u00f6nsten St\u00e4dte Rum\u00e4niens und einer Touristenattraktion f\u00fcr Menschen aus aller Welt ist Brasov ein besonderer Ort, der bei allen Gelegenheiten seine \u00d6ffentlichkeit \u00fcberrascht. Am Fu\u00dfe von Tampa gelegen, ist die Stadt selbst ein Anblick, um sowohl von den historischen und zeitgen\u00f6ssischen Juwelen, die hier untergebracht sind, wie durch die Aktivit\u00e4ten seiner Leute, die ihren Schatz zu sch\u00e4tzen wissen, zu sehen. [\/vc_column_text][\/vc_column][vc_column width=&#8220;1\/6&#8243; css=&#8220;.vc_custom_1659255339430{margin-top: 40px !important;padding-right: -20px !important;}&#8220;][vc_single_image image=&#8220;10416&#8243; alignment=&#8220;center&#8220; onclick=&#8220;custom_link&#8220; img_link_target=&#8220;_blank&#8220; css=&#8220;.vc_custom_1495965416342{margin-top: -20px !important;}&#8220; link=&#8220;http:\/\/cultura.brasovcity.ro\/ro\/calendar-evenimente\/&#8220;][vc_column_text css=&#8220;.vc_custom_1769699524182{margin-top: -25px !important;}&#8220;] VERANSTALTUNGEN IN BRASOV [\/vc_column_text][\/vc_column][vc_column width=&#8220;1\/6&#8243; css=&#8220;.vc_custom_1659255324951{margin-top: 50px !important;}&#8220;][vc_raw_html]JTNDY2VudGVyJTNFJTNDZGl2JTIwc3R5bGUlM0QlMjJkaXNwbGF5JTNBYmxvY2slM0IlMjBwb3NpdGlvbiUzQXN0YXRpYyUzQiUyMHdpZHRoJTNBJTIwODVweCUzQiUyMG1hcmdpbiUzQTNweCUyMDAlM0IlMjBwYWRkaW5nJTNBJTIwMCUzQiUyMGZvbnQtZmFtaWx5JTNBJTIwQXJpYWwlMkMlMjBUYWhvbWElMkMlMjBWZXJkYW5hJTJDJTIwSGVsdmV0aWNhJTJDJTIwc2Fucy1zZXJpZiUzQiUyMGZvbnQtc2l6ZSUzQSUyMDEycHglM0IlMjB0ZXh0LWFsaWduJTNBJTIwY2VudGVyJTNCJTIyJTNFJTNDYSUyMGhyZWYlM0QlMjJodHRwJTNBJTJGJTJGd3d3LnR1cmlzdGluZm8ucm8lMkZicmFzb3YlMkZjYXphcmUtYnJhc292JTJGaG90ZWxfYW1iaWVudC1jMzIxOS5odG1sJTIyJTIwdGl0bGUlM0QlMjJIb3RlbCUyMEFtYmllbnQlMjBCcmElQzglOTlvdiUyMHBlJTIwVFVSSVNUJTIwSU5GTyUyMC5ybyUyMiUyMHRhcmdldCUzRCUyMl9zZWxmJTIyJTIwJTNFJTNDaW1nJTIwc3JjJTNEJTIyaHR0cHMlM0ElMkYlMkZ3d3cudHVyaXN0aW5mby5ybyUyRmltYWdlcyUyRmxvZ28ucG5nJTIyJTIwd2lkdGglM0QlMjI4NSUyMiUyMGhlaWdodCUzRCUyMjg1JTIyJTIwYWx0JTNEJTIyQ2F6YXJlJTIwaG90ZWx1cmklMjBwZW5zaXVuaSUyMHBlJTIwdHVyaXN0aW5mby5ybyUyMiUyMHN0eWxlJTNEJTIyYm9yZGVyJTNBMCUzQiUyMiUyMCUyMCUyRiUzRSUzQyUyRmElM0UlM0NkaXYlMjBzdHlsZSUzRCUyMm1hcmdpbiUzQTNweCUyMDAlMjAwJTIwMCUzQiUyMiUzRSUzQ2ElMjBocmVmJTNEJTIyaHR0cHMlM0ElMkYlMkZ3d3cudHVyaXN0aW5mby5ybyUyRmJyYXNvdiUyRmNhemFyZS1ob3RlbHVyaS12aWxlLXBlbnNpdW5pLWJyYXNvdi5odG1sJTIyJTIwdGl0bGUlM0QlMjJhbHRlJTIwaG90ZWx1cmklMjBzaSUyMHBlbnNpdW5pJTIwaW4lMjBCcmElQzglOTlvdiUyMiUyMHRhcmdldCUzRCUyMl9zZWxmJTIyJTIwc3R5bGUlM0QlMjJjb2xvciUzQSUyMCUyMzNCNTk5OCUzQiUyMGN1cnNvciUzQXBvaW50ZXIlM0IlMjIlM0VDYXphcmUlMjBCcmElQzglOTlvdiUzQyUyRmElM0UlM0MlMkZkaXYlM0UlM0MlMkZkaXYlM0UlM0MlMkZjZW50ZXIlM0U=[\/vc_raw_html][\/vc_column][vc_column width=&#8220;1\/6&#8243; css=&#8220;.vc_custom_1659255346606{margin-top: 70px !important;}&#8220;][vc_single_image image=&#8220;10418&#8243; alignment=&#8220;center&#8220; onclick=&#8220;custom_link&#8220; img_link_target=&#8220;_blank&#8220; css=&#8220;.vc_custom_1497884872468{margin-top: -20px [&hellip;]","og_url":"https:\/\/www.staging-2.hotelambient.ro\/de\/hotel-dienstleistungen\/veranstaltungen-in-brasov\/","og_site_name":"Hotel Ambient Brasov - Cazare \u00een centrul ora\u0219ului","article_modified_time":"2026-01-29T15:14:01+00:00","og_image":[{"url":"https:\/\/www.staging-2.hotelambient.ro\/wp-content\/uploads\/2022\/08\/ezgif.com-gif-maker.gif","type":"","width":"","height":""}],"twitter_card":"summary_large_image","twitter_misc":{"Gesch\u00e4tzte Lesezeit":"3\u00a0Minuten"},"schema":{"@context":"https:\/\/schema.org","@graph":[{"@type":"WebPage","@id":"https:\/\/www.staging-2.hotelambient.ro\/de\/hotel-dienstleistungen\/veranstaltungen-in-brasov\/","url":"https:\/\/www.staging-2.hotelambient.ro\/de\/hotel-dienstleistungen\/veranstaltungen-in-brasov\/","name":"Veranstaltungen in Brasov | Hotel Ambient Brasov - Cazare \u00een centrul ora\u0219ului","isPartOf":{"@id":"https:\/\/www.staging-2.hotelambient.ro\/de\/#website"},"primaryImageOfPage":{"@id":"https:\/\/www.staging-2.hotelambient.ro\/de\/hotel-dienstleistungen\/veranstaltungen-in-brasov\/#primaryimage"},"image":{"@id":"https:\/\/www.staging-2.hotelambient.ro\/de\/hotel-dienstleistungen\/veranstaltungen-in-brasov\/#primaryimage"},"thumbnailUrl":"https:\/\/www.staging-2.hotelambient.ro\/wp-content\/uploads\/2022\/08\/ezgif.com-gif-maker.gif","datePublished":"2017-05-28T09:51:28+00:00","dateModified":"2026-01-29T15:14:01+00:00","breadcrumb":{"@id":"https:\/\/www.staging-2.hotelambient.ro\/de\/hotel-dienstleistungen\/veranstaltungen-in-brasov\/#breadcrumb"},"inLanguage":"de","potentialAction":[{"@type":"ReadAction","target":["https:\/\/www.staging-2.hotelambient.ro\/de\/hotel-dienstleistungen\/veranstaltungen-in-brasov\/"]}]},{"@type":"ImageObject","inLanguage":"de","@id":"https:\/\/www.staging-2.hotelambient.ro\/de\/hotel-dienstleistungen\/veranstaltungen-in-brasov\/#primaryimage","url":"https:\/\/www.staging-2.hotelambient.ro\/wp-content\/uploads\/2022\/08\/ezgif.com-gif-maker.gif","contentUrl":"https:\/\/www.staging-2.hotelambient.ro\/wp-content\/uploads\/2022\/08\/ezgif.com-gif-maker.gif"},{"@type":"BreadcrumbList","@id":"https:\/\/www.staging-2.hotelambient.ro\/de\/hotel-dienstleistungen\/veranstaltungen-in-brasov\/#breadcrumb","itemListElement":[{"@type":"ListItem","position":1,"name":"Home","item":"https:\/\/www.staging-2.hotelambient.ro\/de\/"},{"@type":"ListItem","position":2,"name":"Hotel &#038; Dienstleistungen","item":"https:\/\/www.staging-2.hotelambient.ro\/de\/hotel-dienstleistungen\/?lang=de"},{"@type":"ListItem","position":3,"name":"Veranstaltungen in Brasov"}]},{"@type":"WebSite","@id":"https:\/\/www.staging-2.hotelambient.ro\/de\/#website","url":"https:\/\/www.staging-2.hotelambient.ro\/de\/","name":"Hotel Ambient Brasov - Cazare \u00een centrul ora\u0219ului","description":"modern und gem\u00fctlich im Zentrum von Brasov mit allen Annehmlichkeiten, die Sie w\u00e4hrend Ihres Aufenthaltes in der Stadt und besten Hotelzimmern ben\u00f6tigen","publisher":{"@id":"https:\/\/www.staging-2.hotelambient.ro\/de\/#organization"},"potentialAction":[{"@type":"SearchAction","target":{"@type":"EntryPoint","urlTemplate":"https:\/\/www.staging-2.hotelambient.ro\/de\/?s={search_term_string}"},"query-input":{"@type":"PropertyValueSpecification","valueRequired":true,"valueName":"search_term_string"}}],"inLanguage":"de"},{"@type":"Organization","@id":"https:\/\/www.staging-2.hotelambient.ro\/de\/#organization","name":"Ambient Hotels","url":"https:\/\/www.staging-2.hotelambient.ro\/de\/","logo":{"@type":"ImageObject","inLanguage":"de","@id":"https:\/\/www.staging-2.hotelambient.ro\/de\/#\/schema\/logo\/image\/","url":"https:\/\/www.staging-2.hotelambient.ro\/wp-content\/uploads\/2016\/07\/Logo001-copia-2.png","contentUrl":"https:\/\/www.staging-2.hotelambient.ro\/wp-content\/uploads\/2016\/07\/Logo001-copia-2.png","width":300,"height":114,"caption":"Ambient Hotels"},"image":{"@id":"https:\/\/www.staging-2.hotelambient.ro\/de\/#\/schema\/logo\/image\/"}}]}},"_links":{"self":[{"href":"https:\/\/www.staging-2.hotelambient.ro\/de\/wp-json\/wp\/v2\/pages\/9826","targetHints":{"allow":["GET"]}}],"collection":[{"href":"https:\/\/www.staging-2.hotelambient.ro\/de\/wp-json\/wp\/v2\/pages"}],"about":[{"href":"https:\/\/www.staging-2.hotelambient.ro\/de\/wp-json\/wp\/v2\/types\/page"}],"author":[{"embeddable":true,"href":"https:\/\/www.staging-2.hotelambient.ro\/de\/wp-json\/wp\/v2\/users\/2"}],"replies":[{"embeddable":true,"href":"https:\/\/www.staging-2.hotelambient.ro\/de\/wp-json\/wp\/v2\/comments?post=9826"}],"version-history":[{"count":7,"href":"https:\/\/www.staging-2.hotelambient.ro\/de\/wp-json\/wp\/v2\/pages\/9826\/revisions"}],"predecessor-version":[{"id":12810,"href":"https:\/\/www.staging-2.hotelambient.ro\/de\/wp-json\/wp\/v2\/pages\/9826\/revisions\/12810"}],"up":[{"embeddable":true,"href":"https:\/\/www.staging-2.hotelambient.ro\/de\/wp-json\/wp\/v2\/pages\/9668"}],"wp:attachment":[{"href":"https:\/\/www.staging-2.hotelambient.ro\/de\/wp-json\/wp\/v2\/media?parent=9826"}],"curies":[{"name":"wp","href":"https:\/\/api.w.org\/{rel}","templated":true}]}}