{"id":9671,"date":"2014-09-14T09:20:02","date_gmt":"2014-09-14T06:20:02","guid":{"rendered":"https:\/\/www.staging-2.hotelambient.ro\/bodas-y-celebraciones\/"},"modified":"2025-12-08T15:47:25","modified_gmt":"2025-12-08T13:47:25","slug":"bodas-y-celebraciones","status":"publish","type":"page","link":"https:\/\/www.staging-2.hotelambient.ro\/es\/hotel-servicios\/bodas-y-celebraciones\/","title":{"rendered":"Bodas y Celebraciones"},"content":{"rendered":"<div class=\"wpb-content-wrapper\">[vc_row][vc_column width=\u00bb1\/3&#8243;][vc_column_text]\n<h2><small>Ven y prepara<\/small><span style=\"color: #cf0e17;\">la Boda de tus Sue\u00f1os<\/span><\/h2>\n<p>Contamos con 17 a\u00f1os de experiencia en la organizaci\u00f3n de eventos especiales y somos expertos en planificar junto con ustedes hasta el m\u00e1s peque\u00f1o detalle, para conseguir que el d\u00eda celebrado con nosotros sea inolvidable y quede siempre vivo en su memoria y coraz\u00f3n.<br \/>\nOrganizamos bodas, bautizos, reuniones, cenas especiales, para un m\u00e1ximo de 150 personas y les daremos la \u00b4\u00b4Bienvenida\u00b4\u00b4 para disfrutar de todas las sorpresas que les tenemos preparadas.<\/p>\n<p><a class=\"btn btn-inline\" href=\"https:\/\/www.staging-2.hotelambient.ro\/contact\/\">Planifica tu boda<\/a>[\/vc_column_text][\/vc_column][vc_column width=\u00bb1\/3&#8243;][vc_single_image image=\u00bb4411&#8243; img_size=\u00bblarge\u00bb alignment=\u00bbcenter\u00bb][\/vc_column][vc_column width=\u00bb1\/3&#8243;][vc_column_text]\n<h2 style=\"text-align: right;\"><small>Siempre preparados para ayudarte<\/small><span style=\"color: #cf0e17;\">Equipo de Eventos<\/span><\/h2>\n<p style=\"text-align: right;\">El departamento de eventos del Hotel Ambient es altamente preparado para ayudarles desde el primer momento a planificar cada paso y organizamos todo teniendo en cuenta sus sue\u00f1os, necesidades y exigencias.<\/p>\n<p style=\"text-align: right;\"><a class=\"btn btn-inline\" href=\"https:\/\/www.staging-2.hotelambient.ro\/contact\/\">Contacta con nuestro equipo<\/a><\/p>\n[\/vc_column_text][\/vc_column][\/vc_row][vc_row full_width=\u00bbstretch_row\u00bb position=\u00bbcenter bottom\u00bb css=\u00bb.vc_custom_1468584588831{background-image: url(https:\/\/www.staging-2.hotelambient.ro\/wp-content\/uploads\/2014\/09\/hevtar4.jpg?id=4416) !important;}\u00bb][vc_column width=\u00bb1\/4&#8243;][\/vc_column][vc_column width=\u00bb1\/2&#8243;][vc_images_carousel images=\u00bb4429,4430&#8243; onclick=\u00bblink_no\u00bb][\/vc_column][vc_column width=\u00bb1\/4&#8243;][\/vc_column][\/vc_row][vc_row full_width=\u00bbstretch_row\u00bb position=\u00bbcenter center\u00bb css=\u00bb.vc_custom_1468600091374{background-image: url(https:\/\/www.staging-2.hotelambient.ro\/wp-content\/uploads\/2014\/09\/hevtar10.jpg?id=4443) !important;background-position: center !important;background-repeat: no-repeat !important;background-size: cover !important;}\u00bb][vc_column width=\u00bb2\/3&#8243; offset=\u00bbvc_col-sm-offset-2&#8243;][vc_column_text]\n<blockquote><p><span style=\"color: #cf0e17;\">\u201cI experienced the fairytale wedding that I always dreamed of at Ambient, thanks to the staff and their awesome\u00a0hospitality!\u201d<cite>Jessica Howard on TripAdvisor<\/cite><\/span><\/p><\/blockquote>\n[\/vc_column_text][\/vc_column][\/vc_row][vc_row][vc_column][vc_gallery images=\u00bb4445,4446,4447,4448,4449&#8243; img_size=\u00bbsmall\u00bb onclick=\u00bb\u00bb columns=\u00bb5&#8243;][\/vc_column][\/vc_row][vc_row css=\u00bb.vc_custom_1470397530640{margin-bottom: -200px !important;}\u00bb][vc_column][vc_raw_html]JTNDc2NyaXB0JTIwdHlwZSUzRCUyMnRleHQlMkZqYXZhc2NyaXB0JTIyJTIwc3JjJTNEJTIyaHR0cHMlM0ElMkYlMkZvcGVuLnVwcGVyYm9va2luZy5jb20lMkZob3RlbGFtYmllbnQlMkZCb29raW5nLmpzJTNGbG9jYWxlJTNEZXMlMjIlM0UlM0MlMkZzY3JpcHQlM0U=[\/vc_raw_html][\/vc_column][\/vc_row]\n<\/div>","protected":false},"excerpt":{"rendered":"<p>[vc_row][vc_column width=\u00bb1\/3&#8243;][vc_column_text] Ven y preparala Boda de tus Sue\u00f1os Contamos con 17 a\u00f1os de experiencia en la organizaci\u00f3n de eventos especiales y somos expertos en planificar junto con ustedes hasta el m\u00e1s peque\u00f1o detalle, para conseguir que el d\u00eda celebrado con nosotros sea inolvidable y quede siempre vivo en su memoria y coraz\u00f3n. Organizamos bodas, bautizos, reuniones, cenas especiales, para un m\u00e1ximo de 150 personas y les daremos la \u00b4\u00b4Bienvenida\u00b4\u00b4 para disfrutar de todas las sorpresas que les tenemos preparadas. Planifica tu boda[\/vc_column_text][\/vc_column][vc_column width=\u00bb1\/3&#8243;][vc_single_image image=\u00bb4411&#8243; img_size=\u00bblarge\u00bb alignment=\u00bbcenter\u00bb][\/vc_column][vc_column width=\u00bb1\/3&#8243;][vc_column_text] Siempre preparados para ayudarteEquipo de Eventos El departamento de eventos del Hotel Ambient es altamente preparado para ayudarles desde el primer momento a planificar cada paso y [&hellip;]<\/p>\n","protected":false},"author":1,"featured_media":0,"parent":9667,"menu_order":4,"comment_status":"closed","ping_status":"open","template":"","meta":{"footnotes":""},"class_list":["post-9671","page","type-page","status-publish","hentry"],"yoast_head":"<!-- This site is optimized with the Yoast SEO plugin v26.8 - https:\/\/yoast.com\/product\/yoast-seo-wordpress\/ -->\n<title>Bodas y Celebraciones | Hotel Ambient Brasov - Cazare \u00een centrul ora\u0219ului<\/title>\n<meta name=\"robots\" content=\"noindex, follow, max-snippet:-1, max-image-preview:large, max-video-preview:-1\" \/>\n<meta property=\"og:locale\" content=\"es_ES\" \/>\n<meta property=\"og:type\" content=\"article\" \/>\n<meta property=\"og:title\" content=\"Bodas y Celebraciones | Hotel Ambient Brasov - Cazare \u00een centrul ora\u0219ului\" \/>\n<meta property=\"og:description\" content=\"[vc_row][vc_column width=\u00bb1\/3&#8243;][vc_column_text] Ven y preparala Boda de tus Sue\u00f1os Contamos con 17 a\u00f1os de experiencia en la organizaci\u00f3n de eventos especiales y somos expertos en planificar junto con ustedes hasta el m\u00e1s peque\u00f1o detalle, para conseguir que el d\u00eda celebrado con nosotros sea inolvidable y quede siempre vivo en su memoria y coraz\u00f3n. Organizamos bodas, bautizos, reuniones, cenas especiales, para un m\u00e1ximo de 150 personas y les daremos la \u00b4\u00b4Bienvenida\u00b4\u00b4 para disfrutar de todas las sorpresas que les tenemos preparadas. Planifica tu boda[\/vc_column_text][\/vc_column][vc_column width=\u00bb1\/3&#8243;][vc_single_image image=\u00bb4411&#8243; img_size=\u00bblarge\u00bb alignment=\u00bbcenter\u00bb][\/vc_column][vc_column width=\u00bb1\/3&#8243;][vc_column_text] Siempre preparados para ayudarteEquipo de Eventos El departamento de eventos del Hotel Ambient es altamente preparado para ayudarles desde el primer momento a planificar cada paso y [&hellip;]\" \/>\n<meta property=\"og:url\" content=\"https:\/\/www.staging-2.hotelambient.ro\/es\/hotel-servicios\/bodas-y-celebraciones\/\" \/>\n<meta property=\"og:site_name\" content=\"Hotel Ambient Brasov - Cazare \u00een centrul ora\u0219ului\" \/>\n<meta property=\"article:modified_time\" content=\"2025-12-08T13:47:25+00:00\" \/>\n<meta name=\"twitter:card\" content=\"summary_large_image\" \/>\n<meta name=\"twitter:label1\" content=\"Tiempo de lectura\" \/>\n\t<meta name=\"twitter:data1\" content=\"2 minutos\" \/>\n<script type=\"application\/ld+json\" class=\"yoast-schema-graph\">{\"@context\":\"https:\/\/schema.org\",\"@graph\":[{\"@type\":\"WebPage\",\"@id\":\"https:\/\/www.staging-2.hotelambient.ro\/es\/hotel-servicios\/bodas-y-celebraciones\/\",\"url\":\"https:\/\/www.staging-2.hotelambient.ro\/es\/hotel-servicios\/bodas-y-celebraciones\/\",\"name\":\"Bodas y Celebraciones | Hotel Ambient Brasov - Cazare \u00een centrul ora\u0219ului\",\"isPartOf\":{\"@id\":\"https:\/\/www.staging-2.hotelambient.ro\/es\/#website\"},\"datePublished\":\"2014-09-14T06:20:02+00:00\",\"dateModified\":\"2025-12-08T13:47:25+00:00\",\"breadcrumb\":{\"@id\":\"https:\/\/www.staging-2.hotelambient.ro\/es\/hotel-servicios\/bodas-y-celebraciones\/#breadcrumb\"},\"inLanguage\":\"es\",\"potentialAction\":[{\"@type\":\"ReadAction\",\"target\":[\"https:\/\/www.staging-2.hotelambient.ro\/es\/hotel-servicios\/bodas-y-celebraciones\/\"]}]},{\"@type\":\"BreadcrumbList\",\"@id\":\"https:\/\/www.staging-2.hotelambient.ro\/es\/hotel-servicios\/bodas-y-celebraciones\/#breadcrumb\",\"itemListElement\":[{\"@type\":\"ListItem\",\"position\":1,\"name\":\"Home\",\"item\":\"https:\/\/www.staging-2.hotelambient.ro\/es\/\"},{\"@type\":\"ListItem\",\"position\":2,\"name\":\"Hotel &#038; Servicios\",\"item\":\"https:\/\/www.staging-2.hotelambient.ro\/es\/hotel-servicios\/?lang=es\"},{\"@type\":\"ListItem\",\"position\":3,\"name\":\"Bodas y Celebraciones\"}]},{\"@type\":\"WebSite\",\"@id\":\"https:\/\/www.staging-2.hotelambient.ro\/es\/#website\",\"url\":\"https:\/\/www.staging-2.hotelambient.ro\/es\/\",\"name\":\"Hotel Ambient Brasov - Cazare \u00een centrul ora\u0219ului\",\"description\":\"Hotel moderno y acogedor en el centro de Brasov con todas las comodidades que puedas necesitar durante tu estancia en la ciudad y unas de las mejores habitaciones\",\"publisher\":{\"@id\":\"https:\/\/www.staging-2.hotelambient.ro\/es\/#organization\"},\"potentialAction\":[{\"@type\":\"SearchAction\",\"target\":{\"@type\":\"EntryPoint\",\"urlTemplate\":\"https:\/\/www.staging-2.hotelambient.ro\/es\/?s={search_term_string}\"},\"query-input\":{\"@type\":\"PropertyValueSpecification\",\"valueRequired\":true,\"valueName\":\"search_term_string\"}}],\"inLanguage\":\"es\"},{\"@type\":\"Organization\",\"@id\":\"https:\/\/www.staging-2.hotelambient.ro\/es\/#organization\",\"name\":\"Ambient Hotels\",\"url\":\"https:\/\/www.staging-2.hotelambient.ro\/es\/\",\"logo\":{\"@type\":\"ImageObject\",\"inLanguage\":\"es\",\"@id\":\"https:\/\/www.staging-2.hotelambient.ro\/es\/#\/schema\/logo\/image\/\",\"url\":\"https:\/\/www.staging-2.hotelambient.ro\/wp-content\/uploads\/2016\/07\/Logo001-copia-2.png\",\"contentUrl\":\"https:\/\/www.staging-2.hotelambient.ro\/wp-content\/uploads\/2016\/07\/Logo001-copia-2.png\",\"width\":300,\"height\":114,\"caption\":\"Ambient Hotels\"},\"image\":{\"@id\":\"https:\/\/www.staging-2.hotelambient.ro\/es\/#\/schema\/logo\/image\/\"}}]}<\/script>\n<!-- \/ Yoast SEO plugin. -->","yoast_head_json":{"title":"Bodas y Celebraciones | Hotel Ambient Brasov - Cazare \u00een centrul ora\u0219ului","robots":{"index":"noindex","follow":"follow","max-snippet":"max-snippet:-1","max-image-preview":"max-image-preview:large","max-video-preview":"max-video-preview:-1"},"og_locale":"es_ES","og_type":"article","og_title":"Bodas y Celebraciones | Hotel Ambient Brasov - Cazare \u00een centrul ora\u0219ului","og_description":"[vc_row][vc_column width=\u00bb1\/3&#8243;][vc_column_text] Ven y preparala Boda de tus Sue\u00f1os Contamos con 17 a\u00f1os de experiencia en la organizaci\u00f3n de eventos especiales y somos expertos en planificar junto con ustedes hasta el m\u00e1s peque\u00f1o detalle, para conseguir que el d\u00eda celebrado con nosotros sea inolvidable y quede siempre vivo en su memoria y coraz\u00f3n. Organizamos bodas, bautizos, reuniones, cenas especiales, para un m\u00e1ximo de 150 personas y les daremos la \u00b4\u00b4Bienvenida\u00b4\u00b4 para disfrutar de todas las sorpresas que les tenemos preparadas. Planifica tu boda[\/vc_column_text][\/vc_column][vc_column width=\u00bb1\/3&#8243;][vc_single_image image=\u00bb4411&#8243; img_size=\u00bblarge\u00bb alignment=\u00bbcenter\u00bb][\/vc_column][vc_column width=\u00bb1\/3&#8243;][vc_column_text] Siempre preparados para ayudarteEquipo de Eventos El departamento de eventos del Hotel Ambient es altamente preparado para ayudarles desde el primer momento a planificar cada paso y [&hellip;]","og_url":"https:\/\/www.staging-2.hotelambient.ro\/es\/hotel-servicios\/bodas-y-celebraciones\/","og_site_name":"Hotel Ambient Brasov - Cazare \u00een centrul ora\u0219ului","article_modified_time":"2025-12-08T13:47:25+00:00","twitter_card":"summary_large_image","twitter_misc":{"Tiempo de lectura":"2 minutos"},"schema":{"@context":"https:\/\/schema.org","@graph":[{"@type":"WebPage","@id":"https:\/\/www.staging-2.hotelambient.ro\/es\/hotel-servicios\/bodas-y-celebraciones\/","url":"https:\/\/www.staging-2.hotelambient.ro\/es\/hotel-servicios\/bodas-y-celebraciones\/","name":"Bodas y Celebraciones | Hotel Ambient Brasov - Cazare \u00een centrul ora\u0219ului","isPartOf":{"@id":"https:\/\/www.staging-2.hotelambient.ro\/es\/#website"},"datePublished":"2014-09-14T06:20:02+00:00","dateModified":"2025-12-08T13:47:25+00:00","breadcrumb":{"@id":"https:\/\/www.staging-2.hotelambient.ro\/es\/hotel-servicios\/bodas-y-celebraciones\/#breadcrumb"},"inLanguage":"es","potentialAction":[{"@type":"ReadAction","target":["https:\/\/www.staging-2.hotelambient.ro\/es\/hotel-servicios\/bodas-y-celebraciones\/"]}]},{"@type":"BreadcrumbList","@id":"https:\/\/www.staging-2.hotelambient.ro\/es\/hotel-servicios\/bodas-y-celebraciones\/#breadcrumb","itemListElement":[{"@type":"ListItem","position":1,"name":"Home","item":"https:\/\/www.staging-2.hotelambient.ro\/es\/"},{"@type":"ListItem","position":2,"name":"Hotel &#038; Servicios","item":"https:\/\/www.staging-2.hotelambient.ro\/es\/hotel-servicios\/?lang=es"},{"@type":"ListItem","position":3,"name":"Bodas y Celebraciones"}]},{"@type":"WebSite","@id":"https:\/\/www.staging-2.hotelambient.ro\/es\/#website","url":"https:\/\/www.staging-2.hotelambient.ro\/es\/","name":"Hotel Ambient Brasov - Cazare \u00een centrul ora\u0219ului","description":"Hotel moderno y acogedor en el centro de Brasov con todas las comodidades que puedas necesitar durante tu estancia en la ciudad y unas de las mejores habitaciones","publisher":{"@id":"https:\/\/www.staging-2.hotelambient.ro\/es\/#organization"},"potentialAction":[{"@type":"SearchAction","target":{"@type":"EntryPoint","urlTemplate":"https:\/\/www.staging-2.hotelambient.ro\/es\/?s={search_term_string}"},"query-input":{"@type":"PropertyValueSpecification","valueRequired":true,"valueName":"search_term_string"}}],"inLanguage":"es"},{"@type":"Organization","@id":"https:\/\/www.staging-2.hotelambient.ro\/es\/#organization","name":"Ambient Hotels","url":"https:\/\/www.staging-2.hotelambient.ro\/es\/","logo":{"@type":"ImageObject","inLanguage":"es","@id":"https:\/\/www.staging-2.hotelambient.ro\/es\/#\/schema\/logo\/image\/","url":"https:\/\/www.staging-2.hotelambient.ro\/wp-content\/uploads\/2016\/07\/Logo001-copia-2.png","contentUrl":"https:\/\/www.staging-2.hotelambient.ro\/wp-content\/uploads\/2016\/07\/Logo001-copia-2.png","width":300,"height":114,"caption":"Ambient Hotels"},"image":{"@id":"https:\/\/www.staging-2.hotelambient.ro\/es\/#\/schema\/logo\/image\/"}}]}},"_links":{"self":[{"href":"https:\/\/www.staging-2.hotelambient.ro\/es\/wp-json\/wp\/v2\/pages\/9671","targetHints":{"allow":["GET"]}}],"collection":[{"href":"https:\/\/www.staging-2.hotelambient.ro\/es\/wp-json\/wp\/v2\/pages"}],"about":[{"href":"https:\/\/www.staging-2.hotelambient.ro\/es\/wp-json\/wp\/v2\/types\/page"}],"author":[{"embeddable":true,"href":"https:\/\/www.staging-2.hotelambient.ro\/es\/wp-json\/wp\/v2\/users\/1"}],"replies":[{"embeddable":true,"href":"https:\/\/www.staging-2.hotelambient.ro\/es\/wp-json\/wp\/v2\/comments?post=9671"}],"version-history":[{"count":1,"href":"https:\/\/www.staging-2.hotelambient.ro\/es\/wp-json\/wp\/v2\/pages\/9671\/revisions"}],"predecessor-version":[{"id":10389,"href":"https:\/\/www.staging-2.hotelambient.ro\/es\/wp-json\/wp\/v2\/pages\/9671\/revisions\/10389"}],"up":[{"embeddable":true,"href":"https:\/\/www.staging-2.hotelambient.ro\/es\/wp-json\/wp\/v2\/pages\/9667"}],"wp:attachment":[{"href":"https:\/\/www.staging-2.hotelambient.ro\/es\/wp-json\/wp\/v2\/media?parent=9671"}],"curies":[{"name":"wp","href":"https:\/\/api.w.org\/{rel}","templated":true}]}}