{"id":9690,"date":"2014-09-14T09:21:44","date_gmt":"2014-09-14T06:21:44","guid":{"rendered":"https:\/\/www.staging-2.hotelambient.ro\/catering\/"},"modified":"2026-01-29T17:41:41","modified_gmt":"2026-01-29T15:41:41","slug":"catering","status":"publish","type":"page","link":"https:\/\/www.staging-2.hotelambient.ro\/es\/hotel-servicios\/catering\/","title":{"rendered":"Catering"},"content":{"rendered":"<div class=\"wpb-content-wrapper\">[vc_row full_width=\u00bbstretch_row\u00bb curly_padding=\u00bbcontent-padding\u00bb position=\u00bbright center\u00bb css=\u00bb.vc_custom_1769701222143{background-image: url(https:\/\/www.staging-2.hotelambient.ro\/wp-content\/uploads\/2014\/09\/catering.jpg?id=4456) !important;background-position: 0 0 !important;background-repeat: no-repeat !important;}\u00bb el_class=\u00bbbackground-none-mobile\u00bb][vc_column width=\u00bb1\/4&#8243;][\/vc_column][vc_column width=\u00bb1\/2&#8243;][vc_column_text]\n<h3 style=\"text-align: center;\"><span style=\"color: #cf0e17;\">\u00a1DONDE NECESITES, AMBIENT TE ACOMPA\u00d1A!<\/span><\/h3>\n<p style=\"text-align: center;\">Nuestro Hotel pone a su disposici\u00f3n servicios espec\u00edficos y personalizados de catering para cualquier evento que Usted desea organizar fuera de nuestro hotel.<\/p>\n<p style=\"text-align: center;\">Ofrecemos servicios integrales que incluyen una puesta en escena adaptada completamente a sus necesidades, un servicio de camareros altamente cualificados y una l\u00ednea de men\u00fas a la medida de la ocasi\u00f3n.<\/p>\n[\/vc_column_text][\/vc_column][vc_column width=\u00bb1\/4&#8243;][\/vc_column][\/vc_row][vc_row full_width=\u00bbstretch_row\u00bb parallax=\u00bbcontent-moving\u00bb curly_padding=\u00bbcontent-padding\u00bb css=\u00bb.vc_custom_1769701231942{background-image: url(https:\/\/www.staging-2.hotelambient.ro\/wp-content\/uploads\/2014\/09\/cuerpocat3.jpg?id=4478) !important;background-position: center;background-repeat: no-repeat !important;background-size: cover !important;}\u00bb el_class=\u00bbcontent-padding-mobile-none\u00bb][vc_column width=\u00bb2\/3&#8243; offset=\u00bbvc_col-sm-offset-2&#8243; el_class=\u00bbwhite-box content-padding-xs\u00bb][vc_images_carousel images=\u00bb11613,11616,11619,11622,11625,11628,11631,11634,11637,11640&#8243;][\/vc_column][\/vc_row][vc_row curly_padding=\u00bbcontent-padding\u00bb][vc_column width=\u00bb1\/4&#8243;][\/vc_column][vc_column width=\u00bb1\/2&#8243;][vc_column_text css=\u00bb\u00bb]\n<h4 style=\"text-align: center;\"><span style=\"color: #cf0e17;\">UN EQUIPO PROFESIONAL A TU DISPOSICI\u00d3N<\/span><\/h4>\n<p style=\"text-align: center;\">Nuestros servicios especializados y personalizados al detalle, permitir\u00e1n que el evento, ya sea una reuni\u00f3n, team buiding o una sesi\u00f3n de training, un coctel, un coffe break, una comida o una cena de trabajo, sea un \u00e9xito que marca la diferencia, para que usted se pueda concentrar en los objetivos de empresa, dejando en manos de nuestro equipo profesional la coordinaci\u00f3n del evento.<\/p>\n<p style=\"text-align: center;\"><a class=\"btn btn-inline\" href=\"\/es\/contact\/\">\u00a1Contacta con nosotros si quieres ideas originales para un evento \u00fanico!<\/a><\/p>\n[\/vc_column_text][\/vc_column][vc_column width=\u00bb1\/4&#8243;][\/vc_column][\/vc_row][vc_row css=\u00bb.vc_custom_1769701252890{padding-top: 0px !important;padding-bottom: 0px !important;}\u00bb][vc_column][vc_raw_html]JTNDc2NyaXB0JTIwdHlwZSUzRCUyMnRleHQlMkZqYXZhc2NyaXB0JTIyJTIwc3JjJTNEJTIyaHR0cHMlM0ElMkYlMkZvcGVuLnVwcGVyYm9va2luZy5jb20lMkZob3RlbGFtYmllbnQlMkZCb29raW5nLmpzJTNGbG9jYWxlJTNEZXMlMjIlM0UlM0MlMkZzY3JpcHQlM0U=[\/vc_raw_html][\/vc_column][\/vc_row]\n<\/div>","protected":false},"excerpt":{"rendered":"<p>[vc_row full_width=\u00bbstretch_row\u00bb curly_padding=\u00bbcontent-padding\u00bb position=\u00bbright center\u00bb css=\u00bb.vc_custom_1769701222143{background-image: url(https:\/\/www.staging-2.hotelambient.ro\/wp-content\/uploads\/2014\/09\/catering.jpg?id=4456) !important;background-position: 0 0 !important;background-repeat: no-repeat !important;}\u00bb el_class=\u00bbbackground-none-mobile\u00bb][vc_column width=\u00bb1\/4&#8243;][\/vc_column][vc_column width=\u00bb1\/2&#8243;][vc_column_text] \u00a1DONDE NECESITES, AMBIENT TE ACOMPA\u00d1A! Nuestro Hotel pone a su disposici\u00f3n servicios espec\u00edficos y personalizados de catering para cualquier evento que Usted desea organizar fuera de nuestro hotel. Ofrecemos servicios integrales que incluyen una puesta en escena adaptada completamente a sus necesidades, un servicio de camareros altamente cualificados y una l\u00ednea de men\u00fas a la medida de la ocasi\u00f3n. [\/vc_column_text][\/vc_column][vc_column width=\u00bb1\/4&#8243;][\/vc_column][\/vc_row][vc_row full_width=\u00bbstretch_row\u00bb parallax=\u00bbcontent-moving\u00bb curly_padding=\u00bbcontent-padding\u00bb css=\u00bb.vc_custom_1769701231942{background-image: url(https:\/\/www.staging-2.hotelambient.ro\/wp-content\/uploads\/2014\/09\/cuerpocat3.jpg?id=4478) !important;background-position: center;background-repeat: no-repeat !important;background-size: cover !important;}\u00bb el_class=\u00bbcontent-padding-mobile-none\u00bb][vc_column width=\u00bb2\/3&#8243; offset=\u00bbvc_col-sm-offset-2&#8243; el_class=\u00bbwhite-box content-padding-xs\u00bb][vc_images_carousel images=\u00bb11613,11616,11619,11622,11625,11628,11631,11634,11637,11640&#8243;][\/vc_column][\/vc_row][vc_row curly_padding=\u00bbcontent-padding\u00bb][vc_column width=\u00bb1\/4&#8243;][\/vc_column][vc_column width=\u00bb1\/2&#8243;][vc_column_text css=\u00bb\u00bb] UN EQUIPO PROFESIONAL A TU DISPOSICI\u00d3N Nuestros servicios especializados y personalizados al detalle, permitir\u00e1n que el evento, [&hellip;]<\/p>\n","protected":false},"author":1,"featured_media":0,"parent":9667,"menu_order":5,"comment_status":"closed","ping_status":"closed","template":"","meta":{"footnotes":""},"class_list":["post-9690","page","type-page","status-publish","hentry"],"yoast_head":"<!-- This site is optimized with the Yoast SEO plugin v26.8 - https:\/\/yoast.com\/product\/yoast-seo-wordpress\/ -->\n<title>Catering | Hotel Ambient Brasov - Cazare \u00een centrul ora\u0219ului<\/title>\n<meta name=\"robots\" content=\"noindex, follow, max-snippet:-1, max-image-preview:large, max-video-preview:-1\" \/>\n<meta property=\"og:locale\" content=\"es_ES\" \/>\n<meta property=\"og:type\" content=\"article\" \/>\n<meta property=\"og:title\" content=\"Catering | Hotel Ambient Brasov - Cazare \u00een centrul ora\u0219ului\" \/>\n<meta property=\"og:description\" content=\"[vc_row full_width=\u00bbstretch_row\u00bb curly_padding=\u00bbcontent-padding\u00bb position=\u00bbright center\u00bb css=\u00bb.vc_custom_1769701222143{background-image: url(https:\/\/www.staging-2.hotelambient.ro\/wp-content\/uploads\/2014\/09\/catering.jpg?id=4456) !important;background-position: 0 0 !important;background-repeat: no-repeat !important;}\u00bb el_class=\u00bbbackground-none-mobile\u00bb][vc_column width=\u00bb1\/4&#8243;][\/vc_column][vc_column width=\u00bb1\/2&#8243;][vc_column_text] \u00a1DONDE NECESITES, AMBIENT TE ACOMPA\u00d1A! Nuestro Hotel pone a su disposici\u00f3n servicios espec\u00edficos y personalizados de catering para cualquier evento que Usted desea organizar fuera de nuestro hotel. Ofrecemos servicios integrales que incluyen una puesta en escena adaptada completamente a sus necesidades, un servicio de camareros altamente cualificados y una l\u00ednea de men\u00fas a la medida de la ocasi\u00f3n. [\/vc_column_text][\/vc_column][vc_column width=\u00bb1\/4&#8243;][\/vc_column][\/vc_row][vc_row full_width=\u00bbstretch_row\u00bb parallax=\u00bbcontent-moving\u00bb curly_padding=\u00bbcontent-padding\u00bb css=\u00bb.vc_custom_1769701231942{background-image: url(https:\/\/www.staging-2.hotelambient.ro\/wp-content\/uploads\/2014\/09\/cuerpocat3.jpg?id=4478) !important;background-position: center;background-repeat: no-repeat !important;background-size: cover !important;}\u00bb el_class=\u00bbcontent-padding-mobile-none\u00bb][vc_column width=\u00bb2\/3&#8243; offset=\u00bbvc_col-sm-offset-2&#8243; el_class=\u00bbwhite-box content-padding-xs\u00bb][vc_images_carousel images=\u00bb11613,11616,11619,11622,11625,11628,11631,11634,11637,11640&#8243;][\/vc_column][\/vc_row][vc_row curly_padding=\u00bbcontent-padding\u00bb][vc_column width=\u00bb1\/4&#8243;][\/vc_column][vc_column width=\u00bb1\/2&#8243;][vc_column_text css=\u00bb\u00bb] UN EQUIPO PROFESIONAL A TU DISPOSICI\u00d3N Nuestros servicios especializados y personalizados al detalle, permitir\u00e1n que el evento, [&hellip;]\" \/>\n<meta property=\"og:url\" content=\"https:\/\/www.staging-2.hotelambient.ro\/es\/hotel-servicios\/catering\/\" \/>\n<meta property=\"og:site_name\" content=\"Hotel Ambient Brasov - Cazare \u00een centrul ora\u0219ului\" \/>\n<meta property=\"article:modified_time\" content=\"2026-01-29T15:41:41+00:00\" \/>\n<meta name=\"twitter:card\" content=\"summary_large_image\" \/>\n<meta name=\"twitter:label1\" content=\"Tiempo de lectura\" \/>\n\t<meta name=\"twitter:data1\" content=\"2 minutos\" \/>\n<script type=\"application\/ld+json\" class=\"yoast-schema-graph\">{\"@context\":\"https:\/\/schema.org\",\"@graph\":[{\"@type\":\"WebPage\",\"@id\":\"https:\/\/www.staging-2.hotelambient.ro\/es\/hotel-servicios\/catering\/\",\"url\":\"https:\/\/www.staging-2.hotelambient.ro\/es\/hotel-servicios\/catering\/\",\"name\":\"Catering | Hotel Ambient Brasov - Cazare \u00een centrul ora\u0219ului\",\"isPartOf\":{\"@id\":\"https:\/\/www.staging-2.hotelambient.ro\/es\/#website\"},\"datePublished\":\"2014-09-14T06:21:44+00:00\",\"dateModified\":\"2026-01-29T15:41:41+00:00\",\"breadcrumb\":{\"@id\":\"https:\/\/www.staging-2.hotelambient.ro\/es\/hotel-servicios\/catering\/#breadcrumb\"},\"inLanguage\":\"es\",\"potentialAction\":[{\"@type\":\"ReadAction\",\"target\":[\"https:\/\/www.staging-2.hotelambient.ro\/es\/hotel-servicios\/catering\/\"]}]},{\"@type\":\"BreadcrumbList\",\"@id\":\"https:\/\/www.staging-2.hotelambient.ro\/es\/hotel-servicios\/catering\/#breadcrumb\",\"itemListElement\":[{\"@type\":\"ListItem\",\"position\":1,\"name\":\"Home\",\"item\":\"https:\/\/www.staging-2.hotelambient.ro\/es\/\"},{\"@type\":\"ListItem\",\"position\":2,\"name\":\"Hotel &#038; Servicios\",\"item\":\"https:\/\/www.staging-2.hotelambient.ro\/es\/hotel-servicios\/?lang=es\"},{\"@type\":\"ListItem\",\"position\":3,\"name\":\"Catering\"}]},{\"@type\":\"WebSite\",\"@id\":\"https:\/\/www.staging-2.hotelambient.ro\/es\/#website\",\"url\":\"https:\/\/www.staging-2.hotelambient.ro\/es\/\",\"name\":\"Hotel Ambient Brasov - Cazare \u00een centrul ora\u0219ului\",\"description\":\"Hotel moderno y acogedor en el centro de Brasov con todas las comodidades que puedas necesitar durante tu estancia en la ciudad y unas de las mejores habitaciones\",\"publisher\":{\"@id\":\"https:\/\/www.staging-2.hotelambient.ro\/es\/#organization\"},\"potentialAction\":[{\"@type\":\"SearchAction\",\"target\":{\"@type\":\"EntryPoint\",\"urlTemplate\":\"https:\/\/www.staging-2.hotelambient.ro\/es\/?s={search_term_string}\"},\"query-input\":{\"@type\":\"PropertyValueSpecification\",\"valueRequired\":true,\"valueName\":\"search_term_string\"}}],\"inLanguage\":\"es\"},{\"@type\":\"Organization\",\"@id\":\"https:\/\/www.staging-2.hotelambient.ro\/es\/#organization\",\"name\":\"Ambient Hotels\",\"url\":\"https:\/\/www.staging-2.hotelambient.ro\/es\/\",\"logo\":{\"@type\":\"ImageObject\",\"inLanguage\":\"es\",\"@id\":\"https:\/\/www.staging-2.hotelambient.ro\/es\/#\/schema\/logo\/image\/\",\"url\":\"https:\/\/www.staging-2.hotelambient.ro\/wp-content\/uploads\/2016\/07\/Logo001-copia-2.png\",\"contentUrl\":\"https:\/\/www.staging-2.hotelambient.ro\/wp-content\/uploads\/2016\/07\/Logo001-copia-2.png\",\"width\":300,\"height\":114,\"caption\":\"Ambient Hotels\"},\"image\":{\"@id\":\"https:\/\/www.staging-2.hotelambient.ro\/es\/#\/schema\/logo\/image\/\"}}]}<\/script>\n<!-- \/ Yoast SEO plugin. -->","yoast_head_json":{"title":"Catering | Hotel Ambient Brasov - Cazare \u00een centrul ora\u0219ului","robots":{"index":"noindex","follow":"follow","max-snippet":"max-snippet:-1","max-image-preview":"max-image-preview:large","max-video-preview":"max-video-preview:-1"},"og_locale":"es_ES","og_type":"article","og_title":"Catering | Hotel Ambient Brasov - Cazare \u00een centrul ora\u0219ului","og_description":"[vc_row full_width=\u00bbstretch_row\u00bb curly_padding=\u00bbcontent-padding\u00bb position=\u00bbright center\u00bb css=\u00bb.vc_custom_1769701222143{background-image: url(https:\/\/www.staging-2.hotelambient.ro\/wp-content\/uploads\/2014\/09\/catering.jpg?id=4456) !important;background-position: 0 0 !important;background-repeat: no-repeat !important;}\u00bb el_class=\u00bbbackground-none-mobile\u00bb][vc_column width=\u00bb1\/4&#8243;][\/vc_column][vc_column width=\u00bb1\/2&#8243;][vc_column_text] \u00a1DONDE NECESITES, AMBIENT TE ACOMPA\u00d1A! Nuestro Hotel pone a su disposici\u00f3n servicios espec\u00edficos y personalizados de catering para cualquier evento que Usted desea organizar fuera de nuestro hotel. Ofrecemos servicios integrales que incluyen una puesta en escena adaptada completamente a sus necesidades, un servicio de camareros altamente cualificados y una l\u00ednea de men\u00fas a la medida de la ocasi\u00f3n. [\/vc_column_text][\/vc_column][vc_column width=\u00bb1\/4&#8243;][\/vc_column][\/vc_row][vc_row full_width=\u00bbstretch_row\u00bb parallax=\u00bbcontent-moving\u00bb curly_padding=\u00bbcontent-padding\u00bb css=\u00bb.vc_custom_1769701231942{background-image: url(https:\/\/www.staging-2.hotelambient.ro\/wp-content\/uploads\/2014\/09\/cuerpocat3.jpg?id=4478) !important;background-position: center;background-repeat: no-repeat !important;background-size: cover !important;}\u00bb el_class=\u00bbcontent-padding-mobile-none\u00bb][vc_column width=\u00bb2\/3&#8243; offset=\u00bbvc_col-sm-offset-2&#8243; el_class=\u00bbwhite-box content-padding-xs\u00bb][vc_images_carousel images=\u00bb11613,11616,11619,11622,11625,11628,11631,11634,11637,11640&#8243;][\/vc_column][\/vc_row][vc_row curly_padding=\u00bbcontent-padding\u00bb][vc_column width=\u00bb1\/4&#8243;][\/vc_column][vc_column width=\u00bb1\/2&#8243;][vc_column_text css=\u00bb\u00bb] UN EQUIPO PROFESIONAL A TU DISPOSICI\u00d3N Nuestros servicios especializados y personalizados al detalle, permitir\u00e1n que el evento, [&hellip;]","og_url":"https:\/\/www.staging-2.hotelambient.ro\/es\/hotel-servicios\/catering\/","og_site_name":"Hotel Ambient Brasov - Cazare \u00een centrul ora\u0219ului","article_modified_time":"2026-01-29T15:41:41+00:00","twitter_card":"summary_large_image","twitter_misc":{"Tiempo de lectura":"2 minutos"},"schema":{"@context":"https:\/\/schema.org","@graph":[{"@type":"WebPage","@id":"https:\/\/www.staging-2.hotelambient.ro\/es\/hotel-servicios\/catering\/","url":"https:\/\/www.staging-2.hotelambient.ro\/es\/hotel-servicios\/catering\/","name":"Catering | Hotel Ambient Brasov - Cazare \u00een centrul ora\u0219ului","isPartOf":{"@id":"https:\/\/www.staging-2.hotelambient.ro\/es\/#website"},"datePublished":"2014-09-14T06:21:44+00:00","dateModified":"2026-01-29T15:41:41+00:00","breadcrumb":{"@id":"https:\/\/www.staging-2.hotelambient.ro\/es\/hotel-servicios\/catering\/#breadcrumb"},"inLanguage":"es","potentialAction":[{"@type":"ReadAction","target":["https:\/\/www.staging-2.hotelambient.ro\/es\/hotel-servicios\/catering\/"]}]},{"@type":"BreadcrumbList","@id":"https:\/\/www.staging-2.hotelambient.ro\/es\/hotel-servicios\/catering\/#breadcrumb","itemListElement":[{"@type":"ListItem","position":1,"name":"Home","item":"https:\/\/www.staging-2.hotelambient.ro\/es\/"},{"@type":"ListItem","position":2,"name":"Hotel &#038; Servicios","item":"https:\/\/www.staging-2.hotelambient.ro\/es\/hotel-servicios\/?lang=es"},{"@type":"ListItem","position":3,"name":"Catering"}]},{"@type":"WebSite","@id":"https:\/\/www.staging-2.hotelambient.ro\/es\/#website","url":"https:\/\/www.staging-2.hotelambient.ro\/es\/","name":"Hotel Ambient Brasov - Cazare \u00een centrul ora\u0219ului","description":"Hotel moderno y acogedor en el centro de Brasov con todas las comodidades que puedas necesitar durante tu estancia en la ciudad y unas de las mejores habitaciones","publisher":{"@id":"https:\/\/www.staging-2.hotelambient.ro\/es\/#organization"},"potentialAction":[{"@type":"SearchAction","target":{"@type":"EntryPoint","urlTemplate":"https:\/\/www.staging-2.hotelambient.ro\/es\/?s={search_term_string}"},"query-input":{"@type":"PropertyValueSpecification","valueRequired":true,"valueName":"search_term_string"}}],"inLanguage":"es"},{"@type":"Organization","@id":"https:\/\/www.staging-2.hotelambient.ro\/es\/#organization","name":"Ambient Hotels","url":"https:\/\/www.staging-2.hotelambient.ro\/es\/","logo":{"@type":"ImageObject","inLanguage":"es","@id":"https:\/\/www.staging-2.hotelambient.ro\/es\/#\/schema\/logo\/image\/","url":"https:\/\/www.staging-2.hotelambient.ro\/wp-content\/uploads\/2016\/07\/Logo001-copia-2.png","contentUrl":"https:\/\/www.staging-2.hotelambient.ro\/wp-content\/uploads\/2016\/07\/Logo001-copia-2.png","width":300,"height":114,"caption":"Ambient Hotels"},"image":{"@id":"https:\/\/www.staging-2.hotelambient.ro\/es\/#\/schema\/logo\/image\/"}}]}},"_links":{"self":[{"href":"https:\/\/www.staging-2.hotelambient.ro\/es\/wp-json\/wp\/v2\/pages\/9690","targetHints":{"allow":["GET"]}}],"collection":[{"href":"https:\/\/www.staging-2.hotelambient.ro\/es\/wp-json\/wp\/v2\/pages"}],"about":[{"href":"https:\/\/www.staging-2.hotelambient.ro\/es\/wp-json\/wp\/v2\/types\/page"}],"author":[{"embeddable":true,"href":"https:\/\/www.staging-2.hotelambient.ro\/es\/wp-json\/wp\/v2\/users\/1"}],"replies":[{"embeddable":true,"href":"https:\/\/www.staging-2.hotelambient.ro\/es\/wp-json\/wp\/v2\/comments?post=9690"}],"version-history":[{"count":3,"href":"https:\/\/www.staging-2.hotelambient.ro\/es\/wp-json\/wp\/v2\/pages\/9690\/revisions"}],"predecessor-version":[{"id":12828,"href":"https:\/\/www.staging-2.hotelambient.ro\/es\/wp-json\/wp\/v2\/pages\/9690\/revisions\/12828"}],"up":[{"embeddable":true,"href":"https:\/\/www.staging-2.hotelambient.ro\/es\/wp-json\/wp\/v2\/pages\/9667"}],"wp:attachment":[{"href":"https:\/\/www.staging-2.hotelambient.ro\/es\/wp-json\/wp\/v2\/media?parent=9690"}],"curies":[{"name":"wp","href":"https:\/\/api.w.org\/{rel}","templated":true}]}}