{"id":9698,"date":"2016-06-23T11:54:27","date_gmt":"2016-06-23T08:54:27","guid":{"rendered":"https:\/\/www.staging-2.hotelambient.ro\/ubicacion\/"},"modified":"2026-01-29T16:49:39","modified_gmt":"2026-01-29T14:49:39","slug":"ubicacion","status":"publish","type":"page","link":"https:\/\/www.staging-2.hotelambient.ro\/es\/hotel-servicios\/ubicacion\/","title":{"rendered":"Ubicaci\u00f3n"},"content":{"rendered":"<div class=\"wpb-content-wrapper\">[vc_row css=\u00bb.vc_custom_1467972868962{margin-bottom: -120px !important;}\u00bb][vc_column][vc_column_text]\n<h1 style=\"text-align: center;\"><small>Bra\u015fov\u2026 la ciudad m\u00e1s hermosa de Rumania\u2026 un lugar que respira hospitalidad, belleza e invita a disfrutar del placer de vivir.<\/small><\/h1>\n<p style=\"text-align: center;\">La ciudad es un importante centro de negocios, adem\u00e1s de un para\u00edso para el turismo, donde disfrutar del centro hist\u00f3rico de una de las ciudades medievales de Europa mejor conservadas. A pocos kil\u00f3metros se encuentran dos castillos de leyenda, el de Bran donde se dice que habit\u00f3 \u201cDr\u00e1cula\u201d y en Sinaia el espectacular Castillo de Peles, residencia real. No es solo la rica historia hace de Bra\u015fov una ciudad extraordinaria, sino tambi\u00e9n su posici\u00f3n privilegiada. Al estar la ciudad situada a los pies de los C\u00e1rpatos la ciudad ofrece a sus visitantes paisajes fascinantes y el aire fresco. En invierno podr\u00e1 acceder c\u00f3modamente en tan solo 20 minutos a la estaci\u00f3n de esqu\u00ed de Poiana Brasov considera como una de las 10 mejores de Europa.<\/p>\n<p style=\"text-align: center;\">El Hotel Ambient ofrece una ubicaci\u00f3n ideal en el centro de la ciudad con un f\u00e1cil acceso en todos los puntos de inter\u00e9s tur\u00edstico en Bra\u015fov.<\/p>\n[\/vc_column_text][\/vc_column][\/vc_row][vc_row css=\u00bb.vc_custom_1596102430266{margin-top: -50px !important;margin-bottom: -120px !important;}\u00bb][vc_column width=\u00bb1\/6&#8243; offset=\u00bbvc_hidden-sm vc_hidden-xs\u00bb][\/vc_column][vc_column width=\u00bb2\/3&#8243; css=\u00bb.vc_custom_1596104811639{margin-top: -10px !important;}\u00bb][vc_column_text]\n<div class=\"wpb_wrapper\">\n<h2 class=\"wpb_heading wpb_video_heading\">Verano<\/h2>\n<p style=\"text-align: center;\"><div class=\"epyt-video-wrapper\"><iframe loading=\"lazy\"  style=\"display: block; margin: 0px auto;\"  id=\"_ytid_94877\"  width=\"750\" height=\"422\"  data-origwidth=\"750\" data-origheight=\"422\" src=\"https:\/\/www.youtube.com\/embed\/a19suRLtGWE?enablejsapi=1&origin=https:\/\/www.staging-2.hotelambient.ro&autoplay=0&cc_load_policy=0&cc_lang_pref=&iv_load_policy=3&loop=0&rel=0&fs=1&playsinline=0&autohide=2&theme=dark&color=red&controls=1&disablekb=0&\" class=\"__youtube_prefs__  no-lazyload\" title=\"YouTube player\"  allow=\"fullscreen; accelerometer; autoplay; clipboard-write; encrypted-media; gyroscope; picture-in-picture; web-share\" referrerpolicy=\"strict-origin-when-cross-origin\" allowfullscreen data-no-lazy=\"1\" data-skipgform_ajax_framebjll=\"\"><\/iframe><\/div>\n<\/div>\n[\/vc_column_text][vc_column_text]\n<div class=\"wpb_wrapper\">\n<h2 class=\"wpb_heading wpb_video_heading\">Invierno<\/h2>\n<p style=\"text-align: center;\"><div class=\"epyt-video-wrapper\"><iframe loading=\"lazy\"  style=\"display: block; margin: 0px auto;\"  id=\"_ytid_22110\"  width=\"750\" height=\"422\"  data-origwidth=\"750\" data-origheight=\"422\" src=\"https:\/\/www.youtube.com\/embed\/15Z6fwA3rmM?enablejsapi=1&origin=https:\/\/www.staging-2.hotelambient.ro&autoplay=0&cc_load_policy=0&cc_lang_pref=&iv_load_policy=3&loop=0&rel=0&fs=1&playsinline=0&autohide=2&theme=dark&color=red&controls=1&disablekb=0&\" class=\"__youtube_prefs__  no-lazyload\" title=\"YouTube player\"  allow=\"fullscreen; accelerometer; autoplay; clipboard-write; encrypted-media; gyroscope; picture-in-picture; web-share\" referrerpolicy=\"strict-origin-when-cross-origin\" allowfullscreen data-no-lazy=\"1\" data-skipgform_ajax_framebjll=\"\"><\/iframe><\/div>\n[\/vc_column_text][\/vc_column][vc_column width=\u00bb1\/6&#8243; offset=\u00bbvc_hidden-sm vc_hidden-xs\u00bb][\/vc_column][\/vc_row][vc_row][vc_column][rev_slider_vc alias=\u00bbubicacion2&#8243;][vc_empty_space height=\u00bb20px\u00bb][vc_single_image image=\u00bb12276&#8243; img_size=\u00bbmedium\u00bb alignment=\u00bbcenter\u00bb onclick=\u00bbcustom_link\u00bb img_link_target=\u00bb_blank\u00bb css=\u00bb.vc_custom_1596102437269{margin-bottom: -50px !important;}\u00bb link=\u00bbhttps:\/\/www.gpsmycity.com\/gps-tour-guides\/brasov-3530.html?hid=1133&#8243;][\/vc_column][\/vc_row][vc_row css=\u00bb.vc_custom_1769698171365{padding-top: 0px !important;padding-bottom: 0px !important;}\u00bb][vc_column][vc_raw_html]JTNDc2NyaXB0JTIwdHlwZSUzRCUyMnRleHQlMkZqYXZhc2NyaXB0JTIyJTIwc3JjJTNEJTIyaHR0cHMlM0ElMkYlMkZvcGVuLnVwcGVyYm9va2luZy5jb20lMkZob3RlbGFtYmllbnQlMkZCb29raW5nLmpzJTNGbG9jYWxlJTNEZXMlMjIlM0UlM0MlMkZzY3JpcHQlM0U=[\/vc_raw_html][\/vc_column][\/vc_row][vc_row css=\u00bb.vc_custom_1769698161352{padding-top: 0px !important;padding-bottom: 0px !important;}\u00bb][vc_column][vc_column_text]\n<\/div>\n[\/vc_column_text][\/vc_column][\/vc_row]\n<\/div>","protected":false},"excerpt":{"rendered":"<p>[vc_row css=\u00bb.vc_custom_1467972868962{margin-bottom: -120px !important;}\u00bb][vc_column][vc_column_text] Bra\u015fov\u2026 la ciudad m\u00e1s hermosa de Rumania\u2026 un lugar que respira hospitalidad, belleza e invita a disfrutar del placer de vivir. La ciudad es un importante centro de negocios, adem\u00e1s de un para\u00edso para el turismo, donde disfrutar del centro hist\u00f3rico de una de las ciudades medievales de Europa mejor conservadas. A pocos kil\u00f3metros se encuentran dos castillos de leyenda, el de Bran donde se dice que habit\u00f3 \u201cDr\u00e1cula\u201d y en Sinaia el espectacular Castillo de Peles, residencia real. No es solo la rica historia hace de Bra\u015fov una ciudad extraordinaria, sino tambi\u00e9n su posici\u00f3n privilegiada. Al estar la ciudad situada a los pies de los C\u00e1rpatos la ciudad ofrece a [&hellip;]<\/p>\n","protected":false},"author":1,"featured_media":0,"parent":9667,"menu_order":0,"comment_status":"closed","ping_status":"closed","template":"page-templates\/contact.php","meta":{"footnotes":""},"class_list":["post-9698","page","type-page","status-publish","hentry"],"yoast_head":"<!-- This site is optimized with the Yoast SEO plugin v26.8 - https:\/\/yoast.com\/product\/yoast-seo-wordpress\/ -->\n<title>Ubicaci\u00f3n | Hotel Ambient Brasov - Cazare \u00een centrul ora\u0219ului<\/title>\n<meta name=\"robots\" content=\"noindex, follow, max-snippet:-1, max-image-preview:large, max-video-preview:-1\" \/>\n<meta property=\"og:locale\" content=\"es_ES\" \/>\n<meta property=\"og:type\" content=\"article\" \/>\n<meta property=\"og:title\" content=\"Ubicaci\u00f3n | Hotel Ambient Brasov - Cazare \u00een centrul ora\u0219ului\" \/>\n<meta property=\"og:description\" content=\"[vc_row css=\u00bb.vc_custom_1467972868962{margin-bottom: -120px !important;}\u00bb][vc_column][vc_column_text] Bra\u015fov\u2026 la ciudad m\u00e1s hermosa de Rumania\u2026 un lugar que respira hospitalidad, belleza e invita a disfrutar del placer de vivir. La ciudad es un importante centro de negocios, adem\u00e1s de un para\u00edso para el turismo, donde disfrutar del centro hist\u00f3rico de una de las ciudades medievales de Europa mejor conservadas. A pocos kil\u00f3metros se encuentran dos castillos de leyenda, el de Bran donde se dice que habit\u00f3 \u201cDr\u00e1cula\u201d y en Sinaia el espectacular Castillo de Peles, residencia real. No es solo la rica historia hace de Bra\u015fov una ciudad extraordinaria, sino tambi\u00e9n su posici\u00f3n privilegiada. Al estar la ciudad situada a los pies de los C\u00e1rpatos la ciudad ofrece a [&hellip;]\" \/>\n<meta property=\"og:url\" content=\"https:\/\/www.staging-2.hotelambient.ro\/es\/hotel-servicios\/ubicacion\/\" \/>\n<meta property=\"og:site_name\" content=\"Hotel Ambient Brasov - Cazare \u00een centrul ora\u0219ului\" \/>\n<meta property=\"article:modified_time\" content=\"2026-01-29T14:49:39+00:00\" \/>\n<meta name=\"twitter:card\" content=\"summary_large_image\" \/>\n<meta name=\"twitter:label1\" content=\"Tiempo de lectura\" \/>\n\t<meta name=\"twitter:data1\" content=\"2 minutos\" \/>\n<script type=\"application\/ld+json\" class=\"yoast-schema-graph\">{\"@context\":\"https:\/\/schema.org\",\"@graph\":[{\"@type\":\"WebPage\",\"@id\":\"https:\/\/www.staging-2.hotelambient.ro\/es\/hotel-servicios\/ubicacion\/\",\"url\":\"https:\/\/www.staging-2.hotelambient.ro\/es\/hotel-servicios\/ubicacion\/\",\"name\":\"Ubicaci\u00f3n | Hotel Ambient Brasov - Cazare \u00een centrul ora\u0219ului\",\"isPartOf\":{\"@id\":\"https:\/\/www.staging-2.hotelambient.ro\/es\/#website\"},\"datePublished\":\"2016-06-23T08:54:27+00:00\",\"dateModified\":\"2026-01-29T14:49:39+00:00\",\"breadcrumb\":{\"@id\":\"https:\/\/www.staging-2.hotelambient.ro\/es\/hotel-servicios\/ubicacion\/#breadcrumb\"},\"inLanguage\":\"es\",\"potentialAction\":[{\"@type\":\"ReadAction\",\"target\":[\"https:\/\/www.staging-2.hotelambient.ro\/es\/hotel-servicios\/ubicacion\/\"]}]},{\"@type\":\"BreadcrumbList\",\"@id\":\"https:\/\/www.staging-2.hotelambient.ro\/es\/hotel-servicios\/ubicacion\/#breadcrumb\",\"itemListElement\":[{\"@type\":\"ListItem\",\"position\":1,\"name\":\"Home\",\"item\":\"https:\/\/www.staging-2.hotelambient.ro\/es\/\"},{\"@type\":\"ListItem\",\"position\":2,\"name\":\"Hotel &#038; Servicios\",\"item\":\"https:\/\/www.staging-2.hotelambient.ro\/es\/hotel-servicios\/?lang=es\"},{\"@type\":\"ListItem\",\"position\":3,\"name\":\"Ubicaci\u00f3n\"}]},{\"@type\":\"WebSite\",\"@id\":\"https:\/\/www.staging-2.hotelambient.ro\/es\/#website\",\"url\":\"https:\/\/www.staging-2.hotelambient.ro\/es\/\",\"name\":\"Hotel Ambient Brasov - Cazare \u00een centrul ora\u0219ului\",\"description\":\"Hotel moderno y acogedor en el centro de Brasov con todas las comodidades que puedas necesitar durante tu estancia en la ciudad y unas de las mejores habitaciones\",\"publisher\":{\"@id\":\"https:\/\/www.staging-2.hotelambient.ro\/es\/#organization\"},\"potentialAction\":[{\"@type\":\"SearchAction\",\"target\":{\"@type\":\"EntryPoint\",\"urlTemplate\":\"https:\/\/www.staging-2.hotelambient.ro\/es\/?s={search_term_string}\"},\"query-input\":{\"@type\":\"PropertyValueSpecification\",\"valueRequired\":true,\"valueName\":\"search_term_string\"}}],\"inLanguage\":\"es\"},{\"@type\":\"Organization\",\"@id\":\"https:\/\/www.staging-2.hotelambient.ro\/es\/#organization\",\"name\":\"Ambient Hotels\",\"url\":\"https:\/\/www.staging-2.hotelambient.ro\/es\/\",\"logo\":{\"@type\":\"ImageObject\",\"inLanguage\":\"es\",\"@id\":\"https:\/\/www.staging-2.hotelambient.ro\/es\/#\/schema\/logo\/image\/\",\"url\":\"https:\/\/www.staging-2.hotelambient.ro\/wp-content\/uploads\/2016\/07\/Logo001-copia-2.png\",\"contentUrl\":\"https:\/\/www.staging-2.hotelambient.ro\/wp-content\/uploads\/2016\/07\/Logo001-copia-2.png\",\"width\":300,\"height\":114,\"caption\":\"Ambient Hotels\"},\"image\":{\"@id\":\"https:\/\/www.staging-2.hotelambient.ro\/es\/#\/schema\/logo\/image\/\"}}]}<\/script>\n<!-- \/ Yoast SEO plugin. -->","yoast_head_json":{"title":"Ubicaci\u00f3n | Hotel Ambient Brasov - Cazare \u00een centrul ora\u0219ului","robots":{"index":"noindex","follow":"follow","max-snippet":"max-snippet:-1","max-image-preview":"max-image-preview:large","max-video-preview":"max-video-preview:-1"},"og_locale":"es_ES","og_type":"article","og_title":"Ubicaci\u00f3n | Hotel Ambient Brasov - Cazare \u00een centrul ora\u0219ului","og_description":"[vc_row css=\u00bb.vc_custom_1467972868962{margin-bottom: -120px !important;}\u00bb][vc_column][vc_column_text] Bra\u015fov\u2026 la ciudad m\u00e1s hermosa de Rumania\u2026 un lugar que respira hospitalidad, belleza e invita a disfrutar del placer de vivir. La ciudad es un importante centro de negocios, adem\u00e1s de un para\u00edso para el turismo, donde disfrutar del centro hist\u00f3rico de una de las ciudades medievales de Europa mejor conservadas. A pocos kil\u00f3metros se encuentran dos castillos de leyenda, el de Bran donde se dice que habit\u00f3 \u201cDr\u00e1cula\u201d y en Sinaia el espectacular Castillo de Peles, residencia real. No es solo la rica historia hace de Bra\u015fov una ciudad extraordinaria, sino tambi\u00e9n su posici\u00f3n privilegiada. Al estar la ciudad situada a los pies de los C\u00e1rpatos la ciudad ofrece a [&hellip;]","og_url":"https:\/\/www.staging-2.hotelambient.ro\/es\/hotel-servicios\/ubicacion\/","og_site_name":"Hotel Ambient Brasov - Cazare \u00een centrul ora\u0219ului","article_modified_time":"2026-01-29T14:49:39+00:00","twitter_card":"summary_large_image","twitter_misc":{"Tiempo de lectura":"2 minutos"},"schema":{"@context":"https:\/\/schema.org","@graph":[{"@type":"WebPage","@id":"https:\/\/www.staging-2.hotelambient.ro\/es\/hotel-servicios\/ubicacion\/","url":"https:\/\/www.staging-2.hotelambient.ro\/es\/hotel-servicios\/ubicacion\/","name":"Ubicaci\u00f3n | Hotel Ambient Brasov - Cazare \u00een centrul ora\u0219ului","isPartOf":{"@id":"https:\/\/www.staging-2.hotelambient.ro\/es\/#website"},"datePublished":"2016-06-23T08:54:27+00:00","dateModified":"2026-01-29T14:49:39+00:00","breadcrumb":{"@id":"https:\/\/www.staging-2.hotelambient.ro\/es\/hotel-servicios\/ubicacion\/#breadcrumb"},"inLanguage":"es","potentialAction":[{"@type":"ReadAction","target":["https:\/\/www.staging-2.hotelambient.ro\/es\/hotel-servicios\/ubicacion\/"]}]},{"@type":"BreadcrumbList","@id":"https:\/\/www.staging-2.hotelambient.ro\/es\/hotel-servicios\/ubicacion\/#breadcrumb","itemListElement":[{"@type":"ListItem","position":1,"name":"Home","item":"https:\/\/www.staging-2.hotelambient.ro\/es\/"},{"@type":"ListItem","position":2,"name":"Hotel &#038; Servicios","item":"https:\/\/www.staging-2.hotelambient.ro\/es\/hotel-servicios\/?lang=es"},{"@type":"ListItem","position":3,"name":"Ubicaci\u00f3n"}]},{"@type":"WebSite","@id":"https:\/\/www.staging-2.hotelambient.ro\/es\/#website","url":"https:\/\/www.staging-2.hotelambient.ro\/es\/","name":"Hotel Ambient Brasov - Cazare \u00een centrul ora\u0219ului","description":"Hotel moderno y acogedor en el centro de Brasov con todas las comodidades que puedas necesitar durante tu estancia en la ciudad y unas de las mejores habitaciones","publisher":{"@id":"https:\/\/www.staging-2.hotelambient.ro\/es\/#organization"},"potentialAction":[{"@type":"SearchAction","target":{"@type":"EntryPoint","urlTemplate":"https:\/\/www.staging-2.hotelambient.ro\/es\/?s={search_term_string}"},"query-input":{"@type":"PropertyValueSpecification","valueRequired":true,"valueName":"search_term_string"}}],"inLanguage":"es"},{"@type":"Organization","@id":"https:\/\/www.staging-2.hotelambient.ro\/es\/#organization","name":"Ambient Hotels","url":"https:\/\/www.staging-2.hotelambient.ro\/es\/","logo":{"@type":"ImageObject","inLanguage":"es","@id":"https:\/\/www.staging-2.hotelambient.ro\/es\/#\/schema\/logo\/image\/","url":"https:\/\/www.staging-2.hotelambient.ro\/wp-content\/uploads\/2016\/07\/Logo001-copia-2.png","contentUrl":"https:\/\/www.staging-2.hotelambient.ro\/wp-content\/uploads\/2016\/07\/Logo001-copia-2.png","width":300,"height":114,"caption":"Ambient Hotels"},"image":{"@id":"https:\/\/www.staging-2.hotelambient.ro\/es\/#\/schema\/logo\/image\/"}}]}},"_links":{"self":[{"href":"https:\/\/www.staging-2.hotelambient.ro\/es\/wp-json\/wp\/v2\/pages\/9698","targetHints":{"allow":["GET"]}}],"collection":[{"href":"https:\/\/www.staging-2.hotelambient.ro\/es\/wp-json\/wp\/v2\/pages"}],"about":[{"href":"https:\/\/www.staging-2.hotelambient.ro\/es\/wp-json\/wp\/v2\/types\/page"}],"author":[{"embeddable":true,"href":"https:\/\/www.staging-2.hotelambient.ro\/es\/wp-json\/wp\/v2\/users\/1"}],"replies":[{"embeddable":true,"href":"https:\/\/www.staging-2.hotelambient.ro\/es\/wp-json\/wp\/v2\/comments?post=9698"}],"version-history":[{"count":4,"href":"https:\/\/www.staging-2.hotelambient.ro\/es\/wp-json\/wp\/v2\/pages\/9698\/revisions"}],"predecessor-version":[{"id":12792,"href":"https:\/\/www.staging-2.hotelambient.ro\/es\/wp-json\/wp\/v2\/pages\/9698\/revisions\/12792"}],"up":[{"embeddable":true,"href":"https:\/\/www.staging-2.hotelambient.ro\/es\/wp-json\/wp\/v2\/pages\/9667"}],"wp:attachment":[{"href":"https:\/\/www.staging-2.hotelambient.ro\/es\/wp-json\/wp\/v2\/media?parent=9698"}],"curies":[{"name":"wp","href":"https:\/\/api.w.org\/{rel}","templated":true}]}}