{"id":9702,"date":"2016-06-23T11:56:28","date_gmt":"2016-06-23T08:56:28","guid":{"rendered":"https:\/\/www.staging-2.hotelambient.ro\/wellness\/"},"modified":"2026-01-28T21:41:26","modified_gmt":"2026-01-28T19:41:26","slug":"wellness","status":"publish","type":"page","link":"https:\/\/www.staging-2.hotelambient.ro\/es\/hotel-servicios\/wellness\/","title":{"rendered":"Wellness"},"content":{"rendered":"<div class=\"wpb-content-wrapper\">[vc_row full_width=\u00bbstretch_row\u00bb position=\u00bbright center\u00bb css=\u00bb.vc_custom_1467676796314{background-image: url(https:\/\/www.staging-2.hotelambient.ro\/wp-content\/uploads\/2016\/06\/agua.png?id=3978) !important;background-position: 0 0 !important;background-repeat: no-repeat !important;}\u00bb el_class=\u00bbbackground-none-mobile\u00bb][vc_column width=\u00bb1\/2&#8243;][vc_column_text]\n<h2><span style=\"color: #cf0e17;\">UN ESPACIO EXCLUSIVO PARA EL RELAX<\/span><\/h2>\n<p>Nuestro peque\u00f1o rincon de confort les espera para que disfruten de unas horas de relax y descanso en nuestro centro wellness, donde el cuerpo y la mente se encuentran en perfecta armon\u00eda.<\/p>\n<p>Ponemos a disposici\u00f3n de nuestros hu\u00e9spedes una sauna, un jacuzzi, adecuados para relajarse en pareja y un gimnasio equipado con cinta para correr, equipos multifuncionales, stepper y bicicletas fijas. Para terminar, podr\u00e1n disfrutar de un masaje relajante que le permitir\u00e1 eliminar por completo el estr\u00e9s.<\/p>\n<p><q class=\"pullquote pull-right\">El centro\u00a0wellness ofrece una selecci\u00f3n de aparatos para ayudar a nuestros hu\u00e9spedes a relajarse y eliminar el estr\u00e9s<\/q>[\/vc_column_text][\/vc_column][\/vc_row][vc_row css=\u00bb.vc_custom_1468197520638{margin-top: -110px !important;margin-bottom: -100px !important;}\u00bb][vc_column width=\u00bb2\/3&#8243; offset=\u00bbvc_col-sm-offset-2&#8243;]<ul class=\"list-services \"><li>\n  <h3>\n    <a href=\"#sauna\">\n      Jacuzzi y Sauna      <small>Rel\u00e1jate y disfruta de un merecido descanso<\/small>    <\/a>\n  <\/h3>\n<\/li>\n<li>\n  <h3>\n    <a href=\"#masajes\">\n      Masajes      <small>Disfruta plenamente de unos momentos de relajaci\u00f3n<\/small>    <\/a>\n  <\/h3>\n<\/li>\n<li>\n  <h3>\n    <a href=\"#gimnasio\">\n      Gimnasio      <small>Mantente en forma fuera de casa<\/small>    <\/a>\n  <\/h3>\n<\/li>\n<\/ul>[\/vc_column][\/vc_row][vc_row][vc_column][vc_raw_html]JTNDYSUyMG5hbWUlM0QlMjJzYXVuYSUyMiUzRSUzQyUyRmElM0U=[\/vc_raw_html][\/vc_column][\/vc_row][vc_row full_width=\u00bbstretch_row\u00bb parallax=\u00bbcontent-moving\u00bb css=\u00bb.vc_custom_1468706083508{margin-top: -260px !important;margin-bottom: -160px !important;background-image: url(https:\/\/www.staging-2.hotelambient.ro\/wp-content\/uploads\/2016\/06\/fondo10.jpg?id=4525) !important;background-position: center;background-repeat: no-repeat !important;background-size: cover !important;}\u00bb el_class=\u00bbcontent-padding-mobile-none\u00bb][vc_column width=\u00bb1\/2&#8243; el_class=\u00bbwhite-box content-padding-xs\u00bb][vc_column_text]\n<h1><small><span style=\"color: #cf0e17;\">JACUZZI\u00a0&amp; SAUNA<\/span><\/small><\/h1>\n<p>Nuestro peque\u00f1o Spa ofrece un espacio para encontrar la serenidad y representa un nuevo concepto de salud y bienestar donde desconectar y disfrutar con los cinco sentidos.<\/p>\n<p>Les invitamos a disfrutar de la sauna \u00a0y el jacuzzi que cuenta con\u00a0instalaciones modernas\u00a0con hidromasaje, cromoterapia y musicoterapia para que pueda entregarse por completo al placer.[\/vc_column_text][\/vc_column][vc_column width=\u00bb1\/2&#8243;][vc_images_carousel images=\u00bb11196,11223,10383,10382&#8243; onclick=\u00bblink_no\u00bb][\/vc_column][\/vc_row][vc_row][vc_column][vc_raw_html]JTNDYSUyMG5hbWUlM0QlMjJtYXNhamVzJTIyJTNFJTNDJTJGYSUzRQ==[\/vc_raw_html][\/vc_column][\/vc_row][vc_row full_width=\u00bbstretch_row\u00bb parallax=\u00bbcontent-moving\u00bb css=\u00bb.vc_custom_1467995268165{margin-bottom: -160px !important;background-image: url(https:\/\/www.staging-2.hotelambient.ro\/wp-content\/uploads\/2016\/06\/fondo2.jpg?id=3987) !important;background-position: 0 0;background-repeat: no-repeat !important;}\u00bb min_height=\u00bb700px\u00bb][vc_column width=\u00bb1\/2&#8243;][vc_images_carousel images=\u00bb11229&#8243; onclick=\u00bblink_no\u00bb hide_pagination_control=\u00bbyes\u00bb hide_prev_next_buttons=\u00bbyes\u00bb][\/vc_column][vc_column width=\u00bb1\/2&#8243; el_class=\u00bbwhite-box content-padding-xs\u00bb][vc_column_text css=\u00bb\u00bb]\n<h1><small><span style=\"color: #cf0e17;\">MASAJES<\/span><\/small><\/h1>\n<p>Despu\u00e9s de muchos paseos por la ciudad, visitas y compras, \u00bfque puede ser mejor qu\u00e9 un masaje relajante en nuestro centro wellness?<\/p>\n<p>Nuestro masaje relajante es un masaje de cuerpo completo que tiene como objetivo la relajaci\u00f3n muscular, eliminar la fatiga y generar una sensaci\u00f3n agradable de confort.<br \/>\nEs id\u00f3neo para disminuir la tensi\u00f3n muscular general o localizada, induciendo un estado de relajaci\u00f3n integral tanto f\u00edsica como mental.<\/p>\n<p>El masaje activa el sistema circulatorio y linf\u00e1tico ayudando a la nutrici\u00f3n de los tejidos, al intercambio de ox\u00edgeno y eliminaci\u00f3n de las sustancias de desecho. Relaja la musculatura y el sistema nervioso central, libera bloqueos energ\u00e9ticos que nos impiden mantener un buen estado f\u00edsico y mental, moviliza las grasas, nos ayuda a diferenciar las sensaciones de tensi\u00f3n-relajaci\u00f3n y renueva las c\u00e9lulas de la piel.<\/p>\n<p>Se aplica lentamente, con una presi\u00f3n firme y progresiva en la espalda, en las piernas o en ambas zonas con el objetivo de proporcionar una sensaci\u00f3n de calma. Al aplicarse con aceites esenciales, hidrata la piel y proporciona una agradable experiencia.<\/p>\n<p>El masaje tiene una duraci\u00f3n de 50 minutos y un coste de 60\u20ac por persona.[\/vc_column_text][\/vc_column][\/vc_row][vc_row][vc_column][vc_raw_html]JTNDYSUyMG5hbWUlM0QlMjJnaW1uYXNpbyUyMiUzRSUzQyUyRmElM0U=[\/vc_raw_html][\/vc_column][\/vc_row][vc_row full_width=\u00bbstretch_row\u00bb parallax=\u00bbcontent-moving\u00bb css=\u00bb.vc_custom_1468705698261{margin-bottom: 40px !important;background-image: url(https:\/\/www.staging-2.hotelambient.ro\/wp-content\/uploads\/2016\/06\/fondo8.jpg?id=4521) !important;background-position: center;background-repeat: no-repeat !important;background-size: cover !important;}\u00bb el_class=\u00bbcontent-padding-mobile-none\u00bb][vc_column width=\u00bb1\/2&#8243; el_class=\u00bbwhite-box content-padding-xs\u00bb][vc_column_text]\n<h1><small><span style=\"color: #cf0e17;\">GIMNASIO<\/span><\/small><\/h1>\n<p>Para empezar o terminar el d\u00eda de la mejor forma y que no eche nada de menos durante su estancia en nuestro hotel, les ponemos a disposici\u00f3n nuestro club de fitness que est\u00e1 equipado con aparatos modernos que les permiten llevar a cabo un entrenamiento f\u00edsico completo: cinta para correr, equipo multifuncional para todos los grupos de m\u00fasculos, stepper y bicicleta fija.[\/vc_column_text][\/vc_column][vc_column width=\u00bb1\/2&#8243;][vc_images_carousel images=\u00bb11235,11241,11244,11238&#8243; onclick=\u00bblink_no\u00bb][\/vc_column][\/vc_row][vc_row css=\u00bb.vc_custom_1470397530640{margin-bottom: -200px !important;}\u00bb][vc_column][vc_raw_html]JTNDc2NyaXB0JTIwdHlwZSUzRCUyMnRleHQlMkZqYXZhc2NyaXB0JTIyJTIwc3JjJTNEJTIyaHR0cHMlM0ElMkYlMkZvcGVuLnVwcGVyYm9va2luZy5jb20lMkZob3RlbGFtYmllbnQlMkZCb29raW5nLmpzJTNGbG9jYWxlJTNEZXMlMjIlM0UlM0MlMkZzY3JpcHQlM0U=[\/vc_raw_html][\/vc_column][\/vc_row]\n<\/div>","protected":false},"excerpt":{"rendered":"<p>[vc_row full_width=\u00bbstretch_row\u00bb position=\u00bbright center\u00bb css=\u00bb.vc_custom_1467676796314{background-image: url(https:\/\/www.staging-2.hotelambient.ro\/wp-content\/uploads\/2016\/06\/agua.png?id=3978) !important;background-position: 0 0 !important;background-repeat: no-repeat !important;}\u00bb el_class=\u00bbbackground-none-mobile\u00bb][vc_column width=\u00bb1\/2&#8243;][vc_column_text] UN ESPACIO EXCLUSIVO PARA EL RELAX Nuestro peque\u00f1o rincon de confort les espera para que disfruten de unas horas de relax y descanso en nuestro centro wellness, donde el cuerpo y la mente se encuentran en perfecta armon\u00eda. Ponemos a disposici\u00f3n de nuestros hu\u00e9spedes una sauna, un jacuzzi, adecuados para relajarse en pareja y un gimnasio equipado con cinta para correr, equipos multifuncionales, stepper y bicicletas fijas. Para terminar, podr\u00e1n disfrutar de un masaje relajante que le permitir\u00e1 eliminar por completo el estr\u00e9s. El centro\u00a0wellness ofrece una selecci\u00f3n de aparatos para ayudar a nuestros hu\u00e9spedes a relajarse y eliminar el estr\u00e9s[\/vc_column_text][\/vc_column][\/vc_row][vc_row [&hellip;]<\/p>\n","protected":false},"author":1,"featured_media":0,"parent":9667,"menu_order":1,"comment_status":"closed","ping_status":"closed","template":"","meta":{"footnotes":""},"class_list":["post-9702","page","type-page","status-publish","hentry"],"yoast_head":"<!-- This site is optimized with the Yoast SEO plugin v26.8 - https:\/\/yoast.com\/product\/yoast-seo-wordpress\/ -->\n<title>Wellness | Hotel Ambient Brasov - Cazare \u00een centrul ora\u0219ului<\/title>\n<meta name=\"robots\" content=\"noindex, follow, max-snippet:-1, max-image-preview:large, max-video-preview:-1\" \/>\n<meta property=\"og:locale\" content=\"es_ES\" \/>\n<meta property=\"og:type\" content=\"article\" \/>\n<meta property=\"og:title\" content=\"Wellness | Hotel Ambient Brasov - Cazare \u00een centrul ora\u0219ului\" \/>\n<meta property=\"og:description\" content=\"[vc_row full_width=\u00bbstretch_row\u00bb position=\u00bbright center\u00bb css=\u00bb.vc_custom_1467676796314{background-image: url(https:\/\/www.staging-2.hotelambient.ro\/wp-content\/uploads\/2016\/06\/agua.png?id=3978) !important;background-position: 0 0 !important;background-repeat: no-repeat !important;}\u00bb el_class=\u00bbbackground-none-mobile\u00bb][vc_column width=\u00bb1\/2&#8243;][vc_column_text] UN ESPACIO EXCLUSIVO PARA EL RELAX Nuestro peque\u00f1o rincon de confort les espera para que disfruten de unas horas de relax y descanso en nuestro centro wellness, donde el cuerpo y la mente se encuentran en perfecta armon\u00eda. Ponemos a disposici\u00f3n de nuestros hu\u00e9spedes una sauna, un jacuzzi, adecuados para relajarse en pareja y un gimnasio equipado con cinta para correr, equipos multifuncionales, stepper y bicicletas fijas. Para terminar, podr\u00e1n disfrutar de un masaje relajante que le permitir\u00e1 eliminar por completo el estr\u00e9s. El centro\u00a0wellness ofrece una selecci\u00f3n de aparatos para ayudar a nuestros hu\u00e9spedes a relajarse y eliminar el estr\u00e9s[\/vc_column_text][\/vc_column][\/vc_row][vc_row [&hellip;]\" \/>\n<meta property=\"og:url\" content=\"https:\/\/www.staging-2.hotelambient.ro\/es\/hotel-servicios\/wellness\/\" \/>\n<meta property=\"og:site_name\" content=\"Hotel Ambient Brasov - Cazare \u00een centrul ora\u0219ului\" \/>\n<meta property=\"article:modified_time\" content=\"2026-01-28T19:41:26+00:00\" \/>\n<meta name=\"twitter:card\" content=\"summary_large_image\" \/>\n<meta name=\"twitter:label1\" content=\"Tiempo de lectura\" \/>\n\t<meta name=\"twitter:data1\" content=\"4 minutos\" \/>\n<script type=\"application\/ld+json\" class=\"yoast-schema-graph\">{\"@context\":\"https:\/\/schema.org\",\"@graph\":[{\"@type\":\"WebPage\",\"@id\":\"https:\/\/www.staging-2.hotelambient.ro\/es\/hotel-servicios\/wellness\/\",\"url\":\"https:\/\/www.staging-2.hotelambient.ro\/es\/hotel-servicios\/wellness\/\",\"name\":\"Wellness | Hotel Ambient Brasov - Cazare \u00een centrul ora\u0219ului\",\"isPartOf\":{\"@id\":\"https:\/\/www.staging-2.hotelambient.ro\/es\/#website\"},\"datePublished\":\"2016-06-23T08:56:28+00:00\",\"dateModified\":\"2026-01-28T19:41:26+00:00\",\"breadcrumb\":{\"@id\":\"https:\/\/www.staging-2.hotelambient.ro\/es\/hotel-servicios\/wellness\/#breadcrumb\"},\"inLanguage\":\"es\",\"potentialAction\":[{\"@type\":\"ReadAction\",\"target\":[\"https:\/\/www.staging-2.hotelambient.ro\/es\/hotel-servicios\/wellness\/\"]}]},{\"@type\":\"BreadcrumbList\",\"@id\":\"https:\/\/www.staging-2.hotelambient.ro\/es\/hotel-servicios\/wellness\/#breadcrumb\",\"itemListElement\":[{\"@type\":\"ListItem\",\"position\":1,\"name\":\"Home\",\"item\":\"https:\/\/www.staging-2.hotelambient.ro\/es\/\"},{\"@type\":\"ListItem\",\"position\":2,\"name\":\"Hotel &#038; Servicios\",\"item\":\"https:\/\/www.staging-2.hotelambient.ro\/es\/hotel-servicios\/?lang=es\"},{\"@type\":\"ListItem\",\"position\":3,\"name\":\"Wellness\"}]},{\"@type\":\"WebSite\",\"@id\":\"https:\/\/www.staging-2.hotelambient.ro\/es\/#website\",\"url\":\"https:\/\/www.staging-2.hotelambient.ro\/es\/\",\"name\":\"Hotel Ambient Brasov - Cazare \u00een centrul ora\u0219ului\",\"description\":\"Hotel moderno y acogedor en el centro de Brasov con todas las comodidades que puedas necesitar durante tu estancia en la ciudad y unas de las mejores habitaciones\",\"publisher\":{\"@id\":\"https:\/\/www.staging-2.hotelambient.ro\/es\/#organization\"},\"potentialAction\":[{\"@type\":\"SearchAction\",\"target\":{\"@type\":\"EntryPoint\",\"urlTemplate\":\"https:\/\/www.staging-2.hotelambient.ro\/es\/?s={search_term_string}\"},\"query-input\":{\"@type\":\"PropertyValueSpecification\",\"valueRequired\":true,\"valueName\":\"search_term_string\"}}],\"inLanguage\":\"es\"},{\"@type\":\"Organization\",\"@id\":\"https:\/\/www.staging-2.hotelambient.ro\/es\/#organization\",\"name\":\"Ambient Hotels\",\"url\":\"https:\/\/www.staging-2.hotelambient.ro\/es\/\",\"logo\":{\"@type\":\"ImageObject\",\"inLanguage\":\"es\",\"@id\":\"https:\/\/www.staging-2.hotelambient.ro\/es\/#\/schema\/logo\/image\/\",\"url\":\"https:\/\/www.staging-2.hotelambient.ro\/wp-content\/uploads\/2016\/07\/Logo001-copia-2.png\",\"contentUrl\":\"https:\/\/www.staging-2.hotelambient.ro\/wp-content\/uploads\/2016\/07\/Logo001-copia-2.png\",\"width\":300,\"height\":114,\"caption\":\"Ambient Hotels\"},\"image\":{\"@id\":\"https:\/\/www.staging-2.hotelambient.ro\/es\/#\/schema\/logo\/image\/\"}}]}<\/script>\n<!-- \/ Yoast SEO plugin. -->","yoast_head_json":{"title":"Wellness | Hotel Ambient Brasov - Cazare \u00een centrul ora\u0219ului","robots":{"index":"noindex","follow":"follow","max-snippet":"max-snippet:-1","max-image-preview":"max-image-preview:large","max-video-preview":"max-video-preview:-1"},"og_locale":"es_ES","og_type":"article","og_title":"Wellness | Hotel Ambient Brasov - Cazare \u00een centrul ora\u0219ului","og_description":"[vc_row full_width=\u00bbstretch_row\u00bb position=\u00bbright center\u00bb css=\u00bb.vc_custom_1467676796314{background-image: url(https:\/\/www.staging-2.hotelambient.ro\/wp-content\/uploads\/2016\/06\/agua.png?id=3978) !important;background-position: 0 0 !important;background-repeat: no-repeat !important;}\u00bb el_class=\u00bbbackground-none-mobile\u00bb][vc_column width=\u00bb1\/2&#8243;][vc_column_text] UN ESPACIO EXCLUSIVO PARA EL RELAX Nuestro peque\u00f1o rincon de confort les espera para que disfruten de unas horas de relax y descanso en nuestro centro wellness, donde el cuerpo y la mente se encuentran en perfecta armon\u00eda. Ponemos a disposici\u00f3n de nuestros hu\u00e9spedes una sauna, un jacuzzi, adecuados para relajarse en pareja y un gimnasio equipado con cinta para correr, equipos multifuncionales, stepper y bicicletas fijas. Para terminar, podr\u00e1n disfrutar de un masaje relajante que le permitir\u00e1 eliminar por completo el estr\u00e9s. El centro\u00a0wellness ofrece una selecci\u00f3n de aparatos para ayudar a nuestros hu\u00e9spedes a relajarse y eliminar el estr\u00e9s[\/vc_column_text][\/vc_column][\/vc_row][vc_row [&hellip;]","og_url":"https:\/\/www.staging-2.hotelambient.ro\/es\/hotel-servicios\/wellness\/","og_site_name":"Hotel Ambient Brasov - Cazare \u00een centrul ora\u0219ului","article_modified_time":"2026-01-28T19:41:26+00:00","twitter_card":"summary_large_image","twitter_misc":{"Tiempo de lectura":"4 minutos"},"schema":{"@context":"https:\/\/schema.org","@graph":[{"@type":"WebPage","@id":"https:\/\/www.staging-2.hotelambient.ro\/es\/hotel-servicios\/wellness\/","url":"https:\/\/www.staging-2.hotelambient.ro\/es\/hotel-servicios\/wellness\/","name":"Wellness | Hotel Ambient Brasov - Cazare \u00een centrul ora\u0219ului","isPartOf":{"@id":"https:\/\/www.staging-2.hotelambient.ro\/es\/#website"},"datePublished":"2016-06-23T08:56:28+00:00","dateModified":"2026-01-28T19:41:26+00:00","breadcrumb":{"@id":"https:\/\/www.staging-2.hotelambient.ro\/es\/hotel-servicios\/wellness\/#breadcrumb"},"inLanguage":"es","potentialAction":[{"@type":"ReadAction","target":["https:\/\/www.staging-2.hotelambient.ro\/es\/hotel-servicios\/wellness\/"]}]},{"@type":"BreadcrumbList","@id":"https:\/\/www.staging-2.hotelambient.ro\/es\/hotel-servicios\/wellness\/#breadcrumb","itemListElement":[{"@type":"ListItem","position":1,"name":"Home","item":"https:\/\/www.staging-2.hotelambient.ro\/es\/"},{"@type":"ListItem","position":2,"name":"Hotel &#038; Servicios","item":"https:\/\/www.staging-2.hotelambient.ro\/es\/hotel-servicios\/?lang=es"},{"@type":"ListItem","position":3,"name":"Wellness"}]},{"@type":"WebSite","@id":"https:\/\/www.staging-2.hotelambient.ro\/es\/#website","url":"https:\/\/www.staging-2.hotelambient.ro\/es\/","name":"Hotel Ambient Brasov - Cazare \u00een centrul ora\u0219ului","description":"Hotel moderno y acogedor en el centro de Brasov con todas las comodidades que puedas necesitar durante tu estancia en la ciudad y unas de las mejores habitaciones","publisher":{"@id":"https:\/\/www.staging-2.hotelambient.ro\/es\/#organization"},"potentialAction":[{"@type":"SearchAction","target":{"@type":"EntryPoint","urlTemplate":"https:\/\/www.staging-2.hotelambient.ro\/es\/?s={search_term_string}"},"query-input":{"@type":"PropertyValueSpecification","valueRequired":true,"valueName":"search_term_string"}}],"inLanguage":"es"},{"@type":"Organization","@id":"https:\/\/www.staging-2.hotelambient.ro\/es\/#organization","name":"Ambient Hotels","url":"https:\/\/www.staging-2.hotelambient.ro\/es\/","logo":{"@type":"ImageObject","inLanguage":"es","@id":"https:\/\/www.staging-2.hotelambient.ro\/es\/#\/schema\/logo\/image\/","url":"https:\/\/www.staging-2.hotelambient.ro\/wp-content\/uploads\/2016\/07\/Logo001-copia-2.png","contentUrl":"https:\/\/www.staging-2.hotelambient.ro\/wp-content\/uploads\/2016\/07\/Logo001-copia-2.png","width":300,"height":114,"caption":"Ambient Hotels"},"image":{"@id":"https:\/\/www.staging-2.hotelambient.ro\/es\/#\/schema\/logo\/image\/"}}]}},"_links":{"self":[{"href":"https:\/\/www.staging-2.hotelambient.ro\/es\/wp-json\/wp\/v2\/pages\/9702","targetHints":{"allow":["GET"]}}],"collection":[{"href":"https:\/\/www.staging-2.hotelambient.ro\/es\/wp-json\/wp\/v2\/pages"}],"about":[{"href":"https:\/\/www.staging-2.hotelambient.ro\/es\/wp-json\/wp\/v2\/types\/page"}],"author":[{"embeddable":true,"href":"https:\/\/www.staging-2.hotelambient.ro\/es\/wp-json\/wp\/v2\/users\/1"}],"replies":[{"embeddable":true,"href":"https:\/\/www.staging-2.hotelambient.ro\/es\/wp-json\/wp\/v2\/comments?post=9702"}],"version-history":[{"count":4,"href":"https:\/\/www.staging-2.hotelambient.ro\/es\/wp-json\/wp\/v2\/pages\/9702\/revisions"}],"predecessor-version":[{"id":12720,"href":"https:\/\/www.staging-2.hotelambient.ro\/es\/wp-json\/wp\/v2\/pages\/9702\/revisions\/12720"}],"up":[{"embeddable":true,"href":"https:\/\/www.staging-2.hotelambient.ro\/es\/wp-json\/wp\/v2\/pages\/9667"}],"wp:attachment":[{"href":"https:\/\/www.staging-2.hotelambient.ro\/es\/wp-json\/wp\/v2\/media?parent=9702"}],"curies":[{"name":"wp","href":"https:\/\/api.w.org\/{rel}","templated":true}]}}