{"id":9706,"date":"2016-06-23T11:59:29","date_gmt":"2016-06-23T08:59:29","guid":{"rendered":"https:\/\/www.staging-2.hotelambient.ro\/equipo\/"},"modified":"2026-01-29T16:29:57","modified_gmt":"2026-01-29T14:29:57","slug":"equipo","status":"publish","type":"page","link":"https:\/\/www.staging-2.hotelambient.ro\/es\/hotel-servicios\/equipo\/","title":{"rendered":"Equipo"},"content":{"rendered":"<div class=\"wpb-content-wrapper\">[vc_row full_width=\u00bbstretch_row_content_no_spaces\u00bb full_height=\u00bbyes\u00bb columns_placement=\u00bbbottom\u00bb equal_height=\u00bbyes\u00bb content_placement=\u00bbbottom\u00bb curly_bg_repeat=\u00bbbg-no-repeat\u00bb curly_bg_position=\u00bbbg-pos-center-bottom\u00bb position=\u00bbcenter center\u00bb css=\u00bb.vc_custom_1769690505651{padding-right: 0px !important;padding-left: 0px !important;background-image: url(https:\/\/www.staging-2.hotelambient.ro\/wp-content\/uploads\/2021\/06\/Echipa-Ambient-4-scaled.jpg?id=8300) !important;background-position: center !important;background-repeat: no-repeat !important;background-size: cover !important;}\u00bb curly_min_height=\u00bb1000px\u00bb][vc_column][vc_row_inner][vc_column_inner width=\u00bb1\/4&#8243;][\/vc_column_inner][vc_column_inner width=\u00bb1\/2&#8243;][vc_custom_heading text=\u00bbLes invitamos a conocer la familia Ambient, un equipo que hara que cada momento que pase con nosotros, valga la pena y que les hara sentir siempre mejor que en su propia casa. \u00a1Estos somos nosotros, siempre entusiastas, siempre ansiosos para ayudar y siempre sonriendo!\u00bb font_container=\u00bbtag:p|font_size:26|text_align:center|color:%23FFFFFF\u00bb use_theme_fonts=\u00bbyes\u00bb css=\u00bb.vc_custom_1769696890248{padding-top: 20px !important;padding-right: 20px !important;padding-bottom: 20px !important;padding-left: 20px !important;background-color: #DD3333B3 !important;}\u00bb][\/vc_column_inner][vc_column_inner width=\u00bb1\/4&#8243;][\/vc_column_inner][\/vc_row_inner][\/vc_column][\/vc_row][vc_row][vc_column width=\u00bb1\/4&#8243;][\/vc_column][vc_column width=\u00bb1\/2&#8243;][vc_column_text css=\u00bb\u00bb]\n<h2 style=\"text-align: center;\"><span style=\"color: #cf0e17;\">Carta de los propietarios<\/span><\/h2>\n<p style=\"text-align: center;\"><strong>Estimados hu\u00e9spedes:<\/strong><\/p>\n<p style=\"text-align: center;\">Bienvenidos a Bra\u015fov, una de las ciudades m\u00e1s bellas de Ruman\u00eda, un importante centro de negocios y turismo en continuo desarrollo, respaldado por una rica historia y una gente acogedora. Famosa por sus espectaculares paisajes, aire puro y gastronom\u00eda refinada, Bra\u015fov se ha convertido, con el tiempo, en un destino predilecto para turistas de todo el mundo.<\/p>\n<p style=\"text-align: center;\">Ubicado en pleno coraz\u00f3n de la ciudad, nuestro hotel es una aut\u00e9ntica joya, creado para ofrecer a los hu\u00e9spedes la sensaci\u00f3n de \u00abhogar\u00bb, en un espacio donde la luz, el color, la comodidad y la elegancia se funden en armon\u00eda. La hospitalidad y la amabilidad de nuestro equipo completan esta experiencia, recibiendo a cada hu\u00e9sped con una sonrisa sincera y c\u00e1lida.<\/p>\n<p style=\"text-align: center;\">Al ser un negocio familiar, nuestro hotel se distingue por la atenci\u00f3n al detalle y la estrecha relaci\u00f3n con sus hu\u00e9spedes. Desde el primer momento, se beneficiar\u00e1 de servicios personalizados, fruto de la pasi\u00f3n y la dedicaci\u00f3n que invertimos cada d\u00eda. Nuestras habitaciones son amplias y confortables, y combinan la vitalidad del dise\u00f1o interior moderno con la calidez de un mobiliario cuidadosamente seleccionado.<\/p>\n<p style=\"text-align: center;\">El restaurante del hotel completa la experiencia de su estancia con un men\u00fa variado y refinado, inspirado en la cocina tradicional rumana e internacional, cuidadosamente preparado para deleitar todos los gustos.<\/p>\n<p style=\"text-align: center;\">Sea cual sea el motivo de su visita a Bra\u0219ov, queremos que se sienta mejor que en casa, ofreci\u00e9ndole atenci\u00f3n y servicios de la m\u00e1s alta calidad.<\/p>\n<p style=\"text-align: center;\">La familia Ambient siempre le da la bienvenida con los brazos abiertos, invit\u00e1ndole a disfrutar de una estancia memorable: sorprendente por su novedad, pero a la vez c\u00f3moda y relajante, gracias a la hospitalidad de nuestro equipo.<\/p>\n<p style=\"text-align: center;\">Esperamos verle pronto,<br \/>\n<strong>Gerente General \u2013 Hotel Ambient<\/strong><\/p>\n[\/vc_column_text][\/vc_column][vc_column width=\u00bb1\/4&#8243;][\/vc_column][\/vc_row][vc_row css=\u00bb.vc_custom_1769696912275{padding-top: 30px !important;padding-bottom: 30px !important;}\u00bb][vc_column][vc_raw_html]JTNDc2NyaXB0JTIwdHlwZSUzRCUyMnRleHQlMkZqYXZhc2NyaXB0JTIyJTIwc3JjJTNEJTIyaHR0cHMlM0ElMkYlMkZvcGVuLnVwcGVyYm9va2luZy5jb20lMkZob3RlbGFtYmllbnQlMkZCb29raW5nLmpzJTNGbG9jYWxlJTNEZXMlMjIlM0UlM0MlMkZzY3JpcHQlM0U=[\/vc_raw_html][\/vc_column][\/vc_row]\n<\/div>","protected":false},"excerpt":{"rendered":"<p>[vc_row full_width=\u00bbstretch_row_content_no_spaces\u00bb full_height=\u00bbyes\u00bb columns_placement=\u00bbbottom\u00bb equal_height=\u00bbyes\u00bb content_placement=\u00bbbottom\u00bb curly_bg_repeat=\u00bbbg-no-repeat\u00bb curly_bg_position=\u00bbbg-pos-center-bottom\u00bb position=\u00bbcenter center\u00bb css=\u00bb.vc_custom_1769690505651{padding-right: 0px !important;padding-left: 0px !important;background-image: url(https:\/\/www.staging-2.hotelambient.ro\/wp-content\/uploads\/2021\/06\/Echipa-Ambient-4-scaled.jpg?id=8300) !important;background-position: center !important;background-repeat: no-repeat !important;background-size: cover !important;}\u00bb curly_min_height=\u00bb1000px\u00bb][vc_column][vc_row_inner][vc_column_inner width=\u00bb1\/4&#8243;][\/vc_column_inner][vc_column_inner width=\u00bb1\/2&#8243;][vc_custom_heading text=\u00bbLes invitamos a conocer la familia Ambient, un equipo que hara que cada momento que pase con nosotros, valga la pena y que les hara sentir siempre mejor que en su propia casa. \u00a1Estos somos nosotros, siempre entusiastas, siempre ansiosos para ayudar y siempre sonriendo!\u00bb font_container=\u00bbtag:p|font_size:26|text_align:center|color:%23FFFFFF\u00bb use_theme_fonts=\u00bbyes\u00bb css=\u00bb.vc_custom_1769696890248{padding-top: 20px !important;padding-right: 20px !important;padding-bottom: 20px !important;padding-left: 20px !important;background-color: #DD3333B3 !important;}\u00bb][\/vc_column_inner][vc_column_inner width=\u00bb1\/4&#8243;][\/vc_column_inner][\/vc_row_inner][\/vc_column][\/vc_row][vc_row][vc_column width=\u00bb1\/4&#8243;][\/vc_column][vc_column width=\u00bb1\/2&#8243;][vc_column_text css=\u00bb\u00bb] Carta de los propietarios Estimados hu\u00e9spedes: Bienvenidos a Bra\u015fov, una de las ciudades m\u00e1s bellas de Ruman\u00eda, un importante centro de negocios y turismo en continuo desarrollo, [&hellip;]<\/p>\n","protected":false},"author":1,"featured_media":0,"parent":9667,"menu_order":9,"comment_status":"closed","ping_status":"closed","template":"","meta":{"footnotes":""},"class_list":["post-9706","page","type-page","status-publish","hentry"],"yoast_head":"<!-- This site is optimized with the Yoast SEO plugin v26.8 - https:\/\/yoast.com\/product\/yoast-seo-wordpress\/ -->\n<title>Equipo | Hotel Ambient Brasov - Cazare \u00een centrul ora\u0219ului<\/title>\n<meta name=\"robots\" content=\"noindex, follow, max-snippet:-1, max-image-preview:large, max-video-preview:-1\" \/>\n<meta property=\"og:locale\" content=\"es_ES\" \/>\n<meta property=\"og:type\" content=\"article\" \/>\n<meta property=\"og:title\" content=\"Equipo | Hotel Ambient Brasov - Cazare \u00een centrul ora\u0219ului\" \/>\n<meta property=\"og:description\" content=\"[vc_row full_width=\u00bbstretch_row_content_no_spaces\u00bb full_height=\u00bbyes\u00bb columns_placement=\u00bbbottom\u00bb equal_height=\u00bbyes\u00bb content_placement=\u00bbbottom\u00bb curly_bg_repeat=\u00bbbg-no-repeat\u00bb curly_bg_position=\u00bbbg-pos-center-bottom\u00bb position=\u00bbcenter center\u00bb css=\u00bb.vc_custom_1769690505651{padding-right: 0px !important;padding-left: 0px !important;background-image: url(https:\/\/www.staging-2.hotelambient.ro\/wp-content\/uploads\/2021\/06\/Echipa-Ambient-4-scaled.jpg?id=8300) !important;background-position: center !important;background-repeat: no-repeat !important;background-size: cover !important;}\u00bb curly_min_height=\u00bb1000px\u00bb][vc_column][vc_row_inner][vc_column_inner width=\u00bb1\/4&#8243;][\/vc_column_inner][vc_column_inner width=\u00bb1\/2&#8243;][vc_custom_heading text=\u00bbLes invitamos a conocer la familia Ambient, un equipo que hara que cada momento que pase con nosotros, valga la pena y que les hara sentir siempre mejor que en su propia casa. \u00a1Estos somos nosotros, siempre entusiastas, siempre ansiosos para ayudar y siempre sonriendo!\u00bb font_container=\u00bbtag:p|font_size:26|text_align:center|color:%23FFFFFF\u00bb use_theme_fonts=\u00bbyes\u00bb css=\u00bb.vc_custom_1769696890248{padding-top: 20px !important;padding-right: 20px !important;padding-bottom: 20px !important;padding-left: 20px !important;background-color: #DD3333B3 !important;}\u00bb][\/vc_column_inner][vc_column_inner width=\u00bb1\/4&#8243;][\/vc_column_inner][\/vc_row_inner][\/vc_column][\/vc_row][vc_row][vc_column width=\u00bb1\/4&#8243;][\/vc_column][vc_column width=\u00bb1\/2&#8243;][vc_column_text css=\u00bb\u00bb] Carta de los propietarios Estimados hu\u00e9spedes: Bienvenidos a Bra\u015fov, una de las ciudades m\u00e1s bellas de Ruman\u00eda, un importante centro de negocios y turismo en continuo desarrollo, [&hellip;]\" \/>\n<meta property=\"og:url\" content=\"https:\/\/www.staging-2.hotelambient.ro\/es\/hotel-servicios\/equipo\/\" \/>\n<meta property=\"og:site_name\" content=\"Hotel Ambient Brasov - Cazare \u00een centrul ora\u0219ului\" \/>\n<meta property=\"article:modified_time\" content=\"2026-01-29T14:29:57+00:00\" \/>\n<meta name=\"twitter:card\" content=\"summary_large_image\" \/>\n<meta name=\"twitter:label1\" content=\"Tiempo de lectura\" \/>\n\t<meta name=\"twitter:data1\" content=\"3 minutos\" \/>\n<script type=\"application\/ld+json\" class=\"yoast-schema-graph\">{\"@context\":\"https:\/\/schema.org\",\"@graph\":[{\"@type\":\"WebPage\",\"@id\":\"https:\/\/www.staging-2.hotelambient.ro\/es\/hotel-servicios\/equipo\/\",\"url\":\"https:\/\/www.staging-2.hotelambient.ro\/es\/hotel-servicios\/equipo\/\",\"name\":\"Equipo | Hotel Ambient Brasov - Cazare \u00een centrul ora\u0219ului\",\"isPartOf\":{\"@id\":\"https:\/\/www.staging-2.hotelambient.ro\/es\/#website\"},\"datePublished\":\"2016-06-23T08:59:29+00:00\",\"dateModified\":\"2026-01-29T14:29:57+00:00\",\"breadcrumb\":{\"@id\":\"https:\/\/www.staging-2.hotelambient.ro\/es\/hotel-servicios\/equipo\/#breadcrumb\"},\"inLanguage\":\"es\",\"potentialAction\":[{\"@type\":\"ReadAction\",\"target\":[\"https:\/\/www.staging-2.hotelambient.ro\/es\/hotel-servicios\/equipo\/\"]}]},{\"@type\":\"BreadcrumbList\",\"@id\":\"https:\/\/www.staging-2.hotelambient.ro\/es\/hotel-servicios\/equipo\/#breadcrumb\",\"itemListElement\":[{\"@type\":\"ListItem\",\"position\":1,\"name\":\"Home\",\"item\":\"https:\/\/www.staging-2.hotelambient.ro\/es\/\"},{\"@type\":\"ListItem\",\"position\":2,\"name\":\"Hotel &#038; Servicios\",\"item\":\"https:\/\/www.staging-2.hotelambient.ro\/es\/hotel-servicios\/?lang=es\"},{\"@type\":\"ListItem\",\"position\":3,\"name\":\"Equipo\"}]},{\"@type\":\"WebSite\",\"@id\":\"https:\/\/www.staging-2.hotelambient.ro\/es\/#website\",\"url\":\"https:\/\/www.staging-2.hotelambient.ro\/es\/\",\"name\":\"Hotel Ambient Brasov - Cazare \u00een centrul ora\u0219ului\",\"description\":\"Hotel moderno y acogedor en el centro de Brasov con todas las comodidades que puedas necesitar durante tu estancia en la ciudad y unas de las mejores habitaciones\",\"publisher\":{\"@id\":\"https:\/\/www.staging-2.hotelambient.ro\/es\/#organization\"},\"potentialAction\":[{\"@type\":\"SearchAction\",\"target\":{\"@type\":\"EntryPoint\",\"urlTemplate\":\"https:\/\/www.staging-2.hotelambient.ro\/es\/?s={search_term_string}\"},\"query-input\":{\"@type\":\"PropertyValueSpecification\",\"valueRequired\":true,\"valueName\":\"search_term_string\"}}],\"inLanguage\":\"es\"},{\"@type\":\"Organization\",\"@id\":\"https:\/\/www.staging-2.hotelambient.ro\/es\/#organization\",\"name\":\"Ambient Hotels\",\"url\":\"https:\/\/www.staging-2.hotelambient.ro\/es\/\",\"logo\":{\"@type\":\"ImageObject\",\"inLanguage\":\"es\",\"@id\":\"https:\/\/www.staging-2.hotelambient.ro\/es\/#\/schema\/logo\/image\/\",\"url\":\"https:\/\/www.staging-2.hotelambient.ro\/wp-content\/uploads\/2016\/07\/Logo001-copia-2.png\",\"contentUrl\":\"https:\/\/www.staging-2.hotelambient.ro\/wp-content\/uploads\/2016\/07\/Logo001-copia-2.png\",\"width\":300,\"height\":114,\"caption\":\"Ambient Hotels\"},\"image\":{\"@id\":\"https:\/\/www.staging-2.hotelambient.ro\/es\/#\/schema\/logo\/image\/\"}}]}<\/script>\n<!-- \/ Yoast SEO plugin. -->","yoast_head_json":{"title":"Equipo | Hotel Ambient Brasov - Cazare \u00een centrul ora\u0219ului","robots":{"index":"noindex","follow":"follow","max-snippet":"max-snippet:-1","max-image-preview":"max-image-preview:large","max-video-preview":"max-video-preview:-1"},"og_locale":"es_ES","og_type":"article","og_title":"Equipo | Hotel Ambient Brasov - Cazare \u00een centrul ora\u0219ului","og_description":"[vc_row full_width=\u00bbstretch_row_content_no_spaces\u00bb full_height=\u00bbyes\u00bb columns_placement=\u00bbbottom\u00bb equal_height=\u00bbyes\u00bb content_placement=\u00bbbottom\u00bb curly_bg_repeat=\u00bbbg-no-repeat\u00bb curly_bg_position=\u00bbbg-pos-center-bottom\u00bb position=\u00bbcenter center\u00bb css=\u00bb.vc_custom_1769690505651{padding-right: 0px !important;padding-left: 0px !important;background-image: url(https:\/\/www.staging-2.hotelambient.ro\/wp-content\/uploads\/2021\/06\/Echipa-Ambient-4-scaled.jpg?id=8300) !important;background-position: center !important;background-repeat: no-repeat !important;background-size: cover !important;}\u00bb curly_min_height=\u00bb1000px\u00bb][vc_column][vc_row_inner][vc_column_inner width=\u00bb1\/4&#8243;][\/vc_column_inner][vc_column_inner width=\u00bb1\/2&#8243;][vc_custom_heading text=\u00bbLes invitamos a conocer la familia Ambient, un equipo que hara que cada momento que pase con nosotros, valga la pena y que les hara sentir siempre mejor que en su propia casa. \u00a1Estos somos nosotros, siempre entusiastas, siempre ansiosos para ayudar y siempre sonriendo!\u00bb font_container=\u00bbtag:p|font_size:26|text_align:center|color:%23FFFFFF\u00bb use_theme_fonts=\u00bbyes\u00bb css=\u00bb.vc_custom_1769696890248{padding-top: 20px !important;padding-right: 20px !important;padding-bottom: 20px !important;padding-left: 20px !important;background-color: #DD3333B3 !important;}\u00bb][\/vc_column_inner][vc_column_inner width=\u00bb1\/4&#8243;][\/vc_column_inner][\/vc_row_inner][\/vc_column][\/vc_row][vc_row][vc_column width=\u00bb1\/4&#8243;][\/vc_column][vc_column width=\u00bb1\/2&#8243;][vc_column_text css=\u00bb\u00bb] Carta de los propietarios Estimados hu\u00e9spedes: Bienvenidos a Bra\u015fov, una de las ciudades m\u00e1s bellas de Ruman\u00eda, un importante centro de negocios y turismo en continuo desarrollo, [&hellip;]","og_url":"https:\/\/www.staging-2.hotelambient.ro\/es\/hotel-servicios\/equipo\/","og_site_name":"Hotel Ambient Brasov - Cazare \u00een centrul ora\u0219ului","article_modified_time":"2026-01-29T14:29:57+00:00","twitter_card":"summary_large_image","twitter_misc":{"Tiempo de lectura":"3 minutos"},"schema":{"@context":"https:\/\/schema.org","@graph":[{"@type":"WebPage","@id":"https:\/\/www.staging-2.hotelambient.ro\/es\/hotel-servicios\/equipo\/","url":"https:\/\/www.staging-2.hotelambient.ro\/es\/hotel-servicios\/equipo\/","name":"Equipo | Hotel Ambient Brasov - Cazare \u00een centrul ora\u0219ului","isPartOf":{"@id":"https:\/\/www.staging-2.hotelambient.ro\/es\/#website"},"datePublished":"2016-06-23T08:59:29+00:00","dateModified":"2026-01-29T14:29:57+00:00","breadcrumb":{"@id":"https:\/\/www.staging-2.hotelambient.ro\/es\/hotel-servicios\/equipo\/#breadcrumb"},"inLanguage":"es","potentialAction":[{"@type":"ReadAction","target":["https:\/\/www.staging-2.hotelambient.ro\/es\/hotel-servicios\/equipo\/"]}]},{"@type":"BreadcrumbList","@id":"https:\/\/www.staging-2.hotelambient.ro\/es\/hotel-servicios\/equipo\/#breadcrumb","itemListElement":[{"@type":"ListItem","position":1,"name":"Home","item":"https:\/\/www.staging-2.hotelambient.ro\/es\/"},{"@type":"ListItem","position":2,"name":"Hotel &#038; Servicios","item":"https:\/\/www.staging-2.hotelambient.ro\/es\/hotel-servicios\/?lang=es"},{"@type":"ListItem","position":3,"name":"Equipo"}]},{"@type":"WebSite","@id":"https:\/\/www.staging-2.hotelambient.ro\/es\/#website","url":"https:\/\/www.staging-2.hotelambient.ro\/es\/","name":"Hotel Ambient Brasov - Cazare \u00een centrul ora\u0219ului","description":"Hotel moderno y acogedor en el centro de Brasov con todas las comodidades que puedas necesitar durante tu estancia en la ciudad y unas de las mejores habitaciones","publisher":{"@id":"https:\/\/www.staging-2.hotelambient.ro\/es\/#organization"},"potentialAction":[{"@type":"SearchAction","target":{"@type":"EntryPoint","urlTemplate":"https:\/\/www.staging-2.hotelambient.ro\/es\/?s={search_term_string}"},"query-input":{"@type":"PropertyValueSpecification","valueRequired":true,"valueName":"search_term_string"}}],"inLanguage":"es"},{"@type":"Organization","@id":"https:\/\/www.staging-2.hotelambient.ro\/es\/#organization","name":"Ambient Hotels","url":"https:\/\/www.staging-2.hotelambient.ro\/es\/","logo":{"@type":"ImageObject","inLanguage":"es","@id":"https:\/\/www.staging-2.hotelambient.ro\/es\/#\/schema\/logo\/image\/","url":"https:\/\/www.staging-2.hotelambient.ro\/wp-content\/uploads\/2016\/07\/Logo001-copia-2.png","contentUrl":"https:\/\/www.staging-2.hotelambient.ro\/wp-content\/uploads\/2016\/07\/Logo001-copia-2.png","width":300,"height":114,"caption":"Ambient Hotels"},"image":{"@id":"https:\/\/www.staging-2.hotelambient.ro\/es\/#\/schema\/logo\/image\/"}}]}},"_links":{"self":[{"href":"https:\/\/www.staging-2.hotelambient.ro\/es\/wp-json\/wp\/v2\/pages\/9706","targetHints":{"allow":["GET"]}}],"collection":[{"href":"https:\/\/www.staging-2.hotelambient.ro\/es\/wp-json\/wp\/v2\/pages"}],"about":[{"href":"https:\/\/www.staging-2.hotelambient.ro\/es\/wp-json\/wp\/v2\/types\/page"}],"author":[{"embeddable":true,"href":"https:\/\/www.staging-2.hotelambient.ro\/es\/wp-json\/wp\/v2\/users\/1"}],"replies":[{"embeddable":true,"href":"https:\/\/www.staging-2.hotelambient.ro\/es\/wp-json\/wp\/v2\/comments?post=9706"}],"version-history":[{"count":3,"href":"https:\/\/www.staging-2.hotelambient.ro\/es\/wp-json\/wp\/v2\/pages\/9706\/revisions"}],"predecessor-version":[{"id":12777,"href":"https:\/\/www.staging-2.hotelambient.ro\/es\/wp-json\/wp\/v2\/pages\/9706\/revisions\/12777"}],"up":[{"embeddable":true,"href":"https:\/\/www.staging-2.hotelambient.ro\/es\/wp-json\/wp\/v2\/pages\/9667"}],"wp:attachment":[{"href":"https:\/\/www.staging-2.hotelambient.ro\/es\/wp-json\/wp\/v2\/media?parent=9706"}],"curies":[{"name":"wp","href":"https:\/\/api.w.org\/{rel}","templated":true}]}}