{"id":9714,"date":"2016-06-23T12:05:35","date_gmt":"2016-06-23T09:05:35","guid":{"rendered":"https:\/\/www.staging-2.hotelambient.ro\/bar\/"},"modified":"2025-12-08T17:08:14","modified_gmt":"2025-12-08T15:08:14","slug":"bar","status":"publish","type":"page","link":"https:\/\/www.staging-2.hotelambient.ro\/es\/gastronomia\/bar\/","title":{"rendered":"Bar"},"content":{"rendered":"<div class=\"wpb-content-wrapper\">[vc_row][vc_column][vc_images_carousel images=\u00bb4191,4189,4190,4492,8317&#8243;][\/vc_column][\/vc_row][vc_row css=\u00bb.vc_custom_1468170331662{margin-top: -90px !important;}\u00bb][vc_column][vc_column_text]\n<h1 class=\"text-uppercase\" style=\"text-align: center;\"><small>PARA UN MOMENTO DE RELAX<\/small><span style=\"color: #cf0e17;\">BARES AMBIENT<\/span><\/h1>\n<p class=\"lead\" style=\"text-align: center;\">Conscientes de que hoy en d\u00eda el bar tiene funci\u00f3n social y es sitio de interacci\u00f3n e encuentro, hemos prestado atenci\u00f3n especial a nuestros dos bares para que ambos os ofrezcan experiencias sensoriales irrepetibles.<\/p>\n<p style=\"text-align: center;\">El bar principal est\u00e1 al lado del restaurante y es su brazo derecho, para que pod\u00e1is disfrutar de una prolongaci\u00f3n de la experiencia gastron\u00f3mica.<\/p>\n<p style=\"text-align: center;\">El segundo est\u00e1 en el lobby, al lado de la sala reuniones Millenia, donde podemos organizar bajo petici\u00f3n cocktails, reuniones de negocios, presentaciones de productos u otros eventos.<\/p>\n<p style=\"text-align: center;\">En los d\u00edas de verano, les invitamos a disfrutar de un exquisito cocktail refrescante, en nuestra coqueta terraza de 30 asientos.<\/p>\n<p style=\"text-align: center;\">El desayuno se sirve como bufet, entre las 7 y 10 horas por la ma\u00f1ana con comidas calientes, verduras, ensaladas, productos l\u00e1cteos, productos de pasteler\u00eda, pasteles hechos en casa, caf\u00e9, t\u00e9, frutas, todas presentadas de una forma muy variada y atractiva<\/p>\n[\/vc_column_text][\/vc_column][\/vc_row][vc_row css=\u00bb.vc_custom_1468181279216{margin-top: -100px !important;}\u00bb][vc_column width=\u00bb1\/4&#8243;][\/vc_column][vc_column width=\u00bb1\/2&#8243;][vc_column_text]\n<h2 class=\"text-center\" style=\"text-align: center;\"><span style=\"color: #cf0e17;\"><i class=\"fas fa-clock-o fa-fw fa-lg\"><\/i><\/span>Horario de nuestros bares<\/h2>\n<p style=\"text-align: center;\">Los bares del\u00a0Hotel Ambient est\u00e1n abiertos hasta las 11 de la noche.<\/p>\n<p style=\"text-align: center;\">El bar del lobby permanecer\u00e1 abierto 24h con restricciones en la venta de cierto tipo de productos.<\/p>\n<p style=\"text-align: center;\">Bar: 7am &#8211; 11pm<\/p>\n[\/vc_column_text][\/vc_column][vc_column width=\u00bb1\/4&#8243;][\/vc_column][\/vc_row][vc_row css=\u00bb.vc_custom_1470397530640{margin-bottom: -200px !important;}\u00bb][vc_column][vc_raw_html]JTNDc2NyaXB0JTIwdHlwZSUzRCUyMnRleHQlMkZqYXZhc2NyaXB0JTIyJTIwc3JjJTNEJTIyaHR0cHMlM0ElMkYlMkZvcGVuLnVwcGVyYm9va2luZy5jb20lMkZob3RlbGFtYmllbnQlMkZCb29raW5nLmpzJTNGbG9jYWxlJTNEZXMlMjIlM0UlM0MlMkZzY3JpcHQlM0U=[\/vc_raw_html][\/vc_column][\/vc_row]\n<\/div>","protected":false},"excerpt":{"rendered":"<p>[vc_row][vc_column][vc_images_carousel images=\u00bb4191,4189,4190,4492,8317&#8243;][\/vc_column][\/vc_row][vc_row css=\u00bb.vc_custom_1468170331662{margin-top: -90px !important;}\u00bb][vc_column][vc_column_text] PARA UN MOMENTO DE RELAXBARES AMBIENT Conscientes de que hoy en d\u00eda el bar tiene funci\u00f3n social y es sitio de interacci\u00f3n e encuentro, hemos prestado atenci\u00f3n especial a nuestros dos bares para que ambos os ofrezcan experiencias sensoriales irrepetibles. El bar principal est\u00e1 al lado del restaurante y es su brazo derecho, para que pod\u00e1is disfrutar de una prolongaci\u00f3n de la experiencia gastron\u00f3mica. El segundo est\u00e1 en el lobby, al lado de la sala reuniones Millenia, donde podemos organizar bajo petici\u00f3n cocktails, reuniones de negocios, presentaciones de productos u otros eventos. En los d\u00edas de verano, les invitamos a disfrutar de un exquisito cocktail refrescante, en nuestra coqueta terraza [&hellip;]<\/p>\n","protected":false},"author":1,"featured_media":0,"parent":9817,"menu_order":3,"comment_status":"closed","ping_status":"closed","template":"","meta":{"footnotes":""},"class_list":["post-9714","page","type-page","status-publish","hentry"],"yoast_head":"<!-- This site is optimized with the Yoast SEO plugin v26.8 - https:\/\/yoast.com\/product\/yoast-seo-wordpress\/ -->\n<title>Bar | Hotel Ambient Brasov - Cazare \u00een centrul ora\u0219ului<\/title>\n<meta name=\"robots\" content=\"noindex, follow, max-snippet:-1, max-image-preview:large, max-video-preview:-1\" \/>\n<meta property=\"og:locale\" content=\"es_ES\" \/>\n<meta property=\"og:type\" content=\"article\" \/>\n<meta property=\"og:title\" content=\"Bar | Hotel Ambient Brasov - Cazare \u00een centrul ora\u0219ului\" \/>\n<meta property=\"og:description\" content=\"[vc_row][vc_column][vc_images_carousel images=\u00bb4191,4189,4190,4492,8317&#8243;][\/vc_column][\/vc_row][vc_row css=\u00bb.vc_custom_1468170331662{margin-top: -90px !important;}\u00bb][vc_column][vc_column_text] PARA UN MOMENTO DE RELAXBARES AMBIENT Conscientes de que hoy en d\u00eda el bar tiene funci\u00f3n social y es sitio de interacci\u00f3n e encuentro, hemos prestado atenci\u00f3n especial a nuestros dos bares para que ambos os ofrezcan experiencias sensoriales irrepetibles. El bar principal est\u00e1 al lado del restaurante y es su brazo derecho, para que pod\u00e1is disfrutar de una prolongaci\u00f3n de la experiencia gastron\u00f3mica. El segundo est\u00e1 en el lobby, al lado de la sala reuniones Millenia, donde podemos organizar bajo petici\u00f3n cocktails, reuniones de negocios, presentaciones de productos u otros eventos. En los d\u00edas de verano, les invitamos a disfrutar de un exquisito cocktail refrescante, en nuestra coqueta terraza [&hellip;]\" \/>\n<meta property=\"og:url\" content=\"https:\/\/www.staging-2.hotelambient.ro\/es\/gastronomia\/bar\/\" \/>\n<meta property=\"og:site_name\" content=\"Hotel Ambient Brasov - Cazare \u00een centrul ora\u0219ului\" \/>\n<meta property=\"article:modified_time\" content=\"2025-12-08T15:08:14+00:00\" \/>\n<meta name=\"twitter:card\" content=\"summary_large_image\" \/>\n<meta name=\"twitter:label1\" content=\"Tiempo de lectura\" \/>\n\t<meta name=\"twitter:data1\" content=\"2 minutos\" \/>\n<script type=\"application\/ld+json\" class=\"yoast-schema-graph\">{\"@context\":\"https:\/\/schema.org\",\"@graph\":[{\"@type\":\"WebPage\",\"@id\":\"https:\/\/www.staging-2.hotelambient.ro\/es\/gastronomia\/bar\/\",\"url\":\"https:\/\/www.staging-2.hotelambient.ro\/es\/gastronomia\/bar\/\",\"name\":\"Bar | Hotel Ambient Brasov - Cazare \u00een centrul ora\u0219ului\",\"isPartOf\":{\"@id\":\"https:\/\/www.staging-2.hotelambient.ro\/es\/#website\"},\"datePublished\":\"2016-06-23T09:05:35+00:00\",\"dateModified\":\"2025-12-08T15:08:14+00:00\",\"breadcrumb\":{\"@id\":\"https:\/\/www.staging-2.hotelambient.ro\/es\/gastronomia\/bar\/#breadcrumb\"},\"inLanguage\":\"es\",\"potentialAction\":[{\"@type\":\"ReadAction\",\"target\":[\"https:\/\/www.staging-2.hotelambient.ro\/es\/gastronomia\/bar\/\"]}]},{\"@type\":\"BreadcrumbList\",\"@id\":\"https:\/\/www.staging-2.hotelambient.ro\/es\/gastronomia\/bar\/#breadcrumb\",\"itemListElement\":[{\"@type\":\"ListItem\",\"position\":1,\"name\":\"Home\",\"item\":\"https:\/\/www.staging-2.hotelambient.ro\/es\/\"},{\"@type\":\"ListItem\",\"position\":2,\"name\":\"Gastronom\u00eda\",\"item\":\"https:\/\/www.staging-2.hotelambient.ro\/es\/gastronomia\/\"},{\"@type\":\"ListItem\",\"position\":3,\"name\":\"Bar\"}]},{\"@type\":\"WebSite\",\"@id\":\"https:\/\/www.staging-2.hotelambient.ro\/es\/#website\",\"url\":\"https:\/\/www.staging-2.hotelambient.ro\/es\/\",\"name\":\"Hotel Ambient Brasov - Cazare \u00een centrul ora\u0219ului\",\"description\":\"Hotel moderno y acogedor en el centro de Brasov con todas las comodidades que puedas necesitar durante tu estancia en la ciudad y unas de las mejores habitaciones\",\"publisher\":{\"@id\":\"https:\/\/www.staging-2.hotelambient.ro\/es\/#organization\"},\"potentialAction\":[{\"@type\":\"SearchAction\",\"target\":{\"@type\":\"EntryPoint\",\"urlTemplate\":\"https:\/\/www.staging-2.hotelambient.ro\/es\/?s={search_term_string}\"},\"query-input\":{\"@type\":\"PropertyValueSpecification\",\"valueRequired\":true,\"valueName\":\"search_term_string\"}}],\"inLanguage\":\"es\"},{\"@type\":\"Organization\",\"@id\":\"https:\/\/www.staging-2.hotelambient.ro\/es\/#organization\",\"name\":\"Ambient Hotels\",\"url\":\"https:\/\/www.staging-2.hotelambient.ro\/es\/\",\"logo\":{\"@type\":\"ImageObject\",\"inLanguage\":\"es\",\"@id\":\"https:\/\/www.staging-2.hotelambient.ro\/es\/#\/schema\/logo\/image\/\",\"url\":\"https:\/\/www.staging-2.hotelambient.ro\/wp-content\/uploads\/2016\/07\/Logo001-copia-2.png\",\"contentUrl\":\"https:\/\/www.staging-2.hotelambient.ro\/wp-content\/uploads\/2016\/07\/Logo001-copia-2.png\",\"width\":300,\"height\":114,\"caption\":\"Ambient Hotels\"},\"image\":{\"@id\":\"https:\/\/www.staging-2.hotelambient.ro\/es\/#\/schema\/logo\/image\/\"}}]}<\/script>\n<!-- \/ Yoast SEO plugin. -->","yoast_head_json":{"title":"Bar | Hotel Ambient Brasov - Cazare \u00een centrul ora\u0219ului","robots":{"index":"noindex","follow":"follow","max-snippet":"max-snippet:-1","max-image-preview":"max-image-preview:large","max-video-preview":"max-video-preview:-1"},"og_locale":"es_ES","og_type":"article","og_title":"Bar | Hotel Ambient Brasov - Cazare \u00een centrul ora\u0219ului","og_description":"[vc_row][vc_column][vc_images_carousel images=\u00bb4191,4189,4190,4492,8317&#8243;][\/vc_column][\/vc_row][vc_row css=\u00bb.vc_custom_1468170331662{margin-top: -90px !important;}\u00bb][vc_column][vc_column_text] PARA UN MOMENTO DE RELAXBARES AMBIENT Conscientes de que hoy en d\u00eda el bar tiene funci\u00f3n social y es sitio de interacci\u00f3n e encuentro, hemos prestado atenci\u00f3n especial a nuestros dos bares para que ambos os ofrezcan experiencias sensoriales irrepetibles. El bar principal est\u00e1 al lado del restaurante y es su brazo derecho, para que pod\u00e1is disfrutar de una prolongaci\u00f3n de la experiencia gastron\u00f3mica. El segundo est\u00e1 en el lobby, al lado de la sala reuniones Millenia, donde podemos organizar bajo petici\u00f3n cocktails, reuniones de negocios, presentaciones de productos u otros eventos. En los d\u00edas de verano, les invitamos a disfrutar de un exquisito cocktail refrescante, en nuestra coqueta terraza [&hellip;]","og_url":"https:\/\/www.staging-2.hotelambient.ro\/es\/gastronomia\/bar\/","og_site_name":"Hotel Ambient Brasov - Cazare \u00een centrul ora\u0219ului","article_modified_time":"2025-12-08T15:08:14+00:00","twitter_card":"summary_large_image","twitter_misc":{"Tiempo de lectura":"2 minutos"},"schema":{"@context":"https:\/\/schema.org","@graph":[{"@type":"WebPage","@id":"https:\/\/www.staging-2.hotelambient.ro\/es\/gastronomia\/bar\/","url":"https:\/\/www.staging-2.hotelambient.ro\/es\/gastronomia\/bar\/","name":"Bar | Hotel Ambient Brasov - Cazare \u00een centrul ora\u0219ului","isPartOf":{"@id":"https:\/\/www.staging-2.hotelambient.ro\/es\/#website"},"datePublished":"2016-06-23T09:05:35+00:00","dateModified":"2025-12-08T15:08:14+00:00","breadcrumb":{"@id":"https:\/\/www.staging-2.hotelambient.ro\/es\/gastronomia\/bar\/#breadcrumb"},"inLanguage":"es","potentialAction":[{"@type":"ReadAction","target":["https:\/\/www.staging-2.hotelambient.ro\/es\/gastronomia\/bar\/"]}]},{"@type":"BreadcrumbList","@id":"https:\/\/www.staging-2.hotelambient.ro\/es\/gastronomia\/bar\/#breadcrumb","itemListElement":[{"@type":"ListItem","position":1,"name":"Home","item":"https:\/\/www.staging-2.hotelambient.ro\/es\/"},{"@type":"ListItem","position":2,"name":"Gastronom\u00eda","item":"https:\/\/www.staging-2.hotelambient.ro\/es\/gastronomia\/"},{"@type":"ListItem","position":3,"name":"Bar"}]},{"@type":"WebSite","@id":"https:\/\/www.staging-2.hotelambient.ro\/es\/#website","url":"https:\/\/www.staging-2.hotelambient.ro\/es\/","name":"Hotel Ambient Brasov - Cazare \u00een centrul ora\u0219ului","description":"Hotel moderno y acogedor en el centro de Brasov con todas las comodidades que puedas necesitar durante tu estancia en la ciudad y unas de las mejores habitaciones","publisher":{"@id":"https:\/\/www.staging-2.hotelambient.ro\/es\/#organization"},"potentialAction":[{"@type":"SearchAction","target":{"@type":"EntryPoint","urlTemplate":"https:\/\/www.staging-2.hotelambient.ro\/es\/?s={search_term_string}"},"query-input":{"@type":"PropertyValueSpecification","valueRequired":true,"valueName":"search_term_string"}}],"inLanguage":"es"},{"@type":"Organization","@id":"https:\/\/www.staging-2.hotelambient.ro\/es\/#organization","name":"Ambient Hotels","url":"https:\/\/www.staging-2.hotelambient.ro\/es\/","logo":{"@type":"ImageObject","inLanguage":"es","@id":"https:\/\/www.staging-2.hotelambient.ro\/es\/#\/schema\/logo\/image\/","url":"https:\/\/www.staging-2.hotelambient.ro\/wp-content\/uploads\/2016\/07\/Logo001-copia-2.png","contentUrl":"https:\/\/www.staging-2.hotelambient.ro\/wp-content\/uploads\/2016\/07\/Logo001-copia-2.png","width":300,"height":114,"caption":"Ambient Hotels"},"image":{"@id":"https:\/\/www.staging-2.hotelambient.ro\/es\/#\/schema\/logo\/image\/"}}]}},"_links":{"self":[{"href":"https:\/\/www.staging-2.hotelambient.ro\/es\/wp-json\/wp\/v2\/pages\/9714","targetHints":{"allow":["GET"]}}],"collection":[{"href":"https:\/\/www.staging-2.hotelambient.ro\/es\/wp-json\/wp\/v2\/pages"}],"about":[{"href":"https:\/\/www.staging-2.hotelambient.ro\/es\/wp-json\/wp\/v2\/types\/page"}],"author":[{"embeddable":true,"href":"https:\/\/www.staging-2.hotelambient.ro\/es\/wp-json\/wp\/v2\/users\/1"}],"replies":[{"embeddable":true,"href":"https:\/\/www.staging-2.hotelambient.ro\/es\/wp-json\/wp\/v2\/comments?post=9714"}],"version-history":[{"count":1,"href":"https:\/\/www.staging-2.hotelambient.ro\/es\/wp-json\/wp\/v2\/pages\/9714\/revisions"}],"predecessor-version":[{"id":10491,"href":"https:\/\/www.staging-2.hotelambient.ro\/es\/wp-json\/wp\/v2\/pages\/9714\/revisions\/10491"}],"up":[{"embeddable":true,"href":"https:\/\/www.staging-2.hotelambient.ro\/es\/wp-json\/wp\/v2\/pages\/9817"}],"wp:attachment":[{"href":"https:\/\/www.staging-2.hotelambient.ro\/es\/wp-json\/wp\/v2\/media?parent=9714"}],"curies":[{"name":"wp","href":"https:\/\/api.w.org\/{rel}","templated":true}]}}