{"id":9738,"date":"2016-07-10T19:20:31","date_gmt":"2016-07-10T16:20:31","guid":{"rendered":"https:\/\/www.staging-2.hotelambient.ro\/desayuno\/"},"modified":"2025-12-08T17:04:48","modified_gmt":"2025-12-08T15:04:48","slug":"desayuno","status":"publish","type":"page","link":"https:\/\/www.staging-2.hotelambient.ro\/es\/gastronomia\/desayuno\/","title":{"rendered":"Desayuno"},"content":{"rendered":"<div class=\"wpb-content-wrapper\">[vc_row][vc_column][vc_images_carousel images=\u00bb4624,4625,4626,4627,4628,4629&#8243;][\/vc_column][\/vc_row][vc_row css=\u00bb.vc_custom_1468630307067{margin-top: -130px !important;}\u00bb][vc_column][vc_column_text]\n<h1 class=\"text-uppercase\" style=\"text-align: center;\"><small>LA COMIDA M\u00c1S IMPORTANTE DEL D\u00cdA<\/small><span style=\"color: #cf0e17;\">DISFRUTA DEL MEJOR DESAYUNO<\/span><\/h1>\n<p class=\"lead\" style=\"text-align: center;\">Para empezar el d\u00eda con energ\u00eda es importante un buen desayuno, en Ambient lo sabemos y preparamos a diario un completo desayuno.<\/p>\n<p style=\"text-align: center;\">El desayuno se sirve como bufet, entre las 7 y 10 horas de lunes a s\u00e1bado y entre las 8 a 11 horas el domingo, con comidas calientes, verduras, ensaladas, productos l\u00e1cteos, productos de pasteler\u00eda, pasteles hechos en casa, caf\u00e9, t\u00e9, frutas, todas presentadas de una forma muy variada y atractiva.<\/p>\n[\/vc_column_text][\/vc_column][\/vc_row][vc_row css=\u00bb.vc_custom_1468630284584{margin-top: -160px !important;}\u00bb][vc_column width=\u00bb1\/4&#8243;][\/vc_column][vc_column width=\u00bb1\/2&#8243;][vc_column_text]\n<h2 class=\"text-center\" style=\"text-align: center;\"><span style=\"color: #cf0e17;\"><i class=\"fas fa-clock-o fa-fw fa-lg\"><\/i><\/span>Horario del\u00a0desayuno<\/h2>\n<p style=\"text-align: center;\">Disfruten del fantastico desayuno del Hotel Ambient<\/p>\n<p style=\"text-align: center;\">Lunes &#8211; S\u00e1bado: 7am &#8211; 10am<\/p>\n<p style=\"text-align: center;\">Domingo: 8am &#8211; 11am<\/p>\n[\/vc_column_text][\/vc_column][vc_column width=\u00bb1\/4&#8243;][\/vc_column][\/vc_row][vc_row css=\u00bb.vc_custom_1470397530640{margin-bottom: -200px !important;}\u00bb][vc_column][vc_raw_html]JTNDc2NyaXB0JTIwdHlwZSUzRCUyMnRleHQlMkZqYXZhc2NyaXB0JTIyJTIwc3JjJTNEJTIyaHR0cHMlM0ElMkYlMkZvcGVuLnVwcGVyYm9va2luZy5jb20lMkZob3RlbGFtYmllbnQlMkZCb29raW5nLmpzJTNGbG9jYWxlJTNEZXMlMjIlM0UlM0MlMkZzY3JpcHQlM0U=[\/vc_raw_html][\/vc_column][\/vc_row]\n<\/div>","protected":false},"excerpt":{"rendered":"<p>[vc_row][vc_column][vc_images_carousel images=\u00bb4624,4625,4626,4627,4628,4629&#8243;][\/vc_column][\/vc_row][vc_row css=\u00bb.vc_custom_1468630307067{margin-top: -130px !important;}\u00bb][vc_column][vc_column_text] LA COMIDA M\u00c1S IMPORTANTE DEL D\u00cdADISFRUTA DEL MEJOR DESAYUNO Para empezar el d\u00eda con energ\u00eda es importante un buen desayuno, en Ambient lo sabemos y preparamos a diario un completo desayuno. El desayuno se sirve como bufet, entre las 7 y 10 horas de lunes a s\u00e1bado y entre las 8 a 11 horas el domingo, con comidas calientes, verduras, ensaladas, productos l\u00e1cteos, productos de pasteler\u00eda, pasteles hechos en casa, caf\u00e9, t\u00e9, frutas, todas presentadas de una forma muy variada y atractiva. [\/vc_column_text][\/vc_column][\/vc_row][vc_row css=\u00bb.vc_custom_1468630284584{margin-top: -160px !important;}\u00bb][vc_column width=\u00bb1\/4&#8243;][\/vc_column][vc_column width=\u00bb1\/2&#8243;][vc_column_text] Horario del\u00a0desayuno Disfruten del fantastico desayuno del Hotel Ambient Lunes &#8211; S\u00e1bado: 7am &#8211; 10am Domingo: 8am &#8211; 11am [\/vc_column_text][\/vc_column][vc_column width=\u00bb1\/4&#8243;][\/vc_column][\/vc_row][vc_row css=\u00bb.vc_custom_1470397530640{margin-bottom: [&hellip;]<\/p>\n","protected":false},"author":1,"featured_media":0,"parent":9817,"menu_order":2,"comment_status":"closed","ping_status":"closed","template":"","meta":{"footnotes":""},"class_list":["post-9738","page","type-page","status-publish","hentry"],"yoast_head":"<!-- This site is optimized with the Yoast SEO plugin v26.8 - https:\/\/yoast.com\/product\/yoast-seo-wordpress\/ -->\n<title>Desayuno | Hotel Ambient Brasov - Cazare \u00een centrul ora\u0219ului<\/title>\n<meta name=\"robots\" content=\"noindex, follow, max-snippet:-1, max-image-preview:large, max-video-preview:-1\" \/>\n<meta property=\"og:locale\" content=\"es_ES\" \/>\n<meta property=\"og:type\" content=\"article\" \/>\n<meta property=\"og:title\" content=\"Desayuno | Hotel Ambient Brasov - Cazare \u00een centrul ora\u0219ului\" \/>\n<meta property=\"og:description\" content=\"[vc_row][vc_column][vc_images_carousel images=\u00bb4624,4625,4626,4627,4628,4629&#8243;][\/vc_column][\/vc_row][vc_row css=\u00bb.vc_custom_1468630307067{margin-top: -130px !important;}\u00bb][vc_column][vc_column_text] LA COMIDA M\u00c1S IMPORTANTE DEL D\u00cdADISFRUTA DEL MEJOR DESAYUNO Para empezar el d\u00eda con energ\u00eda es importante un buen desayuno, en Ambient lo sabemos y preparamos a diario un completo desayuno. El desayuno se sirve como bufet, entre las 7 y 10 horas de lunes a s\u00e1bado y entre las 8 a 11 horas el domingo, con comidas calientes, verduras, ensaladas, productos l\u00e1cteos, productos de pasteler\u00eda, pasteles hechos en casa, caf\u00e9, t\u00e9, frutas, todas presentadas de una forma muy variada y atractiva. [\/vc_column_text][\/vc_column][\/vc_row][vc_row css=\u00bb.vc_custom_1468630284584{margin-top: -160px !important;}\u00bb][vc_column width=\u00bb1\/4&#8243;][\/vc_column][vc_column width=\u00bb1\/2&#8243;][vc_column_text] Horario del\u00a0desayuno Disfruten del fantastico desayuno del Hotel Ambient Lunes &#8211; S\u00e1bado: 7am &#8211; 10am Domingo: 8am &#8211; 11am [\/vc_column_text][\/vc_column][vc_column width=\u00bb1\/4&#8243;][\/vc_column][\/vc_row][vc_row css=\u00bb.vc_custom_1470397530640{margin-bottom: [&hellip;]\" \/>\n<meta property=\"og:url\" content=\"https:\/\/www.staging-2.hotelambient.ro\/es\/gastronomia\/desayuno\/\" \/>\n<meta property=\"og:site_name\" content=\"Hotel Ambient Brasov - Cazare \u00een centrul ora\u0219ului\" \/>\n<meta property=\"article:modified_time\" content=\"2025-12-08T15:04:48+00:00\" \/>\n<meta name=\"twitter:card\" content=\"summary_large_image\" \/>\n<meta name=\"twitter:label1\" content=\"Tiempo de lectura\" \/>\n\t<meta name=\"twitter:data1\" content=\"1 minuto\" \/>\n<script type=\"application\/ld+json\" class=\"yoast-schema-graph\">{\"@context\":\"https:\/\/schema.org\",\"@graph\":[{\"@type\":\"WebPage\",\"@id\":\"https:\/\/www.staging-2.hotelambient.ro\/es\/gastronomia\/desayuno\/\",\"url\":\"https:\/\/www.staging-2.hotelambient.ro\/es\/gastronomia\/desayuno\/\",\"name\":\"Desayuno | Hotel Ambient Brasov - Cazare \u00een centrul ora\u0219ului\",\"isPartOf\":{\"@id\":\"https:\/\/www.staging-2.hotelambient.ro\/es\/#website\"},\"datePublished\":\"2016-07-10T16:20:31+00:00\",\"dateModified\":\"2025-12-08T15:04:48+00:00\",\"breadcrumb\":{\"@id\":\"https:\/\/www.staging-2.hotelambient.ro\/es\/gastronomia\/desayuno\/#breadcrumb\"},\"inLanguage\":\"es\",\"potentialAction\":[{\"@type\":\"ReadAction\",\"target\":[\"https:\/\/www.staging-2.hotelambient.ro\/es\/gastronomia\/desayuno\/\"]}]},{\"@type\":\"BreadcrumbList\",\"@id\":\"https:\/\/www.staging-2.hotelambient.ro\/es\/gastronomia\/desayuno\/#breadcrumb\",\"itemListElement\":[{\"@type\":\"ListItem\",\"position\":1,\"name\":\"Home\",\"item\":\"https:\/\/www.staging-2.hotelambient.ro\/es\/\"},{\"@type\":\"ListItem\",\"position\":2,\"name\":\"Gastronom\u00eda\",\"item\":\"https:\/\/www.staging-2.hotelambient.ro\/es\/gastronomia\/\"},{\"@type\":\"ListItem\",\"position\":3,\"name\":\"Desayuno\"}]},{\"@type\":\"WebSite\",\"@id\":\"https:\/\/www.staging-2.hotelambient.ro\/es\/#website\",\"url\":\"https:\/\/www.staging-2.hotelambient.ro\/es\/\",\"name\":\"Hotel Ambient Brasov - Cazare \u00een centrul ora\u0219ului\",\"description\":\"Hotel moderno y acogedor en el centro de Brasov con todas las comodidades que puedas necesitar durante tu estancia en la ciudad y unas de las mejores habitaciones\",\"publisher\":{\"@id\":\"https:\/\/www.staging-2.hotelambient.ro\/es\/#organization\"},\"potentialAction\":[{\"@type\":\"SearchAction\",\"target\":{\"@type\":\"EntryPoint\",\"urlTemplate\":\"https:\/\/www.staging-2.hotelambient.ro\/es\/?s={search_term_string}\"},\"query-input\":{\"@type\":\"PropertyValueSpecification\",\"valueRequired\":true,\"valueName\":\"search_term_string\"}}],\"inLanguage\":\"es\"},{\"@type\":\"Organization\",\"@id\":\"https:\/\/www.staging-2.hotelambient.ro\/es\/#organization\",\"name\":\"Ambient Hotels\",\"url\":\"https:\/\/www.staging-2.hotelambient.ro\/es\/\",\"logo\":{\"@type\":\"ImageObject\",\"inLanguage\":\"es\",\"@id\":\"https:\/\/www.staging-2.hotelambient.ro\/es\/#\/schema\/logo\/image\/\",\"url\":\"https:\/\/www.staging-2.hotelambient.ro\/wp-content\/uploads\/2016\/07\/Logo001-copia-2.png\",\"contentUrl\":\"https:\/\/www.staging-2.hotelambient.ro\/wp-content\/uploads\/2016\/07\/Logo001-copia-2.png\",\"width\":300,\"height\":114,\"caption\":\"Ambient Hotels\"},\"image\":{\"@id\":\"https:\/\/www.staging-2.hotelambient.ro\/es\/#\/schema\/logo\/image\/\"}}]}<\/script>\n<!-- \/ Yoast SEO plugin. -->","yoast_head_json":{"title":"Desayuno | Hotel Ambient Brasov - Cazare \u00een centrul ora\u0219ului","robots":{"index":"noindex","follow":"follow","max-snippet":"max-snippet:-1","max-image-preview":"max-image-preview:large","max-video-preview":"max-video-preview:-1"},"og_locale":"es_ES","og_type":"article","og_title":"Desayuno | Hotel Ambient Brasov - Cazare \u00een centrul ora\u0219ului","og_description":"[vc_row][vc_column][vc_images_carousel images=\u00bb4624,4625,4626,4627,4628,4629&#8243;][\/vc_column][\/vc_row][vc_row css=\u00bb.vc_custom_1468630307067{margin-top: -130px !important;}\u00bb][vc_column][vc_column_text] LA COMIDA M\u00c1S IMPORTANTE DEL D\u00cdADISFRUTA DEL MEJOR DESAYUNO Para empezar el d\u00eda con energ\u00eda es importante un buen desayuno, en Ambient lo sabemos y preparamos a diario un completo desayuno. El desayuno se sirve como bufet, entre las 7 y 10 horas de lunes a s\u00e1bado y entre las 8 a 11 horas el domingo, con comidas calientes, verduras, ensaladas, productos l\u00e1cteos, productos de pasteler\u00eda, pasteles hechos en casa, caf\u00e9, t\u00e9, frutas, todas presentadas de una forma muy variada y atractiva. [\/vc_column_text][\/vc_column][\/vc_row][vc_row css=\u00bb.vc_custom_1468630284584{margin-top: -160px !important;}\u00bb][vc_column width=\u00bb1\/4&#8243;][\/vc_column][vc_column width=\u00bb1\/2&#8243;][vc_column_text] Horario del\u00a0desayuno Disfruten del fantastico desayuno del Hotel Ambient Lunes &#8211; S\u00e1bado: 7am &#8211; 10am Domingo: 8am &#8211; 11am [\/vc_column_text][\/vc_column][vc_column width=\u00bb1\/4&#8243;][\/vc_column][\/vc_row][vc_row css=\u00bb.vc_custom_1470397530640{margin-bottom: [&hellip;]","og_url":"https:\/\/www.staging-2.hotelambient.ro\/es\/gastronomia\/desayuno\/","og_site_name":"Hotel Ambient Brasov - Cazare \u00een centrul ora\u0219ului","article_modified_time":"2025-12-08T15:04:48+00:00","twitter_card":"summary_large_image","twitter_misc":{"Tiempo de lectura":"1 minuto"},"schema":{"@context":"https:\/\/schema.org","@graph":[{"@type":"WebPage","@id":"https:\/\/www.staging-2.hotelambient.ro\/es\/gastronomia\/desayuno\/","url":"https:\/\/www.staging-2.hotelambient.ro\/es\/gastronomia\/desayuno\/","name":"Desayuno | Hotel Ambient Brasov - Cazare \u00een centrul ora\u0219ului","isPartOf":{"@id":"https:\/\/www.staging-2.hotelambient.ro\/es\/#website"},"datePublished":"2016-07-10T16:20:31+00:00","dateModified":"2025-12-08T15:04:48+00:00","breadcrumb":{"@id":"https:\/\/www.staging-2.hotelambient.ro\/es\/gastronomia\/desayuno\/#breadcrumb"},"inLanguage":"es","potentialAction":[{"@type":"ReadAction","target":["https:\/\/www.staging-2.hotelambient.ro\/es\/gastronomia\/desayuno\/"]}]},{"@type":"BreadcrumbList","@id":"https:\/\/www.staging-2.hotelambient.ro\/es\/gastronomia\/desayuno\/#breadcrumb","itemListElement":[{"@type":"ListItem","position":1,"name":"Home","item":"https:\/\/www.staging-2.hotelambient.ro\/es\/"},{"@type":"ListItem","position":2,"name":"Gastronom\u00eda","item":"https:\/\/www.staging-2.hotelambient.ro\/es\/gastronomia\/"},{"@type":"ListItem","position":3,"name":"Desayuno"}]},{"@type":"WebSite","@id":"https:\/\/www.staging-2.hotelambient.ro\/es\/#website","url":"https:\/\/www.staging-2.hotelambient.ro\/es\/","name":"Hotel Ambient Brasov - Cazare \u00een centrul ora\u0219ului","description":"Hotel moderno y acogedor en el centro de Brasov con todas las comodidades que puedas necesitar durante tu estancia en la ciudad y unas de las mejores habitaciones","publisher":{"@id":"https:\/\/www.staging-2.hotelambient.ro\/es\/#organization"},"potentialAction":[{"@type":"SearchAction","target":{"@type":"EntryPoint","urlTemplate":"https:\/\/www.staging-2.hotelambient.ro\/es\/?s={search_term_string}"},"query-input":{"@type":"PropertyValueSpecification","valueRequired":true,"valueName":"search_term_string"}}],"inLanguage":"es"},{"@type":"Organization","@id":"https:\/\/www.staging-2.hotelambient.ro\/es\/#organization","name":"Ambient Hotels","url":"https:\/\/www.staging-2.hotelambient.ro\/es\/","logo":{"@type":"ImageObject","inLanguage":"es","@id":"https:\/\/www.staging-2.hotelambient.ro\/es\/#\/schema\/logo\/image\/","url":"https:\/\/www.staging-2.hotelambient.ro\/wp-content\/uploads\/2016\/07\/Logo001-copia-2.png","contentUrl":"https:\/\/www.staging-2.hotelambient.ro\/wp-content\/uploads\/2016\/07\/Logo001-copia-2.png","width":300,"height":114,"caption":"Ambient Hotels"},"image":{"@id":"https:\/\/www.staging-2.hotelambient.ro\/es\/#\/schema\/logo\/image\/"}}]}},"_links":{"self":[{"href":"https:\/\/www.staging-2.hotelambient.ro\/es\/wp-json\/wp\/v2\/pages\/9738","targetHints":{"allow":["GET"]}}],"collection":[{"href":"https:\/\/www.staging-2.hotelambient.ro\/es\/wp-json\/wp\/v2\/pages"}],"about":[{"href":"https:\/\/www.staging-2.hotelambient.ro\/es\/wp-json\/wp\/v2\/types\/page"}],"author":[{"embeddable":true,"href":"https:\/\/www.staging-2.hotelambient.ro\/es\/wp-json\/wp\/v2\/users\/1"}],"replies":[{"embeddable":true,"href":"https:\/\/www.staging-2.hotelambient.ro\/es\/wp-json\/wp\/v2\/comments?post=9738"}],"version-history":[{"count":1,"href":"https:\/\/www.staging-2.hotelambient.ro\/es\/wp-json\/wp\/v2\/pages\/9738\/revisions"}],"predecessor-version":[{"id":10488,"href":"https:\/\/www.staging-2.hotelambient.ro\/es\/wp-json\/wp\/v2\/pages\/9738\/revisions\/10488"}],"up":[{"embeddable":true,"href":"https:\/\/www.staging-2.hotelambient.ro\/es\/wp-json\/wp\/v2\/pages\/9817"}],"wp:attachment":[{"href":"https:\/\/www.staging-2.hotelambient.ro\/es\/wp-json\/wp\/v2\/media?parent=9738"}],"curies":[{"name":"wp","href":"https:\/\/api.w.org\/{rel}","templated":true}]}}