{"id":9817,"date":"2017-03-30T12:48:01","date_gmt":"2017-03-30T09:48:01","guid":{"rendered":"https:\/\/www.staging-2.hotelambient.ro\/gastronomia\/"},"modified":"2026-01-29T18:15:02","modified_gmt":"2026-01-29T16:15:02","slug":"gastronomia","status":"publish","type":"page","link":"https:\/\/www.staging-2.hotelambient.ro\/es\/gastronomia\/","title":{"rendered":"Gastronom\u00eda"},"content":{"rendered":"<div class=\"wpb-content-wrapper\">[vc_row full_width=\u00bbstretch_row\u00bb curly_padding=\u00bbcontent-padding\u00bb position=\u00bbright center\u00bb css=\u00bb.vc_custom_1769703245813{background-image: url(https:\/\/www.staging-2.hotelambient.ro\/wp-content\/uploads\/2014\/09\/Subcabecera5.png?id=4103) !important;background-position: 0 0 !important;background-repeat: no-repeat !important;}\u00bb el_class=\u00bbbackground-none-mobile\u00bb][vc_column width=\u00bb1\/2&#8243;][vc_column_text el_class=\u00bbwhite-box content-padding-xs\u00bb]\n<h2><span style=\"color: #cf0e17;\">Cuidada y selecta oferta culinaria\u00a0en Brasov<\/span><\/h2>\n<p>El restaurante del Hotel Ambient ofrece una ampl\u00edsima oferta culinaria que incluye cocina tradicional rumana y lo mejor de la cocina internacional. Los hu\u00e9spedes del hotel pueden disfrutar del servicio de habitaciones desde las 7:00am hasta las 11:00pm as\u00ed como un completo desayuno buffet disponible cada ma\u00f1ana.<\/p>\n<p><q class=\"pullquote pull-right\">No hay amor m\u00e1s sincero que el amor para la comida<\/q><\/p>\n<p style=\"text-align: right;\"><small>George Bernard Shaw<\/small><\/p>\n[\/vc_column_text][\/vc_column][\/vc_row][vc_row curly_padding=\u00bbcontent-padding\u00bb][vc_column width=\u00bb1\/2&#8243;][vc_images_carousel images=\u00bb10447,10446,11265,11256,10445&#8243; onclick=\u00bbcustom_link\u00bb speed=\u00bb10000&#8243; hide_pagination_control=\u00bbyes\u00bb custom_links=\u00bb#E-8_aHR0cCUzQSUyRiUyRnd3dy5ob3RlbGFtYmllbnQucm8lMkZyZXN0YXVyYW50JTJGYW1iaWVudCUyRiUyQ2h0dHAlM0ElMkYlMkZ3d3cuaG90ZWxhbWJpZW50LnJvJTJGcmVzdGF1cmFudCUyRmFtYmllbnQlMkY=\u00bb][\/vc_column][vc_column width=\u00bb1\/2&#8243;][vc_column_text]\n<h1 class=\"text-uppercase\"><small>Una experiencia gastron\u00f3mica inolvidable<\/small><span style=\"color: #cf0e17;\">RESTAURANTE AMBIENT<\/span><\/h1>\n<p class=\"lead\">Ser\u00e1n bienvenidos en cualquier momento en nuestro restaurante, donde los fant\u00e1sticos sabores de la cocina internacional y rumana les llevar\u00e1n en un viaje inolvidable para los sentidos.<\/p>\n<p><a class=\"btn btn-inline\" href=\"https:\/\/www.staging-2.hotelambient.ro\/es\/restaurant\/ambient\/\">Descubra nuestro restaurante<\/a>[\/vc_column_text][\/vc_column][\/vc_row][vc_row curly_padding=\u00bbcontent-padding\u00bb][vc_column width=\u00bb1\/2&#8243;][vc_column_text]\n<h1 class=\"text-uppercase\"><small>La mejor forma de comenzar el d\u00eda<\/small><span style=\"color: #cf0e17;\">DESAYUNOS<\/span><\/h1>\n<p class=\"lead\">Para empezar el d\u00eda con energ\u00eda es importante un buen desayuno, en Ambient lo sabemos y preparamos a diario un completo desayuno.<\/p>\n<p><span contextmenu=\"true\">Buenos d\u00edas, pase a nuestro bufete<\/span>[\/vc_column_text][\/vc_column][vc_column width=\u00bb1\/2&#8243;][vc_images_carousel images=\u00bb11403,11400&#8243; onclick=\u00bbcustom_link\u00bb speed=\u00bb10000&#8243; hide_pagination_control=\u00bbyes\u00bb custom_links=\u00bb#E-8_aHR0cCUzQSUyRiUyRnd3dy5ob3RlbGFtYmllbnQucm8lMkZyZXN0YXVyYW50JTJGZGVzYXl1bm8lMkYlMkNodHRwJTNBJTJGJTJGd3d3LmhvdGVsYW1iaWVudC5ybyUyRnJlc3RhdXJhbnQlMkZkZXNheXVubyUyRg==\u00bb][\/vc_column][\/vc_row][vc_row curly_padding=\u00bbcontent-padding\u00bb position=\u00bbleft center\u00bb css=\u00bb.vc_custom_1769703280074{background-image: url(https:\/\/www.staging-2.hotelambient.ro\/wp-content\/uploads\/2014\/09\/cocineros8.jpg?id=4637) !important;background-position: center !important;background-repeat: no-repeat !important;background-size: contain !important;}\u00bb el_class=\u00bbcontent-padding-xxl background-none-mobile\u00bb][vc_column width=\u00bb1\/2&#8243; offset=\u00bbvc_col-sm-offset-6&#8243;][vc_column_text el_class=\u00bbwhite-box content-padding-xs\u00bb]\n<h2><span style=\"color: #cf0e17;\">UN EQUIPO GALARDONADO<\/span><small>Cocina Internacional &amp; Rumana<\/small><\/h2>\n<p class=\"lead\">La alta profesionalidad, devoci\u00f3n y pasi\u00f3n por la cocina, hacen que cada uno de nuestros platos sea \u00fanico, exquisito.<br \/>\nDisfrutamos siempre nuestro trabajo porque conseguimos en todas las ocasiones transformar una simple comida o cena en una experiencia tan agradable y sorprendente para nuestros hu\u00e9spedes.<\/p>\n<p><a class=\"btn btn-inline\" href=\"https:\/\/www.staging-2.hotelambient.ro\/es\/restaurant\/ambient\/#team\">Disfruta de nuestra cocina<\/a>[\/vc_column_text][\/vc_column][\/vc_row][vc_row full_width=\u00bbstretch_row\u00bb curly_bg_repeat=\u00bbbg-no-repeat\u00bb curly_padding=\u00bbcontent-padding\u00bb css=\u00bb.vc_custom_1769703286356{background-position: center !important;background-repeat: no-repeat !important;background-size: cover !important;}\u00bb el_class=\u00bbbackground-none-mobile\u00bb][vc_column width=\u00bb1\/2&#8243;][vc_column_text]\n<h1 class=\"text-uppercase\"><small>UN LUGAR PARA RELAJARSE<\/small><span style=\"color: #cf0e17;\">BARES AMBIENT<\/span><\/h1>\n<p class=\"lead\">Conscientes de que hoy en d\u00eda el bar tiene funci\u00f3n social, siendo un lugar de interacci\u00f3n y\u00a0encuentro, hemos prestado atenci\u00f3n especial a nuestros dos bares y a la terraza para que os ofrezcan experiencias sensoriales irrebatibles y un lugar de ocio.<\/p>\n<p><a class=\"btn btn-inline\" href=\"https:\/\/www.staging-2.hotelambient.ro\/es\/restaurant\/bar\/\">Conozca nuestros dos bares<\/a>[\/vc_column_text][\/vc_column][vc_column width=\u00bb1\/2&#8243;][vc_single_image image=\u00bb11271&#8243; img_size=\u00bblarge\u00bb alignment=\u00bbcenter\u00bb css=\u00bb\u00bb][\/vc_column][\/vc_row][vc_row curly_padding=\u00bbcontent-padding\u00bb][vc_column width=\u00bb1\/2&#8243;][vc_column_text]\n<h2 class=\"text-center\" style=\"text-align: center;\"><span style=\"color: #cf0e17;\"><i class=\"fas fa-clock-o fa-fw fa-lg\"><\/i><\/span>Horario de apertura<\/h2>\n<p style=\"text-align: center;\">Tanto nuestro restaurante como el bar est\u00e1n abiertos todo el d\u00eda hasta las 22:00.<\/p>\n<p style=\"text-align: center;\">Desayuno:<\/p>\n<p style=\"text-align: center;\">Lunes &#8211; Sabado: 7am &#8211; 10am<\/p>\n<p style=\"text-align: center;\">Domingo: 8am &#8211; 11am<\/p>\n<p style=\"text-align: center;\">Restaurante:<\/p>\n<p style=\"text-align: center;\">Lunes &#8211; Domingo: 10am &#8211; 10pm<\/p>\n[\/vc_column_text][\/vc_column][vc_column width=\u00bb1\/2&#8243;][vc_column_text]\n<h2 class=\"text-center\" style=\"text-align: center;\"><span style=\"color: #cf0e17;\"><i class=\"fas fa-book fa-fw fa-lg\"><\/i><\/span>Reservas<\/h2>\n<p style=\"text-align: center;\">Estamos encantados de atenderles y hacerles disfrutar de nuestra cocina.<\/p>\n<p style=\"text-align: center;\"><a href=\"tel:0040268471747\">004 0268 471747<\/a><br \/>\n<a href=\"mailto:reservations@hotelambient.ro\">reservations@hotelambient.ro<\/a><\/p>\n[\/vc_column_text][\/vc_column][\/vc_row][vc_row css=\u00bb.vc_custom_1769703301440{padding-top: 0px !important;padding-bottom: 0px !important;}\u00bb][vc_column][vc_raw_html]JTNDc2NyaXB0JTIwdHlwZSUzRCUyMnRleHQlMkZqYXZhc2NyaXB0JTIyJTIwc3JjJTNEJTIyaHR0cHMlM0ElMkYlMkZvcGVuLnVwcGVyYm9va2luZy5jb20lMkZob3RlbGFtYmllbnQlMkZCb29raW5nLmpzJTNGbG9jYWxlJTNEZXMlMjIlM0UlM0MlMkZzY3JpcHQlM0U=[\/vc_raw_html][\/vc_column][\/vc_row]\n<\/div>","protected":false},"excerpt":{"rendered":"<p>[vc_row full_width=\u00bbstretch_row\u00bb curly_padding=\u00bbcontent-padding\u00bb position=\u00bbright center\u00bb css=\u00bb.vc_custom_1769703245813{background-image: url(https:\/\/www.staging-2.hotelambient.ro\/wp-content\/uploads\/2014\/09\/Subcabecera5.png?id=4103) !important;background-position: 0 0 !important;background-repeat: no-repeat !important;}\u00bb el_class=\u00bbbackground-none-mobile\u00bb][vc_column width=\u00bb1\/2&#8243;][vc_column_text el_class=\u00bbwhite-box content-padding-xs\u00bb] Cuidada y selecta oferta culinaria\u00a0en Brasov El restaurante del Hotel Ambient ofrece una ampl\u00edsima oferta culinaria que incluye cocina tradicional rumana y lo mejor de la cocina internacional. Los hu\u00e9spedes del hotel pueden disfrutar del servicio de habitaciones desde las 7:00am hasta las 11:00pm as\u00ed como un completo desayuno buffet disponible cada ma\u00f1ana. No hay amor m\u00e1s sincero que el amor para la comida George Bernard Shaw [\/vc_column_text][\/vc_column][\/vc_row][vc_row curly_padding=\u00bbcontent-padding\u00bb][vc_column width=\u00bb1\/2&#8243;][vc_images_carousel images=\u00bb10447,10446,11265,11256,10445&#8243; onclick=\u00bbcustom_link\u00bb speed=\u00bb10000&#8243; hide_pagination_control=\u00bbyes\u00bb custom_links=\u00bb#E-8_aHR0cCUzQSUyRiUyRnd3dy5ob3RlbGFtYmllbnQucm8lMkZyZXN0YXVyYW50JTJGYW1iaWVudCUyRiUyQ2h0dHAlM0ElMkYlMkZ3d3cuaG90ZWxhbWJpZW50LnJvJTJGcmVzdGF1cmFudCUyRmFtYmllbnQlMkY=\u00bb][\/vc_column][vc_column width=\u00bb1\/2&#8243;][vc_column_text] Una experiencia gastron\u00f3mica inolvidableRESTAURANTE AMBIENT Ser\u00e1n bienvenidos en cualquier momento en nuestro restaurante, donde los fant\u00e1sticos sabores de la cocina internacional y [&hellip;]<\/p>\n","protected":false},"author":1,"featured_media":0,"parent":0,"menu_order":5,"comment_status":"closed","ping_status":"closed","template":"","meta":{"footnotes":""},"class_list":["post-9817","page","type-page","status-publish","hentry"],"yoast_head":"<!-- This site is optimized with the Yoast SEO plugin v26.8 - https:\/\/yoast.com\/product\/yoast-seo-wordpress\/ -->\n<title>Gastronom\u00eda | Hotel Ambient Brasov - Cazare \u00een centrul ora\u0219ului<\/title>\n<meta name=\"robots\" content=\"noindex, follow, max-snippet:-1, max-image-preview:large, max-video-preview:-1\" \/>\n<meta property=\"og:locale\" content=\"es_ES\" \/>\n<meta property=\"og:type\" content=\"article\" \/>\n<meta property=\"og:title\" content=\"Gastronom\u00eda | Hotel Ambient Brasov - Cazare \u00een centrul ora\u0219ului\" \/>\n<meta property=\"og:description\" content=\"[vc_row full_width=\u00bbstretch_row\u00bb curly_padding=\u00bbcontent-padding\u00bb position=\u00bbright center\u00bb css=\u00bb.vc_custom_1769703245813{background-image: url(https:\/\/www.staging-2.hotelambient.ro\/wp-content\/uploads\/2014\/09\/Subcabecera5.png?id=4103) !important;background-position: 0 0 !important;background-repeat: no-repeat !important;}\u00bb el_class=\u00bbbackground-none-mobile\u00bb][vc_column width=\u00bb1\/2&#8243;][vc_column_text el_class=\u00bbwhite-box content-padding-xs\u00bb] Cuidada y selecta oferta culinaria\u00a0en Brasov El restaurante del Hotel Ambient ofrece una ampl\u00edsima oferta culinaria que incluye cocina tradicional rumana y lo mejor de la cocina internacional. Los hu\u00e9spedes del hotel pueden disfrutar del servicio de habitaciones desde las 7:00am hasta las 11:00pm as\u00ed como un completo desayuno buffet disponible cada ma\u00f1ana. No hay amor m\u00e1s sincero que el amor para la comida George Bernard Shaw [\/vc_column_text][\/vc_column][\/vc_row][vc_row curly_padding=\u00bbcontent-padding\u00bb][vc_column width=\u00bb1\/2&#8243;][vc_images_carousel images=\u00bb10447,10446,11265,11256,10445&#8243; onclick=\u00bbcustom_link\u00bb speed=\u00bb10000&#8243; hide_pagination_control=\u00bbyes\u00bb custom_links=\u00bb#E-8_aHR0cCUzQSUyRiUyRnd3dy5ob3RlbGFtYmllbnQucm8lMkZyZXN0YXVyYW50JTJGYW1iaWVudCUyRiUyQ2h0dHAlM0ElMkYlMkZ3d3cuaG90ZWxhbWJpZW50LnJvJTJGcmVzdGF1cmFudCUyRmFtYmllbnQlMkY=\u00bb][\/vc_column][vc_column width=\u00bb1\/2&#8243;][vc_column_text] Una experiencia gastron\u00f3mica inolvidableRESTAURANTE AMBIENT Ser\u00e1n bienvenidos en cualquier momento en nuestro restaurante, donde los fant\u00e1sticos sabores de la cocina internacional y [&hellip;]\" \/>\n<meta property=\"og:url\" content=\"https:\/\/www.staging-2.hotelambient.ro\/es\/gastronomia\/\" \/>\n<meta property=\"og:site_name\" content=\"Hotel Ambient Brasov - Cazare \u00een centrul ora\u0219ului\" \/>\n<meta property=\"article:modified_time\" content=\"2026-01-29T16:15:02+00:00\" \/>\n<meta name=\"twitter:card\" content=\"summary_large_image\" \/>\n<meta name=\"twitter:label1\" content=\"Tiempo de lectura\" \/>\n\t<meta name=\"twitter:data1\" content=\"3 minutos\" \/>\n<script type=\"application\/ld+json\" class=\"yoast-schema-graph\">{\"@context\":\"https:\/\/schema.org\",\"@graph\":[{\"@type\":\"WebPage\",\"@id\":\"https:\/\/www.staging-2.hotelambient.ro\/es\/gastronomia\/\",\"url\":\"https:\/\/www.staging-2.hotelambient.ro\/es\/gastronomia\/\",\"name\":\"Gastronom\u00eda | Hotel Ambient Brasov - Cazare \u00een centrul ora\u0219ului\",\"isPartOf\":{\"@id\":\"https:\/\/www.staging-2.hotelambient.ro\/es\/#website\"},\"datePublished\":\"2017-03-30T09:48:01+00:00\",\"dateModified\":\"2026-01-29T16:15:02+00:00\",\"breadcrumb\":{\"@id\":\"https:\/\/www.staging-2.hotelambient.ro\/es\/gastronomia\/#breadcrumb\"},\"inLanguage\":\"es\",\"potentialAction\":[{\"@type\":\"ReadAction\",\"target\":[\"https:\/\/www.staging-2.hotelambient.ro\/es\/gastronomia\/\"]}]},{\"@type\":\"BreadcrumbList\",\"@id\":\"https:\/\/www.staging-2.hotelambient.ro\/es\/gastronomia\/#breadcrumb\",\"itemListElement\":[{\"@type\":\"ListItem\",\"position\":1,\"name\":\"Home\",\"item\":\"https:\/\/www.staging-2.hotelambient.ro\/es\/\"},{\"@type\":\"ListItem\",\"position\":2,\"name\":\"Gastronom\u00eda\"}]},{\"@type\":\"WebSite\",\"@id\":\"https:\/\/www.staging-2.hotelambient.ro\/es\/#website\",\"url\":\"https:\/\/www.staging-2.hotelambient.ro\/es\/\",\"name\":\"Hotel Ambient Brasov - Cazare \u00een centrul ora\u0219ului\",\"description\":\"Hotel moderno y acogedor en el centro de Brasov con todas las comodidades que puedas necesitar durante tu estancia en la ciudad y unas de las mejores habitaciones\",\"publisher\":{\"@id\":\"https:\/\/www.staging-2.hotelambient.ro\/es\/#organization\"},\"potentialAction\":[{\"@type\":\"SearchAction\",\"target\":{\"@type\":\"EntryPoint\",\"urlTemplate\":\"https:\/\/www.staging-2.hotelambient.ro\/es\/?s={search_term_string}\"},\"query-input\":{\"@type\":\"PropertyValueSpecification\",\"valueRequired\":true,\"valueName\":\"search_term_string\"}}],\"inLanguage\":\"es\"},{\"@type\":\"Organization\",\"@id\":\"https:\/\/www.staging-2.hotelambient.ro\/es\/#organization\",\"name\":\"Ambient Hotels\",\"url\":\"https:\/\/www.staging-2.hotelambient.ro\/es\/\",\"logo\":{\"@type\":\"ImageObject\",\"inLanguage\":\"es\",\"@id\":\"https:\/\/www.staging-2.hotelambient.ro\/es\/#\/schema\/logo\/image\/\",\"url\":\"https:\/\/www.staging-2.hotelambient.ro\/wp-content\/uploads\/2016\/07\/Logo001-copia-2.png\",\"contentUrl\":\"https:\/\/www.staging-2.hotelambient.ro\/wp-content\/uploads\/2016\/07\/Logo001-copia-2.png\",\"width\":300,\"height\":114,\"caption\":\"Ambient Hotels\"},\"image\":{\"@id\":\"https:\/\/www.staging-2.hotelambient.ro\/es\/#\/schema\/logo\/image\/\"}}]}<\/script>\n<!-- \/ Yoast SEO plugin. -->","yoast_head_json":{"title":"Gastronom\u00eda | Hotel Ambient Brasov - Cazare \u00een centrul ora\u0219ului","robots":{"index":"noindex","follow":"follow","max-snippet":"max-snippet:-1","max-image-preview":"max-image-preview:large","max-video-preview":"max-video-preview:-1"},"og_locale":"es_ES","og_type":"article","og_title":"Gastronom\u00eda | Hotel Ambient Brasov - Cazare \u00een centrul ora\u0219ului","og_description":"[vc_row full_width=\u00bbstretch_row\u00bb curly_padding=\u00bbcontent-padding\u00bb position=\u00bbright center\u00bb css=\u00bb.vc_custom_1769703245813{background-image: url(https:\/\/www.staging-2.hotelambient.ro\/wp-content\/uploads\/2014\/09\/Subcabecera5.png?id=4103) !important;background-position: 0 0 !important;background-repeat: no-repeat !important;}\u00bb el_class=\u00bbbackground-none-mobile\u00bb][vc_column width=\u00bb1\/2&#8243;][vc_column_text el_class=\u00bbwhite-box content-padding-xs\u00bb] Cuidada y selecta oferta culinaria\u00a0en Brasov El restaurante del Hotel Ambient ofrece una ampl\u00edsima oferta culinaria que incluye cocina tradicional rumana y lo mejor de la cocina internacional. Los hu\u00e9spedes del hotel pueden disfrutar del servicio de habitaciones desde las 7:00am hasta las 11:00pm as\u00ed como un completo desayuno buffet disponible cada ma\u00f1ana. No hay amor m\u00e1s sincero que el amor para la comida George Bernard Shaw [\/vc_column_text][\/vc_column][\/vc_row][vc_row curly_padding=\u00bbcontent-padding\u00bb][vc_column width=\u00bb1\/2&#8243;][vc_images_carousel images=\u00bb10447,10446,11265,11256,10445&#8243; onclick=\u00bbcustom_link\u00bb speed=\u00bb10000&#8243; hide_pagination_control=\u00bbyes\u00bb custom_links=\u00bb#E-8_aHR0cCUzQSUyRiUyRnd3dy5ob3RlbGFtYmllbnQucm8lMkZyZXN0YXVyYW50JTJGYW1iaWVudCUyRiUyQ2h0dHAlM0ElMkYlMkZ3d3cuaG90ZWxhbWJpZW50LnJvJTJGcmVzdGF1cmFudCUyRmFtYmllbnQlMkY=\u00bb][\/vc_column][vc_column width=\u00bb1\/2&#8243;][vc_column_text] Una experiencia gastron\u00f3mica inolvidableRESTAURANTE AMBIENT Ser\u00e1n bienvenidos en cualquier momento en nuestro restaurante, donde los fant\u00e1sticos sabores de la cocina internacional y [&hellip;]","og_url":"https:\/\/www.staging-2.hotelambient.ro\/es\/gastronomia\/","og_site_name":"Hotel Ambient Brasov - Cazare \u00een centrul ora\u0219ului","article_modified_time":"2026-01-29T16:15:02+00:00","twitter_card":"summary_large_image","twitter_misc":{"Tiempo de lectura":"3 minutos"},"schema":{"@context":"https:\/\/schema.org","@graph":[{"@type":"WebPage","@id":"https:\/\/www.staging-2.hotelambient.ro\/es\/gastronomia\/","url":"https:\/\/www.staging-2.hotelambient.ro\/es\/gastronomia\/","name":"Gastronom\u00eda | Hotel Ambient Brasov - Cazare \u00een centrul ora\u0219ului","isPartOf":{"@id":"https:\/\/www.staging-2.hotelambient.ro\/es\/#website"},"datePublished":"2017-03-30T09:48:01+00:00","dateModified":"2026-01-29T16:15:02+00:00","breadcrumb":{"@id":"https:\/\/www.staging-2.hotelambient.ro\/es\/gastronomia\/#breadcrumb"},"inLanguage":"es","potentialAction":[{"@type":"ReadAction","target":["https:\/\/www.staging-2.hotelambient.ro\/es\/gastronomia\/"]}]},{"@type":"BreadcrumbList","@id":"https:\/\/www.staging-2.hotelambient.ro\/es\/gastronomia\/#breadcrumb","itemListElement":[{"@type":"ListItem","position":1,"name":"Home","item":"https:\/\/www.staging-2.hotelambient.ro\/es\/"},{"@type":"ListItem","position":2,"name":"Gastronom\u00eda"}]},{"@type":"WebSite","@id":"https:\/\/www.staging-2.hotelambient.ro\/es\/#website","url":"https:\/\/www.staging-2.hotelambient.ro\/es\/","name":"Hotel Ambient Brasov - Cazare \u00een centrul ora\u0219ului","description":"Hotel moderno y acogedor en el centro de Brasov con todas las comodidades que puedas necesitar durante tu estancia en la ciudad y unas de las mejores habitaciones","publisher":{"@id":"https:\/\/www.staging-2.hotelambient.ro\/es\/#organization"},"potentialAction":[{"@type":"SearchAction","target":{"@type":"EntryPoint","urlTemplate":"https:\/\/www.staging-2.hotelambient.ro\/es\/?s={search_term_string}"},"query-input":{"@type":"PropertyValueSpecification","valueRequired":true,"valueName":"search_term_string"}}],"inLanguage":"es"},{"@type":"Organization","@id":"https:\/\/www.staging-2.hotelambient.ro\/es\/#organization","name":"Ambient Hotels","url":"https:\/\/www.staging-2.hotelambient.ro\/es\/","logo":{"@type":"ImageObject","inLanguage":"es","@id":"https:\/\/www.staging-2.hotelambient.ro\/es\/#\/schema\/logo\/image\/","url":"https:\/\/www.staging-2.hotelambient.ro\/wp-content\/uploads\/2016\/07\/Logo001-copia-2.png","contentUrl":"https:\/\/www.staging-2.hotelambient.ro\/wp-content\/uploads\/2016\/07\/Logo001-copia-2.png","width":300,"height":114,"caption":"Ambient Hotels"},"image":{"@id":"https:\/\/www.staging-2.hotelambient.ro\/es\/#\/schema\/logo\/image\/"}}]}},"_links":{"self":[{"href":"https:\/\/www.staging-2.hotelambient.ro\/es\/wp-json\/wp\/v2\/pages\/9817","targetHints":{"allow":["GET"]}}],"collection":[{"href":"https:\/\/www.staging-2.hotelambient.ro\/es\/wp-json\/wp\/v2\/pages"}],"about":[{"href":"https:\/\/www.staging-2.hotelambient.ro\/es\/wp-json\/wp\/v2\/types\/page"}],"author":[{"embeddable":true,"href":"https:\/\/www.staging-2.hotelambient.ro\/es\/wp-json\/wp\/v2\/users\/1"}],"replies":[{"embeddable":true,"href":"https:\/\/www.staging-2.hotelambient.ro\/es\/wp-json\/wp\/v2\/comments?post=9817"}],"version-history":[{"count":5,"href":"https:\/\/www.staging-2.hotelambient.ro\/es\/wp-json\/wp\/v2\/pages\/9817\/revisions"}],"predecessor-version":[{"id":12854,"href":"https:\/\/www.staging-2.hotelambient.ro\/es\/wp-json\/wp\/v2\/pages\/9817\/revisions\/12854"}],"wp:attachment":[{"href":"https:\/\/www.staging-2.hotelambient.ro\/es\/wp-json\/wp\/v2\/media?parent=9817"}],"curies":[{"name":"wp","href":"https:\/\/api.w.org\/{rel}","templated":true}]}}