{"id":9825,"date":"2017-05-28T12:51:28","date_gmt":"2017-05-28T09:51:28","guid":{"rendered":"https:\/\/www.staging-2.hotelambient.ro\/eventos-en-brasov\/"},"modified":"2026-01-29T17:17:14","modified_gmt":"2026-01-29T15:17:14","slug":"eventos-en-brasov","status":"publish","type":"page","link":"https:\/\/www.staging-2.hotelambient.ro\/es\/hotel-servicios\/eventos-en-brasov\/","title":{"rendered":"Eventos en Brasov"},"content":{"rendered":"<div class=\"wpb-content-wrapper\">[vc_row curly_padding=\u00bbcontent-padding\u00bb][vc_column width=\u00bb1\/3&#8243;][vc_column_text css=\u00bb\u00bb]\n<h1 style=\"text-align: center;\"><small>\u00a1Les invitamos a descubrir eventos, espect\u00e1culos, exposiciones, obras de teatro de excepci\u00f3n!<\/small><\/h1>\n<p style=\"text-align: center;\">Adem\u00e1s de ser una de las ciudades m\u00e1s bellas de Rumania y una importante atracci\u00f3n tur\u00edstica para la gente de todo el mundo, Brasov es un lugar especial que sorprende a su p\u00fablico en todas las ocasiones. Situado a los pies de Tampa, la ciudad en s\u00ed es un espect\u00e1culo para la vista, tanto por las joyas hist\u00f3ricas y contempor\u00e1neas aqu\u00ed albergadas, como por las actividades de su su gente que saben valorar su tesoro.<\/p>\n[\/vc_column_text][\/vc_column][vc_column width=\u00bb1\/6&#8243; css=\u00bb.vc_custom_1659255339430{margin-top: 40px !important;padding-right: -20px !important;}\u00bb][vc_single_image image=\u00bb10428&#8243; alignment=\u00bbcenter\u00bb onclick=\u00bbcustom_link\u00bb img_link_target=\u00bb_blank\u00bb css=\u00bb.vc_custom_1495965416342{margin-top: -20px !important;}\u00bb link=\u00bbhttp:\/\/cultura.brasovcity.ro\/ro\/calendar-evenimente\/\u00bb][vc_column_text css=\u00bb.vc_custom_1769699832424{margin-top: -25px !important;}\u00bb]\n<p style=\"text-align: center;\"><strong><span style=\"color: #7c0021;\">EVENTOS EN BRA\u015eOV<\/span><\/strong><\/p>\n[\/vc_column_text][\/vc_column][vc_column width=\u00bb1\/6&#8243; css=\u00bb.vc_custom_1659255324951{margin-top: 50px !important;}\u00bb][vc_raw_html]JTNDY2VudGVyJTNFJTNDZGl2JTIwc3R5bGUlM0QlMjJkaXNwbGF5JTNBYmxvY2slM0IlMjBwb3NpdGlvbiUzQXN0YXRpYyUzQiUyMHdpZHRoJTNBJTIwODVweCUzQiUyMG1hcmdpbiUzQTNweCUyMDAlM0IlMjBwYWRkaW5nJTNBJTIwMCUzQiUyMGZvbnQtZmFtaWx5JTNBJTIwQXJpYWwlMkMlMjBUYWhvbWElMkMlMjBWZXJkYW5hJTJDJTIwSGVsdmV0aWNhJTJDJTIwc2Fucy1zZXJpZiUzQiUyMGZvbnQtc2l6ZSUzQSUyMDEycHglM0IlMjB0ZXh0LWFsaWduJTNBJTIwY2VudGVyJTNCJTIyJTNFJTNDYSUyMGhyZWYlM0QlMjJodHRwJTNBJTJGJTJGd3d3LnR1cmlzdGluZm8ucm8lMkZicmFzb3YlMkZjYXphcmUtYnJhc292JTJGaG90ZWxfYW1iaWVudC1jMzIxOS5odG1sJTIyJTIwdGl0bGUlM0QlMjJIb3RlbCUyMEFtYmllbnQlMjBCcmElQzglOTlvdiUyMHBlJTIwVFVSSVNUJTIwSU5GTyUyMC5ybyUyMiUyMHRhcmdldCUzRCUyMl9zZWxmJTIyJTIwJTNFJTNDaW1nJTIwc3JjJTNEJTIyaHR0cHMlM0ElMkYlMkZ3d3cudHVyaXN0aW5mby5ybyUyRmltYWdlcyUyRmxvZ28ucG5nJTIyJTIwd2lkdGglM0QlMjI4NSUyMiUyMGhlaWdodCUzRCUyMjg1JTIyJTIwYWx0JTNEJTIyQ2F6YXJlJTIwaG90ZWx1cmklMjBwZW5zaXVuaSUyMHBlJTIwdHVyaXN0aW5mby5ybyUyMiUyMHN0eWxlJTNEJTIyYm9yZGVyJTNBMCUzQiUyMiUyMCUyMCUyRiUzRSUzQyUyRmElM0UlM0NkaXYlMjBzdHlsZSUzRCUyMm1hcmdpbiUzQTNweCUyMDAlMjAwJTIwMCUzQiUyMiUzRSUzQ2ElMjBocmVmJTNEJTIyaHR0cHMlM0ElMkYlMkZ3d3cudHVyaXN0aW5mby5ybyUyRmJyYXNvdiUyRmNhemFyZS1ob3RlbHVyaS12aWxlLXBlbnNpdW5pLWJyYXNvdi5odG1sJTIyJTIwdGl0bGUlM0QlMjJhbHRlJTIwaG90ZWx1cmklMjBzaSUyMHBlbnNpdW5pJTIwaW4lMjBCcmElQzglOTlvdiUyMiUyMHRhcmdldCUzRCUyMl9zZWxmJTIyJTIwc3R5bGUlM0QlMjJjb2xvciUzQSUyMCUyMzNCNTk5OCUzQiUyMGN1cnNvciUzQXBvaW50ZXIlM0IlMjIlM0VDYXphcmUlMjBCcmElQzglOTlvdiUzQyUyRmElM0UlM0MlMkZkaXYlM0UlM0MlMkZkaXYlM0UlM0MlMkZjZW50ZXIlM0U=[\/vc_raw_html][\/vc_column][vc_column width=\u00bb1\/6&#8243; css=\u00bb.vc_custom_1659255346606{margin-top: 70px !important;}\u00bb][vc_single_image image=\u00bb10430&#8243; alignment=\u00bbcenter\u00bb onclick=\u00bbcustom_link\u00bb img_link_target=\u00bb_blank\u00bb css=\u00bb.vc_custom_1497884872468{margin-top: -20px !important;}\u00bb link=\u00bbhttps:\/\/ghidlocal.com\/brasov\/evenimente\/\u00bb][vc_column_text css=\u00bb.vc_custom_1769699823640{margin-top: -25px !important;}\u00bb]\n<p style=\"text-align: center;\"><strong><span style=\"color: #7c0021;\">GUIA LOCAL EN BRA\u015eOV<\/span><\/strong><\/p>\n[\/vc_column_text][\/vc_column][vc_column width=\u00bb1\/6&#8243;][vc_single_image image=\u00bb12811&#8243; alignment=\u00bbcenter\u00bb onclick=\u00bbcustom_link\u00bb img_link_target=\u00bb_blank\u00bb css=\u00bb.vc_custom_1769698666844{margin-top: -20px !important;}\u00bb link=\u00bbhttps:\/\/www.salutbrasov.ro\/\u00bb][vc_column_text css=\u00bb.vc_custom_1769699812569{margin-top: -25px !important;}\u00bb]\n<p style=\"text-align: center;\"><strong><span style=\"color: #7c0021;\">SALUD<\/span><\/strong><\/p>\n[\/vc_column_text][\/vc_column][\/vc_row][vc_row css=\u00bb.vc_custom_1769698911053{padding-top: 0px !important;padding-bottom: 0px !important;}\u00bb][vc_column][vc_separator color=\u00bbcustom\u00bb style=\u00bbshadow\u00bb border_width=\u00bb2&#8243; accent_color=\u00bb#7c0021&#8243;][\/vc_column][\/vc_row][vc_row curly_padding=\u00bbcontent-padding\u00bb][vc_column width=\u00bb1\/2&#8243; css=\u00bb.vc_custom_1495627794964{margin-top: 40px !important;}\u00bb][vc_single_image image=\u00bb10429&#8243; img_size=\u00bbmedium\u00bb alignment=\u00bbcenter\u00bb][vc_wp_text]\n<p><center><a href=\"https:\/\/b2b.tripigo.ro\/b2c\/AMB\/other\/search\"><img loading=\"lazy\" decoding=\"async\" class=\"wp-image-8523 aligncenter\" src=\"https:\/\/www.staging-2.hotelambient.ro\/wp-content\/uploads\/2022\/08\/ezgif.com-gif-maker.gif\" alt=\"\" width=\"229\" height=\"229\" \/><\/a><\/center>[\/vc_wp_text][\/vc_column][vc_column width=\u00bb1\/2&#8243;][vc_images_carousel images=\u00bb10424,10425,10426,10427&#8243; onclick=\u00bblink_no\u00bb][\/vc_column][\/vc_row][vc_row css=\u00bb.vc_custom_1769698753540{padding-top: 0px !important;padding-bottom: 0px !important;}\u00bb][vc_column][vc_raw_html]JTNDc2NyaXB0JTIwdHlwZSUzRCUyMnRleHQlMkZqYXZhc2NyaXB0JTIyJTIwc3JjJTNEJTIyaHR0cHMlM0ElMkYlMkZvcGVuLnVwcGVyYm9va2luZy5jb20lMkZhbWJpZW50cGVuc2l1bmUlMkZCb29raW5nLmpzJTNGbG9jYWxlJTNEcm8lMjIlM0UlM0MlMkZzY3JpcHQlM0U=[\/vc_raw_html][\/vc_column][\/vc_row][vc_row css=\u00bb.vc_custom_1769698745315{padding-top: 0px !important;padding-bottom: 0px !important;}\u00bb][vc_column][vc_column_text]<!--more-->[\/vc_column_text][\/vc_column][\/vc_row]\n<\/div>","protected":false},"excerpt":{"rendered":"<p>[vc_row curly_padding=\u00bbcontent-padding\u00bb][vc_column width=\u00bb1\/3&#8243;][vc_column_text css=\u00bb\u00bb] \u00a1Les invitamos a descubrir eventos, espect\u00e1culos, exposiciones, obras de teatro de excepci\u00f3n! Adem\u00e1s de ser una de las ciudades m\u00e1s bellas de Rumania y una importante atracci\u00f3n tur\u00edstica para la gente de todo el mundo, Brasov es un lugar especial que sorprende a su p\u00fablico en todas las ocasiones. Situado a los pies de Tampa, la ciudad en s\u00ed es un espect\u00e1culo para la vista, tanto por las joyas hist\u00f3ricas y contempor\u00e1neas aqu\u00ed albergadas, como por las actividades de su su gente que saben valorar su tesoro. [\/vc_column_text][\/vc_column][vc_column width=\u00bb1\/6&#8243; css=\u00bb.vc_custom_1659255339430{margin-top: 40px !important;padding-right: -20px !important;}\u00bb][vc_single_image image=\u00bb10428&#8243; alignment=\u00bbcenter\u00bb onclick=\u00bbcustom_link\u00bb img_link_target=\u00bb_blank\u00bb css=\u00bb.vc_custom_1495965416342{margin-top: -20px !important;}\u00bb link=\u00bbhttp:\/\/cultura.brasovcity.ro\/ro\/calendar-evenimente\/\u00bb][vc_column_text css=\u00bb.vc_custom_1769699832424{margin-top: -25px !important;}\u00bb] EVENTOS EN BRA\u015eOV [\/vc_column_text][\/vc_column][vc_column width=\u00bb1\/6&#8243; css=\u00bb.vc_custom_1659255324951{margin-top: [&hellip;]<\/p>\n","protected":false},"author":2,"featured_media":0,"parent":9667,"menu_order":10,"comment_status":"closed","ping_status":"closed","template":"","meta":{"footnotes":""},"class_list":["post-9825","page","type-page","status-publish","hentry"],"yoast_head":"<!-- This site is optimized with the Yoast SEO plugin v26.8 - https:\/\/yoast.com\/product\/yoast-seo-wordpress\/ -->\n<title>Eventos en Brasov | Hotel Ambient Brasov - Cazare \u00een centrul ora\u0219ului<\/title>\n<meta name=\"robots\" content=\"noindex, follow, max-snippet:-1, max-image-preview:large, max-video-preview:-1\" \/>\n<meta property=\"og:locale\" content=\"es_ES\" \/>\n<meta property=\"og:type\" content=\"article\" \/>\n<meta property=\"og:title\" content=\"Eventos en Brasov | Hotel Ambient Brasov - Cazare \u00een centrul ora\u0219ului\" \/>\n<meta property=\"og:description\" content=\"[vc_row curly_padding=\u00bbcontent-padding\u00bb][vc_column width=\u00bb1\/3&#8243;][vc_column_text css=\u00bb\u00bb] \u00a1Les invitamos a descubrir eventos, espect\u00e1culos, exposiciones, obras de teatro de excepci\u00f3n! Adem\u00e1s de ser una de las ciudades m\u00e1s bellas de Rumania y una importante atracci\u00f3n tur\u00edstica para la gente de todo el mundo, Brasov es un lugar especial que sorprende a su p\u00fablico en todas las ocasiones. Situado a los pies de Tampa, la ciudad en s\u00ed es un espect\u00e1culo para la vista, tanto por las joyas hist\u00f3ricas y contempor\u00e1neas aqu\u00ed albergadas, como por las actividades de su su gente que saben valorar su tesoro. [\/vc_column_text][\/vc_column][vc_column width=\u00bb1\/6&#8243; css=\u00bb.vc_custom_1659255339430{margin-top: 40px !important;padding-right: -20px !important;}\u00bb][vc_single_image image=\u00bb10428&#8243; alignment=\u00bbcenter\u00bb onclick=\u00bbcustom_link\u00bb img_link_target=\u00bb_blank\u00bb css=\u00bb.vc_custom_1495965416342{margin-top: -20px !important;}\u00bb link=\u00bbhttp:\/\/cultura.brasovcity.ro\/ro\/calendar-evenimente\/\u00bb][vc_column_text css=\u00bb.vc_custom_1769699832424{margin-top: -25px !important;}\u00bb] EVENTOS EN BRA\u015eOV [\/vc_column_text][\/vc_column][vc_column width=\u00bb1\/6&#8243; css=\u00bb.vc_custom_1659255324951{margin-top: [&hellip;]\" \/>\n<meta property=\"og:url\" content=\"https:\/\/www.staging-2.hotelambient.ro\/es\/hotel-servicios\/eventos-en-brasov\/\" \/>\n<meta property=\"og:site_name\" content=\"Hotel Ambient Brasov - Cazare \u00een centrul ora\u0219ului\" \/>\n<meta property=\"article:modified_time\" content=\"2026-01-29T15:17:14+00:00\" \/>\n<meta property=\"og:image\" content=\"https:\/\/www.staging-2.hotelambient.ro\/wp-content\/uploads\/2022\/08\/ezgif.com-gif-maker.gif\" \/>\n<meta name=\"twitter:card\" content=\"summary_large_image\" \/>\n<meta name=\"twitter:label1\" content=\"Tiempo de lectura\" \/>\n\t<meta name=\"twitter:data1\" content=\"3 minutos\" \/>\n<script type=\"application\/ld+json\" class=\"yoast-schema-graph\">{\"@context\":\"https:\/\/schema.org\",\"@graph\":[{\"@type\":\"WebPage\",\"@id\":\"https:\/\/www.staging-2.hotelambient.ro\/es\/hotel-servicios\/eventos-en-brasov\/\",\"url\":\"https:\/\/www.staging-2.hotelambient.ro\/es\/hotel-servicios\/eventos-en-brasov\/\",\"name\":\"Eventos en Brasov | Hotel Ambient Brasov - Cazare \u00een centrul ora\u0219ului\",\"isPartOf\":{\"@id\":\"https:\/\/www.staging-2.hotelambient.ro\/es\/#website\"},\"primaryImageOfPage\":{\"@id\":\"https:\/\/www.staging-2.hotelambient.ro\/es\/hotel-servicios\/eventos-en-brasov\/#primaryimage\"},\"image\":{\"@id\":\"https:\/\/www.staging-2.hotelambient.ro\/es\/hotel-servicios\/eventos-en-brasov\/#primaryimage\"},\"thumbnailUrl\":\"https:\/\/www.staging-2.hotelambient.ro\/wp-content\/uploads\/2022\/08\/ezgif.com-gif-maker.gif\",\"datePublished\":\"2017-05-28T09:51:28+00:00\",\"dateModified\":\"2026-01-29T15:17:14+00:00\",\"breadcrumb\":{\"@id\":\"https:\/\/www.staging-2.hotelambient.ro\/es\/hotel-servicios\/eventos-en-brasov\/#breadcrumb\"},\"inLanguage\":\"es\",\"potentialAction\":[{\"@type\":\"ReadAction\",\"target\":[\"https:\/\/www.staging-2.hotelambient.ro\/es\/hotel-servicios\/eventos-en-brasov\/\"]}]},{\"@type\":\"ImageObject\",\"inLanguage\":\"es\",\"@id\":\"https:\/\/www.staging-2.hotelambient.ro\/es\/hotel-servicios\/eventos-en-brasov\/#primaryimage\",\"url\":\"https:\/\/www.staging-2.hotelambient.ro\/wp-content\/uploads\/2022\/08\/ezgif.com-gif-maker.gif\",\"contentUrl\":\"https:\/\/www.staging-2.hotelambient.ro\/wp-content\/uploads\/2022\/08\/ezgif.com-gif-maker.gif\"},{\"@type\":\"BreadcrumbList\",\"@id\":\"https:\/\/www.staging-2.hotelambient.ro\/es\/hotel-servicios\/eventos-en-brasov\/#breadcrumb\",\"itemListElement\":[{\"@type\":\"ListItem\",\"position\":1,\"name\":\"Home\",\"item\":\"https:\/\/www.staging-2.hotelambient.ro\/es\/\"},{\"@type\":\"ListItem\",\"position\":2,\"name\":\"Hotel &#038; Servicios\",\"item\":\"https:\/\/www.staging-2.hotelambient.ro\/es\/hotel-servicios\/?lang=es\"},{\"@type\":\"ListItem\",\"position\":3,\"name\":\"Eventos en Brasov\"}]},{\"@type\":\"WebSite\",\"@id\":\"https:\/\/www.staging-2.hotelambient.ro\/es\/#website\",\"url\":\"https:\/\/www.staging-2.hotelambient.ro\/es\/\",\"name\":\"Hotel Ambient Brasov - Cazare \u00een centrul ora\u0219ului\",\"description\":\"Hotel moderno y acogedor en el centro de Brasov con todas las comodidades que puedas necesitar durante tu estancia en la ciudad y unas de las mejores habitaciones\",\"publisher\":{\"@id\":\"https:\/\/www.staging-2.hotelambient.ro\/es\/#organization\"},\"potentialAction\":[{\"@type\":\"SearchAction\",\"target\":{\"@type\":\"EntryPoint\",\"urlTemplate\":\"https:\/\/www.staging-2.hotelambient.ro\/es\/?s={search_term_string}\"},\"query-input\":{\"@type\":\"PropertyValueSpecification\",\"valueRequired\":true,\"valueName\":\"search_term_string\"}}],\"inLanguage\":\"es\"},{\"@type\":\"Organization\",\"@id\":\"https:\/\/www.staging-2.hotelambient.ro\/es\/#organization\",\"name\":\"Ambient Hotels\",\"url\":\"https:\/\/www.staging-2.hotelambient.ro\/es\/\",\"logo\":{\"@type\":\"ImageObject\",\"inLanguage\":\"es\",\"@id\":\"https:\/\/www.staging-2.hotelambient.ro\/es\/#\/schema\/logo\/image\/\",\"url\":\"https:\/\/www.staging-2.hotelambient.ro\/wp-content\/uploads\/2016\/07\/Logo001-copia-2.png\",\"contentUrl\":\"https:\/\/www.staging-2.hotelambient.ro\/wp-content\/uploads\/2016\/07\/Logo001-copia-2.png\",\"width\":300,\"height\":114,\"caption\":\"Ambient Hotels\"},\"image\":{\"@id\":\"https:\/\/www.staging-2.hotelambient.ro\/es\/#\/schema\/logo\/image\/\"}}]}<\/script>\n<!-- \/ Yoast SEO plugin. -->","yoast_head_json":{"title":"Eventos en Brasov | Hotel Ambient Brasov - Cazare \u00een centrul ora\u0219ului","robots":{"index":"noindex","follow":"follow","max-snippet":"max-snippet:-1","max-image-preview":"max-image-preview:large","max-video-preview":"max-video-preview:-1"},"og_locale":"es_ES","og_type":"article","og_title":"Eventos en Brasov | Hotel Ambient Brasov - Cazare \u00een centrul ora\u0219ului","og_description":"[vc_row curly_padding=\u00bbcontent-padding\u00bb][vc_column width=\u00bb1\/3&#8243;][vc_column_text css=\u00bb\u00bb] \u00a1Les invitamos a descubrir eventos, espect\u00e1culos, exposiciones, obras de teatro de excepci\u00f3n! Adem\u00e1s de ser una de las ciudades m\u00e1s bellas de Rumania y una importante atracci\u00f3n tur\u00edstica para la gente de todo el mundo, Brasov es un lugar especial que sorprende a su p\u00fablico en todas las ocasiones. Situado a los pies de Tampa, la ciudad en s\u00ed es un espect\u00e1culo para la vista, tanto por las joyas hist\u00f3ricas y contempor\u00e1neas aqu\u00ed albergadas, como por las actividades de su su gente que saben valorar su tesoro. [\/vc_column_text][\/vc_column][vc_column width=\u00bb1\/6&#8243; css=\u00bb.vc_custom_1659255339430{margin-top: 40px !important;padding-right: -20px !important;}\u00bb][vc_single_image image=\u00bb10428&#8243; alignment=\u00bbcenter\u00bb onclick=\u00bbcustom_link\u00bb img_link_target=\u00bb_blank\u00bb css=\u00bb.vc_custom_1495965416342{margin-top: -20px !important;}\u00bb link=\u00bbhttp:\/\/cultura.brasovcity.ro\/ro\/calendar-evenimente\/\u00bb][vc_column_text css=\u00bb.vc_custom_1769699832424{margin-top: -25px !important;}\u00bb] EVENTOS EN BRA\u015eOV [\/vc_column_text][\/vc_column][vc_column width=\u00bb1\/6&#8243; css=\u00bb.vc_custom_1659255324951{margin-top: [&hellip;]","og_url":"https:\/\/www.staging-2.hotelambient.ro\/es\/hotel-servicios\/eventos-en-brasov\/","og_site_name":"Hotel Ambient Brasov - Cazare \u00een centrul ora\u0219ului","article_modified_time":"2026-01-29T15:17:14+00:00","og_image":[{"url":"https:\/\/www.staging-2.hotelambient.ro\/wp-content\/uploads\/2022\/08\/ezgif.com-gif-maker.gif","type":"","width":"","height":""}],"twitter_card":"summary_large_image","twitter_misc":{"Tiempo de lectura":"3 minutos"},"schema":{"@context":"https:\/\/schema.org","@graph":[{"@type":"WebPage","@id":"https:\/\/www.staging-2.hotelambient.ro\/es\/hotel-servicios\/eventos-en-brasov\/","url":"https:\/\/www.staging-2.hotelambient.ro\/es\/hotel-servicios\/eventos-en-brasov\/","name":"Eventos en Brasov | Hotel Ambient Brasov - Cazare \u00een centrul ora\u0219ului","isPartOf":{"@id":"https:\/\/www.staging-2.hotelambient.ro\/es\/#website"},"primaryImageOfPage":{"@id":"https:\/\/www.staging-2.hotelambient.ro\/es\/hotel-servicios\/eventos-en-brasov\/#primaryimage"},"image":{"@id":"https:\/\/www.staging-2.hotelambient.ro\/es\/hotel-servicios\/eventos-en-brasov\/#primaryimage"},"thumbnailUrl":"https:\/\/www.staging-2.hotelambient.ro\/wp-content\/uploads\/2022\/08\/ezgif.com-gif-maker.gif","datePublished":"2017-05-28T09:51:28+00:00","dateModified":"2026-01-29T15:17:14+00:00","breadcrumb":{"@id":"https:\/\/www.staging-2.hotelambient.ro\/es\/hotel-servicios\/eventos-en-brasov\/#breadcrumb"},"inLanguage":"es","potentialAction":[{"@type":"ReadAction","target":["https:\/\/www.staging-2.hotelambient.ro\/es\/hotel-servicios\/eventos-en-brasov\/"]}]},{"@type":"ImageObject","inLanguage":"es","@id":"https:\/\/www.staging-2.hotelambient.ro\/es\/hotel-servicios\/eventos-en-brasov\/#primaryimage","url":"https:\/\/www.staging-2.hotelambient.ro\/wp-content\/uploads\/2022\/08\/ezgif.com-gif-maker.gif","contentUrl":"https:\/\/www.staging-2.hotelambient.ro\/wp-content\/uploads\/2022\/08\/ezgif.com-gif-maker.gif"},{"@type":"BreadcrumbList","@id":"https:\/\/www.staging-2.hotelambient.ro\/es\/hotel-servicios\/eventos-en-brasov\/#breadcrumb","itemListElement":[{"@type":"ListItem","position":1,"name":"Home","item":"https:\/\/www.staging-2.hotelambient.ro\/es\/"},{"@type":"ListItem","position":2,"name":"Hotel &#038; Servicios","item":"https:\/\/www.staging-2.hotelambient.ro\/es\/hotel-servicios\/?lang=es"},{"@type":"ListItem","position":3,"name":"Eventos en Brasov"}]},{"@type":"WebSite","@id":"https:\/\/www.staging-2.hotelambient.ro\/es\/#website","url":"https:\/\/www.staging-2.hotelambient.ro\/es\/","name":"Hotel Ambient Brasov - Cazare \u00een centrul ora\u0219ului","description":"Hotel moderno y acogedor en el centro de Brasov con todas las comodidades que puedas necesitar durante tu estancia en la ciudad y unas de las mejores habitaciones","publisher":{"@id":"https:\/\/www.staging-2.hotelambient.ro\/es\/#organization"},"potentialAction":[{"@type":"SearchAction","target":{"@type":"EntryPoint","urlTemplate":"https:\/\/www.staging-2.hotelambient.ro\/es\/?s={search_term_string}"},"query-input":{"@type":"PropertyValueSpecification","valueRequired":true,"valueName":"search_term_string"}}],"inLanguage":"es"},{"@type":"Organization","@id":"https:\/\/www.staging-2.hotelambient.ro\/es\/#organization","name":"Ambient Hotels","url":"https:\/\/www.staging-2.hotelambient.ro\/es\/","logo":{"@type":"ImageObject","inLanguage":"es","@id":"https:\/\/www.staging-2.hotelambient.ro\/es\/#\/schema\/logo\/image\/","url":"https:\/\/www.staging-2.hotelambient.ro\/wp-content\/uploads\/2016\/07\/Logo001-copia-2.png","contentUrl":"https:\/\/www.staging-2.hotelambient.ro\/wp-content\/uploads\/2016\/07\/Logo001-copia-2.png","width":300,"height":114,"caption":"Ambient Hotels"},"image":{"@id":"https:\/\/www.staging-2.hotelambient.ro\/es\/#\/schema\/logo\/image\/"}}]}},"_links":{"self":[{"href":"https:\/\/www.staging-2.hotelambient.ro\/es\/wp-json\/wp\/v2\/pages\/9825","targetHints":{"allow":["GET"]}}],"collection":[{"href":"https:\/\/www.staging-2.hotelambient.ro\/es\/wp-json\/wp\/v2\/pages"}],"about":[{"href":"https:\/\/www.staging-2.hotelambient.ro\/es\/wp-json\/wp\/v2\/types\/page"}],"author":[{"embeddable":true,"href":"https:\/\/www.staging-2.hotelambient.ro\/es\/wp-json\/wp\/v2\/users\/2"}],"replies":[{"embeddable":true,"href":"https:\/\/www.staging-2.hotelambient.ro\/es\/wp-json\/wp\/v2\/comments?post=9825"}],"version-history":[{"count":5,"href":"https:\/\/www.staging-2.hotelambient.ro\/es\/wp-json\/wp\/v2\/pages\/9825\/revisions"}],"predecessor-version":[{"id":12814,"href":"https:\/\/www.staging-2.hotelambient.ro\/es\/wp-json\/wp\/v2\/pages\/9825\/revisions\/12814"}],"up":[{"embeddable":true,"href":"https:\/\/www.staging-2.hotelambient.ro\/es\/wp-json\/wp\/v2\/pages\/9667"}],"wp:attachment":[{"href":"https:\/\/www.staging-2.hotelambient.ro\/es\/wp-json\/wp\/v2\/media?parent=9825"}],"curies":[{"name":"wp","href":"https:\/\/api.w.org\/{rel}","templated":true}]}}